{"id":3646,"date":"2023-05-05T18:05:16","date_gmt":"2023-05-05T18:05:16","guid":{"rendered":"https:\/\/www.jet-vip.com\/sartlar-ve-kosullar\/"},"modified":"2024-11-24T08:40:54","modified_gmt":"2024-11-24T08:40:54","slug":"sartlar-ve-kosullar","status":"publish","type":"page","link":"https:\/\/www.jet-vip.com\/tr\/sartlar-ve-kosullar\/","title":{"rendered":"\u015eartlar ve ko\u015fullar"},"content":{"rendered":"\n<div class=\"wp-block-group mx-7 max-w-7xl sm:mx-auto mb-20 px-4 is-layout-flow wp-block-group-is-layout-flow\">\n<p><\/p>\n\n\n\n<p>  \u0130\u00e7indekiler<br\/>1. A\u011f<br\/>2. SAS JET-VIP.COM&#8217;un Rol\u00fc<br\/>3. Hizmet Rezervasyonu<br\/>4. A\u011f Kullan\u0131m\u0131<br\/>5. Kullan\u0131m\u0131n Sonland\u0131r\u0131lmas\u0131<br\/>6. Bilgi Sahipli\u011fi<br\/>7. Garantilerin Reddi ve Sorumlulu\u011fun D\u0131\u015flanmas\u0131<br\/>8. Tazminat<br\/>9. Ki\u015fisel Veriler<br\/>10. Ge\u00e7erli Hukuk ve Yarg\u0131 Yetkisi<\/p>\n\n\n\n<p><br\/>Bu H\u00fck\u00fcm ve Ko\u015fullarda, &#8220;SAS JET-VIP.COM&#8221;, SAS JET-VIP.COM&#8217;un herhangi bir kurulu\u015fu anlam\u0131na gelecektir.<\/p>\n\n\n\n<ol class=\"wp-block-list\" type=\"1\">\n<li><strong>\u015eebeke:<\/strong> <br\/><br\/>SAS JET-VIP.COM, hava kiralama hizmetleri kullan\u0131c\u0131lar\u0131 (&#8220;Kiralayanlar&#8221;) i\u00e7in hava kiralama hizmetleri i\u00e7in bir pazar yeri olarak hizmet veren bir web sitesi veya mobil uygulama (&#8220;A\u011f&#8221;) i\u015fletmektedir. A\u011f, \u00fc\u00e7\u00fcnc\u00fc taraf u\u00e7ak operat\u00f6rleri (&#8220;Operat\u00f6rler&#8221;) taraf\u0131ndan sunulan hava kiralama hizmetleri i\u00e7in fiyat teklifleri sa\u011flayabilir. A\u011fa eri\u015fiminiz ve A\u011f\u0131 kullan\u0131m\u0131n\u0131z bu H\u00fck\u00fcm ve Ko\u015fullara tabidir ve A\u011f\u0131 yaln\u0131zca bu H\u00fck\u00fcm ve Ko\u015fullara uygun olarak kullanmay\u0131 kabul edersiniz. A\u011f\u0131 yaln\u0131zca Operat\u00f6rler taraf\u0131ndan sunulan hizmetleri (&#8220;Talepler&#8221;) rezerve etmek i\u00e7in me\u015fru taleplerde bulunmak amac\u0131yla kullanabilirsiniz. SAS JET-VIP.COM, bu H\u00fck\u00fcm ve Ko\u015fullar\u0131 istedi\u011fi zaman de\u011fi\u015ftirme hakk\u0131n\u0131 sakl\u0131 tutar ve A\u011f\u0131 kullanmaya devam etmeniz, s\u00f6z konusu kullan\u0131m s\u0131ras\u0131nda y\u00fcr\u00fcrl\u00fckte olan H\u00fck\u00fcm ve Ko\u015fullara tabi olacakt\u0131r.<\/li>\n\n\n\n<li><strong>SAS JET-VIP.COM&#8217;un rol\u00fc:  <\/strong><br\/><br\/>SAS JET-VIP.COM bir hava kiralama brokeri olarak hareket eder ve yaln\u0131zca Operat\u00f6rler ile Kiralayanlar aras\u0131nda bir arac\u0131 olarak hizmet verir. SAS JET-VIP.COM, Operat\u00f6rlerden u\u00e7ak kiralayarak, bir acente olarak hareket ederek, Kiralayanlar ad\u0131na ve ad\u0131na hava yoluyla ta\u015f\u0131ma d\u00fczenler.  <br\/>SAS JET-VIP.COM u\u00e7ak sahibi de\u011fildir, i\u015fletmez, bak\u0131m\u0131n\u0131 yapmaz veya kiralamaz ve hava ta\u015f\u0131mac\u0131l\u0131\u011f\u0131 hizmeti sa\u011flamaz.  <br\/>SAS JET-VIP.COM ile Kiralayanlar ve\/veya yolcular aras\u0131nda herhangi bir ta\u015f\u0131ma veya kiralama s\u00f6zle\u015fmesi bulunmamaktad\u0131r.  <br\/>SAS JET-VIP.COM, Operat\u00f6rler ve Kirac\u0131lar aras\u0131ndaki ta\u015f\u0131ma veya kiralama s\u00f6zle\u015fmelerine taraf de\u011fildir ve bunlarla ilgili olarak herhangi bir y\u00fck\u00fcml\u00fcl\u00fck veya sorumluluk ta\u015f\u0131mayacakt\u0131r. Bu H\u00fck\u00fcm ve Ko\u015fullar hava ta\u015f\u0131mac\u0131l\u0131\u011f\u0131 i\u00e7in bir s\u00f6zle\u015fme de\u011fildir ve siz ve SAS JET-VIP.COM aras\u0131nda b\u00f6yle bir s\u00f6zle\u015fme yap\u0131lmam\u0131\u015ft\u0131r veya yap\u0131lmayacakt\u0131r.<\/li>\n\n\n\n<li><strong>Hizmet Rezervasyonu:  <\/strong><br\/><br\/>SAS JET-VIP.COM arac\u0131l\u0131\u011f\u0131yla herhangi bir hava arac\u0131 kiralama hizmetinin (ve ilgili hizmetlerin) rezervasyonu, sizinle SAS JET-VIP.COM aras\u0131nda imzalanacak bir Hava Arac\u0131 Kiralama Arac\u0131l\u0131k S\u00f6zle\u015fmesine tabi olacak ve bu s\u00f6zle\u015fme taraf\u0131ndan y\u00f6netilecektir. A\u011f bir s\u00f6zle\u015fme teklifi de\u011fildir ve ne bir Talep ne de bir Talebe yan\u0131t olarak SAS JET-VIP.COM taraf\u0131ndan g\u00f6nderilen herhangi bir teklif bir s\u00f6zle\u015fme teklifi olarak kabul edilmeyecektir. SAS JET-VIP.COM, tamamen kendi takdirine ba\u011fl\u0131 olarak herhangi bir ki\u015fi veya kurulu\u015fa hizmet vermeyi reddetme hakk\u0131n\u0131 sakl\u0131 tutar.<\/li>\n<\/ol>\n\n\n\n<ol class=\"wp-block-list\" type=\"1\" start=\"4\">\n<li><strong>Web Sitesinin Kullan\u0131m\u0131:  <\/strong><br\/><br\/>Bu \u015eartlar ve Ko\u015fullar, herhangi bir U\u00e7ak Kiralama Arac\u0131l\u0131k S\u00f6zle\u015fmesi ve herhangi bir Ta\u015f\u0131ma S\u00f6zle\u015fmesi (SAS JET-VIP.COM taraf\u0131ndan temsil edilen siz ve herhangi bir Operat\u00f6r aras\u0131nda imzalanabilir) gibi ba\u011flay\u0131c\u0131 anla\u015fmalara girmek i\u00e7in yasal ya\u015f ve kapasiteye sahip oldu\u011funuzu onaylar ve garanti edersiniz.  <br\/>Ayr\u0131ca, bu t\u00fcr anla\u015fmalara girmenizi veya bunlar\u0131 yerine getirmenizi engelleyecek herhangi bir k\u0131s\u0131tlaman\u0131n sizin i\u00e7in ge\u00e7erli olmad\u0131\u011f\u0131n\u0131 onaylar ve garanti edersiniz.  <br\/>Talepleriniz spek\u00fclatif, yanl\u0131\u015f veya hileli olmamal\u0131d\u0131r.  <br\/>Hayali bir kullan\u0131c\u0131 ad\u0131na, sahte bir isimle, ge\u00e7ersiz bir kredi kart\u0131yla veya ba\u015fka herhangi bir hileli bilgi kullanarak herhangi bir talepte bulunamaz veya anla\u015fma yapamazs\u0131n\u0131z.  <br\/>Doland\u0131r\u0131c\u0131 kullan\u0131c\u0131lar\u0131n kovu\u015fturulaca\u011f\u0131n\u0131 ve y\u00fcr\u00fcrl\u00fckteki yasalara ba\u011fl\u0131 olarak hukuki ve cezai sorumlulukla kar\u015f\u0131 kar\u015f\u0131ya kalabilece\u011fini l\u00fctfen unutmay\u0131n.  <br\/>Yasal olarak yetkili olmad\u0131\u011f\u0131n\u0131z s\u00fcrece Web Sitesini \u00fc\u00e7\u00fcnc\u00fc taraflar i\u00e7in veya onlar ad\u0131na talepte bulunmak veya anla\u015fma yapmak i\u00e7in kullanamazs\u0131n\u0131z.  <br\/>Web Sitesini kullan\u0131m\u0131n\u0131z\u0131n risk ve masraflar\u0131n\u0131n yaln\u0131zca size ait oldu\u011funu a\u00e7\u0131k\u00e7a kabul etmektesiniz.<\/li>\n\n\n\n<li><strong>Kullan\u0131m\u0131n Sonland\u0131r\u0131lmas\u0131:  <\/strong><br\/><br\/>SAS JET-VIP.COM, Web Sitesinin tamam\u0131na veya bir k\u0131sm\u0131na eri\u015fiminizi herhangi bir zamanda, tamamen kendi takdirine ba\u011fl\u0131 olarak, bildirimde bulunarak veya bulunmayarak ve gerek\u00e7eli veya gerek\u00e7esiz olarak ask\u0131ya alabilir.<\/li>\n\n\n\n<li><strong>Bilgi Sahipli\u011fi:<\/strong> <br\/><br\/>Veriler, yaz\u0131l\u0131mlar, foto\u011fraflar, g\u00f6r\u00fcnt\u00fcler, videolar, grafikler, sesler, al\u0131nt\u0131lar, yaz\u0131l\u0131 ve di\u011fer materyaller (&#8220;Materyaller&#8221;) dahil olmak \u00fczere Web Sitesinde yer alan t\u00fcm materyallerin ve bilgilerin SAS JET-VIP.COM&#8217;un m\u00fclkiyetinde (fikri m\u00fclkiyet dahil) oldu\u011funu veya SAS JET-VIP.COM&#8217;a lisansland\u0131\u011f\u0131n\u0131 kabul ve beyan edersiniz.  <br\/>SAS JET-VIP.COM&#8217;un \u00f6nceden yaz\u0131l\u0131 izni olmadan herhangi bir materyali kullanamaz, kopyalayamaz, da\u011f\u0131tamaz veya k\u00f6t\u00fcye kullanamazs\u0131n\u0131z. Ancak, bu H\u00fck\u00fcm ve Ko\u015fullar da dahil olmak \u00fczere, Web Sitesinin baz\u0131 b\u00f6l\u00fcmlerini, yaln\u0131zca Web Sitesini bir al\u0131\u015fveri\u015f kayna\u011f\u0131 olarak kullanmak amac\u0131yla, bu H\u00fck\u00fcm ve Ko\u015fullara uygun olarak yazd\u0131rman\u0131za ve kopyalaman\u0131za izin verilir.<\/li>\n\n\n\n<li><strong>SAS JET-VIP.COM i\u00e7in Garantilerin Reddi ve Sorumlulu\u011fun D\u0131\u015flanmas\u0131<\/strong><br\/><br\/>SAS JET-VIP.COM a\u011f\u0131nda sa\u011flanan veya bu a\u011f \u00fczerinden eri\u015filebilen her t\u00fcrl\u00fc bilgi yaln\u0131zca bilgilendirme ama\u00e7l\u0131d\u0131r ve herhangi bir a\u00e7\u0131k veya z\u0131mni garanti olmaks\u0131z\u0131n sa\u011flan\u0131r veya eri\u015filebilir. \u00d6zellikle, SAS JET-VIP.COM \u015fu konularda hi\u00e7bir garanti vermez:<br\/><br\/>(A) sa\u011flanan herhangi bir bilginin do\u011frulu\u011fu, g\u00fcvenilirli\u011fi, eksiksizli\u011fi, g\u00fcncelli\u011fi veya kalitesi<br\/>(B) herhangi bir talebin ele al\u0131nmas\u0131 ve\/veya kabul edilmesi<br\/>(C) SAS JET-VIP.COM ile herhangi bir Kiralayan aras\u0131nda herhangi bir U\u00e7ak Kiralama Arac\u0131l\u0131k S\u00f6zle\u015fmesinin imzalanmas\u0131<br\/>(D) herhangi bir \u0130\u015fletmeci ile herhangi bir Kirac\u0131 aras\u0131nda herhangi bir Ta\u015f\u0131ma S\u00f6zle\u015fmesinin akdedilmesi<br\/>(E) SAS JET-VIP.COM a\u011f\u0131 \u00fczerinden hizmetlerin kullan\u0131labilirli\u011fi ve\/veya  <br\/>(F) SAS JET-VIP.COM a\u011f\u0131n\u0131n eri\u015filebilirli\u011fi, i\u015fleyi\u015fi ve\/veya hatas\u0131zl\u0131\u011f\u0131.<br\/><br\/>Y\u00fcr\u00fcrl\u00fckteki yasalar\u0131n izin verdi\u011fi en geni\u015f \u00f6l\u00e7\u00fcde, SAS JET-VIP.COM ve hissedarlar\u0131, ortaklar\u0131, i\u015ftirakleri, memurlar\u0131, y\u00f6neticileri, \u00e7al\u0131\u015fanlar\u0131, acenteleri, temsilcileri, hizmetlileri, yard\u0131mc\u0131lar\u0131, halefleri ve devralanlar\u0131, bunlardan kaynaklanan veya bunlarla ba\u011flant\u0131l\u0131 olarak ortaya \u00e7\u0131kan herhangi bir yaralanma, hasar, \u00f6l\u00fcm, kay\u0131p, kaza veya gecikme i\u00e7in t\u00fcm sorumlulu\u011fu reddeder:<br\/><br\/>(A) bu h\u00fck\u00fcm ve ko\u015fullar<br\/>(B) i\u015fbu S\u00f6zle\u015fme kapsam\u0131ndaki faaliyetleri ve\/veya hizmetleri<br\/>(C) SAS JET-VIP.COM a\u011f\u0131 ve bu a\u011f \u00fczerinden sa\u011flanan veya eri\u015filebilen her t\u00fcrl\u00fc bilgi<br\/>(D) SAS JET-VIP.COM a\u011f\u0131n\u0131n herhangi bir kullan\u0131m\u0131 veya bununla ilgili herhangi bir sorun<br\/>(E) bir talebin ele al\u0131nmas\u0131 veya al\u0131nmamas\u0131 ve  <br\/>(F) SAS JET-VIP.COM a\u011f\u0131 \u00fczerinden al\u0131nan t\u00fcm hizmetler.<br\/><br\/>8. <strong>SAS JET-VIP.COM i\u00e7in Tazminat<br\/><\/strong><br\/>SAS JET-VIP.COM a\u011f\u0131n\u0131 kullanarak, SAS JET-VIP.COM&#8217;u, hissedarlar\u0131n\u0131, ortaklar\u0131n\u0131, i\u015ftiraklerini, memurlar\u0131n\u0131, y\u00f6neticilerini, \u00e7al\u0131\u015fanlar\u0131n\u0131, acentelerini, temsilcilerini, hizmetlilerini, yard\u0131mc\u0131lar\u0131n\u0131, haleflerini ve devralanlar\u0131n\u0131 ve di\u011fer herhangi bir ki\u015fiyi (herhangi bir Operat\u00f6r ve herhangi bir u\u00e7a\u011f\u0131n sahibi, kirac\u0131s\u0131 veya finans\u00f6r\u00fc dahil) (&#8220;Tazminat Alanlar&#8221;) do\u011frudan veya dolayl\u0131 zararlara kar\u015f\u0131 (makul avukatl\u0131k \u00fccretleri dahil) sorumlu olmay\u0131 ve tazmin etmeyi kabul edersiniz:<br\/><br\/>(A) bu h\u00fck\u00fcm ve ko\u015fullar\u0131n (burada taraf\u0131n\u0131zdan yap\u0131lan herhangi bir beyan veya garanti dahil), di\u011fer herhangi bir s\u00f6zle\u015fmenin veya y\u00fcr\u00fcrl\u00fckteki yasalar\u0131n, y\u00f6netmeliklerin, emirlerin, taleplerin ve seyahat gerekliliklerinin (g\u00f6\u00e7menlik ve g\u00fcmr\u00fck d\u00fczenlemeleri dahil) taraf\u0131n\u0131zca ihlal edilmesinden kaynaklanan veya bunlarla ba\u011flant\u0131l\u0131 olarak veya  <br\/>(B) SAS JET-VIP.COM a\u011f\u0131 \u00fczerinden al\u0131nan hizmetler i\u00e7in ge\u00e7erli olan t\u00fcm h\u00fck\u00fcm ve ko\u015fullar hakk\u0131nda s\u00f6z konusu \u00fc\u00e7\u00fcnc\u00fc taraflar\u0131 bilgilendirmemeniz veya bunlara uymalar\u0131n\u0131 sa\u011flamaman\u0131z da dahil olmak \u00fczere, herhangi bir \u00fc\u00e7\u00fcnc\u00fc taraf ad\u0131na ve\/veya ad\u0131na eylemleriniz veya ihmallerinizle ilgili olarak.<br\/><br\/>9. <strong>Ki\u015fisel veriler<br\/><\/strong><br\/>Ki\u015fisel veriler, SAS JET-VIP.COM taraf\u0131ndan 2 avenue Jean Monnet, 26000 Valence adresinde, A\u011fda bulunan Gizlilik Politikas\u0131na uygun olarak i\u015flenir.  <br\/><br\/>10.<strong> \u00c7e\u015fitli<\/strong> <br\/><br\/>Bu H\u00fck\u00fcm ve Ko\u015fullar, siz ve SAS JET-VIP.COM aras\u0131nda A\u011f\u0131 kullan\u0131m\u0131n\u0131zla ilgili anla\u015fman\u0131n tamam\u0131n\u0131 olu\u015fturur ve konuyla ilgili \u00f6nceki veya e\u015fzamanl\u0131 anlay\u0131\u015flar\u0131n veya anla\u015fmalar\u0131n (s\u00f6zl\u00fc veya yaz\u0131l\u0131) yerine ge\u00e7er. SAS JET-VIP.COM taraf\u0131ndan yaz\u0131l\u0131 olarak kabul edilmedik\u00e7e, bu H\u00fck\u00fcm ve Ko\u015fullar\u0131n taraf\u0131n\u0131zdan hi\u00e7bir \u015fekilde de\u011fi\u015ftirilmesi ge\u00e7erli olmayacakt\u0131r. Ba\u011flam\u0131n izin verdi\u011fi durumlarda, buradaki tekil kullan\u0131m\u0131 \u00e7o\u011fulu ve tersini de i\u00e7erecek ve n\u00f6tr veya eril \u015fah\u0131s zamirinin kullan\u0131m\u0131 hem eril hem de di\u015fil cinsiyetleri kapsayacakt\u0131r.  <br\/>Burada aksi belirtilmedik\u00e7e, &#8220;veya&#8221; terimi m\u00fcnhas\u0131r de\u011fildir ve &#8220;dahil&#8221;, &#8220;dahil olmak \u00fczere&#8221; ve &#8220;\u00f6zellikle&#8221; terimleri s\u0131n\u0131rlay\u0131c\u0131 de\u011fildir.<br\/><br\/>11. <strong>Ge\u00e7erli Hukuk ve Yarg\u0131 Yetkisi<\/strong><br\/><br\/>Ge\u00e7erlili\u011fi, ge\u00e7ersizli\u011fi, ihlali veya feshi de dahil olmak \u00fczere bu H\u00fck\u00fcm ve Ko\u015fullardan kaynaklanan veya bunlarla ba\u011flant\u0131l\u0131 olarak ortaya \u00e7\u0131kan herhangi bir anla\u015fmazl\u0131k, ihtilaf veya talep, taraflar\u0131n i\u015fbu belge ile gayri kabili r\u00fccu olarak sunulmay\u0131 kabul etti\u011fi Romans, Fransa mahkemelerinin m\u00fcnhas\u0131r yarg\u0131 yetkisine sunulacakt\u0131r.  <br\/>Yukar\u0131da belirtilenler, SAS JET-VIP.COM&#8217;un herhangi bir Kirac\u0131y\u0131 ba\u015fka herhangi bir yetkili mahkeme \u00f6n\u00fcnde dava etmesini engellemez.<br\/><br\/><\/li>\n<\/ol>\n\n\n\n<p><\/p>\n\n\n\n<p><\/p>\n\n\n\n<p><\/p>\n\n\n\n<p><\/p>\n\n\n\n<p><\/p>\n\n\n\n<p><\/p>\n\n\n\n<p><br\/><\/p>\n<\/div>\n\n<div class=\"wp-block-group container-rounded-bottom-left -mt-10 white is-layout-constrained wp-block-group-is-layout-constrained\"><\/div>\n","protected":false},"excerpt":{"rendered":"<p>\u0130\u00e7indekiler1. A\u011f2. SAS JET-VIP.COM&#8217;un Rol\u00fc3. Hizmet Rezervasyonu4. A\u011f Kullan\u0131m\u01315. Kullan\u0131m\u0131n Sonland\u0131r\u0131lmas\u01316. Bilgi Sahipli\u011fi7. Garantilerin Reddi ve Sorumlulu\u011fun D\u0131\u015flanmas\u01318. Tazminat9. Ki\u015fisel Veriler10. Ge\u00e7erli Hukuk ve Yarg\u0131 Yetkisi Bu H\u00fck\u00fcm ve Ko\u015fullarda, &#8220;SAS JET-VIP.COM&#8221;, SAS JET-VIP.COM&#8217;un herhangi bir kurulu\u015fu anlam\u0131na gelecektir.<\/p>\n","protected":false},"author":1,"featured_media":3341,"parent":0,"menu_order":0,"comment_status":"closed","ping_status":"closed","template":"template-white.blade.php","meta":{"footnotes":""},"class_list":["post-3646","page","type-page","status-publish","has-post-thumbnail","hentry"],"yoast_head":"<!-- This site is optimized with the Yoast SEO Premium plugin v23.9 (Yoast SEO v23.9) - https:\/\/yoast.com\/wordpress\/plugins\/seo\/ -->\n<title>\u015eartlar ve ko\u015fullar - Jet VIP<\/title>\n<meta name=\"description\" content=\"Jet VIP&#039;in hizmet \u015fartlar\u0131 ve ko\u015fullar\u0131n\u0131 \u00f6\u011frenin. Rezervasyon, iptal ve u\u00e7u\u015f politikalar\u0131 hakk\u0131nda detayl\u0131 bilgiye ula\u015f\u0131n.\" \/>\n<meta name=\"robots\" content=\"index, follow, max-snippet:-1, max-image-preview:large, max-video-preview:-1\" \/>\n<link rel=\"canonical\" href=\"https:\/\/www.jet-vip.com\/tr\/sartlar-ve-kosullar\/\" \/>\n<meta property=\"og:locale\" content=\"tr_TR\" \/>\n<meta property=\"og:type\" content=\"article\" \/>\n<meta property=\"og:title\" content=\"\u015eartlar ve ko\u015fullar - Jet VIP\" \/>\n<meta property=\"og:description\" content=\"Jet VIP&#039;in hizmet \u015fartlar\u0131 ve ko\u015fullar\u0131n\u0131 \u00f6\u011frenin. Rezervasyon, iptal ve u\u00e7u\u015f politikalar\u0131 hakk\u0131nda detayl\u0131 bilgiye ula\u015f\u0131n.\" \/>\n<meta property=\"og:url\" content=\"https:\/\/www.jet-vip.com\/tr\/sartlar-ve-kosullar\/\" \/>\n<meta property=\"og:site_name\" content=\"Jet VIP\" \/>\n<meta property=\"article:modified_time\" content=\"2024-11-24T08:40:54+00:00\" \/>\n<meta property=\"og:image\" content=\"https:\/\/www.jet-vip.com\/app\/uploads\/2023\/04\/Global-5000-edited.jpeg\" \/>\n\t<meta property=\"og:image:width\" content=\"1401\" \/>\n\t<meta property=\"og:image:height\" content=\"1050\" \/>\n\t<meta property=\"og:image:type\" content=\"image\/jpeg\" \/>\n<meta name=\"twitter:card\" content=\"summary_large_image\" \/>\n<meta name=\"twitter:label1\" content=\"Est. reading time\" \/>\n\t<meta name=\"twitter:data1\" content=\"11 minutes\" \/>\n<!-- \/ Yoast SEO Premium plugin. -->","yoast_head_json":{"title":"\u015eartlar ve ko\u015fullar - Jet VIP","description":"Jet VIP'in hizmet \u015fartlar\u0131 ve ko\u015fullar\u0131n\u0131 \u00f6\u011frenin. Rezervasyon, iptal ve u\u00e7u\u015f politikalar\u0131 hakk\u0131nda detayl\u0131 bilgiye ula\u015f\u0131n.","robots":{"index":"index","follow":"follow","max-snippet":"max-snippet:-1","max-image-preview":"max-image-preview:large","max-video-preview":"max-video-preview:-1"},"canonical":"https:\/\/www.jet-vip.com\/tr\/sartlar-ve-kosullar\/","og_locale":"tr_TR","og_type":"article","og_title":"\u015eartlar ve ko\u015fullar - Jet VIP","og_description":"Jet VIP'in hizmet \u015fartlar\u0131 ve ko\u015fullar\u0131n\u0131 \u00f6\u011frenin. Rezervasyon, iptal ve u\u00e7u\u015f politikalar\u0131 hakk\u0131nda detayl\u0131 bilgiye ula\u015f\u0131n.","og_url":"https:\/\/www.jet-vip.com\/tr\/sartlar-ve-kosullar\/","og_site_name":"Jet VIP","article_modified_time":"2024-11-24T08:40:54+00:00","og_image":[{"width":1401,"height":1050,"url":"https:\/\/www.jet-vip.com\/app\/uploads\/2023\/04\/Global-5000-edited.jpeg","type":"image\/jpeg"}],"twitter_card":"summary_large_image","twitter_misc":{"Est. reading time":"11 minutes"},"schema":{"@context":"https:\/\/schema.org","@graph":[{"@type":"WebPage","@id":"https:\/\/www.jet-vip.com\/tr\/sartlar-ve-kosullar\/","url":"https:\/\/www.jet-vip.com\/tr\/sartlar-ve-kosullar\/","name":"\u015eartlar ve ko\u015fullar - Jet VIP","isPartOf":{"@id":"https:\/\/www.jet-vip.com\/tr\/#website"},"primaryImageOfPage":{"@id":"https:\/\/www.jet-vip.com\/tr\/sartlar-ve-kosullar\/#primaryimage"},"image":{"@id":"https:\/\/www.jet-vip.com\/tr\/sartlar-ve-kosullar\/#primaryimage"},"thumbnailUrl":"https:\/\/www.jet-vip.com\/app\/uploads\/2023\/04\/Global-5000-edited.jpeg","datePublished":"2023-05-05T18:05:16+00:00","dateModified":"2024-11-24T08:40:54+00:00","description":"Jet VIP'in hizmet \u015fartlar\u0131 ve ko\u015fullar\u0131n\u0131 \u00f6\u011frenin. Rezervasyon, iptal ve u\u00e7u\u015f politikalar\u0131 hakk\u0131nda detayl\u0131 bilgiye ula\u015f\u0131n.","inLanguage":"tr-TR","potentialAction":[{"@type":"ReadAction","target":["https:\/\/www.jet-vip.com\/tr\/sartlar-ve-kosullar\/"]}]},{"@type":"ImageObject","inLanguage":"tr-TR","@id":"https:\/\/www.jet-vip.com\/tr\/sartlar-ve-kosullar\/#primaryimage","url":"https:\/\/www.jet-vip.com\/app\/uploads\/2023\/04\/Global-5000-edited.jpeg","contentUrl":"https:\/\/www.jet-vip.com\/app\/uploads\/2023\/04\/Global-5000-edited.jpeg","width":1401,"height":1050},{"@type":"WebSite","@id":"https:\/\/www.jet-vip.com\/tr\/#website","url":"https:\/\/www.jet-vip.com\/tr\/","name":"www.jet-vip.com","description":"Private Jet &amp; Helicopter charter","publisher":{"@id":"https:\/\/www.jet-vip.com\/tr\/#organization"},"potentialAction":[{"@type":"SearchAction","target":{"@type":"EntryPoint","urlTemplate":"https:\/\/www.jet-vip.com\/tr\/?s={search_term_string}"},"query-input":{"@type":"PropertyValueSpecification","valueRequired":true,"valueName":"search_term_string"}}],"inLanguage":"tr-TR"},{"@type":"Organization","@id":"https:\/\/www.jet-vip.com\/tr\/#organization","name":"JET VIP","alternateName":"JET-VIP","url":"https:\/\/www.jet-vip.com\/tr\/","logo":{"@type":"ImageObject","inLanguage":"tr-TR","@id":"https:\/\/www.jet-vip.com\/tr\/#\/schema\/logo\/image\/","url":"https:\/\/www.jet-vip.com\/app\/uploads\/2023\/04\/logo_jetvip.png","contentUrl":"https:\/\/www.jet-vip.com\/app\/uploads\/2023\/04\/logo_jetvip.png","width":2344,"height":1500,"caption":"JET VIP"},"image":{"@id":"https:\/\/www.jet-vip.com\/tr\/#\/schema\/logo\/image\/"},"sameAs":["https:\/\/instagram.com\/jet_vip"]}]}},"_links":{"self":[{"href":"https:\/\/www.jet-vip.com\/tr\/wp-json\/wp\/v2\/pages\/3646","targetHints":{"allow":["GET"]}}],"collection":[{"href":"https:\/\/www.jet-vip.com\/tr\/wp-json\/wp\/v2\/pages"}],"about":[{"href":"https:\/\/www.jet-vip.com\/tr\/wp-json\/wp\/v2\/types\/page"}],"author":[{"embeddable":true,"href":"https:\/\/www.jet-vip.com\/tr\/wp-json\/wp\/v2\/users\/1"}],"replies":[{"embeddable":true,"href":"https:\/\/www.jet-vip.com\/tr\/wp-json\/wp\/v2\/comments?post=3646"}],"version-history":[{"count":1,"href":"https:\/\/www.jet-vip.com\/tr\/wp-json\/wp\/v2\/pages\/3646\/revisions"}],"predecessor-version":[{"id":3647,"href":"https:\/\/www.jet-vip.com\/tr\/wp-json\/wp\/v2\/pages\/3646\/revisions\/3647"}],"wp:featuredmedia":[{"embeddable":true,"href":"https:\/\/www.jet-vip.com\/tr\/wp-json\/wp\/v2\/media\/3341"}],"wp:attachment":[{"href":"https:\/\/www.jet-vip.com\/tr\/wp-json\/wp\/v2\/media?parent=3646"}],"curies":[{"name":"wp","href":"https:\/\/api.w.org\/{rel}","templated":true}]}}