{"id":3644,"date":"2023-03-23T14:49:31","date_gmt":"2023-03-23T14:49:31","guid":{"rendered":"https:\/\/www.jet-vip.com\/evcil-hayvanlarla-ucmanin-stresini-atmak\/"},"modified":"2024-11-24T08:56:31","modified_gmt":"2024-11-24T08:56:31","slug":"evcil-hayvanlarla-ucmanin-stresini-atmak","status":"publish","type":"page","link":"https:\/\/www.jet-vip.com\/tr\/evcil-hayvanlarla-ucmanin-stresini-atmak\/","title":{"rendered":"Evcil Hayvanlarla U\u00e7man\u0131n Stresini Atmak"},"content":{"rendered":"\n<div class=\"wp-block-group mx-7 max-w-7xl sm:mx-auto is-layout-constrained wp-block-group-is-layout-constrained\">\n<div class=\"wp-block-group is-content-justification-space-between is-layout-flex wp-container-core-group-is-layout-3 wp-block-group-is-layout-flex\">\n<hr class=\"wp-block-separator has-alpha-channel-opacity\"\/>\n\n\n\n<p>Bir aile ka\u00e7ama\u011f\u0131 yapmak heyecan verici ve e\u011flenceli bir zaman olabilir. Ancak i\u015fin i\u00e7ine bir de t\u00fcyl\u00fc aile \u00fcyelerimiz girince i\u015fler biraz zorla\u015fabiliyor. Bir\u00e7ok aile tatile \u00e7\u0131karken, \u00e7ok sevdikleri evcil hayvanlar\u0131 hakk\u0131nda ne yapacaklar\u0131 ikilemiyle kar\u015f\u0131 kar\u015f\u0131ya kalmaktad\u0131r. Evcil hayvan u\u00e7u\u015f hizmetimizle, u\u00e7ak kiralaman\u0131z\u0131 ayarlamak i\u00e7in bizi kulland\u0131\u011f\u0131n\u0131zda en ucuz fiyata evcil hayvan\u0131n\u0131zla \u00f6zel olarak u\u00e7un.<\/p>\n\n\n\n<h3 class=\"wp-block-heading\" style=\"padding-top:var(--wp--preset--spacing--60);padding-right:0;padding-bottom:var(--wp--preset--spacing--50);padding-left:0\">Neden \u00d6zel U\u00e7u\u015f?<\/h3>\n\n\n\n<div class=\"wp-block-group is-content-justification-space-between is-layout-flex wp-container-core-group-is-layout-2 wp-block-group-is-layout-flex\">\n<div class=\"wp-block-group sm:w-2\/3 is-vertical is-layout-flex wp-container-core-group-is-layout-1 wp-block-group-is-layout-flex\">\n<p>Evcil hayvanlar ticari u\u00e7u\u015flarda genellikle bagajlar\u0131n geri kalan\u0131yla birlikte kafeslerde ta\u015f\u0131n\u0131r. B\u00f6ylesine dar bir \u00e7evreye ve genellikle bagaj olarak g\u00f6r\u00fclmeye e\u015flik eden sert s\u0131cakl\u0131k de\u011fi\u015fimlerine maruz kalan herhangi bir hayvan, \u00e7ileden kurtulmak i\u00e7in zor zamanlar ge\u00e7irecektir. Trajik ger\u00e7ek \u015fu ki, her y\u0131l ticari u\u00e7u\u015flarda \u00e7ok say\u0131da hayvan kayboluyor, yaralan\u0131yor ya da bazen \u00f6ld\u00fcr\u00fcl\u00fcyor.<\/p>\n\n\n\n<p>\u0130\u015finizi \u015fansa b\u0131rakmak yerine, bizimle bir u\u00e7u\u015f rezervasyonu yap\u0131n ve evcil hayvan\u0131n\u0131z\u0131n huzurlu ve g\u00fcvenli bir ortamda ta\u015f\u0131nd\u0131\u011f\u0131ndan emin olun.<\/p>\n\n\n\n<p>Evcil hayvan\u0131n\u0131z\u0131n her zaman elinizin alt\u0131nda olmas\u0131n\u0131 sa\u011flamak i\u00e7in \u00f6zel bir u\u00e7u\u015f rezervasyonu yapt\u0131rmay\u0131 d\u00fc\u015f\u00fcn\u00fcn. Bagajla kilitli kalman\u0131n kayg\u0131 ve rahats\u0131zl\u0131\u011f\u0131na maruz kalmazlar ve siz uzaktayken bile bilmedikleri bir ortamda tek ba\u015flar\u0131na ac\u0131 \u00e7ekmek zorunda b\u0131rak\u0131lmazlar. Evcil hayvan\u0131n\u0131z\u0131n refah\u0131n\u0131, mutlulu\u011funu ve g\u00fcvenli\u011fini garanti alt\u0131na alman\u0131n en iyi yolu bu ad\u0131m\u0131 atmakt\u0131r. Ayr\u0131ca, t\u00fcyl\u00fc dostunuz yan\u0131n\u0131zda olmadan bir aile tatilinin ne anlam\u0131 var? Baz\u0131 havayollar\u0131 yolcular\u0131n evcil hayvanlar\u0131n\u0131 u\u00e7a\u011fa almas\u0131na izin vermez, ancak profesyonel ekibimiz d\u00fcnya \u00e7ap\u0131nda hem k\u0131sa hem de uzun mesafeli u\u00e7u\u015flarda say\u0131s\u0131z evcil hayvan u\u00e7urmu\u015ftur ve \u00f6zel ihtiya\u00e7lar\u0131n\u0131z\u0131 kar\u015f\u0131layan bir jet ke\u015ffetmenize yard\u0131mc\u0131 olmaya haz\u0131rd\u0131r.<\/p>\n<\/div>\n\n\n\n<figure class=\"wp-block-image size-full is-resized sm:w-1\/4\"><img decoding=\"async\" src=\"https:\/\/test-jetvip.mendo.lv\/app\/uploads\/2023\/03\/taking_the-stress_out.png\" alt=\"\" class=\"wp-image-744\" width=\"264\" height=\"262\" srcset=\"https:\/\/www.jet-vip.com\/app\/uploads\/2023\/03\/taking_the-stress_out.png 528w, https:\/\/www.jet-vip.com\/app\/uploads\/2023\/03\/taking_the-stress_out-300x297.png 300w, https:\/\/www.jet-vip.com\/app\/uploads\/2023\/03\/taking_the-stress_out-150x150.png 150w\" sizes=\"(max-width: 264px) 100vw, 264px\" \/><\/figure><\/div>\n\n\n\n<div class=\"wp-block-buttons is-layout-flex wp-block-buttons-is-layout-flex\">\n<div class=\"wp-block-button\"><a class=\"wp-block-button__link wp-element-button\" href=\"https:\/\/www.jet-vip.com\/flight-search\/\">Evcil hayvan u\u00e7u\u015fu rezervasyonu yap\u0131n<\/a><\/div>\n<\/div>\n<\/div>\n<\/div>\n\n<div class=\"wp-block-group mx-7 max-w-7xl sm:mx-auto mt-12 is-layout-constrained wp-block-group-is-layout-constrained\">\n<h2 class=\"wp-block-heading\">Alternatif Se\u00e7enekler<\/h2>\n\n\n\n<div class=\"wp-block-group is-content-justification-space-between is-layout-flex wp-container-core-group-is-layout-5 wp-block-group-is-layout-flex\">\n<p class=\"sm:w-5\/12\">Evcil hayvan\u0131n\u0131z\u0131 yan\u0131n\u0131zda ta\u015f\u0131man\u0131n alternatifi, bir t\u00fcr g\u00fcnl\u00fck evcil hayvan bak\u0131m\u0131 olan pansiyona yerle\u015ftirmektir. Ancak evcil hayvan\u0131n\u0131z\u0131 bilmedi\u011finiz bir yerde yaln\u0131z b\u0131rakmak hem siz hem de evcil hayvan\u0131n\u0131z i\u00e7in stresli olabilir. Bir evcil hayvan bak\u0131c\u0131s\u0131 da tutabilirsiniz, ancak evcil hayvan\u0131n\u0131za ne kadar iyi bakacaklar\u0131ndan emin olamazs\u0131n\u0131z.<\/p>\n\n\n\n<p class=\"sm:w-5\/12\">Bununla birlikte, tatildeyken evcil hayvan\u0131n\u0131z\u0131n sa\u011fl\u0131\u011f\u0131 ve refah\u0131 konusunda endi\u015felenmek zorunda kalmamak i\u00e7in en iyi fikir, onlardan ayr\u0131lmak yerine onlar\u0131 \u00f6zel u\u00e7a\u011f\u0131n\u0131zda yan\u0131n\u0131zda getirmek olacakt\u0131r.<\/p>\n<\/div>\n<\/div>\n\n<div class=\"wp-block-group w-full is-layout-constrained wp-block-group-is-layout-constrained\">\n<div class=\"wp-block-group mx-7 max-w-7xl sm:mx-auto mt-12 is-layout-flow wp-block-group-is-layout-flow\">\n<div class=\"wp-block-group carousel-container is-layout-constrained wp-block-group-is-layout-constrained\">\n<h3 class=\"has-text-align-center w-full wp-block-heading\">Evcil Hayvanlarla U\u00e7mak \u0130\u00e7in Yararl\u0131 \u0130pu\u00e7lar\u0131<\/h3>\n\n\n\n<p class=\"has-text-align-center\">\u0130\u015fte evcil hayvanlar\u0131n\u0131zla u\u00e7u\u015funuzu konforlu, g\u00fcvenli ve heyecanl\u0131 hale getirmek i\u00e7in baz\u0131 yararl\u0131 y\u00f6nergeler!<\/p>\n\n\n\n<div class=\"wp-block-cb-carousel centered-contents\" data-slick=\"{&quot;slidesToShow&quot;:4,&quot;slidesToScroll&quot;:1,&quot;speed&quot;:300,&quot;arrows&quot;:true,&quot;dots&quot;:true,&quot;autoplay&quot;:false,&quot;autoplaySpeed&quot;:3000,&quot;infinite&quot;:false,&quot;responsive&quot;:[{&quot;breakpoint&quot;:769,&quot;settings&quot;:{&quot;slidesToShow&quot;:1,&quot;slidesToScroll&quot;:1}}]}\">\n<div class=\"wp-block-cb-slide\">\n<figure class=\"wp-block-image size-large\"><img decoding=\"async\" width=\"136\" height=\"136\" src=\"https:\/\/test-jetvip.mendo.lv\/app\/uploads\/2023\/03\/ic1.svg\" alt=\"\" class=\"wp-image-745\"\/><\/figure>\n\n\n<p>Evcil hayvan\u0131n\u0131z\u0131n seyahat i\u00e7in gerekli t\u00fcm a\u015f\u0131lar\u0131n\u0131n tam oldu\u011funu teyit etmek i\u00e7in veterinerinizden bir randevu al\u0131n ve yak\u0131n zamanda evcil hayvan\u0131n\u0131z\u0131 herhangi bir seyahate g\u00f6t\u00fcrmeyi planl\u0131yorsan\u0131z bunu onlara bildirin.<\/p>\n<\/div>\n\n\n\n<div class=\"wp-block-cb-slide\">\n<figure class=\"wp-block-image size-large\"><img decoding=\"async\" width=\"136\" height=\"136\" src=\"https:\/\/test-jetvip.mendo.lv\/app\/uploads\/2023\/03\/ic2.svg\" alt=\"\" class=\"wp-image-746\"\/><\/figure>\n\n\n<p>Evcil hayvan\u0131n\u0131z\u0131n kimlik etiketlerinin do\u011fru, g\u00fcncel ve her zaman tasmas\u0131na g\u00fcvenli bir \u015fekilde tak\u0131l\u0131 oldu\u011fundan emin olun. Evcil hayvan\u0131n\u0131z siz uzaktayken kaybolsa bile, en k\u00f6t\u00fc durumda onu tekrar nas\u0131l bulaca\u011f\u0131n\u0131z\u0131 bilmeniz \u015fartt\u0131r.<\/p>\n<\/div>\n\n\n\n<div class=\"wp-block-cb-slide\">\n<figure class=\"wp-block-image size-large\"><img decoding=\"async\" width=\"136\" height=\"136\" src=\"https:\/\/test-jetvip.mendo.lv\/app\/uploads\/2023\/03\/ic3.svg\" alt=\"\" class=\"wp-image-747\"\/><\/figure>\n\n\n<p>Seyahat ederken evcil hayvan\u0131n\u0131z\u0131n en sevdi\u011fi oyuncaklar\u0131 veya di\u011fer tan\u0131d\u0131k e\u015fyalar\u0131 yan\u0131n\u0131za ald\u0131\u011f\u0131n\u0131zdan emin olun. \u00d6zel bir jetin l\u00fcks\u00fc i\u00e7inde bile olsa, yolculu\u011fu hayvan i\u00e7in m\u00fcmk\u00fcn oldu\u011funca konforlu ve stressiz hale getirin.<\/p>\n<\/div>\n\n\n\n<div class=\"wp-block-cb-slide\">\n<figure class=\"wp-block-image size-large\"><img decoding=\"async\" width=\"136\" height=\"136\" src=\"https:\/\/test-jetvip.mendo.lv\/app\/uploads\/2023\/03\/ic4.svg\" alt=\"\" class=\"wp-image-748\"\/><\/figure>\n\n\n<p>U\u00e7u\u015ftan \u00e7ok k\u0131sa bir s\u00fcre \u00f6nce evcil hayvan\u0131n\u0131za \u00e7ok fazla yiyecek vermemeye dikkat edin.<\/p>\n<\/div>\n<\/div>\n<\/div>\n<\/div>\n<\/div>\n\n<div class=\"wp-block-group header-text-container bg-white pt-8 is-layout-constrained wp-block-group-is-layout-constrained\">\n<div class=\"wp-block-group block-header-container is-vertical is-layout-flex wp-container-core-group-is-layout-10 wp-block-group-is-layout-flex\">\n<h2 class=\"wp-block-heading\">Learn more<\/h2>\n\n\n\n<hr class=\"wp-block-separator has-alpha-channel-opacity\"\/>\n\n\n\n<p>We know that your flight needs may be different, so we adapt to provide various kinds of <a href=\"https:\/\/www.instagram.com\/jet_vip\">services<\/a>:<\/p>\n<\/div>\n\n\n\n<div class=\"wp-block-group is-vertical is-layout-flex wp-container-core-group-is-layout-12 wp-block-group-is-layout-flex\">\n<h4 class=\"wp-block-heading\">Fleet<\/h4>\n\n\n\n<div class=\"wp-block-group is-nowrap is-layout-flex wp-container-core-group-is-layout-11 wp-block-group-is-layout-flex\">\n<p>Our expert team can find the best available price for your private jet hire on the most suitable private aircraft<\/p>\n\n\n\n<p><a href=\"https:\/\/www.jet-vip.com\/our-fleet\/\">More info<\/a><\/p>\n<\/div>\n<\/div>\n\n\n\n<div class=\"wp-block-group is-vertical is-layout-flex wp-container-core-group-is-layout-14 wp-block-group-is-layout-flex\">\n<h4 class=\"wp-block-heading\">Destinations<\/h4>\n\n\n\n<div class=\"wp-block-group is-nowrap is-layout-flex wp-container-core-group-is-layout-13 wp-block-group-is-layout-flex\">\n<p>Discover the most requested destinations for your private jet trip<\/p>\n\n\n\n<p><a href=\"https:\/\/www.jet-vip.com\/destinations\/\" data-type=\"page\" data-id=\"122\">More info<\/a><\/p>\n<\/div>\n<\/div>\n\n\n\n<div class=\"wp-block-group is-vertical is-layout-flex wp-container-core-group-is-layout-16 wp-block-group-is-layout-flex\">\n<h4 class=\"wp-block-heading\">Frequently Asked Questions<\/h4>\n\n\n\n<div class=\"wp-block-group is-nowrap is-layout-flex wp-container-core-group-is-layout-15 wp-block-group-is-layout-flex\">\n<p>You have a question? <br>We have the answer !<\/p>\n\n\n\n<p><a href=\"https:\/\/www.jet-vip.com\/frequently-asked-questions\/\" data-type=\"page\" data-id=\"417\">More info<\/a><\/p>\n<\/div>\n<\/div>\n\n\n\n<div class=\"wp-block-group is-vertical is-layout-flex wp-container-core-group-is-layout-18 wp-block-group-is-layout-flex\">\n<h4 class=\"wp-block-heading\">Medical Flights<\/h4>\n\n\n\n<div class=\"wp-block-group is-nowrap is-layout-flex wp-container-core-group-is-layout-17 wp-block-group-is-layout-flex\">\n<p>In case you need to book a jet for your special occasion or business look no further!<\/p>\n\n\n\n<p><a href=\"https:\/\/www.jet-vip.com\/ambulance-flights\/\" data-type=\"page\" data-id=\"1184\">More info<\/a><\/p>\n<\/div>\n<\/div>\n\n\n\n<div class=\"wp-block-group is-vertical is-layout-flex wp-container-core-group-is-layout-20 wp-block-group-is-layout-flex\">\n<h4 class=\"wp-block-heading\">Safety<\/h4>\n\n\n\n<div class=\"wp-block-group is-nowrap is-layout-flex wp-container-core-group-is-layout-19 wp-block-group-is-layout-flex\">\n<p>Safety in private aviation is our most important concern. Safety has always been the priority of Jet-Vip<\/p>\n\n\n\n<p><a href=\"https:\/\/www.jet-vip.com\/safety-at-jet-vip\/\" data-type=\"page\" data-id=\"762\">More info<\/a><\/p>\n<\/div>\n<\/div>\n\n\n\n<div class=\"wp-block-group is-vertical is-layout-flex wp-container-core-group-is-layout-22 wp-block-group-is-layout-flex\">\n<h4 class=\"wp-block-heading\">Empty legs<\/h4>\n\n\n\n<div class=\"wp-block-group is-nowrap is-layout-flex wp-container-core-group-is-layout-21 wp-block-group-is-layout-flex\">\n<p>Chartering an empty leg flight is an opportunity to save up to 50% on your private jet flight price<\/p>\n\n\n\n<p><a href=\"https:\/\/www.jet-vip.com\/empty-leg-flights-with-jet-vip\/\" data-type=\"page\" data-id=\"446\">More info<\/a><\/p>\n<\/div>\n<\/div>\n<\/div>\n\n<div class=\"wp-block-group container-rounded-bottom-left -mt-10 white is-layout-constrained wp-block-group-is-layout-constrained\"><\/div>\n","protected":false},"excerpt":{"rendered":"<p>Bir aile ka\u00e7ama\u011f\u0131 yapmak heyecan verici ve e\u011flenceli bir zaman olabilir. Ancak i\u015fin i\u00e7ine bir de t\u00fcyl\u00fc aile \u00fcyelerimiz girince i\u015fler biraz zorla\u015fabiliyor. Bir\u00e7ok aile tatile \u00e7\u0131karken, \u00e7ok sevdikleri evcil hayvanlar\u0131 hakk\u0131nda ne yapacaklar\u0131 ikilemiyle kar\u015f\u0131 kar\u015f\u0131ya kalmaktad\u0131r. Evcil hayvan u\u00e7u\u015f hizmetimizle, u\u00e7ak kiralaman\u0131z\u0131 ayarlamak i\u00e7in bizi kulland\u0131\u011f\u0131n\u0131zda en ucuz fiyata evcil hayvan\u0131n\u0131zla \u00f6zel olarak &hellip; <a href=\"https:\/\/www.jet-vip.com\/tr\/evcil-hayvanlarla-ucmanin-stresini-atmak\/\">Continued<\/a><\/p>\n","protected":false},"author":2,"featured_media":3059,"parent":0,"menu_order":0,"comment_status":"closed","ping_status":"closed","template":"template-white.blade.php","meta":{"footnotes":""},"class_list":["post-3644","page","type-page","status-publish","has-post-thumbnail","hentry"],"yoast_head":"<!-- This site is optimized with the Yoast SEO Premium plugin v23.9 (Yoast SEO v23.9) - https:\/\/yoast.com\/wordpress\/plugins\/seo\/ -->\n<title>Evcil Hayvan U\u00e7u\u015f Hizmeti | Stresiz Seyahat - Jet VIP<\/title>\n<meta name=\"description\" content=\"Evcil hayvan u\u00e7u\u015f hizmeti ile evcil hayvan\u0131n\u0131zla \u00f6zel u\u00e7u\u015f deneyimi ya\u015fay\u0131n. Stresiz seyahat i\u00e7in en uygun fiyatlarla rezervasyon yap\u0131n.\" \/>\n<meta name=\"robots\" content=\"index, follow, max-snippet:-1, max-image-preview:large, max-video-preview:-1\" \/>\n<link rel=\"canonical\" href=\"https:\/\/www.jet-vip.com\/tr\/evcil-hayvanlarla-ucmanin-stresini-atmak\/\" \/>\n<meta property=\"og:locale\" content=\"tr_TR\" \/>\n<meta property=\"og:type\" content=\"article\" \/>\n<meta property=\"og:title\" content=\"Evcil Hayvan U\u00e7u\u015f Hizmeti | Stresiz Seyahat - Jet VIP\" \/>\n<meta property=\"og:description\" content=\"Evcil hayvan u\u00e7u\u015f hizmeti ile evcil hayvan\u0131n\u0131zla \u00f6zel u\u00e7u\u015f deneyimi ya\u015fay\u0131n. Stresiz seyahat i\u00e7in en uygun fiyatlarla rezervasyon yap\u0131n.\" \/>\n<meta property=\"og:url\" content=\"https:\/\/www.jet-vip.com\/tr\/evcil-hayvanlarla-ucmanin-stresini-atmak\/\" \/>\n<meta property=\"og:site_name\" content=\"Jet VIP\" \/>\n<meta property=\"article:modified_time\" content=\"2024-11-24T08:56:31+00:00\" \/>\n<meta property=\"og:image\" content=\"https:\/\/www.jet-vip.com\/app\/uploads\/2023\/03\/pet_header.jpg\" \/>\n\t<meta property=\"og:image:width\" content=\"2000\" \/>\n\t<meta property=\"og:image:height\" content=\"1333\" \/>\n\t<meta property=\"og:image:type\" content=\"image\/jpeg\" \/>\n<meta name=\"twitter:card\" content=\"summary_large_image\" \/>\n<meta name=\"twitter:label1\" content=\"Est. reading time\" \/>\n\t<meta name=\"twitter:data1\" content=\"9 minutes\" \/>\n<!-- \/ Yoast SEO Premium plugin. -->","yoast_head_json":{"title":"Evcil Hayvan U\u00e7u\u015f Hizmeti | Stresiz Seyahat - Jet VIP","description":"Evcil hayvan u\u00e7u\u015f hizmeti ile evcil hayvan\u0131n\u0131zla \u00f6zel u\u00e7u\u015f deneyimi ya\u015fay\u0131n. Stresiz seyahat i\u00e7in en uygun fiyatlarla rezervasyon yap\u0131n.","robots":{"index":"index","follow":"follow","max-snippet":"max-snippet:-1","max-image-preview":"max-image-preview:large","max-video-preview":"max-video-preview:-1"},"canonical":"https:\/\/www.jet-vip.com\/tr\/evcil-hayvanlarla-ucmanin-stresini-atmak\/","og_locale":"tr_TR","og_type":"article","og_title":"Evcil Hayvan U\u00e7u\u015f Hizmeti | Stresiz Seyahat - Jet VIP","og_description":"Evcil hayvan u\u00e7u\u015f hizmeti ile evcil hayvan\u0131n\u0131zla \u00f6zel u\u00e7u\u015f deneyimi ya\u015fay\u0131n. Stresiz seyahat i\u00e7in en uygun fiyatlarla rezervasyon yap\u0131n.","og_url":"https:\/\/www.jet-vip.com\/tr\/evcil-hayvanlarla-ucmanin-stresini-atmak\/","og_site_name":"Jet VIP","article_modified_time":"2024-11-24T08:56:31+00:00","og_image":[{"width":2000,"height":1333,"url":"https:\/\/www.jet-vip.com\/app\/uploads\/2023\/03\/pet_header.jpg","type":"image\/jpeg"}],"twitter_card":"summary_large_image","twitter_misc":{"Est. reading time":"9 minutes"},"schema":{"@context":"https:\/\/schema.org","@graph":[{"@type":"WebPage","@id":"https:\/\/www.jet-vip.com\/tr\/evcil-hayvanlarla-ucmanin-stresini-atmak\/","url":"https:\/\/www.jet-vip.com\/tr\/evcil-hayvanlarla-ucmanin-stresini-atmak\/","name":"Evcil Hayvan U\u00e7u\u015f Hizmeti | Stresiz Seyahat - Jet VIP","isPartOf":{"@id":"https:\/\/www.jet-vip.com\/tr\/#website"},"primaryImageOfPage":{"@id":"https:\/\/www.jet-vip.com\/tr\/evcil-hayvanlarla-ucmanin-stresini-atmak\/#primaryimage"},"image":{"@id":"https:\/\/www.jet-vip.com\/tr\/evcil-hayvanlarla-ucmanin-stresini-atmak\/#primaryimage"},"thumbnailUrl":"https:\/\/www.jet-vip.com\/app\/uploads\/2023\/03\/pet_header.jpg","datePublished":"2023-03-23T14:49:31+00:00","dateModified":"2024-11-24T08:56:31+00:00","description":"Evcil hayvan u\u00e7u\u015f hizmeti ile evcil hayvan\u0131n\u0131zla \u00f6zel u\u00e7u\u015f deneyimi ya\u015fay\u0131n. Stresiz seyahat i\u00e7in en uygun fiyatlarla rezervasyon yap\u0131n.","inLanguage":"tr-TR","potentialAction":[{"@type":"ReadAction","target":["https:\/\/www.jet-vip.com\/tr\/evcil-hayvanlarla-ucmanin-stresini-atmak\/"]}]},{"@type":"ImageObject","inLanguage":"tr-TR","@id":"https:\/\/www.jet-vip.com\/tr\/evcil-hayvanlarla-ucmanin-stresini-atmak\/#primaryimage","url":"https:\/\/www.jet-vip.com\/app\/uploads\/2023\/03\/pet_header.jpg","contentUrl":"https:\/\/www.jet-vip.com\/app\/uploads\/2023\/03\/pet_header.jpg","width":2000,"height":1333},{"@type":"WebSite","@id":"https:\/\/www.jet-vip.com\/tr\/#website","url":"https:\/\/www.jet-vip.com\/tr\/","name":"www.jet-vip.com","description":"Private Jet &amp; Helicopter charter","publisher":{"@id":"https:\/\/www.jet-vip.com\/tr\/#organization"},"potentialAction":[{"@type":"SearchAction","target":{"@type":"EntryPoint","urlTemplate":"https:\/\/www.jet-vip.com\/tr\/?s={search_term_string}"},"query-input":{"@type":"PropertyValueSpecification","valueRequired":true,"valueName":"search_term_string"}}],"inLanguage":"tr-TR"},{"@type":"Organization","@id":"https:\/\/www.jet-vip.com\/tr\/#organization","name":"JET VIP","alternateName":"JET-VIP","url":"https:\/\/www.jet-vip.com\/tr\/","logo":{"@type":"ImageObject","inLanguage":"tr-TR","@id":"https:\/\/www.jet-vip.com\/tr\/#\/schema\/logo\/image\/","url":"https:\/\/www.jet-vip.com\/app\/uploads\/2023\/04\/logo_jetvip.png","contentUrl":"https:\/\/www.jet-vip.com\/app\/uploads\/2023\/04\/logo_jetvip.png","width":2344,"height":1500,"caption":"JET VIP"},"image":{"@id":"https:\/\/www.jet-vip.com\/tr\/#\/schema\/logo\/image\/"},"sameAs":["https:\/\/instagram.com\/jet_vip"]}]}},"_links":{"self":[{"href":"https:\/\/www.jet-vip.com\/tr\/wp-json\/wp\/v2\/pages\/3644","targetHints":{"allow":["GET"]}}],"collection":[{"href":"https:\/\/www.jet-vip.com\/tr\/wp-json\/wp\/v2\/pages"}],"about":[{"href":"https:\/\/www.jet-vip.com\/tr\/wp-json\/wp\/v2\/types\/page"}],"author":[{"embeddable":true,"href":"https:\/\/www.jet-vip.com\/tr\/wp-json\/wp\/v2\/users\/2"}],"replies":[{"embeddable":true,"href":"https:\/\/www.jet-vip.com\/tr\/wp-json\/wp\/v2\/comments?post=3644"}],"version-history":[{"count":1,"href":"https:\/\/www.jet-vip.com\/tr\/wp-json\/wp\/v2\/pages\/3644\/revisions"}],"predecessor-version":[{"id":3645,"href":"https:\/\/www.jet-vip.com\/tr\/wp-json\/wp\/v2\/pages\/3644\/revisions\/3645"}],"wp:featuredmedia":[{"embeddable":true,"href":"https:\/\/www.jet-vip.com\/tr\/wp-json\/wp\/v2\/media\/3059"}],"wp:attachment":[{"href":"https:\/\/www.jet-vip.com\/tr\/wp-json\/wp\/v2\/media?parent=3644"}],"curies":[{"name":"wp","href":"https:\/\/api.w.org\/{rel}","templated":true}]}}