{"id":3642,"date":"2023-05-24T10:27:51","date_gmt":"2023-05-24T10:27:51","guid":{"rendered":"https:\/\/www.jet-vip.com\/surdurulebilirlik\/"},"modified":"2024-11-24T08:35:12","modified_gmt":"2024-11-24T08:35:12","slug":"surdurulebilirlik","status":"publish","type":"page","link":"https:\/\/www.jet-vip.com\/tr\/surdurulebilirlik\/","title":{"rendered":"S\u00fcrd\u00fcr\u00fclebilirlik"},"content":{"rendered":"\n<div class=\"wp-block-group mx-7 max-w-7xl sm:mx-auto is-layout-flow wp-block-group-is-layout-flow\">\n<h2 class=\"wp-block-heading\">\u00d6zel u\u00e7man\u0131n daha iyi bir yoluna inan\u0131yoruz<\/h2>\n\n\n\n<hr class=\"wp-block-separator has-alpha-channel-opacity\"\/>\n<\/div>\n\n<div class=\"wp-block-group mx-7 max-w-7xl sm:mx-auto mt-12 is-layout-flow wp-block-group-is-layout-flow\">\n<div class=\"wp-block-group is-content-justification-space-between is-nowrap is-layout-flex wp-container-core-group-is-layout-20 wp-block-group-is-layout-flex\">\n<div class=\"wp-block-group sm:w-2\/3 pr-8 is-vertical is-layout-flex wp-container-core-group-is-layout-17 wp-block-group-is-layout-flex\">\n<div class=\"wp-block-group is-content-justification-space-between is-nowrap is-layout-flex wp-container-core-group-is-layout-4 wp-block-group-is-layout-flex\">\n<div class=\"wp-block-group p-4 m-4 sm:w-3\/10 is-layout-constrained wp-block-group-is-layout-constrained\">\n<figure class=\"wp-block-image size-full is-style-rounded\"><img decoding=\"async\" width=\"547\" height=\"438\" src=\"http:\/\/www.jet-vip.com\/app\/uploads\/2023\/05\/carbon_natural.jpg\" alt=\"\" class=\"wp-image-1772\" srcset=\"https:\/\/www.jet-vip.com\/app\/uploads\/2023\/05\/carbon_natural.jpg 547w, https:\/\/www.jet-vip.com\/app\/uploads\/2023\/05\/carbon_natural-300x240.jpg 300w\" sizes=\"(max-width: 547px) 100vw, 547px\" \/><\/figure><\/div>\n\n\n\n<div class=\"wp-block-group p-4 m-4 sm:w-2\/3 is-vertical is-layout-flex wp-container-core-group-is-layout-3 wp-block-group-is-layout-flex\">\n<h3 class=\"wp-block-heading\">Karbon N\u00f6tr Nedir?<\/h3>\n\n\n\n<p>Karbon dengeleme, ba\u015fka bir yerde yap\u0131lan emisyonlar\u0131 telafi etmek i\u00e7in karbondioksit (CO2) veya di\u011fer sera gazlar\u0131n\u0131n emisyonlar\u0131nda yap\u0131lan bir azaltmad\u0131r. JET-VIP&#8217;in u\u00e7u\u015flar\u0131 %300 karbon dengelemelidir. CO2 emisyonlar\u0131 tek ba\u015f\u0131na u\u00e7u\u015flar\u0131n \u00e7evre \u00fczerindeki etkisinin yaln\u0131zca 1\/3&#8217;\u00fcn\u00fc olu\u015fturmaktad\u0131r, bu nedenle JET-VIP&#8217;in s\u00fcrd\u00fcr\u00fclebilirlik program\u0131 da emisyon n\u00f6trd\u00fcr.<\/p>\n<\/div>\n<\/div>\n\n\n\n<div class=\"wp-block-group is-content-justification-space-between is-nowrap is-layout-flex wp-container-core-group-is-layout-7 wp-block-group-is-layout-flex\">\n<div class=\"wp-block-group p-4 m-4 sm:w-3\/10 is-layout-constrained wp-block-group-is-layout-constrained\">\n<figure class=\"wp-block-image size-full is-style-rounded\"><img decoding=\"async\" width=\"1000\" height=\"666\" src=\"http:\/\/www.jet-vip.com\/app\/uploads\/2023\/05\/carbon_offsetting.jpg\" alt=\"\" class=\"wp-image-1773\" srcset=\"https:\/\/www.jet-vip.com\/app\/uploads\/2023\/05\/carbon_offsetting.jpg 1000w, https:\/\/www.jet-vip.com\/app\/uploads\/2023\/05\/carbon_offsetting-300x200.jpg 300w, https:\/\/www.jet-vip.com\/app\/uploads\/2023\/05\/carbon_offsetting-768x511.jpg 768w\" sizes=\"(max-width: 1000px) 100vw, 1000px\" \/><\/figure><\/div>\n\n\n\n<div class=\"wp-block-group p-4 m-4 sm:w-2\/3 is-vertical is-layout-flex wp-container-core-group-is-layout-6 wp-block-group-is-layout-flex\">\n<h3 class=\"wp-block-heading\">Karbon dengeleme nedir?<\/h3>\n\n\n\n<p>Karbon dengeleme, ba\u015fka bir yerde yap\u0131lan emisyonlar\u0131 telafi etmek i\u00e7in karbondioksit (CO2) veya di\u011fer sera gazlar\u0131n\u0131n emisyonlar\u0131nda yap\u0131lan bir azaltmad\u0131r.<\/p>\n\n\n\n<p>JET-VIP u\u00e7u\u015flar\u0131 %300 karbon dengelemelidir. CO2 emisyonlar\u0131 tek ba\u015f\u0131na u\u00e7u\u015flar\u0131n \u00e7evre \u00fczerindeki etkisinin yaln\u0131zca 1\/3&#8217;\u00fcn\u00fc olu\u015fturmaktad\u0131r, bu nedenle JET-VIP&#8217;in s\u00fcrd\u00fcr\u00fclebilirlik program\u0131 da emisyon n\u00f6trd\u00fcr<\/p>\n<\/div>\n<\/div>\n\n\n\n<div class=\"wp-block-group is-content-justification-space-between is-nowrap is-layout-flex wp-container-core-group-is-layout-10 wp-block-group-is-layout-flex\">\n<div class=\"wp-block-group p-4 m-4 sm:w-3\/10 is-layout-constrained wp-block-group-is-layout-constrained\">\n<figure class=\"wp-block-image size-full is-style-rounded\"><img decoding=\"async\" width=\"1000\" height=\"667\" src=\"http:\/\/www.jet-vip.com\/app\/uploads\/2023\/05\/emission_natural.jpg\" alt=\"\" class=\"wp-image-1775\" srcset=\"https:\/\/www.jet-vip.com\/app\/uploads\/2023\/05\/emission_natural.jpg 1000w, https:\/\/www.jet-vip.com\/app\/uploads\/2023\/05\/emission_natural-300x200.jpg 300w, https:\/\/www.jet-vip.com\/app\/uploads\/2023\/05\/emission_natural-768x512.jpg 768w\" sizes=\"(max-width: 1000px) 100vw, 1000px\" \/><\/figure><\/div>\n\n\n\n<div class=\"wp-block-group p-4 m-4 sm:w-2\/3 is-vertical is-layout-flex wp-container-core-group-is-layout-9 wp-block-group-is-layout-flex\">\n<h3 class=\"wp-block-heading\">Emisyon N\u00f6tr nedir?<\/h3>\n\n\n\n<p>Emission Neutral, karbon dengelemenin \u00f6tesine ge\u00e7erek su buhar\u0131, aerosoller ve nitr\u00f6z oksit gibi u\u00e7u\u015f s\u0131ras\u0131nda ortaya \u00e7\u0131kan emisyonlar\u0131n 2\/3&#8217;\u00fcn\u00fc olu\u015fturan di\u011fer havac\u0131l\u0131k emisyonlar\u0131n\u0131 da dengelemektedir. JET-VIP, bu di\u011fer emisyonlar\u0131 kar\u015f\u0131lamak i\u00e7in karbon emisyonlar\u0131n\u0131n %300&#8217;\u00fcn\u00fc dengelemektedir.<\/p>\n<\/div>\n<\/div>\n\n\n\n<div class=\"wp-block-group is-content-justification-space-between is-nowrap is-layout-flex wp-container-core-group-is-layout-13 wp-block-group-is-layout-flex\">\n<div class=\"wp-block-group p-4 m-4 sm:w-3\/10 is-layout-constrained wp-block-group-is-layout-constrained\">\n<figure class=\"wp-block-image size-full is-style-rounded\"><img decoding=\"async\" width=\"1000\" height=\"667\" src=\"http:\/\/www.jet-vip.com\/app\/uploads\/2023\/05\/jet_vip_carbon_natural.jpg\" alt=\"\" class=\"wp-image-1776\" srcset=\"https:\/\/www.jet-vip.com\/app\/uploads\/2023\/05\/jet_vip_carbon_natural.jpg 1000w, https:\/\/www.jet-vip.com\/app\/uploads\/2023\/05\/jet_vip_carbon_natural-300x200.jpg 300w, https:\/\/www.jet-vip.com\/app\/uploads\/2023\/05\/jet_vip_carbon_natural-768x512.jpg 768w\" sizes=\"(max-width: 1000px) 100vw, 1000px\" \/><\/figure><\/div>\n\n\n\n<div class=\"wp-block-group p-4 m-4 sm:w-2\/3 is-vertical is-layout-flex wp-container-core-group-is-layout-12 wp-block-group-is-layout-flex\">\n<h3 class=\"wp-block-heading\">JET-VIP karbon n\u00f6tr m\u00fcd\u00fcr?<\/h3>\n\n\n\n<p>Evet, JET-VIP t\u00fcm u\u00e7u\u015flar ve tesisler dahil olmak \u00fczere karbon n\u00f6trd\u00fcr ve asl\u0131nda CO2 d\u0131\u015f\u0131ndaki di\u011fer emisyonlar\u0131 hesaba katmak i\u00e7in t\u00fcm u\u00e7u\u015flar\u0131 %300 oran\u0131nda dengeleyerek emisyon n\u00f6trd\u00fcr<\/p>\n<\/div>\n<\/div>\n\n\n\n<div class=\"wp-block-group is-content-justification-space-between is-nowrap is-layout-flex wp-container-core-group-is-layout-16 wp-block-group-is-layout-flex\">\n<div class=\"wp-block-group p-4 m-4 sm:w-3\/10 is-layout-constrained wp-block-group-is-layout-constrained\">\n<figure class=\"wp-block-image size-full is-style-rounded\"><img decoding=\"async\" width=\"1000\" height=\"667\" src=\"http:\/\/www.jet-vip.com\/app\/uploads\/2023\/05\/compare_companies.jpg\" alt=\"\" class=\"wp-image-1774\" srcset=\"https:\/\/www.jet-vip.com\/app\/uploads\/2023\/05\/compare_companies.jpg 1000w, https:\/\/www.jet-vip.com\/app\/uploads\/2023\/05\/compare_companies-300x200.jpg 300w, https:\/\/www.jet-vip.com\/app\/uploads\/2023\/05\/compare_companies-768x512.jpg 768w\" sizes=\"(max-width: 1000px) 100vw, 1000px\" \/><\/figure><\/div>\n\n\n\n<div class=\"wp-block-group p-4 m-4 sm:w-2\/3 is-vertical is-layout-flex wp-container-core-group-is-layout-15 wp-block-group-is-layout-flex\">\n<h3 class=\"wp-block-heading\">JET-VIP di\u011fer \u00f6zel havac\u0131l\u0131k \u015firketlerine k\u0131yasla nas\u0131ld\u0131r?<\/h3>\n\n\n\n<p>\u00c7o\u011fu \u00f6zel havac\u0131l\u0131k \u015firketi sadece karbon etkisine bak\u0131yor. JET-VIP halihaz\u0131rda daha kapsaml\u0131 d\u00fc\u015f\u00fcnmekte ve u\u00e7u\u015flar\u0131m\u0131z\u0131n iklim \u00fczerindeki t\u00fcm etkilerine bakmaktad\u0131r.<\/p>\n<\/div>\n<\/div>\n<\/div>\n\n\n\n<div class=\"wp-block-group sm:w-1\/3 is-layout-constrained wp-block-group-is-layout-constrained\">\n<div class=\"wp-block-group p-4 m-4 rounded rounded-2xl has-very-light-blue-background-color has-background is-layout-constrained wp-block-group-is-layout-constrained\">\n<p class=\"has-text-align-center\">JET-VIP, \u00f6zel havac\u0131l\u0131k i\u00e7in s\u00fcrd\u00fcr\u00fclebilir bir gelecek tan\u0131mlamaya kararl\u0131d\u0131r.<\/p>\n\n\n\n<p class=\"has-text-align-center\"><strong>2020 y\u0131l\u0131nda, Avrupa&#8217;daki u\u00e7u\u015flar\u0131m\u0131z\u0131n %50&#8217;sinin karbon n\u00f6tr u\u00e7tu\u011fu bir karbon dengeleme program\u0131 ba\u015flatt\u0131k.<\/strong><\/p>\n\n\n\n<figure class=\"wp-block-image aligncenter size-large\"><img decoding=\"async\" width=\"252\" height=\"125\" src=\"http:\/\/www.jet-vip.com\/app\/uploads\/2023\/05\/proc.svg\" alt=\"\" class=\"wp-image-1778\"\/><\/figure><\/div>\n\n\n\n<p><\/p>\n<\/div>\n<\/div>\n<\/div>\n\n<div class=\"wp-block-group container-white-rounded-corner mt-15 is-layout-constrained wp-block-group-is-layout-constrained\">\n<div class=\"wp-block-group mx-7 max-w-7xl sm:mx-auto mt-12 is-layout-flow wp-block-group-is-layout-flow\">\n<div class=\"wp-block-group header-text-container bg-white pt-8 is-layout-constrained wp-block-group-is-layout-constrained\">\n<div class=\"wp-block-group block-header-container is-vertical is-layout-flex wp-container-core-group-is-layout-22 wp-block-group-is-layout-flex\">\n<h2 class=\"wp-block-heading\" id=\"h-learn-more\">Learn more<\/h2>\n\n\n\n<hr class=\"wp-block-separator has-alpha-channel-opacity\"\/>\n\n\n\n<p>We know that your flight needs may be different, so we adapt to provide various kinds of <a href=\"https:\/\/diamondproblemsolver.org\/\">diamond solver<\/a>:<\/p>\n<\/div>\n\n\n\n<div class=\"wp-block-group is-vertical is-layout-flex wp-container-core-group-is-layout-24 wp-block-group-is-layout-flex\">\n<h4 class=\"wp-block-heading\" id=\"h-fleet\">Fleet<\/h4>\n\n\n\n<div class=\"wp-block-group is-nowrap is-layout-flex wp-container-core-group-is-layout-23 wp-block-group-is-layout-flex\">\n<p>Our expert team can find the best available price for your private jet hire on the most suitable private aircraft<\/p>\n\n\n\n<p><a href=\"https:\/\/www.jet-vip.com\/our-fleet\/\">More info<\/a><\/p>\n<\/div>\n<\/div>\n\n\n\n<div class=\"wp-block-group is-vertical is-layout-flex wp-container-core-group-is-layout-26 wp-block-group-is-layout-flex\">\n<h4 class=\"wp-block-heading\" id=\"h-destinations\">Destinations<\/h4>\n\n\n\n<div class=\"wp-block-group is-nowrap is-layout-flex wp-container-core-group-is-layout-25 wp-block-group-is-layout-flex\">\n<p>Discover the most requested destinations for your private jet trip<\/p>\n\n\n\n<p><a href=\"https:\/\/www.jet-vip.com\/destinations\/\" data-type=\"page\" data-id=\"122\">More info<\/a><\/p>\n<\/div>\n<\/div>\n\n\n\n<div class=\"wp-block-group is-vertical is-layout-flex wp-container-core-group-is-layout-28 wp-block-group-is-layout-flex\">\n<h4 class=\"wp-block-heading\" id=\"h-frequently-asked-questions\">Frequently Asked Questions<\/h4>\n\n\n\n<div class=\"wp-block-group is-nowrap is-layout-flex wp-container-core-group-is-layout-27 wp-block-group-is-layout-flex\">\n<p>You have a question? <br>We have the answer !<\/p>\n\n\n\n<p><a href=\"https:\/\/www.jet-vip.com\/frequently-asked-questions\/\" data-type=\"page\" data-id=\"417\">More info<\/a><\/p>\n<\/div>\n<\/div>\n\n\n\n<div class=\"wp-block-group is-vertical is-layout-flex wp-container-core-group-is-layout-30 wp-block-group-is-layout-flex\">\n<h4 class=\"wp-block-heading\" id=\"h-medical-flights\">Medical Flights<\/h4>\n\n\n\n<div class=\"wp-block-group is-nowrap is-layout-flex wp-container-core-group-is-layout-29 wp-block-group-is-layout-flex\">\n<p>In case you need to book a jet for your special occasion or business look no further!<\/p>\n\n\n\n<p><a href=\"https:\/\/www.jet-vip.com\/ambulance-flights\/\" data-type=\"page\" data-id=\"1184\">More info<\/a><\/p>\n<\/div>\n<\/div>\n\n\n\n<div class=\"wp-block-group is-vertical is-layout-flex wp-container-core-group-is-layout-32 wp-block-group-is-layout-flex\">\n<h4 class=\"wp-block-heading\" id=\"h-safety\">Safety<\/h4>\n\n\n\n<div class=\"wp-block-group is-nowrap is-layout-flex wp-container-core-group-is-layout-31 wp-block-group-is-layout-flex\">\n<p>Safety in private aviation is our most important concern. Safety has always been the priority of Jet-Vip<\/p>\n\n\n\n<p><a href=\"https:\/\/www.jet-vip.com\/safety-at-jet-vip\/\" data-type=\"page\" data-id=\"762\">More info<\/a><\/p>\n<\/div>\n<\/div>\n\n\n\n<div class=\"wp-block-group is-vertical is-layout-flex wp-container-core-group-is-layout-34 wp-block-group-is-layout-flex\">\n<h4 class=\"wp-block-heading\" id=\"h-empty-legs\">Empty legs<\/h4>\n\n\n\n<div class=\"wp-block-group is-nowrap is-layout-flex wp-container-core-group-is-layout-33 wp-block-group-is-layout-flex\">\n<p>Chartering an empty leg flight is an opportunity to save up to 50% on your private jet flight price<\/p>\n\n\n\n<p><a href=\"https:\/\/www.jet-vip.com\/empty-leg-flights-with-jet-vip\/\" data-type=\"page\" data-id=\"446\">More info<\/a><\/p>\n<\/div>\n<\/div>\n<\/div>\n<\/div>\n<\/div>\n\n<div class=\"wp-block-group container-rounded-bottom-left -mt-10 white is-layout-constrained wp-block-group-is-layout-constrained\"><\/div>\n","protected":false},"excerpt":{"rendered":"<p>\u00d6zel u\u00e7man\u0131n daha iyi bir yoluna inan\u0131yoruz Karbon N\u00f6tr Nedir? Karbon dengeleme, ba\u015fka bir yerde yap\u0131lan emisyonlar\u0131 telafi etmek i\u00e7in karbondioksit (CO2) veya di\u011fer sera gazlar\u0131n\u0131n emisyonlar\u0131nda yap\u0131lan bir azaltmad\u0131r. JET-VIP&#8217;in u\u00e7u\u015flar\u0131 %300 karbon dengelemelidir. CO2 emisyonlar\u0131 tek ba\u015f\u0131na u\u00e7u\u015flar\u0131n \u00e7evre \u00fczerindeki etkisinin yaln\u0131zca 1\/3&#8217;\u00fcn\u00fc olu\u015fturmaktad\u0131r, bu nedenle JET-VIP&#8217;in s\u00fcrd\u00fcr\u00fclebilirlik program\u0131 da emisyon n\u00f6trd\u00fcr. Karbon &hellip; <a href=\"https:\/\/www.jet-vip.com\/tr\/surdurulebilirlik\/\">Continued<\/a><\/p>\n","protected":false},"author":1,"featured_media":3468,"parent":0,"menu_order":0,"comment_status":"closed","ping_status":"closed","template":"template-bluebg.blade.php","meta":{"footnotes":""},"class_list":["post-3642","page","type-page","status-publish","has-post-thumbnail","hentry"],"yoast_head":"<!-- This site is optimized with the Yoast SEO Premium plugin v23.9 (Yoast SEO v23.9) - https:\/\/yoast.com\/wordpress\/plugins\/seo\/ -->\n<title>S\u00fcrd\u00fcr\u00fclebilirlik ve Karbon N\u00f6tr U\u00e7u\u015flar - Jet VIP<\/title>\n<meta name=\"description\" content=\"Jet VIP, u\u00e7u\u015flar\u0131n\u0131 0 karbon dengeleyerek emisyon n\u00f6trd\u00fcr ve \u00e7evreyi korumak i\u00e7in s\u00fcrd\u00fcr\u00fclebilir \u00e7\u00f6z\u00fcmler sunar.\" \/>\n<meta name=\"robots\" content=\"index, follow, max-snippet:-1, max-image-preview:large, max-video-preview:-1\" \/>\n<link rel=\"canonical\" href=\"https:\/\/www.jet-vip.com\/tr\/surdurulebilirlik\/\" \/>\n<meta property=\"og:locale\" content=\"tr_TR\" \/>\n<meta property=\"og:type\" content=\"article\" \/>\n<meta property=\"og:title\" content=\"S\u00fcrd\u00fcr\u00fclebilirlik ve Karbon N\u00f6tr U\u00e7u\u015flar - Jet VIP\" \/>\n<meta property=\"og:description\" content=\"Jet VIP, u\u00e7u\u015flar\u0131n\u0131 0 karbon dengeleyerek emisyon n\u00f6trd\u00fcr ve \u00e7evreyi korumak i\u00e7in s\u00fcrd\u00fcr\u00fclebilir \u00e7\u00f6z\u00fcmler sunar.\" \/>\n<meta property=\"og:url\" content=\"https:\/\/www.jet-vip.com\/tr\/surdurulebilirlik\/\" \/>\n<meta property=\"og:site_name\" content=\"Jet VIP\" \/>\n<meta property=\"article:modified_time\" content=\"2024-11-24T08:35:12+00:00\" \/>\n<meta property=\"og:image\" content=\"https:\/\/www.jet-vip.com\/app\/uploads\/2023\/05\/sust_header.jpg\" \/>\n\t<meta property=\"og:image:width\" content=\"1200\" \/>\n\t<meta property=\"og:image:height\" content=\"800\" \/>\n\t<meta property=\"og:image:type\" content=\"image\/jpeg\" \/>\n<meta name=\"twitter:card\" content=\"summary_large_image\" \/>\n<meta name=\"twitter:label1\" content=\"Est. reading time\" \/>\n\t<meta name=\"twitter:data1\" content=\"7 minutes\" \/>\n<!-- \/ Yoast SEO Premium plugin. -->","yoast_head_json":{"title":"S\u00fcrd\u00fcr\u00fclebilirlik ve Karbon N\u00f6tr U\u00e7u\u015flar - Jet VIP","description":"Jet VIP, u\u00e7u\u015flar\u0131n\u0131 0 karbon dengeleyerek emisyon n\u00f6trd\u00fcr ve \u00e7evreyi korumak i\u00e7in s\u00fcrd\u00fcr\u00fclebilir \u00e7\u00f6z\u00fcmler sunar.","robots":{"index":"index","follow":"follow","max-snippet":"max-snippet:-1","max-image-preview":"max-image-preview:large","max-video-preview":"max-video-preview:-1"},"canonical":"https:\/\/www.jet-vip.com\/tr\/surdurulebilirlik\/","og_locale":"tr_TR","og_type":"article","og_title":"S\u00fcrd\u00fcr\u00fclebilirlik ve Karbon N\u00f6tr U\u00e7u\u015flar - Jet VIP","og_description":"Jet VIP, u\u00e7u\u015flar\u0131n\u0131 0 karbon dengeleyerek emisyon n\u00f6trd\u00fcr ve \u00e7evreyi korumak i\u00e7in s\u00fcrd\u00fcr\u00fclebilir \u00e7\u00f6z\u00fcmler sunar.","og_url":"https:\/\/www.jet-vip.com\/tr\/surdurulebilirlik\/","og_site_name":"Jet VIP","article_modified_time":"2024-11-24T08:35:12+00:00","og_image":[{"width":1200,"height":800,"url":"https:\/\/www.jet-vip.com\/app\/uploads\/2023\/05\/sust_header.jpg","type":"image\/jpeg"}],"twitter_card":"summary_large_image","twitter_misc":{"Est. reading time":"7 minutes"},"schema":{"@context":"https:\/\/schema.org","@graph":[{"@type":"WebPage","@id":"https:\/\/www.jet-vip.com\/tr\/surdurulebilirlik\/","url":"https:\/\/www.jet-vip.com\/tr\/surdurulebilirlik\/","name":"S\u00fcrd\u00fcr\u00fclebilirlik ve Karbon N\u00f6tr U\u00e7u\u015flar - Jet VIP","isPartOf":{"@id":"https:\/\/www.jet-vip.com\/tr\/#website"},"primaryImageOfPage":{"@id":"https:\/\/www.jet-vip.com\/tr\/surdurulebilirlik\/#primaryimage"},"image":{"@id":"https:\/\/www.jet-vip.com\/tr\/surdurulebilirlik\/#primaryimage"},"thumbnailUrl":"https:\/\/www.jet-vip.com\/app\/uploads\/2023\/05\/sust_header.jpg","datePublished":"2023-05-24T10:27:51+00:00","dateModified":"2024-11-24T08:35:12+00:00","description":"Jet VIP, u\u00e7u\u015flar\u0131n\u0131 0 karbon dengeleyerek emisyon n\u00f6trd\u00fcr ve \u00e7evreyi korumak i\u00e7in s\u00fcrd\u00fcr\u00fclebilir \u00e7\u00f6z\u00fcmler sunar.","inLanguage":"tr-TR","potentialAction":[{"@type":"ReadAction","target":["https:\/\/www.jet-vip.com\/tr\/surdurulebilirlik\/"]}]},{"@type":"ImageObject","inLanguage":"tr-TR","@id":"https:\/\/www.jet-vip.com\/tr\/surdurulebilirlik\/#primaryimage","url":"https:\/\/www.jet-vip.com\/app\/uploads\/2023\/05\/sust_header.jpg","contentUrl":"https:\/\/www.jet-vip.com\/app\/uploads\/2023\/05\/sust_header.jpg","width":1200,"height":800},{"@type":"WebSite","@id":"https:\/\/www.jet-vip.com\/tr\/#website","url":"https:\/\/www.jet-vip.com\/tr\/","name":"www.jet-vip.com","description":"Private Jet &amp; Helicopter charter","publisher":{"@id":"https:\/\/www.jet-vip.com\/tr\/#organization"},"potentialAction":[{"@type":"SearchAction","target":{"@type":"EntryPoint","urlTemplate":"https:\/\/www.jet-vip.com\/tr\/?s={search_term_string}"},"query-input":{"@type":"PropertyValueSpecification","valueRequired":true,"valueName":"search_term_string"}}],"inLanguage":"tr-TR"},{"@type":"Organization","@id":"https:\/\/www.jet-vip.com\/tr\/#organization","name":"JET VIP","alternateName":"JET-VIP","url":"https:\/\/www.jet-vip.com\/tr\/","logo":{"@type":"ImageObject","inLanguage":"tr-TR","@id":"https:\/\/www.jet-vip.com\/tr\/#\/schema\/logo\/image\/","url":"https:\/\/www.jet-vip.com\/app\/uploads\/2023\/04\/logo_jetvip.png","contentUrl":"https:\/\/www.jet-vip.com\/app\/uploads\/2023\/04\/logo_jetvip.png","width":2344,"height":1500,"caption":"JET VIP"},"image":{"@id":"https:\/\/www.jet-vip.com\/tr\/#\/schema\/logo\/image\/"},"sameAs":["https:\/\/instagram.com\/jet_vip"]}]}},"_links":{"self":[{"href":"https:\/\/www.jet-vip.com\/tr\/wp-json\/wp\/v2\/pages\/3642","targetHints":{"allow":["GET"]}}],"collection":[{"href":"https:\/\/www.jet-vip.com\/tr\/wp-json\/wp\/v2\/pages"}],"about":[{"href":"https:\/\/www.jet-vip.com\/tr\/wp-json\/wp\/v2\/types\/page"}],"author":[{"embeddable":true,"href":"https:\/\/www.jet-vip.com\/tr\/wp-json\/wp\/v2\/users\/1"}],"replies":[{"embeddable":true,"href":"https:\/\/www.jet-vip.com\/tr\/wp-json\/wp\/v2\/comments?post=3642"}],"version-history":[{"count":1,"href":"https:\/\/www.jet-vip.com\/tr\/wp-json\/wp\/v2\/pages\/3642\/revisions"}],"predecessor-version":[{"id":3643,"href":"https:\/\/www.jet-vip.com\/tr\/wp-json\/wp\/v2\/pages\/3642\/revisions\/3643"}],"wp:featuredmedia":[{"embeddable":true,"href":"https:\/\/www.jet-vip.com\/tr\/wp-json\/wp\/v2\/media\/3468"}],"wp:attachment":[{"href":"https:\/\/www.jet-vip.com\/tr\/wp-json\/wp\/v2\/media?parent=3642"}],"curies":[{"name":"wp","href":"https:\/\/api.w.org\/{rel}","templated":true}]}}