{"id":3634,"date":"2023-03-24T10:48:45","date_gmt":"2023-03-24T10:48:45","guid":{"rendered":"https:\/\/www.jet-vip.com\/jet-vipde-guvenlik\/"},"modified":"2024-11-24T09:03:23","modified_gmt":"2024-11-24T09:03:23","slug":"jet-vipde-guvenlik","status":"publish","type":"page","link":"https:\/\/www.jet-vip.com\/tr\/jet-vipde-guvenlik\/","title":{"rendered":"Jet-VIP&#8217;de G\u00fcvenlik"},"content":{"rendered":"\n<div class=\"wp-block-group mx-7 max-w-7xl sm:mx-auto is-layout-constrained wp-block-group-is-layout-constrained\">\n<div class=\"wp-block-group is-content-justification-space-between is-layout-flex wp-container-core-group-is-layout-4 wp-block-group-is-layout-flex\">\n<div class=\"wp-block-group is-content-justification-space-between is-layout-flex wp-container-core-group-is-layout-1 wp-block-group-is-layout-flex\">\n<p class=\"sm:w-5\/12\">G\u00fcvenlik, u\u00e7a\u011fa yeti\u015fmek isteyen yolcular i\u00e7in b\u00fcy\u00fck bir endi\u015fe kayna\u011f\u0131 olabilir. Hava yolculu\u011fu genellikle \u00e7ok g\u00fcvenli bir u\u011fra\u015f olarak kabul edilir ve havac\u0131l\u0131k sekt\u00f6r\u00fcndeki son geli\u015fmeler u\u00e7may\u0131 her zamankinden daha g\u00fcvenli ve konforlu hale getirmi\u015ftir. \u0130ster ticari ister \u00f6zel bir u\u00e7u\u015f olsun, g\u00fcvenli\u011fe her zaman en \u00fcst d\u00fczeyde \u00f6nem verilir.<\/p>\n\n\n\n<p class=\"sm:w-5\/12\">G\u00fcvenlik, u\u00e7a\u011fa yeti\u015fmek isteyen yolcular i\u00e7in b\u00fcy\u00fck bir endi\u015fe kayna\u011f\u0131 olabilir. Hava yolculu\u011fu genellikle \u00e7ok g\u00fcvenli bir u\u011fra\u015f olarak kabul edilir ve havac\u0131l\u0131k sekt\u00f6r\u00fcndeki son geli\u015fmeler u\u00e7may\u0131 her zamankinden daha g\u00fcvenli ve konforlu hale getirmi\u015ftir. \u0130ster ticari ister \u00f6zel bir u\u00e7u\u015f olsun, g\u00fcvenli\u011fe her zaman en \u00fcst d\u00fczeyde \u00f6nem verilir.<\/p>\n<\/div>\n\n\n\n<h3 class=\"wp-block-heading\" style=\"padding-top:var(--wp--preset--spacing--60);padding-right:0;padding-bottom:var(--wp--preset--spacing--50);padding-left:0\">G\u00fcvenlik Protokollerimiz<\/h3>\n\n\n\n<hr class=\"wp-block-separator has-alpha-channel-opacity\"\/>\n\n\n\n<div class=\"wp-block-group is-content-justification-space-between is-layout-flex wp-container-core-group-is-layout-3 wp-block-group-is-layout-flex\">\n<div class=\"wp-block-group sm:w-2\/3 is-vertical is-layout-flex wp-container-core-group-is-layout-2 wp-block-group-is-layout-flex\">\n<p>\u00c7al\u0131\u015fanlar\u0131m\u0131z\u0131n refah\u0131na y\u00fcksek de\u011fer veriyoruz. Ticari charter i\u00e7in herhangi bir u\u00e7a\u011f\u0131 i\u015fletmek i\u00e7in gerekli olan aktif bir Hava Operat\u00f6r\u00fc Sertifikas\u0131na sahip olmak, t\u00fcm operat\u00f6rlerimiz i\u00e7in bir gerekliliktir. B\u00fcy\u00fck bir jetle u\u00e7arken ihtiya\u00e7lar\u0131n\u0131z\u0131n ve g\u00fcvenli\u011finizin kar\u015f\u0131lanmas\u0131n\u0131 sa\u011flamak i\u00e7in bir u\u00e7u\u015f g\u00f6revlisi haz\u0131r bulunacakt\u0131r. Uzun y\u0131llara dayanan uzmanl\u0131k, l\u00fcks bir \u00f6zel jet u\u00e7u\u015funun keyfini \u00e7\u0131karabilmeniz ve ayn\u0131 zamanda en \u00fcst d\u00fczeyde hizmet ve g\u00fcvenlikten emin olman\u0131z i\u00e7in iyi bir \u015fekilde kullan\u0131lmaktad\u0131r.<\/p>\n\n\n\n<p>T\u00fcm u\u00e7aklar, hem u\u00e7tuklar\u0131 u\u00e7ak tipi hem de ini\u015f yapt\u0131klar\u0131 havaalanlar\u0131 i\u00e7in uygun \u015fekilde e\u011fitilmi\u015f ve kalifiye olan iki ticari pilot taraf\u0131ndan kullan\u0131lmaktad\u0131r. Pilotlar\u0131m\u0131z onlarca y\u0131ll\u0131k deneyime sahiptir, bu nedenle g\u00fcvenli ve sorumlu ellerde oldu\u011funuzu bilerek i\u00e7iniz rahat olabilir.<\/p>\n\n\n\n<p>Jet-VIP&#8217;e ba\u011fl\u0131 operat\u00f6rlerin her biri i\u00e7in AOC&#8217;ler \u00fcyelerin g\u00f6r\u00fcnt\u00fclemesi i\u00e7in haz\u0131rd\u0131r. Operat\u00f6r\u00fcn sigorta sertifikalar\u0131 da Jet-VIP taraf\u0131ndan yay\u0131nlanmaktad\u0131r, b\u00f6ylece \u00fcyelerimiz her bir u\u00e7ak operat\u00f6r\u00fcn\u00fcn yolcular\u0131 ad\u0131na sahip oldu\u011fu sorumluluk sigortas\u0131 seviyesini do\u011frulayabilmektedir.<\/p>\n<\/div>\n\n\n\n<figure class=\"wp-block-image size-full sm:w-1\/4\"><img decoding=\"async\" width=\"234\" height=\"234\" src=\"https:\/\/test-jetvip.mendo.lv\/app\/uploads\/2023\/03\/altay.png\" alt=\"\" class=\"wp-image-773\" srcset=\"https:\/\/www.jet-vip.com\/app\/uploads\/2023\/03\/altay.png 234w, https:\/\/www.jet-vip.com\/app\/uploads\/2023\/03\/altay-150x150.png 150w\" sizes=\"(max-width: 234px) 100vw, 234px\" \/><\/figure><\/div>\n<\/div>\n<\/div>\n\n<div class=\"wp-block-group w-full is-layout-constrained wp-block-group-is-layout-constrained\">\n<div class=\"wp-block-group mx-7 max-w-7xl sm:mx-auto mt-12 is-layout-flow wp-block-group-is-layout-flow\">\n<div class=\"wp-block-group carousel-container is-layout-constrained wp-block-group-is-layout-constrained\">\n<h3 class=\"has-text-align-center w-full wp-block-heading\">M\u00fcrettebat e\u011fitimi ve u\u00e7ak bak\u0131m\u0131, \u00e7e\u015fitli prosed\u00fcrleri i\u00e7eren operat\u00f6r denetimlerine dahildir:<\/h3>\n\n\n\n<div class=\"wp-block-cb-carousel centered-contents my-12\" data-slick=\"{&quot;slidesToShow&quot;:9,&quot;slidesToScroll&quot;:1,&quot;speed&quot;:300,&quot;arrows&quot;:true,&quot;dots&quot;:true,&quot;autoplay&quot;:false,&quot;autoplaySpeed&quot;:3000,&quot;infinite&quot;:false,&quot;responsive&quot;:[{&quot;breakpoint&quot;:769,&quot;settings&quot;:{&quot;slidesToShow&quot;:1,&quot;slidesToScroll&quot;:1}}]}\">\n<div class=\"wp-block-cb-slide\">\n<figure class=\"wp-block-image size-large\"><img decoding=\"async\" width=\"72\" height=\"93\" src=\"https:\/\/test-jetvip.mendo.lv\/app\/uploads\/2023\/03\/aircraft_icon.svg\" alt=\"\" class=\"wp-image-763\"\/><\/figure>\n\n\n<p>Bir hava arac\u0131n\u0131n evraklar\u0131, gerekli t\u00fcm sertifika ve izinlerin uygun oldu\u011funu do\u011frulamak i\u00e7in kontrol edilir.<\/p>\n<\/div>\n\n\n\n<div class=\"wp-block-cb-slide\">\n<figure class=\"wp-block-image size-large\"><img decoding=\"async\" width=\"91\" height=\"90\" src=\"https:\/\/test-jetvip.mendo.lv\/app\/uploads\/2023\/03\/in_order_icon.svg\" alt=\"\" class=\"wp-image-768\"\/><\/figure>\n\n\n<p>Ekibin t\u00fcm \u00fcyelerinin g\u00fcncel ve ticari ortamlarda \u00e7al\u0131\u015fmak i\u00e7in uygun \u015fekilde sertifikaland\u0131r\u0131ld\u0131\u011f\u0131ndan emin olmak i\u00e7in personel e\u011fitim kay\u0131tlar\u0131 kontrol edilir<\/p>\n<\/div>\n\n\n\n<div class=\"wp-block-cb-slide\">\n<figure class=\"wp-block-image size-large\"><img decoding=\"async\" width=\"67\" height=\"84\" src=\"https:\/\/test-jetvip.mendo.lv\/app\/uploads\/2023\/03\/pilot_logbook_icon.svg\" alt=\"\" class=\"wp-image-771\"\/><\/figure>\n\n\n<p>M\u00fcrettebat dinlenme ve istirahat k\u0131s\u0131tlamalar\u0131na uygunlu\u011fu sa\u011flamak i\u00e7in pilot kay\u0131t defteri kontrolleri<\/p>\n<\/div>\n\n\n\n<div class=\"wp-block-cb-slide\">\n<figure class=\"wp-block-image size-large\"><img decoding=\"async\" width=\"58\" height=\"89\" src=\"https:\/\/test-jetvip.mendo.lv\/app\/uploads\/2023\/03\/monitoring_icon.svg\" alt=\"\" class=\"wp-image-769\"\/><\/figure>\n\n\n<p>Bir u\u00e7u\u015f s\u0131ras\u0131nda uygun u\u00e7u\u015f operasyonlar\u0131n\u0131n ve kabin protokollerinin takip edildi\u011fini izlemek ve do\u011frulamak<\/p>\n<\/div>\n\n\n\n<div class=\"wp-block-cb-slide\">\n<figure class=\"wp-block-image size-large\"><img decoding=\"async\" width=\"78\" height=\"74\" src=\"https:\/\/test-jetvip.mendo.lv\/app\/uploads\/2023\/03\/ensure_icon.svg\" alt=\"\" class=\"wp-image-766\"\/><\/figure>\n\n\n<p>Hava ta\u015f\u0131tlar\u0131n\u0131n g\u00fcvenli bir \u015fekilde u\u00e7mas\u0131n\u0131 sa\u011flamak i\u00e7in d\u00fczenli olarak bak\u0131m ve m\u00fchendislik uygunluk testleri yap\u0131lmaktad\u0131r.<\/p>\n<\/div>\n\n\n\n<div class=\"wp-block-cb-slide\">\n<figure class=\"wp-block-image size-large\"><img decoding=\"async\" width=\"67\" height=\"84\" src=\"https:\/\/test-jetvip.mendo.lv\/app\/uploads\/2023\/03\/company_operational_icon.svg\" alt=\"\" class=\"wp-image-765\"\/><\/figure>\n\n\n<p>\u015eirket operasyonel k\u0131lavuzlar\u0131 ve belgeleri do\u011fruluk a\u00e7\u0131s\u0131ndan manuel olarak kontrol edilir.<\/p>\n<\/div>\n\n\n\n<div class=\"wp-block-cb-slide\">\n<figure class=\"wp-block-image size-large\"><img decoding=\"async\" width=\"78\" height=\"75\" src=\"https:\/\/test-jetvip.mendo.lv\/app\/uploads\/2023\/03\/assessing_icon.svg\" alt=\"\" class=\"wp-image-764\"\/><\/figure>\n\n\n<p>Havalimanlar\u0131n\u0131n geri d\u00f6n\u00fc\u015f s\u00fcreleri ve havaliman\u0131 i\u015fletmecilerinin operat\u00f6r denetimleri a\u00e7\u0131s\u0131ndan de\u011ferlendirilmesinde ramp denetimleri kullan\u0131lmaktad\u0131r.<\/p>\n<\/div>\n\n\n\n<div class=\"wp-block-cb-slide\">\n<figure class=\"wp-block-image size-large\"><img decoding=\"async\" width=\"91\" height=\"90\" src=\"https:\/\/test-jetvip.mendo.lv\/app\/uploads\/2023\/03\/in_order_icon.svg\" alt=\"\" class=\"wp-image-768\"\/><\/figure>\n\n\n<p>Hava trafik kontrol personelinin operasyonel becerisini de\u011ferlendirmek i\u00e7in operasyon kontrolleri ger\u00e7ekle\u015ftirilir.<\/p>\n<\/div>\n\n\n\n<div class=\"wp-block-cb-slide\">\n<figure class=\"wp-block-image size-large\"><img decoding=\"async\" width=\"80\" height=\"80\" src=\"https:\/\/test-jetvip.mendo.lv\/app\/uploads\/2023\/03\/guarantee_icon.svg\" alt=\"\" class=\"wp-image-767\"\/><\/figure>\n\n\n<p>\u0130\u00e7 denetim s\u00fcrecinin g\u00fc\u00e7l\u00fc ve uyumlu olmas\u0131n\u0131 garanti alt\u0131na almak i\u00e7in kalite kontrolleri yap\u0131l\u0131r.<\/p>\n<\/div>\n<\/div>\n<\/div>\n<\/div>\n<\/div>\n\n<div class=\"wp-block-group mega-rounded-top-right has-white-background-color has-background is-layout-flow wp-block-group-is-layout-flow\">\n<div class=\"wp-block-group mx-7 max-w-7xl sm:mx-auto mt-12 px-4 py-12 is-vertical is-content-justification-center is-layout-flex wp-container-core-group-is-layout-9 wp-block-group-is-layout-flex\">\n<h3 class=\"wp-block-heading\" style=\"padding-bottom:var(--wp--preset--spacing--60)\">U\u00e7u\u015f G\u00fcvenli\u011fi Hakk\u0131nda Daha Fazla Bilgi Edinin<\/h3>\n\n\n\n<p class=\"has-text-align-center sm:w-2\/3\">Jet -VIP olarak, u\u00e7ma fikrinin baz\u0131 yolcular i\u00e7in biraz endi\u015fe verici olabilece\u011fini anl\u0131yoruz ve u\u00e7a\u011fa binerken g\u00fcvenlik konusunda endi\u015felerinizin olmas\u0131 \u00e7ok do\u011fal.<\/p>\n\n\n\n<p class=\"has-text-align-center sm:w-2\/3\">G\u00fcvenli\u011finizi \u00e7ok ciddiye al\u0131yoruz ve t\u00fcm endi\u015felerinizin giderilmesini ve seyahatinizin keyifli ge\u00e7mesini sa\u011flamaya kararl\u0131y\u0131z. G\u00fcvenlik protokollerimiz hakk\u0131nda<a href=\"https:\/\/www.instagram.com\/jet_vip\"> daha fazla<\/a> bilgi edinmek isterseniz, l\u00fctfen telefon veya e-posta yoluyla bize ula\u015fmaktan \u00e7ekinmeyin.<\/p>\n\n\n\n<div class=\"wp-block-buttons is-layout-flex wp-block-buttons-is-layout-flex\">\n<div class=\"wp-block-button\"><a class=\"wp-block-button__link wp-element-button\" href=\"https:\/\/www.jet-vip.com\/contacts\/\">Bize ula\u015f\u0131n<\/a><\/div>\n<\/div>\n<\/div>\n<\/div>\n\n<div class=\"wp-block-group has-white-background-color has-background is-layout-flow wp-block-group-is-layout-flow\">\n<div class=\"wp-block-group mx-7 max-w-7xl sm:mx-auto pt-12 px-4 py-12 is-layout-constrained wp-block-group-is-layout-constrained\">\n<div class=\"wp-block-group header-text-container bg-white pt-8 is-layout-constrained wp-block-group-is-layout-constrained\">\n<div class=\"wp-block-group block-header-container is-vertical is-layout-flex wp-container-core-group-is-layout-11 wp-block-group-is-layout-flex\">\n<h2 class=\"wp-block-heading\">Learn more<\/h2>\n\n\n\n<hr class=\"wp-block-separator has-alpha-channel-opacity\"\/>\n\n\n\n<p>We know that your flight needs may be different, so we adapt to provide various kinds of <a href=\"https:\/\/www.instagram.com\/jet_vip\">services<\/a>:<\/p>\n<\/div>\n\n\n\n<div class=\"wp-block-group is-vertical is-layout-flex wp-container-core-group-is-layout-13 wp-block-group-is-layout-flex\">\n<h4 class=\"wp-block-heading\">Fleet<\/h4>\n\n\n\n<div class=\"wp-block-group is-nowrap is-layout-flex wp-container-core-group-is-layout-12 wp-block-group-is-layout-flex\">\n<p>Our expert team can find the best available price for your private jet hire on the most suitable private aircraft<\/p>\n\n\n\n<p><a href=\"https:\/\/www.jet-vip.com\/our-fleet\/\">More info<\/a><\/p>\n<\/div>\n<\/div>\n\n\n\n<div class=\"wp-block-group is-vertical is-layout-flex wp-container-core-group-is-layout-15 wp-block-group-is-layout-flex\">\n<h4 class=\"wp-block-heading\">Destinations<\/h4>\n\n\n\n<div class=\"wp-block-group is-nowrap is-layout-flex wp-container-core-group-is-layout-14 wp-block-group-is-layout-flex\">\n<p>Discover the most requested destinations for your private jet trip<\/p>\n\n\n\n<p><a href=\"https:\/\/www.jet-vip.com\/destinations\/\" data-type=\"page\" data-id=\"122\">More info<\/a><\/p>\n<\/div>\n<\/div>\n\n\n\n<div class=\"wp-block-group is-vertical is-layout-flex wp-container-core-group-is-layout-17 wp-block-group-is-layout-flex\">\n<h4 class=\"wp-block-heading\">Frequently Asked Questions<\/h4>\n\n\n\n<div class=\"wp-block-group is-nowrap is-layout-flex wp-container-core-group-is-layout-16 wp-block-group-is-layout-flex\">\n<p>You have a question? <br>We have the answer !<\/p>\n\n\n\n<p><a href=\"https:\/\/www.jet-vip.com\/frequently-asked-questions\/\" data-type=\"page\" data-id=\"417\">More info<\/a><\/p>\n<\/div>\n<\/div>\n\n\n\n<div class=\"wp-block-group is-vertical is-layout-flex wp-container-core-group-is-layout-19 wp-block-group-is-layout-flex\">\n<h4 class=\"wp-block-heading\">Medical Flights<\/h4>\n\n\n\n<div class=\"wp-block-group is-nowrap is-layout-flex wp-container-core-group-is-layout-18 wp-block-group-is-layout-flex\">\n<p>In case you need to book a jet for your special occasion or business look no further!<\/p>\n\n\n\n<p><a href=\"https:\/\/www.jet-vip.com\/ambulance-flights\/\" data-type=\"page\" data-id=\"1184\">More info<\/a><\/p>\n<\/div>\n<\/div>\n\n\n\n<div class=\"wp-block-group is-vertical is-layout-flex wp-container-core-group-is-layout-21 wp-block-group-is-layout-flex\">\n<h4 class=\"wp-block-heading\">Safety<\/h4>\n\n\n\n<div class=\"wp-block-group is-nowrap is-layout-flex wp-container-core-group-is-layout-20 wp-block-group-is-layout-flex\">\n<p>Safety in private aviation is our most important concern. Safety has always been the priority of Jet-Vip<\/p>\n\n\n\n<p><a href=\"https:\/\/www.jet-vip.com\/safety-at-jet-vip\/\" data-type=\"page\" data-id=\"762\">More info<\/a><\/p>\n<\/div>\n<\/div>\n\n\n\n<div class=\"wp-block-group is-vertical is-layout-flex wp-container-core-group-is-layout-23 wp-block-group-is-layout-flex\">\n<h4 class=\"wp-block-heading\">Empty legs<\/h4>\n\n\n\n<div class=\"wp-block-group is-nowrap is-layout-flex wp-container-core-group-is-layout-22 wp-block-group-is-layout-flex\">\n<p>Chartering an empty leg flight is an opportunity to save up to 50% on your private jet flight price<\/p>\n\n\n\n<p><a href=\"https:\/\/www.jet-vip.com\/empty-leg-flights-with-jet-vip\/\" data-type=\"page\" data-id=\"446\">More info<\/a><\/p>\n<\/div>\n<\/div>\n<\/div>\n<\/div>\n<\/div>\n\n<div class=\"wp-block-group container-rounded-bottom-left -mt-10 white is-layout-constrained wp-block-group-is-layout-constrained\"><\/div>\n","protected":false},"excerpt":{"rendered":"<p>G\u00fcvenlik, u\u00e7a\u011fa yeti\u015fmek isteyen yolcular i\u00e7in b\u00fcy\u00fck bir endi\u015fe kayna\u011f\u0131 olabilir. Hava yolculu\u011fu genellikle \u00e7ok g\u00fcvenli bir u\u011fra\u015f olarak kabul edilir ve havac\u0131l\u0131k sekt\u00f6r\u00fcndeki son geli\u015fmeler u\u00e7may\u0131 her zamankinden daha g\u00fcvenli ve konforlu hale getirmi\u015ftir. \u0130ster ticari ister \u00f6zel bir u\u00e7u\u015f olsun, g\u00fcvenli\u011fe her zaman en \u00fcst d\u00fczeyde \u00f6nem verilir. G\u00fcvenlik, u\u00e7a\u011fa yeti\u015fmek isteyen yolcular &hellip; <a href=\"https:\/\/www.jet-vip.com\/tr\/jet-vipde-guvenlik\/\">Continued<\/a><\/p>\n","protected":false},"author":2,"featured_media":3074,"parent":0,"menu_order":0,"comment_status":"closed","ping_status":"closed","template":"template-bluebg.blade.php","meta":{"footnotes":""},"class_list":["post-3634","page","type-page","status-publish","has-post-thumbnail","hentry"],"yoast_head":"<!-- This site is optimized with the Yoast SEO Premium plugin v23.9 (Yoast SEO v23.9) - https:\/\/yoast.com\/wordpress\/plugins\/seo\/ -->\n<title>Jet-VIP U\u00e7u\u015f G\u00fcvenli\u011fi | G\u00fcvenli Seyahat Taahh\u00fcd\u00fc<\/title>\n<meta name=\"description\" content=\"Jet-VIP&#039;de u\u00e7u\u015f g\u00fcvenli\u011fi \u00f6nceli\u011fimizdir. Aktif Hava Operat\u00f6r\u00fc Sertifikal\u0131 pilotlar\u0131m\u0131zla g\u00fcvenli u\u00e7u\u015f deneyimi sunuyoruz.\" \/>\n<meta name=\"robots\" content=\"index, follow, max-snippet:-1, max-image-preview:large, max-video-preview:-1\" \/>\n<link rel=\"canonical\" href=\"https:\/\/www.jet-vip.com\/tr\/jet-vipde-guvenlik\/\" \/>\n<meta property=\"og:locale\" content=\"tr_TR\" \/>\n<meta property=\"og:type\" content=\"article\" \/>\n<meta property=\"og:title\" content=\"Jet-VIP U\u00e7u\u015f G\u00fcvenli\u011fi | G\u00fcvenli Seyahat Taahh\u00fcd\u00fc\" \/>\n<meta property=\"og:description\" content=\"Jet-VIP&#039;de u\u00e7u\u015f g\u00fcvenli\u011fi \u00f6nceli\u011fimizdir. Aktif Hava Operat\u00f6r\u00fc Sertifikal\u0131 pilotlar\u0131m\u0131zla g\u00fcvenli u\u00e7u\u015f deneyimi sunuyoruz.\" \/>\n<meta property=\"og:url\" content=\"https:\/\/www.jet-vip.com\/tr\/jet-vipde-guvenlik\/\" \/>\n<meta property=\"og:site_name\" content=\"Jet VIP\" \/>\n<meta property=\"article:modified_time\" content=\"2024-11-24T09:03:23+00:00\" \/>\n<meta property=\"og:image\" content=\"https:\/\/www.jet-vip.com\/app\/uploads\/2023\/03\/safe_header.jpg\" \/>\n\t<meta property=\"og:image:width\" content=\"2012\" \/>\n\t<meta property=\"og:image:height\" content=\"1341\" \/>\n\t<meta property=\"og:image:type\" content=\"image\/jpeg\" \/>\n<meta name=\"twitter:card\" content=\"summary_large_image\" \/>\n<meta name=\"twitter:label1\" content=\"Est. reading time\" \/>\n\t<meta name=\"twitter:data1\" content=\"13 minutes\" \/>\n<!-- \/ Yoast SEO Premium plugin. -->","yoast_head_json":{"title":"Jet-VIP U\u00e7u\u015f G\u00fcvenli\u011fi | G\u00fcvenli Seyahat Taahh\u00fcd\u00fc","description":"Jet-VIP'de u\u00e7u\u015f g\u00fcvenli\u011fi \u00f6nceli\u011fimizdir. Aktif Hava Operat\u00f6r\u00fc Sertifikal\u0131 pilotlar\u0131m\u0131zla g\u00fcvenli u\u00e7u\u015f deneyimi sunuyoruz.","robots":{"index":"index","follow":"follow","max-snippet":"max-snippet:-1","max-image-preview":"max-image-preview:large","max-video-preview":"max-video-preview:-1"},"canonical":"https:\/\/www.jet-vip.com\/tr\/jet-vipde-guvenlik\/","og_locale":"tr_TR","og_type":"article","og_title":"Jet-VIP U\u00e7u\u015f G\u00fcvenli\u011fi | G\u00fcvenli Seyahat Taahh\u00fcd\u00fc","og_description":"Jet-VIP'de u\u00e7u\u015f g\u00fcvenli\u011fi \u00f6nceli\u011fimizdir. Aktif Hava Operat\u00f6r\u00fc Sertifikal\u0131 pilotlar\u0131m\u0131zla g\u00fcvenli u\u00e7u\u015f deneyimi sunuyoruz.","og_url":"https:\/\/www.jet-vip.com\/tr\/jet-vipde-guvenlik\/","og_site_name":"Jet VIP","article_modified_time":"2024-11-24T09:03:23+00:00","og_image":[{"width":2012,"height":1341,"url":"https:\/\/www.jet-vip.com\/app\/uploads\/2023\/03\/safe_header.jpg","type":"image\/jpeg"}],"twitter_card":"summary_large_image","twitter_misc":{"Est. reading time":"13 minutes"},"schema":{"@context":"https:\/\/schema.org","@graph":[{"@type":"WebPage","@id":"https:\/\/www.jet-vip.com\/tr\/jet-vipde-guvenlik\/","url":"https:\/\/www.jet-vip.com\/tr\/jet-vipde-guvenlik\/","name":"Jet-VIP U\u00e7u\u015f G\u00fcvenli\u011fi | G\u00fcvenli Seyahat Taahh\u00fcd\u00fc","isPartOf":{"@id":"https:\/\/www.jet-vip.com\/tr\/#website"},"primaryImageOfPage":{"@id":"https:\/\/www.jet-vip.com\/tr\/jet-vipde-guvenlik\/#primaryimage"},"image":{"@id":"https:\/\/www.jet-vip.com\/tr\/jet-vipde-guvenlik\/#primaryimage"},"thumbnailUrl":"https:\/\/www.jet-vip.com\/app\/uploads\/2023\/03\/safe_header.jpg","datePublished":"2023-03-24T10:48:45+00:00","dateModified":"2024-11-24T09:03:23+00:00","description":"Jet-VIP'de u\u00e7u\u015f g\u00fcvenli\u011fi \u00f6nceli\u011fimizdir. Aktif Hava Operat\u00f6r\u00fc Sertifikal\u0131 pilotlar\u0131m\u0131zla g\u00fcvenli u\u00e7u\u015f deneyimi sunuyoruz.","inLanguage":"tr-TR","potentialAction":[{"@type":"ReadAction","target":["https:\/\/www.jet-vip.com\/tr\/jet-vipde-guvenlik\/"]}]},{"@type":"ImageObject","inLanguage":"tr-TR","@id":"https:\/\/www.jet-vip.com\/tr\/jet-vipde-guvenlik\/#primaryimage","url":"https:\/\/www.jet-vip.com\/app\/uploads\/2023\/03\/safe_header.jpg","contentUrl":"https:\/\/www.jet-vip.com\/app\/uploads\/2023\/03\/safe_header.jpg","width":2012,"height":1341},{"@type":"WebSite","@id":"https:\/\/www.jet-vip.com\/tr\/#website","url":"https:\/\/www.jet-vip.com\/tr\/","name":"www.jet-vip.com","description":"Private Jet &amp; Helicopter charter","publisher":{"@id":"https:\/\/www.jet-vip.com\/tr\/#organization"},"potentialAction":[{"@type":"SearchAction","target":{"@type":"EntryPoint","urlTemplate":"https:\/\/www.jet-vip.com\/tr\/?s={search_term_string}"},"query-input":{"@type":"PropertyValueSpecification","valueRequired":true,"valueName":"search_term_string"}}],"inLanguage":"tr-TR"},{"@type":"Organization","@id":"https:\/\/www.jet-vip.com\/tr\/#organization","name":"JET VIP","alternateName":"JET-VIP","url":"https:\/\/www.jet-vip.com\/tr\/","logo":{"@type":"ImageObject","inLanguage":"tr-TR","@id":"https:\/\/www.jet-vip.com\/tr\/#\/schema\/logo\/image\/","url":"https:\/\/www.jet-vip.com\/app\/uploads\/2023\/04\/logo_jetvip.png","contentUrl":"https:\/\/www.jet-vip.com\/app\/uploads\/2023\/04\/logo_jetvip.png","width":2344,"height":1500,"caption":"JET VIP"},"image":{"@id":"https:\/\/www.jet-vip.com\/tr\/#\/schema\/logo\/image\/"},"sameAs":["https:\/\/instagram.com\/jet_vip"]}]}},"_links":{"self":[{"href":"https:\/\/www.jet-vip.com\/tr\/wp-json\/wp\/v2\/pages\/3634","targetHints":{"allow":["GET"]}}],"collection":[{"href":"https:\/\/www.jet-vip.com\/tr\/wp-json\/wp\/v2\/pages"}],"about":[{"href":"https:\/\/www.jet-vip.com\/tr\/wp-json\/wp\/v2\/types\/page"}],"author":[{"embeddable":true,"href":"https:\/\/www.jet-vip.com\/tr\/wp-json\/wp\/v2\/users\/2"}],"replies":[{"embeddable":true,"href":"https:\/\/www.jet-vip.com\/tr\/wp-json\/wp\/v2\/comments?post=3634"}],"version-history":[{"count":1,"href":"https:\/\/www.jet-vip.com\/tr\/wp-json\/wp\/v2\/pages\/3634\/revisions"}],"predecessor-version":[{"id":3635,"href":"https:\/\/www.jet-vip.com\/tr\/wp-json\/wp\/v2\/pages\/3634\/revisions\/3635"}],"wp:featuredmedia":[{"embeddable":true,"href":"https:\/\/www.jet-vip.com\/tr\/wp-json\/wp\/v2\/media\/3074"}],"wp:attachment":[{"href":"https:\/\/www.jet-vip.com\/tr\/wp-json\/wp\/v2\/media?parent=3634"}],"curies":[{"name":"wp","href":"https:\/\/api.w.org\/{rel}","templated":true}]}}