{"id":3632,"date":"2023-03-26T18:41:50","date_gmt":"2023-03-26T18:41:50","guid":{"rendered":"https:\/\/www.jet-vip.com\/geri-donus-ucuslari\/"},"modified":"2024-11-24T08:58:38","modified_gmt":"2024-11-24T08:58:38","slug":"geri-donus-ucuslari","status":"publish","type":"page","link":"https:\/\/www.jet-vip.com\/tr\/geri-donus-ucuslari\/","title":{"rendered":"Geri d\u00f6n\u00fc\u015f u\u00e7u\u015flar\u0131"},"content":{"rendered":"\n<div class=\"wp-block-group mx-7 max-w-7xl sm:mx-auto is-layout-constrained wp-block-group-is-layout-constrained\">\n<div class=\"wp-block-group is-content-justification-space-between is-layout-flex wp-container-core-group-is-layout-eeff9024 wp-block-group-is-layout-flex\">\n<h2 class=\"wp-block-heading\">JETVIP taraf\u0131ndan Geri D\u00f6n\u00fc\u015f U\u00e7u\u015flar\u0131<\/h2>\n\n\n\n<hr class=\"wp-block-separator has-alpha-channel-opacity\"\/>\n\n\n\n<div class=\"wp-block-group is-content-justification-space-between is-layout-flex wp-container-core-group-is-layout-d7fb8128 wp-block-group-is-layout-flex\">\n<p class=\"sm:w-5\/12\">\u0130ster gemi seyahatinde, ister \u015fehir turunda ya da kayak tatilinde olun, t\u0131bbi bir acil durum her an, her yerde meydana gelebilir. Tatildeyken kaza ge\u00e7irmek veya rahats\u0131zlanmak aniden hayati tehlike yaratabilir. \u00c7o\u011fu hasta, ilk tedaviyi ald\u0131ktan sonra m\u00fcmk\u00fcn olan en k\u0131sa s\u00fcrede kendi \u00fclkelerine d\u00f6nmeyi tercih eder ve i\u015fte bu noktada geri d\u00f6n\u00fc\u015f u\u00e7u\u015flar\u0131 i\u015fe yarayabilir.<\/p>\n\n\n\n<p class=\"sm:w-5\/12\">JETVIP, t\u0131bbi bir acil durumun veya di\u011fer \u00f6ng\u00f6r\u00fclemeyen durumlar\u0131n yolcular \u00fczerinde b\u00fcy\u00fck bir etki yaratabilece\u011finin fark\u0131ndad\u0131r. Bu nedenle, bu talihsiz ve stresli durumlarda onlara destek olmak amac\u0131yla, evlerine geri d\u00f6nmelerine yard\u0131mc\u0131 olacak \u00e7ok \u00e7e\u015fitli geri d\u00f6n\u00fc\u015f u\u00e7u\u015fu \u00e7\u00f6z\u00fcmlerimiz bulunmaktad\u0131r.<\/p>\n<\/div>\n<\/div>\n<\/div>\n\n<div class=\"wp-block-group p-7 my-7 has-light-sand-background-color has-background is-layout-flow wp-block-group-is-layout-flow\">\n<div class=\"wp-block-group mx-7 max-w-7xl sm:mx-auto is-layout-flow wp-block-group-is-layout-flow\">\n<div class=\"wp-block-group is-content-justification-space-between is-layout-flex wp-container-core-group-is-layout-12c56710 wp-block-group-is-layout-flex\">\n<div class=\"wp-block-group sm:w-2\/3 is-layout-constrained wp-block-group-is-layout-constrained\">\n<h2 class=\"wp-block-heading\">Pandemi S\u0131ras\u0131nda \u00dclkeye Geri D\u00f6n\u00fc\u015f<\/h2>\n\n\n\n<hr class=\"wp-block-separator has-alpha-channel-opacity\"\/>\n\n\n\n<p class=\"has-text-align-left\">Koronavir\u00fcs\u00fcn ortaya \u00e7\u0131kmas\u0131ndan bu yana, \u00f6zel jet hizmetlerimiz bir\u00e7ok m\u00fc\u015fterimiz i\u00e7in \u00e7ok \u00f6nemliydi, \u00e7\u00fcnk\u00fc h\u0131zl\u0131 yan\u0131t verdik ve d\u00fcnyan\u0131n d\u00f6rt bir yan\u0131ndaki ki\u015filerin \u00fclkelerine geri g\u00f6nderilmesi ve tahliyesi i\u00e7in g\u00fcvenilir u\u00e7u\u015flar sa\u011flad\u0131k.<\/p>\n\n\n\n<p>Toplu ta\u015f\u0131man\u0131n k\u0131s\u0131tlanmas\u0131 ve uluslararas\u0131 seyahatlere yeni s\u0131n\u0131rlamalar getirilmesiyle birlikte, pek \u00e7ok ki\u015fi geriye kalan tek g\u00fcvenilir ula\u015f\u0131m y\u00f6ntemi olarak \u00f6zel jet kiralamaya y\u00f6neldi.<\/p>\n\n\n\n<p>Geriye d\u00f6n\u00fcp bakt\u0131\u011f\u0131m\u0131zda, h\u0131zl\u0131 tepki verme ve h\u0131zl\u0131 yan\u0131t verme becerimiz hi\u00e7 bu kadar \u00f6nemli olmam\u0131\u015ft\u0131. Baz\u0131 m\u00fc\u015fteriler, talepte bulunduktan sonra birka\u00e7 saat i\u00e7inde u\u00e7abilmi\u015ftir. Bu kadar h\u0131zl\u0131 u\u00e7u\u015f sunabilmemiz, deneyimimiz ve bilgi birikimimizin yan\u0131 s\u0131ra ekip olarak birlikte \u00e7al\u0131\u015fmam\u0131z ve m\u00fcmk\u00fcn olan en iyi \u00e7\u00f6z\u00fcm\u00fc sunmak i\u00e7in t\u00fcm alanlardaki becerilerimizi kullanmam\u0131z sayesinde oldu.<\/p>\n\n\n\n<p>Eve d\u00f6nmesi gereken bir\u00e7ok m\u00fc\u015fterimiz i\u00e7in son derece stresli ve korkutucu bir an olsa da, baz\u0131 verimli, g\u00fcvenilir ve kapsaml\u0131 u\u00e7u\u015f se\u00e7enekleri bulmay\u0131 ba\u015fard\u0131k.<\/p>\n<\/div>\n\n\n\n<div class=\"wp-block-group sm:w-1\/4 is-layout-constrained wp-block-group-is-layout-constrained\">\n<figure class=\"wp-block-image size-full is-style-rounded\"><img decoding=\"async\" width=\"452\" height=\"425\" src=\"https:\/\/test-jetvip.mendo.lv\/app\/uploads\/2023\/03\/repatriation_pandemic.png\" alt=\"\" class=\"wp-image-842\" srcset=\"https:\/\/www.jet-vip.com\/app\/uploads\/2023\/03\/repatriation_pandemic.png 452w, https:\/\/www.jet-vip.com\/app\/uploads\/2023\/03\/repatriation_pandemic-300x282.png 300w\" sizes=\"(max-width: 452px) 100vw, 452px\" \/><\/figure><\/div>\n<\/div>\n<\/div>\n<\/div>\n\n<div class=\"wp-block-group p-7 my-7 is-layout-flow wp-block-group-is-layout-flow\">\n<div class=\"wp-block-group mx-7 max-w-7xl sm:mx-auto is-layout-flow wp-block-group-is-layout-flow\">\n<div class=\"wp-block-group is-content-justification-space-between is-layout-flex wp-container-core-group-is-layout-d7fb8128 wp-block-group-is-layout-flex\">\n<div class=\"wp-block-group sm:w-1\/3 is-layout-constrained wp-block-group-is-layout-constrained\">\n<h2 class=\"wp-block-heading\">T\u0131bbi Geri D\u00f6n\u00fc\u015f<\/h2>\n\n\n\n<hr class=\"wp-block-separator has-alpha-channel-opacity\"\/>\n\n\n\n<figure class=\"wp-block-image size-full is-style-rounded mt-4\"><img decoding=\"async\" width=\"1000\" height=\"563\" src=\"https:\/\/test-jetvip.mendo.lv\/app\/uploads\/2023\/03\/medical_repatriation.jpg\" alt=\"\" class=\"wp-image-840\" srcset=\"https:\/\/www.jet-vip.com\/app\/uploads\/2023\/03\/medical_repatriation.jpg 1000w, https:\/\/www.jet-vip.com\/app\/uploads\/2023\/03\/medical_repatriation-300x169.jpg 300w, https:\/\/www.jet-vip.com\/app\/uploads\/2023\/03\/medical_repatriation-768x432.jpg 768w\" sizes=\"(max-width: 1000px) 100vw, 1000px\" \/><\/figure><\/div>\n\n\n\n<div class=\"wp-block-group sm:w-3\/5 is-layout-constrained wp-block-group-is-layout-constrained\">\n<p>Hastan\u0131n sa\u011fl\u0131k durumuna ve bulundu\u011fu yere ba\u011fl\u0131 olarak, t\u0131bbi geri d\u00f6n\u00fc\u015f i\u00e7in \u00f6zel bir jet veya ambulans u\u00e7ak sa\u011flayabiliriz. Hava ambulanslar\u0131, m\u00fcmk\u00fcn olan en h\u0131zl\u0131 \u015fekilde u\u00e7akta t\u0131bbi tedaviye olanak tan\u0131yan en g\u00fcncel t\u0131bbi teknolojiyle donat\u0131lm\u0131\u015ft\u0131r. Hastalar\u0131m\u0131z azami \u00f6zenle tedavi edilmekte ve zaman\u0131nda ve g\u00fcvenli bir \u015fekilde \u00fclkelerine geri g\u00f6nderilmektedir.<\/p>\n\n\n\n<p>D\u00fcnyan\u0131n d\u00f6rt bir yan\u0131ndan t\u0131bbi geri d\u00f6n\u00fc\u015fler s\u00f6z konusu oldu\u011funda, ekibimiz nesiller boyu s\u00fcren bir uzmanl\u0131\u011fa sahiptir. Uluslararas\u0131 t\u0131bbi nakil ihtiyac\u0131 olan hastalar i\u00e7in yabanc\u0131 hastaneden en yak\u0131n havaliman\u0131na ve havaliman\u0131ndan hastaneye veya hastan\u0131n evine bir yerden ba\u015fka bir yere kara ta\u015f\u0131mac\u0131l\u0131\u011f\u0131 organize ediyoruz. Uluslararas\u0131 yetkililer ve yerel t\u0131p uzmanlar\u0131yla ileti\u015fim halinde olmam\u0131z bile m\u00fcmk\u00fcn.<\/p>\n\n\n\n<p>Siz daha iyi olmaya odaklan\u0131n, gerisini biz hallederiz.<\/p>\n\n\n\n<div class=\"wp-block-buttons is-content-justification-left is-layout-flex wp-container-core-buttons-is-layout-fdcfc74e wp-block-buttons-is-layout-flex\">\n<div class=\"wp-block-button\"><a class=\"wp-block-button__link wp-element-button\" href=\"https:\/\/www.jet-vip.com\/flight-search\/\">Geri d\u00f6n\u00fc\u015f u\u00e7u\u015fu rezervasyonu yap\u0131n<\/a><\/div>\n<\/div>\n<\/div>\n<\/div>\n<\/div>\n<\/div>\n\n<div class=\"wp-block-group mega-rounded-top-right has-white-background-color has-background is-layout-flow wp-block-group-is-layout-flow\">\n<div class=\"wp-block-group mx-7 max-w-7xl sm:mx-auto mt-12 px-4 py-12 rounded-3xl has-light-sand-background-color has-background is-vertical is-content-justification-center is-layout-flex wp-container-core-group-is-layout-4b2eccd6 wp-block-group-is-layout-flex\">\n<h3 class=\"wp-block-heading\" style=\"padding-bottom:var(--wp--preset--spacing--60)\">Bug\u00fcn Ula\u015f\u0131n<\/h3>\n\n\n\n<p class=\"has-text-align-center\">Bu zor zamanlarda, giderek daha fazla insan\u0131n hava yolculu\u011fu ihtiya\u00e7lar\u0131 i\u00e7in uygun bir se\u00e7enek olarak \u00f6zel charter&#8217;a y\u00f6nelece\u011fini tahmin ediyoruz. Bu s\u00fcre zarf\u0131nda, m\u00fc\u015fterilerimizin ihtiya\u00e7lar\u0131na uygun, g\u00fcvenilir, uyarlanabilir ve g\u00fcvenli \u00f6zel jet \u00e7\u00f6z\u00fcmleri sunmaya devam edece\u011fiz ve endi\u015felenmeden \u00f6nceden rezervasyon yapmalar\u0131na olanak tan\u0131yaca\u011f\u0131z.<\/p>\n\n\n\n<p class=\"has-text-align-center\">Se\u00e7eneklerinizi ke\u015ffetmek veya \u00fclkesine geri d\u00f6n\u00fc\u015f u\u00e7u\u015flar\u0131m\u0131z hakk\u0131nda daha fazla bilgi edinmek isterseniz, l\u00fctfen bize e-posta veya telefon yoluyla ula\u015fmaktan \u00e7ekinmeyin.<\/p>\n\n\n\n<p><\/p>\n\n\n\n<div class=\"wp-block-buttons is-layout-flex wp-block-buttons-is-layout-flex\">\n<div class=\"wp-block-button\"><a class=\"wp-block-button__link wp-element-button\" href=\"https:\/\/www.jet-vip.com\/flight-search\/\">Geri d\u00f6n\u00fc\u015f u\u00e7u\u015fu rezervasyonu yap\u0131n<\/a><\/div>\n<\/div>\n<\/div>\n<\/div>\n\n<div class=\"wp-block-group has-white-background-color has-background is-layout-flow wp-block-group-is-layout-flow\">\n<div class=\"wp-block-group mx-7 max-w-7xl sm:mx-auto pt-12 px-4 py-12 is-layout-constrained wp-block-group-is-layout-constrained\">\n<div class=\"wp-block-group header-text-container bg-white pt-8 is-layout-constrained wp-block-group-is-layout-constrained\">\n<div class=\"wp-block-group block-header-container is-vertical is-layout-flex wp-container-core-group-is-layout-8cf370e7 wp-block-group-is-layout-flex\">\n<h2 class=\"wp-block-heading\" id=\"h-learn-more\">Learn more<\/h2>\n\n\n\n<hr class=\"wp-block-separator has-alpha-channel-opacity\"\/>\n\n\n\n<p>We know that your flight needs may be different, so we adapt to provide various kinds of <a href=\"https:\/\/diamondproblemsolver.org\/\">diamond solver<\/a>:<\/p>\n<\/div>\n\n\n\n<div class=\"wp-block-group is-vertical is-layout-flex wp-container-core-group-is-layout-8cf370e7 wp-block-group-is-layout-flex\">\n<h4 class=\"wp-block-heading\" id=\"h-fleet\">Fleet<\/h4>\n\n\n\n<div class=\"wp-block-group is-nowrap is-layout-flex wp-container-core-group-is-layout-ad2f72ca wp-block-group-is-layout-flex\">\n<p>Our expert team can find the best available price for your private jet hire on the most suitable private aircraft<\/p>\n\n\n\n<p><a href=\"https:\/\/www.jet-vip.com\/our-fleet\/\">More info<\/a><\/p>\n<\/div>\n<\/div>\n\n\n\n<div class=\"wp-block-group is-vertical is-layout-flex wp-container-core-group-is-layout-8cf370e7 wp-block-group-is-layout-flex\">\n<h4 class=\"wp-block-heading\" id=\"h-destinations\">Destinations<\/h4>\n\n\n\n<div class=\"wp-block-group is-nowrap is-layout-flex wp-container-core-group-is-layout-ad2f72ca wp-block-group-is-layout-flex\">\n<p>Discover the most requested destinations for your private jet trip<\/p>\n\n\n\n<p><a href=\"https:\/\/www.jet-vip.com\/destinations\/\" data-type=\"page\" data-id=\"122\">More info<\/a><\/p>\n<\/div>\n<\/div>\n\n\n\n<div class=\"wp-block-group is-vertical is-layout-flex wp-container-core-group-is-layout-8cf370e7 wp-block-group-is-layout-flex\">\n<h4 class=\"wp-block-heading\" id=\"h-frequently-asked-questions\">Frequently Asked Questions<\/h4>\n\n\n\n<div class=\"wp-block-group is-nowrap is-layout-flex wp-container-core-group-is-layout-ad2f72ca wp-block-group-is-layout-flex\">\n<p>You have a question? <br>We have the answer !<\/p>\n\n\n\n<p><a href=\"https:\/\/www.jet-vip.com\/frequently-asked-questions\/\" data-type=\"page\" data-id=\"417\">More info<\/a><\/p>\n<\/div>\n<\/div>\n\n\n\n<div class=\"wp-block-group is-vertical is-layout-flex wp-container-core-group-is-layout-8cf370e7 wp-block-group-is-layout-flex\">\n<h4 class=\"wp-block-heading\" id=\"h-medical-flights\">Medical Flights<\/h4>\n\n\n\n<div class=\"wp-block-group is-nowrap is-layout-flex wp-container-core-group-is-layout-ad2f72ca wp-block-group-is-layout-flex\">\n<p>In case you need to book a jet for your special occasion or business look no further!<\/p>\n\n\n\n<p><a href=\"https:\/\/www.jet-vip.com\/ambulance-flights\/\" data-type=\"page\" data-id=\"1184\">More info<\/a><\/p>\n<\/div>\n<\/div>\n\n\n\n<div class=\"wp-block-group is-vertical is-layout-flex wp-container-core-group-is-layout-8cf370e7 wp-block-group-is-layout-flex\">\n<h4 class=\"wp-block-heading\" id=\"h-safety\">Safety<\/h4>\n\n\n\n<div class=\"wp-block-group is-nowrap is-layout-flex wp-container-core-group-is-layout-ad2f72ca wp-block-group-is-layout-flex\">\n<p>Safety in private aviation is our most important concern. Safety has always been the priority of Jet-Vip<\/p>\n\n\n\n<p><a href=\"https:\/\/www.jet-vip.com\/safety-at-jet-vip\/\" data-type=\"page\" data-id=\"762\">More info<\/a><\/p>\n<\/div>\n<\/div>\n\n\n\n<div class=\"wp-block-group is-vertical is-layout-flex wp-container-core-group-is-layout-8cf370e7 wp-block-group-is-layout-flex\">\n<h4 class=\"wp-block-heading\" id=\"h-empty-legs\">Empty legs<\/h4>\n\n\n\n<div class=\"wp-block-group is-nowrap is-layout-flex wp-container-core-group-is-layout-ad2f72ca wp-block-group-is-layout-flex\">\n<p>Chartering an empty leg flight is an opportunity to save up to 50% on your private jet flight price<\/p>\n\n\n\n<p><a href=\"https:\/\/www.jet-vip.com\/empty-leg-flights-with-jet-vip\/\" data-type=\"page\" data-id=\"446\">More info<\/a><\/p>\n<\/div>\n<\/div>\n<\/div>\n<\/div>\n<\/div>\n\n<div class=\"wp-block-group container-rounded-bottom-left -mt-10 white is-layout-constrained wp-block-group-is-layout-constrained\"><\/div>\n","protected":false},"excerpt":{"rendered":"<p>JETVIP taraf\u0131ndan Geri D\u00f6n\u00fc\u015f U\u00e7u\u015flar\u0131 \u0130ster gemi seyahatinde, ister \u015fehir turunda ya da kayak tatilinde olun, t\u0131bbi bir acil durum her an, her yerde meydana gelebilir. Tatildeyken kaza ge\u00e7irmek veya rahats\u0131zlanmak aniden hayati tehlike yaratabilir. \u00c7o\u011fu hasta, ilk tedaviyi ald\u0131ktan sonra m\u00fcmk\u00fcn olan en k\u0131sa s\u00fcrede kendi \u00fclkelerine d\u00f6nmeyi tercih eder ve i\u015fte bu noktada &hellip; <a href=\"https:\/\/www.jet-vip.com\/tr\/geri-donus-ucuslari\/\">Continued<\/a><\/p>\n","protected":false},"author":2,"featured_media":3090,"parent":0,"menu_order":0,"comment_status":"closed","ping_status":"closed","template":"","meta":{"footnotes":""},"class_list":["post-3632","page","type-page","status-publish","has-post-thumbnail","hentry"],"yoast_head":"<!-- This site is optimized with the Yoast SEO Premium plugin v27.5 (Yoast SEO v27.5) - https:\/\/yoast.com\/product\/yoast-seo-premium-wordpress\/ -->\n<title>Geri D\u00f6n\u00fc\u015f U\u00e7u\u015flar\u0131 | T\u0131bbi ve Acil Durumlar i\u00e7in \u00d6zel Jet<\/title>\n<meta name=\"description\" content=\"JET-VIP, t\u0131bbi acil durumlar ve \u00f6ng\u00f6r\u00fclemeyen ko\u015fullar s\u0131ras\u0131nda yolcular\u0131 desteklemek i\u00e7in g\u00fcvenilir geri d\u00f6n\u00fc\u015f u\u00e7u\u015flar\u0131 \u00e7\u00f6z\u00fcmleri sunar. \u015eimdi rezervasyon yapt\u0131r\u0131n!\" \/>\n<meta name=\"robots\" content=\"index, follow, max-snippet:-1, max-image-preview:large, max-video-preview:-1\" \/>\n<link rel=\"canonical\" href=\"https:\/\/www.jet-vip.com\/tr\/geri-donus-ucuslari\/\" \/>\n<meta property=\"og:locale\" content=\"tr_TR\" \/>\n<meta property=\"og:type\" content=\"article\" \/>\n<meta property=\"og:title\" content=\"Geri D\u00f6n\u00fc\u015f U\u00e7u\u015flar\u0131 | T\u0131bbi ve Acil Durumlar i\u00e7in \u00d6zel Jet\" \/>\n<meta property=\"og:description\" content=\"JET-VIP, t\u0131bbi acil durumlar ve \u00f6ng\u00f6r\u00fclemeyen ko\u015fullar s\u0131ras\u0131nda yolcular\u0131 desteklemek i\u00e7in g\u00fcvenilir geri d\u00f6n\u00fc\u015f u\u00e7u\u015flar\u0131 \u00e7\u00f6z\u00fcmleri sunar. \u015eimdi rezervasyon yapt\u0131r\u0131n!\" \/>\n<meta property=\"og:url\" content=\"https:\/\/www.jet-vip.com\/tr\/geri-donus-ucuslari\/\" \/>\n<meta property=\"og:site_name\" content=\"Jet VIP\" \/>\n<meta property=\"article:modified_time\" content=\"2024-11-24T08:58:38+00:00\" \/>\n<meta property=\"og:image\" content=\"https:\/\/www.jet-vip.com\/app\/uploads\/2023\/03\/repatriation_header.jpg\" \/>\n\t<meta property=\"og:image:width\" content=\"1945\" \/>\n\t<meta property=\"og:image:height\" content=\"1095\" \/>\n\t<meta property=\"og:image:type\" content=\"image\/jpeg\" \/>\n<meta name=\"twitter:card\" content=\"summary_large_image\" \/>\n<meta name=\"twitter:label1\" content=\"Est. reading time\" \/>\n\t<meta name=\"twitter:data1\" content=\"8 minutes\" \/>\n<!-- \/ Yoast SEO Premium plugin. -->","yoast_head_json":{"title":"Geri D\u00f6n\u00fc\u015f U\u00e7u\u015flar\u0131 | T\u0131bbi ve Acil Durumlar i\u00e7in \u00d6zel Jet","description":"JET-VIP, t\u0131bbi acil durumlar ve \u00f6ng\u00f6r\u00fclemeyen ko\u015fullar s\u0131ras\u0131nda yolcular\u0131 desteklemek i\u00e7in g\u00fcvenilir geri d\u00f6n\u00fc\u015f u\u00e7u\u015flar\u0131 \u00e7\u00f6z\u00fcmleri sunar. \u015eimdi rezervasyon yapt\u0131r\u0131n!","robots":{"index":"index","follow":"follow","max-snippet":"max-snippet:-1","max-image-preview":"max-image-preview:large","max-video-preview":"max-video-preview:-1"},"canonical":"https:\/\/www.jet-vip.com\/tr\/geri-donus-ucuslari\/","og_locale":"tr_TR","og_type":"article","og_title":"Geri D\u00f6n\u00fc\u015f U\u00e7u\u015flar\u0131 | T\u0131bbi ve Acil Durumlar i\u00e7in \u00d6zel Jet","og_description":"JET-VIP, t\u0131bbi acil durumlar ve \u00f6ng\u00f6r\u00fclemeyen ko\u015fullar s\u0131ras\u0131nda yolcular\u0131 desteklemek i\u00e7in g\u00fcvenilir geri d\u00f6n\u00fc\u015f u\u00e7u\u015flar\u0131 \u00e7\u00f6z\u00fcmleri sunar. \u015eimdi rezervasyon yapt\u0131r\u0131n!","og_url":"https:\/\/www.jet-vip.com\/tr\/geri-donus-ucuslari\/","og_site_name":"Jet VIP","article_modified_time":"2024-11-24T08:58:38+00:00","og_image":[{"width":1945,"height":1095,"url":"https:\/\/www.jet-vip.com\/app\/uploads\/2023\/03\/repatriation_header.jpg","type":"image\/jpeg"}],"twitter_card":"summary_large_image","twitter_misc":{"Est. reading time":"8 minutes"},"schema":{"@context":"https:\/\/schema.org","@graph":[{"@type":"WebPage","@id":"https:\/\/www.jet-vip.com\/tr\/geri-donus-ucuslari\/","url":"https:\/\/www.jet-vip.com\/tr\/geri-donus-ucuslari\/","name":"Geri D\u00f6n\u00fc\u015f U\u00e7u\u015flar\u0131 | T\u0131bbi ve Acil Durumlar i\u00e7in \u00d6zel Jet","isPartOf":{"@id":"https:\/\/www.jet-vip.com\/tr\/#website"},"primaryImageOfPage":{"@id":"https:\/\/www.jet-vip.com\/tr\/geri-donus-ucuslari\/#primaryimage"},"image":{"@id":"https:\/\/www.jet-vip.com\/tr\/geri-donus-ucuslari\/#primaryimage"},"thumbnailUrl":"https:\/\/www.jet-vip.com\/app\/uploads\/2023\/03\/repatriation_header.jpg","datePublished":"2023-03-26T18:41:50+00:00","dateModified":"2024-11-24T08:58:38+00:00","description":"JET-VIP, t\u0131bbi acil durumlar ve \u00f6ng\u00f6r\u00fclemeyen ko\u015fullar s\u0131ras\u0131nda yolcular\u0131 desteklemek i\u00e7in g\u00fcvenilir geri d\u00f6n\u00fc\u015f u\u00e7u\u015flar\u0131 \u00e7\u00f6z\u00fcmleri sunar. \u015eimdi rezervasyon yapt\u0131r\u0131n!","inLanguage":"tr-TR","potentialAction":[{"@type":"ReadAction","target":["https:\/\/www.jet-vip.com\/tr\/geri-donus-ucuslari\/"]}]},{"@type":"ImageObject","inLanguage":"tr-TR","@id":"https:\/\/www.jet-vip.com\/tr\/geri-donus-ucuslari\/#primaryimage","url":"https:\/\/www.jet-vip.com\/app\/uploads\/2023\/03\/repatriation_header.jpg","contentUrl":"https:\/\/www.jet-vip.com\/app\/uploads\/2023\/03\/repatriation_header.jpg","width":1945,"height":1095},{"@type":"WebSite","@id":"https:\/\/www.jet-vip.com\/tr\/#website","url":"https:\/\/www.jet-vip.com\/tr\/","name":"www.jet-vip.com","description":"Private Jet &amp; Helicopter charter","publisher":{"@id":"https:\/\/www.jet-vip.com\/tr\/#organization"},"potentialAction":[{"@type":"SearchAction","target":{"@type":"EntryPoint","urlTemplate":"https:\/\/www.jet-vip.com\/tr\/?s={search_term_string}"},"query-input":{"@type":"PropertyValueSpecification","valueRequired":true,"valueName":"search_term_string"}}],"inLanguage":"tr-TR"},{"@type":"Organization","@id":"https:\/\/www.jet-vip.com\/tr\/#organization","name":"JET VIP","alternateName":"JET-VIP","url":"https:\/\/www.jet-vip.com\/tr\/","logo":{"@type":"ImageObject","inLanguage":"tr-TR","@id":"https:\/\/www.jet-vip.com\/tr\/#\/schema\/logo\/image\/","url":"https:\/\/www.jet-vip.com\/app\/uploads\/2023\/04\/logo_jetvip.png","contentUrl":"https:\/\/www.jet-vip.com\/app\/uploads\/2023\/04\/logo_jetvip.png","width":2344,"height":1500,"caption":"JET VIP"},"image":{"@id":"https:\/\/www.jet-vip.com\/tr\/#\/schema\/logo\/image\/"},"sameAs":["https:\/\/instagram.com\/jet_vip"]}]}},"_links":{"self":[{"href":"https:\/\/www.jet-vip.com\/tr\/wp-json\/wp\/v2\/pages\/3632","targetHints":{"allow":["GET"]}}],"collection":[{"href":"https:\/\/www.jet-vip.com\/tr\/wp-json\/wp\/v2\/pages"}],"about":[{"href":"https:\/\/www.jet-vip.com\/tr\/wp-json\/wp\/v2\/types\/page"}],"author":[{"embeddable":true,"href":"https:\/\/www.jet-vip.com\/tr\/wp-json\/wp\/v2\/users\/2"}],"replies":[{"embeddable":true,"href":"https:\/\/www.jet-vip.com\/tr\/wp-json\/wp\/v2\/comments?post=3632"}],"version-history":[{"count":1,"href":"https:\/\/www.jet-vip.com\/tr\/wp-json\/wp\/v2\/pages\/3632\/revisions"}],"predecessor-version":[{"id":3633,"href":"https:\/\/www.jet-vip.com\/tr\/wp-json\/wp\/v2\/pages\/3632\/revisions\/3633"}],"wp:featuredmedia":[{"embeddable":true,"href":"https:\/\/www.jet-vip.com\/tr\/wp-json\/wp\/v2\/media\/3090"}],"wp:attachment":[{"href":"https:\/\/www.jet-vip.com\/tr\/wp-json\/wp\/v2\/media?parent=3632"}],"curies":[{"name":"wp","href":"https:\/\/api.w.org\/{rel}","templated":true}]}}