{"id":3610,"date":"2023-02-23T11:03:29","date_gmt":"2023-02-23T11:03:29","guid":{"rendered":"https:\/\/www.jet-vip.com\/jet-vip-ile-bos-bacak-ucuslari\/"},"modified":"2024-11-24T09:01:14","modified_gmt":"2024-11-24T09:01:14","slug":"jet-vip-ile-bos-bacak-ucuslari","status":"publish","type":"page","link":"https:\/\/www.jet-vip.com\/tr\/jet-vip-ile-bos-bacak-ucuslari\/","title":{"rendered":"Jet-VIP ile Bo\u015f Bacak U\u00e7u\u015flar\u0131"},"content":{"rendered":"\n<div class=\"wp-block-group mx-7 max-w-7xl sm:mx-auto is-layout-constrained wp-block-group-is-layout-constrained\">\n<div class=\"wp-block-group is-content-justification-space-between is-layout-flex wp-container-core-group-is-layout-3 wp-block-group-is-layout-flex\">\n<div class=\"wp-block-group sm:w-1\/2 is-vertical is-layout-flex wp-container-core-group-is-layout-1 wp-block-group-is-layout-flex\">\n<p>Son y\u0131llarda &#8220;bo\u015f bacak&#8221; terimi, sosyal medyan\u0131n b\u00fcy\u00fcmesi nedeniyle son dakika seyahatleriyle e\u015f anlaml\u0131 hale geldi. Peki &#8216;bo\u015f bacak u\u00e7u\u015fu&#8217; tam olarak ne anlama geliyor?<\/p>\n\n\n\n<p>Bir u\u00e7a\u011f\u0131n, i\u00e7inde hi\u00e7 kimse olmadan bo\u015f bir bacak veya &#8220;yeniden konumland\u0131rma u\u00e7u\u015fu&#8221; ile g\u00f6nderildi\u011fi zamanlar vard\u0131r. \u00d6zel jet kiralama end\u00fcstrisinde &#8220;bo\u015f bacak&#8221; terimi, bir u\u00e7u\u015fun g\u00fczergah\u0131n\u0131n d\u00f6n\u00fc\u015f veya yeniden konumland\u0131rma b\u00f6l\u00fcm\u00fcn\u00fc ifade eder.  <\/p>\n\n\n\n<p>Bo\u015f u\u00e7aklar yeni bir yere hareket etmeli veya bir sonraki m\u00fc\u015fteri u\u00e7u\u015fu i\u00e7in ana \u00fcslerine geri d\u00f6nmelidir (t\u0131pk\u0131 bir taksinin genellikle yerde yapmas\u0131 gerekti\u011fi gibi). Sonu\u00e7 olarak, yeniden konumland\u0131rma u\u00e7u\u015funda yolcu bulunmamaktad\u0131r.<\/p>\n<\/div>\n\n\n\n<div class=\"wp-block-group sm:w-2\/5 rounded-3xl has-light-sand-background-color has-background is-content-justification-center is-nowrap is-layout-flex wp-container-core-group-is-layout-2 wp-block-group-is-layout-flex\" style=\"padding-top:var(--wp--preset--spacing--80);padding-right:var(--wp--preset--spacing--80);padding-bottom:var(--wp--preset--spacing--80);padding-left:var(--wp--preset--spacing--80)\">\n<figure class=\"wp-block-image size-large\"><img decoding=\"async\" width=\"355\" height=\"99\" src=\"https:\/\/test-jetvip.mendo.lv\/app\/uploads\/2023\/04\/empty_leg_icon.svg\" alt=\"\" class=\"wp-image-1223\"\/><\/figure><\/div>\n<\/div>\n<\/div>\n\n<div class=\"wp-block-group mx-7 sm:mx-auto max-w-7xl my-12 is-layout-flow wp-block-group-is-layout-flow\">\n<h2 class=\"wp-block-heading\">Bo\u015f Bacak U\u00e7u\u015flar\u0131n\u0131n \u00d6nemi<\/h2>\n\n\n\n<hr class=\"wp-block-separator has-alpha-channel-opacity\"\/>\n\n\n\n<div class=\"wp-block-group is-content-justification-space-between is-layout-flex wp-container-core-group-is-layout-7 wp-block-group-is-layout-flex\">\n<div class=\"wp-block-group sm:w-1\/2 is-layout-constrained wp-block-group-is-layout-constrained\">\n<p>\u00d6zel jet kiralaman\u0131n ki\u015fiselle\u015ftirilmi\u015f ve talebe ba\u011fl\u0131 bir seyahat se\u00e7ene\u011fi oldu\u011fu d\u00fc\u015f\u00fcn\u00fcld\u00fc\u011f\u00fcnde, bir u\u00e7ak yeniden konumland\u0131r\u0131l\u0131rken, u\u00e7ak operat\u00f6r\u00fc, o benzersiz u\u00e7akta, o kesin rota ve zamana uyacak \u015fekilde tek y\u00f6nl\u00fc bir kiralama isteyen tam fiyatl\u0131 bir m\u00fc\u015fteri bulamayabilir.<\/p>\n\n\n\n<p>U\u00e7a\u011f\u0131 bir \u015fekilde hareket ettirmeleri gerekti\u011finden, operat\u00f6r genellikle seyahatin bo\u015f k\u0131sm\u0131nda t\u00fcm kiralama \u00fccretine k\u0131yasla b\u00fcy\u00fck bir indirim sa\u011flamaktan memnuniyet duyar.  <\/p>\n<\/div>\n\n\n\n<div class=\"wp-block-group sm:w-5\/12 is-layout-constrained wp-block-group-is-layout-constrained\">\n<p>Normal piyasa ko\u015fullar\u0131 g\u00f6z \u00f6n\u00fcne al\u0131nd\u0131\u011f\u0131nda, t\u00fcm ticari havac\u0131l\u0131k u\u00e7aklar\u0131n\u0131n %10 ila %30&#8217;u bo\u015f d\u00f6nmektedir. Bir havayolu bu t\u00fcr u\u00e7u\u015flar\u0131 satmay\u0131 ve bunlar\u0131 dahili bir charter a\u011f\u0131nda veya do\u011frudan t\u00fcketicilere satarak para kazanmay\u0131 se\u00e7ebilir. Bo\u015f bacak u\u00e7u\u015flar\u0131 i\u00e7in kesin ve kat\u0131 kurallar yoktur, ancak genellikle ilk fiyat \u00fczerinden %40 ila %70 aras\u0131nda bir tasarruf bekleyebiliriz.<\/p>\n<\/div>\n<\/div>\n<\/div>\n\n<div class=\"wp-block-group mx-7 sm:mx-auto max-w-7xl my-12 is-vertical is-layout-flex wp-container-core-group-is-layout-12 wp-block-group-is-layout-flex\">\n<div class=\"wp-block-group is-content-justification-space-between is-layout-flex wp-container-core-group-is-layout-11 wp-block-group-is-layout-flex\">\n<div class=\"wp-block-group sm:w-1\/2 is-layout-constrained wp-block-group-is-layout-constrained\">\n<h2 class=\"wp-block-heading\">Bo\u015f Bacak U\u00e7u\u015f Maliyetleri<\/h2>\n\n\n\n<hr class=\"wp-block-separator has-alpha-channel-opacity\"\/>\n\n\n\n<p>Bo\u015f bacak u\u00e7u\u015flar\u0131 genellikle normal charter fiyat\u0131ndan %50 &#8211; %75&#8217;e varan indirimlerle ger\u00e7ekle\u015fir. Do\u011fru bir fiyat teklifi alabilmek i\u00e7in rota ve operat\u00f6r ayr\u0131nt\u0131lar\u0131n\u0131 bilmeniz gerekir. U\u00e7u\u015fu satamam\u0131\u015flarsa, operat\u00f6rler genellikle son dakikada son derece d\u00fc\u015f\u00fck \u00fccretler teklif etmeye haz\u0131rd\u0131r.<\/p>\n\n\n\n<p>Dolay\u0131s\u0131yla, esnek olmaya istekliyseniz, bo\u015f bir bacakla u\u00e7mak, \u00f6zel jet seyahatinde tasarruf etmek i\u00e7in m\u00fckemmel bir y\u00f6ntem olabilir. Bo\u015f bir baca\u011f\u0131 havayolu u\u00e7u\u015flar\u0131yla birle\u015ftirerek veya \u00f6zel bir charter d\u00fczenleyerek tatilinizde tasarruf edebilirsiniz.<\/p>\n<\/div>\n\n\n\n<div class=\"wp-block-group sm:w-5\/12 is-layout-constrained wp-block-group-is-layout-constrained\">\n<figure class=\"wp-block-image size-full\"><img decoding=\"async\" width=\"758\" height=\"346\" src=\"https:\/\/test-jetvip.mendo.lv\/app\/uploads\/2023\/02\/Screenshot-2023-02-23-at-13.26.49.png\" alt=\"\" class=\"wp-image-464\" srcset=\"https:\/\/www.jet-vip.com\/app\/uploads\/2023\/02\/Screenshot-2023-02-23-at-13.26.49.png 758w, https:\/\/www.jet-vip.com\/app\/uploads\/2023\/02\/Screenshot-2023-02-23-at-13.26.49-300x137.png 300w\" sizes=\"(max-width: 758px) 100vw, 758px\" \/><\/figure><\/div>\n<\/div>\n<\/div>\n\n<div class=\"wp-block-group mx-7 sm:mx-auto max-w-7xl my-12 is-layout-constrained wp-block-group-is-layout-constrained\">\n<div class=\"wp-block-group carousel-container is-layout-constrained wp-block-group-is-layout-constrained\">\n<h2 class=\"has-text-align-center w-full wp-block-heading\">\u0130ndirimli Konfor ve Rahatl\u0131k<\/h2>\n\n\n\n<p class=\"has-text-align-center\">\u00d6zel olarak u\u00e7mak \u00e7ok l\u00fcks ve konforlu bir deneyimdir ve ticari u\u00e7u\u015flar\u0131n getirdi\u011fi zorluklarla u\u011fra\u015fmak zorunda kalmayaca\u011f\u0131n\u0131z i\u00e7in size \u00e7ok fazla huzur ve rahatl\u0131k getirebilir. Bu konfor, bo\u015f bacak u\u00e7u\u015funun b\u00fcy\u00fck fiyat indirimleriyle birle\u015fti\u011finde m\u00fckemmel bir yolculuk ortaya \u00e7\u0131k\u0131yor.<\/p>\n\n\n\n<p class=\"has-text-align-center\"><strong>Bo\u015f bacaklar\u0131n m\u00fckemmel bir se\u00e7im olmas\u0131n\u0131n di\u011fer baz\u0131 nedenleri \u015funlard\u0131r:<\/strong><\/p>\n\n\n\n<div class=\"wp-block-cb-carousel centered-contents\" data-slick=\"{&quot;slidesToShow&quot;:4,&quot;slidesToScroll&quot;:1,&quot;speed&quot;:300,&quot;arrows&quot;:true,&quot;dots&quot;:true,&quot;autoplay&quot;:false,&quot;autoplaySpeed&quot;:3000,&quot;infinite&quot;:false,&quot;responsive&quot;:[{&quot;breakpoint&quot;:769,&quot;settings&quot;:{&quot;slidesToShow&quot;:1,&quot;slidesToScroll&quot;:1}}]}\">\n<div class=\"wp-block-cb-slide\">\n<figure class=\"wp-block-image size-large\"><img decoding=\"async\" width=\"196\" height=\"196\" src=\"https:\/\/test-jetvip.mendo.lv\/app\/uploads\/2023\/04\/the_cost_icon.svg\" alt=\"\" class=\"wp-image-1228\"\/><\/figure>\n\n\n<p><strong>Geleneksel bir \u00f6zel jet u\u00e7u\u015funun maliyeti %90 oran\u0131nda azalt\u0131labilir.<\/strong><\/p>\n<\/div>\n\n\n\n<div class=\"wp-block-cb-slide\">\n<figure class=\"wp-block-image size-large\"><img decoding=\"async\" width=\"196\" height=\"196\" src=\"https:\/\/test-jetvip.mendo.lv\/app\/uploads\/2023\/04\/you_and_up_icon.svg\" alt=\"\" class=\"wp-image-1226\"\/><\/figure>\n\n\n<p><strong>Siz ve en fazla \u00fc\u00e7 ki\u015fi daha bir u\u00e7u\u015f rezerve edebilirsiniz.<\/strong><\/p>\n<\/div>\n\n\n\n<div class=\"wp-block-cb-slide\">\n<figure class=\"wp-block-image size-large\"><img decoding=\"async\" width=\"197\" height=\"196\" src=\"https:\/\/test-jetvip.mendo.lv\/app\/uploads\/2023\/04\/you_can_travel_icon.svg\" alt=\"\" class=\"wp-image-1227\"\/><\/figure>\n\n\n<p><strong>Var\u0131\u015f noktalar\u0131n\u0131za l\u00fcks ve konfor i\u00e7inde seyahat edebilirsiniz.<\/strong><\/p>\n<\/div>\n\n\n\n<div class=\"wp-block-cb-slide\">\n<figure class=\"wp-block-image size-large\"><img decoding=\"async\" width=\"196\" height=\"196\" src=\"https:\/\/test-jetvip.mendo.lv\/app\/uploads\/2023\/04\/transfers_icon.svg\" alt=\"\" class=\"wp-image-1229\"\/><\/figure>\n\n\n<p><strong>Transferler daha h\u0131zl\u0131 yap\u0131labilir, bu da size zaman ve para tasarrufu sa\u011flar.<\/strong><\/p>\n<\/div>\n<\/div>\n<\/div>\n<\/div>\n\n<div class=\"wp-block-group mega-rounded-top-right pt-12 has-white-background-color has-background is-layout-flow wp-block-group-is-layout-flow\">\n<div class=\"wp-block-group mx-7 mt-12 w-3\/4 sm:max-w-5xl mx-auto p-6 py-12 rounded-3xl has-light-sand-background-color has-background is-vertical is-content-justification-center is-layout-flex wp-container-core-group-is-layout-15 wp-block-group-is-layout-flex\">\n<h2 class=\"wp-block-heading\" style=\"padding-bottom:var(--wp--preset--spacing--60)\">Bug\u00fcn Bir Son Dakika U\u00e7u\u015fu Yakalay\u0131n<\/h2>\n\n\n\n<p class=\"has-text-align-center\">Bir yere acilen seyahat etmeniz gerekiyorsa, bo\u015f bacak u\u00e7u\u015flar\u0131m\u0131zdan birinde b\u00fcy\u00fck bir indirim alabilirsiniz. Rotan\u0131z i\u00e7in uygun bir u\u00e7u\u015f olup olmad\u0131\u011f\u0131n\u0131 kontrol etmek i\u00e7in bug\u00fcn bize ula\u015f\u0131n!<\/p>\n\n\n\n<p><\/p>\n\n\n\n<div class=\"wp-block-buttons is-layout-flex wp-block-buttons-is-layout-flex\">\n<div class=\"wp-block-button\"><a class=\"wp-block-button__link wp-element-button\">Bize ula\u015f\u0131n<\/a><\/div>\n<\/div>\n<\/div>\n<\/div>\n\n<div class=\"wp-block-group has-white-background-color has-background is-layout-flow wp-block-group-is-layout-flow\">\n<div class=\"wp-block-group mx-7 max-w-7xl sm:mx-auto pt-12 px-4 py-12 is-layout-constrained wp-block-group-is-layout-constrained\">\n<div class=\"wp-block-group header-text-container bg-white pt-8 is-layout-constrained wp-block-group-is-layout-constrained\">\n<div class=\"wp-block-group block-header-container is-vertical is-layout-flex wp-container-core-group-is-layout-17 wp-block-group-is-layout-flex\">\n<h2 class=\"wp-block-heading\">Learn more<\/h2>\n\n\n\n<hr class=\"wp-block-separator has-alpha-channel-opacity\"\/>\n\n\n\n<p>We know that your flight needs may be different, so we adapt to provide various kinds of <a href=\"https:\/\/www.instagram.com\/jet_vip\">services<\/a>:<\/p>\n<\/div>\n\n\n\n<div class=\"wp-block-group is-vertical is-layout-flex wp-container-core-group-is-layout-19 wp-block-group-is-layout-flex\">\n<h4 class=\"wp-block-heading\">Fleet<\/h4>\n\n\n\n<div class=\"wp-block-group is-nowrap is-layout-flex wp-container-core-group-is-layout-18 wp-block-group-is-layout-flex\">\n<p>Our expert team can find the best available price for your private jet hire on the most suitable private aircraft<\/p>\n\n\n\n<p><a href=\"https:\/\/www.jet-vip.com\/our-fleet\/\">More info<\/a><\/p>\n<\/div>\n<\/div>\n\n\n\n<div class=\"wp-block-group is-vertical is-layout-flex wp-container-core-group-is-layout-21 wp-block-group-is-layout-flex\">\n<h4 class=\"wp-block-heading\">Destinations<\/h4>\n\n\n\n<div class=\"wp-block-group is-nowrap is-layout-flex wp-container-core-group-is-layout-20 wp-block-group-is-layout-flex\">\n<p>Discover the most requested destinations for your private jet trip<\/p>\n\n\n\n<p><a href=\"https:\/\/www.jet-vip.com\/destinations\/\" data-type=\"page\" data-id=\"122\">More info<\/a><\/p>\n<\/div>\n<\/div>\n\n\n\n<div class=\"wp-block-group is-vertical is-layout-flex wp-container-core-group-is-layout-23 wp-block-group-is-layout-flex\">\n<h4 class=\"wp-block-heading\">Frequently Asked Questions<\/h4>\n\n\n\n<div class=\"wp-block-group is-nowrap is-layout-flex wp-container-core-group-is-layout-22 wp-block-group-is-layout-flex\">\n<p>You have a question? <br>We have the answer !<\/p>\n\n\n\n<p><a href=\"https:\/\/www.jet-vip.com\/frequently-asked-questions\/\" data-type=\"page\" data-id=\"417\">More info<\/a><\/p>\n<\/div>\n<\/div>\n\n\n\n<div class=\"wp-block-group is-vertical is-layout-flex wp-container-core-group-is-layout-25 wp-block-group-is-layout-flex\">\n<h4 class=\"wp-block-heading\">Medical Flights<\/h4>\n\n\n\n<div class=\"wp-block-group is-nowrap is-layout-flex wp-container-core-group-is-layout-24 wp-block-group-is-layout-flex\">\n<p>In case you need to book a jet for your special occasion or business look no further!<\/p>\n\n\n\n<p><a href=\"https:\/\/www.jet-vip.com\/ambulance-flights\/\" data-type=\"page\" data-id=\"1184\">More info<\/a><\/p>\n<\/div>\n<\/div>\n\n\n\n<div class=\"wp-block-group is-vertical is-layout-flex wp-container-core-group-is-layout-27 wp-block-group-is-layout-flex\">\n<h4 class=\"wp-block-heading\">Safety<\/h4>\n\n\n\n<div class=\"wp-block-group is-nowrap is-layout-flex wp-container-core-group-is-layout-26 wp-block-group-is-layout-flex\">\n<p>Safety in private aviation is our most important concern. Safety has always been the priority of Jet-Vip<\/p>\n\n\n\n<p><a href=\"https:\/\/www.jet-vip.com\/safety-at-jet-vip\/\" data-type=\"page\" data-id=\"762\">More info<\/a><\/p>\n<\/div>\n<\/div>\n\n\n\n<div class=\"wp-block-group is-vertical is-layout-flex wp-container-core-group-is-layout-29 wp-block-group-is-layout-flex\">\n<h4 class=\"wp-block-heading\">Empty legs<\/h4>\n\n\n\n<div class=\"wp-block-group is-nowrap is-layout-flex wp-container-core-group-is-layout-28 wp-block-group-is-layout-flex\">\n<p>Chartering an empty leg flight is an opportunity to save up to 50% on your private jet flight price<\/p>\n\n\n\n<p><a href=\"https:\/\/www.jet-vip.com\/empty-leg-flights-with-jet-vip\/\" data-type=\"page\" data-id=\"446\">More info<\/a><\/p>\n<\/div>\n<\/div>\n<\/div>\n<\/div>\n<\/div>\n\n<div class=\"wp-block-group container-rounded-bottom-left -mt-10 white is-layout-constrained wp-block-group-is-layout-constrained\"><\/div>\n","protected":false},"excerpt":{"rendered":"<p>Son y\u0131llarda &#8220;bo\u015f bacak&#8221; terimi, sosyal medyan\u0131n b\u00fcy\u00fcmesi nedeniyle son dakika seyahatleriyle e\u015f anlaml\u0131 hale geldi. Peki &#8216;bo\u015f bacak u\u00e7u\u015fu&#8217; tam olarak ne anlama geliyor? Bir u\u00e7a\u011f\u0131n, i\u00e7inde hi\u00e7 kimse olmadan bo\u015f bir bacak veya &#8220;yeniden konumland\u0131rma u\u00e7u\u015fu&#8221; ile g\u00f6nderildi\u011fi zamanlar vard\u0131r. \u00d6zel jet kiralama end\u00fcstrisinde &#8220;bo\u015f bacak&#8221; terimi, bir u\u00e7u\u015fun g\u00fczergah\u0131n\u0131n d\u00f6n\u00fc\u015f veya yeniden &hellip; <a href=\"https:\/\/www.jet-vip.com\/tr\/jet-vip-ile-bos-bacak-ucuslari\/\">Continued<\/a><\/p>\n","protected":false},"author":2,"featured_media":3218,"parent":0,"menu_order":0,"comment_status":"closed","ping_status":"closed","template":"template-bluebg.blade.php","meta":{"footnotes":""},"class_list":["post-3610","page","type-page","status-publish","has-post-thumbnail","hentry"],"yoast_head":"<!-- This site is optimized with the Yoast SEO Premium plugin v23.9 (Yoast SEO v23.9) - https:\/\/yoast.com\/wordpress\/plugins\/seo\/ -->\n<title>Jet-VIP ile Bo\u015f Bacak U\u00e7u\u015flar\u0131 | \u00d6zel Jet Seyahatinde Tasarruf Edin<\/title>\n<meta name=\"description\" content=\"Jet-VIP ile bo\u015f bacak u\u00e7u\u015flar\u0131n\u0131n \u00f6nemini ke\u015ffedin. Yeniden konumland\u0131rma u\u00e7u\u015flar\u0131nda u\u00e7arak \u00f6zel jet seyahatinde &#039;e varan indirim elde edin.\" \/>\n<meta name=\"robots\" content=\"index, follow, max-snippet:-1, max-image-preview:large, max-video-preview:-1\" \/>\n<link rel=\"canonical\" href=\"https:\/\/www.jet-vip.com\/tr\/jet-vip-ile-bos-bacak-ucuslari\/\" \/>\n<meta property=\"og:locale\" content=\"tr_TR\" \/>\n<meta property=\"og:type\" content=\"article\" \/>\n<meta property=\"og:title\" content=\"Jet-VIP ile Bo\u015f Bacak U\u00e7u\u015flar\u0131 | \u00d6zel Jet Seyahatinde Tasarruf Edin\" \/>\n<meta property=\"og:description\" content=\"Jet-VIP ile bo\u015f bacak u\u00e7u\u015flar\u0131n\u0131n \u00f6nemini ke\u015ffedin. Yeniden konumland\u0131rma u\u00e7u\u015flar\u0131nda u\u00e7arak \u00f6zel jet seyahatinde &#039;e varan indirim elde edin.\" \/>\n<meta property=\"og:url\" content=\"https:\/\/www.jet-vip.com\/tr\/jet-vip-ile-bos-bacak-ucuslari\/\" \/>\n<meta property=\"og:site_name\" content=\"Jet VIP\" \/>\n<meta property=\"article:modified_time\" content=\"2024-11-24T09:01:14+00:00\" \/>\n<meta property=\"og:image\" content=\"https:\/\/www.jet-vip.com\/app\/uploads\/2023\/04\/empty_legs_header.jpg\" \/>\n\t<meta property=\"og:image:width\" content=\"1976\" \/>\n\t<meta property=\"og:image:height\" content=\"1976\" \/>\n\t<meta property=\"og:image:type\" content=\"image\/jpeg\" \/>\n<meta name=\"twitter:card\" content=\"summary_large_image\" \/>\n<meta name=\"twitter:label1\" content=\"Est. reading time\" \/>\n\t<meta name=\"twitter:data1\" content=\"10 minutes\" \/>\n<!-- \/ Yoast SEO Premium plugin. -->","yoast_head_json":{"title":"Jet-VIP ile Bo\u015f Bacak U\u00e7u\u015flar\u0131 | \u00d6zel Jet Seyahatinde Tasarruf Edin","description":"Jet-VIP ile bo\u015f bacak u\u00e7u\u015flar\u0131n\u0131n \u00f6nemini ke\u015ffedin. Yeniden konumland\u0131rma u\u00e7u\u015flar\u0131nda u\u00e7arak \u00f6zel jet seyahatinde 'e varan indirim elde edin.","robots":{"index":"index","follow":"follow","max-snippet":"max-snippet:-1","max-image-preview":"max-image-preview:large","max-video-preview":"max-video-preview:-1"},"canonical":"https:\/\/www.jet-vip.com\/tr\/jet-vip-ile-bos-bacak-ucuslari\/","og_locale":"tr_TR","og_type":"article","og_title":"Jet-VIP ile Bo\u015f Bacak U\u00e7u\u015flar\u0131 | \u00d6zel Jet Seyahatinde Tasarruf Edin","og_description":"Jet-VIP ile bo\u015f bacak u\u00e7u\u015flar\u0131n\u0131n \u00f6nemini ke\u015ffedin. Yeniden konumland\u0131rma u\u00e7u\u015flar\u0131nda u\u00e7arak \u00f6zel jet seyahatinde 'e varan indirim elde edin.","og_url":"https:\/\/www.jet-vip.com\/tr\/jet-vip-ile-bos-bacak-ucuslari\/","og_site_name":"Jet VIP","article_modified_time":"2024-11-24T09:01:14+00:00","og_image":[{"width":1976,"height":1976,"url":"https:\/\/www.jet-vip.com\/app\/uploads\/2023\/04\/empty_legs_header.jpg","type":"image\/jpeg"}],"twitter_card":"summary_large_image","twitter_misc":{"Est. reading time":"10 minutes"},"schema":{"@context":"https:\/\/schema.org","@graph":[{"@type":"WebPage","@id":"https:\/\/www.jet-vip.com\/tr\/jet-vip-ile-bos-bacak-ucuslari\/","url":"https:\/\/www.jet-vip.com\/tr\/jet-vip-ile-bos-bacak-ucuslari\/","name":"Jet-VIP ile Bo\u015f Bacak U\u00e7u\u015flar\u0131 | \u00d6zel Jet Seyahatinde Tasarruf Edin","isPartOf":{"@id":"https:\/\/www.jet-vip.com\/tr\/#website"},"primaryImageOfPage":{"@id":"https:\/\/www.jet-vip.com\/tr\/jet-vip-ile-bos-bacak-ucuslari\/#primaryimage"},"image":{"@id":"https:\/\/www.jet-vip.com\/tr\/jet-vip-ile-bos-bacak-ucuslari\/#primaryimage"},"thumbnailUrl":"https:\/\/www.jet-vip.com\/app\/uploads\/2023\/04\/empty_legs_header.jpg","datePublished":"2023-02-23T11:03:29+00:00","dateModified":"2024-11-24T09:01:14+00:00","description":"Jet-VIP ile bo\u015f bacak u\u00e7u\u015flar\u0131n\u0131n \u00f6nemini ke\u015ffedin. Yeniden konumland\u0131rma u\u00e7u\u015flar\u0131nda u\u00e7arak \u00f6zel jet seyahatinde 'e varan indirim elde edin.","inLanguage":"tr-TR","potentialAction":[{"@type":"ReadAction","target":["https:\/\/www.jet-vip.com\/tr\/jet-vip-ile-bos-bacak-ucuslari\/"]}]},{"@type":"ImageObject","inLanguage":"tr-TR","@id":"https:\/\/www.jet-vip.com\/tr\/jet-vip-ile-bos-bacak-ucuslari\/#primaryimage","url":"https:\/\/www.jet-vip.com\/app\/uploads\/2023\/04\/empty_legs_header.jpg","contentUrl":"https:\/\/www.jet-vip.com\/app\/uploads\/2023\/04\/empty_legs_header.jpg","width":1976,"height":1976},{"@type":"WebSite","@id":"https:\/\/www.jet-vip.com\/tr\/#website","url":"https:\/\/www.jet-vip.com\/tr\/","name":"www.jet-vip.com","description":"Private Jet &amp; Helicopter charter","publisher":{"@id":"https:\/\/www.jet-vip.com\/tr\/#organization"},"potentialAction":[{"@type":"SearchAction","target":{"@type":"EntryPoint","urlTemplate":"https:\/\/www.jet-vip.com\/tr\/?s={search_term_string}"},"query-input":{"@type":"PropertyValueSpecification","valueRequired":true,"valueName":"search_term_string"}}],"inLanguage":"tr-TR"},{"@type":"Organization","@id":"https:\/\/www.jet-vip.com\/tr\/#organization","name":"JET VIP","alternateName":"JET-VIP","url":"https:\/\/www.jet-vip.com\/tr\/","logo":{"@type":"ImageObject","inLanguage":"tr-TR","@id":"https:\/\/www.jet-vip.com\/tr\/#\/schema\/logo\/image\/","url":"https:\/\/www.jet-vip.com\/app\/uploads\/2023\/04\/logo_jetvip.png","contentUrl":"https:\/\/www.jet-vip.com\/app\/uploads\/2023\/04\/logo_jetvip.png","width":2344,"height":1500,"caption":"JET VIP"},"image":{"@id":"https:\/\/www.jet-vip.com\/tr\/#\/schema\/logo\/image\/"},"sameAs":["https:\/\/instagram.com\/jet_vip"]}]}},"_links":{"self":[{"href":"https:\/\/www.jet-vip.com\/tr\/wp-json\/wp\/v2\/pages\/3610","targetHints":{"allow":["GET"]}}],"collection":[{"href":"https:\/\/www.jet-vip.com\/tr\/wp-json\/wp\/v2\/pages"}],"about":[{"href":"https:\/\/www.jet-vip.com\/tr\/wp-json\/wp\/v2\/types\/page"}],"author":[{"embeddable":true,"href":"https:\/\/www.jet-vip.com\/tr\/wp-json\/wp\/v2\/users\/2"}],"replies":[{"embeddable":true,"href":"https:\/\/www.jet-vip.com\/tr\/wp-json\/wp\/v2\/comments?post=3610"}],"version-history":[{"count":1,"href":"https:\/\/www.jet-vip.com\/tr\/wp-json\/wp\/v2\/pages\/3610\/revisions"}],"predecessor-version":[{"id":3611,"href":"https:\/\/www.jet-vip.com\/tr\/wp-json\/wp\/v2\/pages\/3610\/revisions\/3611"}],"wp:featuredmedia":[{"embeddable":true,"href":"https:\/\/www.jet-vip.com\/tr\/wp-json\/wp\/v2\/media\/3218"}],"wp:attachment":[{"href":"https:\/\/www.jet-vip.com\/tr\/wp-json\/wp\/v2\/media?parent=3610"}],"curies":[{"name":"wp","href":"https:\/\/api.w.org\/{rel}","templated":true}]}}