{"id":3602,"date":"2022-11-10T15:24:10","date_gmt":"2022-11-10T15:24:10","guid":{"rendered":"https:\/\/www.jet-vip.com\/ucus-arama\/"},"modified":"2024-11-24T08:31:44","modified_gmt":"2024-11-24T08:31:44","slug":"ucus-arama","status":"publish","type":"page","link":"https:\/\/www.jet-vip.com\/tr\/ucus-arama\/","title":{"rendered":"U\u00e7u\u015f Arama"},"content":{"rendered":"\n<p class=\"px-7\">Tahmini fiyatlar\u0131 \u015fimdi al\u0131n  <\/p>\n\n<div class=\"wp-block-group px-7 py-4 my-8 mb-20 is-layout-constrained wp-block-group-is-layout-constrained\">\n<!-- Put this where you want the web app to show up. -->\n<div id=\"avinodeApp\"><\/div>\n\n<!-- Put this before the closing <\/body> tag. -->\n<script src=\"https:\/\/apps.avinode.com\/webapp\/rest\/bootstrap?Avinode-WEB-APP=eyJraWQiOiIxNkVBQkQ5RS1BRjYyLTQ4NTEtODk5Qi1BM0UwMThGRjYxNDciLCJ0eXAiOiJKV1QiLCJhbGciOiJSUzUxMiJ9.eyJzdWIiOiJmMTA3OWIyZC1jNzZlLTRkNDQtYTQwYS0wZjliNzVkZTYwZDEiLCJhdmlkb21haW4iOiIuYXZpbm9kZS5jb20iLCJhdml0ZW5hbnQiOjExOTY0LCJpc3MiOiJhdmlub2RlIiwiYXZpdHlwZSI6MTAsImF2aW5vbmNlIjoiNjY4ZjI1ODAtMDVlYy00NDk2LWJmMjMtYTdlOWM5NmM3OWVkIn0.Wcc2pCdLZ_8sxR6q9apPLW1WjXdWyhMwr4tpWNyelxousmVgdzoonZCr69v2ysWvPrJnnGVTCJuwfDlaQd0BWUp6g3HfECzgWj2ur4BSZdcySfO4yBeMMn9tmXa4DhoDVtgGE7EeNuuuhjj3p46Evcrex9w8jOehzI_8MTX1y7NilF2Xkqm_5aAkZDTAHOTkW-DAfei3lHlRlSPzO0r2_E5bPmKFC6FBFyiv5Haasl6h9ifDs8AtY6JuH0MjnQ8FXb1uKyKIXUYvxbsdi-28CUC_mBQvrNPHr2B_NJBpbWVUF6OBSBWgXabKPKzrpYZBay8yoO5SgX6cCJPGlddaAw\" async=\"\">\n<\/script><\/div>\n","protected":false},"excerpt":{"rendered":"<p>Tahmini fiyatlar\u0131 \u015fimdi al\u0131n<\/p>\n","protected":false},"author":2,"featured_media":3119,"parent":0,"menu_order":0,"comment_status":"closed","ping_status":"closed","template":"template-startpage.blade.php","meta":{"footnotes":""},"class_list":["post-3602","page","type-page","status-publish","has-post-thumbnail","hentry"],"yoast_head":"<!-- This site is optimized with the Yoast SEO Premium plugin v27.5 (Yoast SEO v27.5) - https:\/\/yoast.com\/product\/yoast-seo-premium-wordpress\/ -->\n<title>\u00d6zel Jet U\u00e7u\u015f Arama | Jet-VIP ile M\u00fckemmel Jeti Bulun<\/title>\n<meta name=\"description\" content=\"Seyahat ihtiya\u00e7lar\u0131n\u0131z i\u00e7in m\u00fckemmel jeti bulmak i\u00e7in Jet-VIP&#039;in \u00f6zel jet u\u00e7u\u015f arama arac\u0131n\u0131 kullan\u0131n. \u00c7ok \u00e7e\u015fitli \u00f6zel jetleri ke\u015ffedin.\" \/>\n<meta name=\"robots\" content=\"index, follow, max-snippet:-1, max-image-preview:large, max-video-preview:-1\" \/>\n<link rel=\"canonical\" href=\"https:\/\/www.jet-vip.com\/tr\/ucus-arama\/\" \/>\n<meta property=\"og:locale\" content=\"tr_TR\" \/>\n<meta property=\"og:type\" content=\"article\" \/>\n<meta property=\"og:title\" content=\"\u00d6zel Jet U\u00e7u\u015f Arama | Jet-VIP ile M\u00fckemmel Jeti Bulun\" \/>\n<meta property=\"og:description\" content=\"Seyahat ihtiya\u00e7lar\u0131n\u0131z i\u00e7in m\u00fckemmel jeti bulmak i\u00e7in Jet-VIP&#039;in \u00f6zel jet u\u00e7u\u015f arama arac\u0131n\u0131 kullan\u0131n. \u00c7ok \u00e7e\u015fitli \u00f6zel jetleri ke\u015ffedin.\" \/>\n<meta property=\"og:url\" content=\"https:\/\/www.jet-vip.com\/tr\/ucus-arama\/\" \/>\n<meta property=\"og:site_name\" content=\"Jet VIP\" \/>\n<meta property=\"article:modified_time\" content=\"2024-11-24T08:31:44+00:00\" \/>\n<meta property=\"og:image\" content=\"https:\/\/www.jet-vip.com\/app\/uploads\/2023\/03\/Honda-Hondajet.jpeg\" \/>\n\t<meta property=\"og:image:width\" content=\"1350\" \/>\n\t<meta property=\"og:image:height\" content=\"900\" \/>\n\t<meta property=\"og:image:type\" content=\"image\/jpeg\" \/>\n<meta name=\"twitter:card\" content=\"summary_large_image\" \/>\n<meta name=\"twitter:label1\" content=\"Est. reading time\" \/>\n\t<meta name=\"twitter:data1\" content=\"1 minute\" \/>\n<!-- \/ Yoast SEO Premium plugin. -->","yoast_head_json":{"title":"\u00d6zel Jet U\u00e7u\u015f Arama | Jet-VIP ile M\u00fckemmel Jeti Bulun","description":"Seyahat ihtiya\u00e7lar\u0131n\u0131z i\u00e7in m\u00fckemmel jeti bulmak i\u00e7in Jet-VIP'in \u00f6zel jet u\u00e7u\u015f arama arac\u0131n\u0131 kullan\u0131n. \u00c7ok \u00e7e\u015fitli \u00f6zel jetleri ke\u015ffedin.","robots":{"index":"index","follow":"follow","max-snippet":"max-snippet:-1","max-image-preview":"max-image-preview:large","max-video-preview":"max-video-preview:-1"},"canonical":"https:\/\/www.jet-vip.com\/tr\/ucus-arama\/","og_locale":"tr_TR","og_type":"article","og_title":"\u00d6zel Jet U\u00e7u\u015f Arama | Jet-VIP ile M\u00fckemmel Jeti Bulun","og_description":"Seyahat ihtiya\u00e7lar\u0131n\u0131z i\u00e7in m\u00fckemmel jeti bulmak i\u00e7in Jet-VIP'in \u00f6zel jet u\u00e7u\u015f arama arac\u0131n\u0131 kullan\u0131n. \u00c7ok \u00e7e\u015fitli \u00f6zel jetleri ke\u015ffedin.","og_url":"https:\/\/www.jet-vip.com\/tr\/ucus-arama\/","og_site_name":"Jet VIP","article_modified_time":"2024-11-24T08:31:44+00:00","og_image":[{"width":1350,"height":900,"url":"https:\/\/www.jet-vip.com\/app\/uploads\/2023\/03\/Honda-Hondajet.jpeg","type":"image\/jpeg"}],"twitter_card":"summary_large_image","twitter_misc":{"Est. reading time":"1 minute"},"schema":{"@context":"https:\/\/schema.org","@graph":[{"@type":"WebPage","@id":"https:\/\/www.jet-vip.com\/tr\/ucus-arama\/","url":"https:\/\/www.jet-vip.com\/tr\/ucus-arama\/","name":"\u00d6zel Jet U\u00e7u\u015f Arama | Jet-VIP ile M\u00fckemmel Jeti Bulun","isPartOf":{"@id":"https:\/\/www.jet-vip.com\/tr\/#website"},"primaryImageOfPage":{"@id":"https:\/\/www.jet-vip.com\/tr\/ucus-arama\/#primaryimage"},"image":{"@id":"https:\/\/www.jet-vip.com\/tr\/ucus-arama\/#primaryimage"},"thumbnailUrl":"https:\/\/www.jet-vip.com\/app\/uploads\/2023\/03\/Honda-Hondajet.jpeg","datePublished":"2022-11-10T15:24:10+00:00","dateModified":"2024-11-24T08:31:44+00:00","description":"Seyahat ihtiya\u00e7lar\u0131n\u0131z i\u00e7in m\u00fckemmel jeti bulmak i\u00e7in Jet-VIP'in \u00f6zel jet u\u00e7u\u015f arama arac\u0131n\u0131 kullan\u0131n. \u00c7ok \u00e7e\u015fitli \u00f6zel jetleri ke\u015ffedin.","inLanguage":"tr-TR","potentialAction":[{"@type":"ReadAction","target":["https:\/\/www.jet-vip.com\/tr\/ucus-arama\/"]}]},{"@type":"ImageObject","inLanguage":"tr-TR","@id":"https:\/\/www.jet-vip.com\/tr\/ucus-arama\/#primaryimage","url":"https:\/\/www.jet-vip.com\/app\/uploads\/2023\/03\/Honda-Hondajet.jpeg","contentUrl":"https:\/\/www.jet-vip.com\/app\/uploads\/2023\/03\/Honda-Hondajet.jpeg","width":1350,"height":900},{"@type":"WebSite","@id":"https:\/\/www.jet-vip.com\/tr\/#website","url":"https:\/\/www.jet-vip.com\/tr\/","name":"www.jet-vip.com","description":"Private Jet &amp; Helicopter charter","publisher":{"@id":"https:\/\/www.jet-vip.com\/tr\/#organization"},"potentialAction":[{"@type":"SearchAction","target":{"@type":"EntryPoint","urlTemplate":"https:\/\/www.jet-vip.com\/tr\/?s={search_term_string}"},"query-input":{"@type":"PropertyValueSpecification","valueRequired":true,"valueName":"search_term_string"}}],"inLanguage":"tr-TR"},{"@type":"Organization","@id":"https:\/\/www.jet-vip.com\/tr\/#organization","name":"JET VIP","alternateName":"JET-VIP","url":"https:\/\/www.jet-vip.com\/tr\/","logo":{"@type":"ImageObject","inLanguage":"tr-TR","@id":"https:\/\/www.jet-vip.com\/tr\/#\/schema\/logo\/image\/","url":"https:\/\/www.jet-vip.com\/app\/uploads\/2023\/04\/logo_jetvip.png","contentUrl":"https:\/\/www.jet-vip.com\/app\/uploads\/2023\/04\/logo_jetvip.png","width":2344,"height":1500,"caption":"JET VIP"},"image":{"@id":"https:\/\/www.jet-vip.com\/tr\/#\/schema\/logo\/image\/"},"sameAs":["https:\/\/instagram.com\/jet_vip"]}]}},"_links":{"self":[{"href":"https:\/\/www.jet-vip.com\/tr\/wp-json\/wp\/v2\/pages\/3602","targetHints":{"allow":["GET"]}}],"collection":[{"href":"https:\/\/www.jet-vip.com\/tr\/wp-json\/wp\/v2\/pages"}],"about":[{"href":"https:\/\/www.jet-vip.com\/tr\/wp-json\/wp\/v2\/types\/page"}],"author":[{"embeddable":true,"href":"https:\/\/www.jet-vip.com\/tr\/wp-json\/wp\/v2\/users\/2"}],"replies":[{"embeddable":true,"href":"https:\/\/www.jet-vip.com\/tr\/wp-json\/wp\/v2\/comments?post=3602"}],"version-history":[{"count":1,"href":"https:\/\/www.jet-vip.com\/tr\/wp-json\/wp\/v2\/pages\/3602\/revisions"}],"predecessor-version":[{"id":3603,"href":"https:\/\/www.jet-vip.com\/tr\/wp-json\/wp\/v2\/pages\/3602\/revisions\/3603"}],"wp:featuredmedia":[{"embeddable":true,"href":"https:\/\/www.jet-vip.com\/tr\/wp-json\/wp\/v2\/media\/3119"}],"wp:attachment":[{"href":"https:\/\/www.jet-vip.com\/tr\/wp-json\/wp\/v2\/media?parent=3602"}],"curies":[{"name":"wp","href":"https:\/\/api.w.org\/{rel}","templated":true}]}}