{"id":3590,"date":"2023-01-31T20:01:29","date_gmt":"2023-01-31T20:01:29","guid":{"rendered":"https:\/\/www.jet-vip.com\/iletisim\/"},"modified":"2024-11-24T09:00:41","modified_gmt":"2024-11-24T09:00:41","slug":"iletisim","status":"publish","type":"page","link":"https:\/\/www.jet-vip.com\/tr\/iletisim\/","title":{"rendered":"\u0130leti\u015fim"},"content":{"rendered":"\n<div class=\"wp-block-group mx-7 max-w-7xl sm:mx-auto mb-20 is-content-justification-space-between is-layout-flex wp-container-core-group-is-layout-e3bc7287 wp-block-group-is-layout-flex\">\n<div class=\"wp-block-group mx-7 p-7 bg-sand-200 rounded-3xl shadow-2xl shadow-even is-layout-constrained wp-block-group-is-layout-constrained\">\n<h1 class=\"wp-block-heading\">\u0130leti\u015fim<\/h1>\n\n\n\n<p class=\"text-grey-blue-400 text-xl mb-12\">Jet-Vip ile ba\u011flant\u0131 kurun<\/p>\n\n\n\n<hr class=\"wp-block-separator has-alpha-channel-opacity\"\/>\n\n\n\n<p><strong>U\u00e7u\u015f uzmanlar\u0131m\u0131z 7\/24 hizmetinizdedir<\/strong><\/p>\n\n\n\n<ul class=\"with-icons wp-block-list\">\n<li><img decoding=\"async\" width=\"16\" height=\"16\" class=\"wp-image-265\" style=\"width: 16.725px;\" src=\"http:\/\/www.jet-vip.com\/app\/uploads\/2023\/01\/phone.svg\" alt=\"\"\/>  +33 (0) 970 445 435<\/li>\n\n\n\n<li><img decoding=\"async\" width=\"11\" height=\"18\" class=\"wp-image-262\" style=\"width: 11.445px;\" src=\"http:\/\/www.jet-vip.com\/app\/uploads\/2023\/01\/cellphone.svg\" alt=\"\"\/>+33 649 57 3300<\/li>\n\n\n\n<li><img decoding=\"async\" width=\"17\" height=\"13\" class=\"wp-image-263\" style=\"width: 17.463px;\" src=\"http:\/\/www.jet-vip.com\/app\/uploads\/2023\/01\/email.svg\" alt=\"\"\/><a href=\"mailto:contact@jet-vip.com\">contact@jet-vip.com<\/a><\/li>\n\n\n\n<li><img decoding=\"async\" width=\"13\" height=\"19\" class=\"wp-image-264\" style=\"width: 13.62px;\" src=\"http:\/\/www.jet-vip.com\/app\/uploads\/2023\/01\/location.svg\" alt=\"\"\/>2 Avenue Jean Monnet, 26000 Valence, Fransa<\/li>\n<\/ul>\n<\/div>\n\n\n\n<div class=\"wp-block-group m-7 sm:w-1\/2 is-layout-constrained wp-block-group-is-layout-constrained\">\n<h4 class=\"wp-block-heading\">Bizimle ileti\u015fime ge\u00e7mek i\u00e7in bu formu kullan\u0131n<\/h4>\n\n\n\n\n<div class=\"wpcf7 no-js\" id=\"wpcf7-f312-o1\" lang=\"en-US\" dir=\"ltr\" data-wpcf7-id=\"312\">\n<div class=\"screen-reader-response\"><p role=\"status\" aria-live=\"polite\" aria-atomic=\"true\"><\/p> <ul><\/ul><\/div>\n<form action=\"\/tr\/wp-json\/wp\/v2\/pages\/3590#wpcf7-f312-o1\" method=\"post\" class=\"wpcf7-form init\" aria-label=\"Contact form\" novalidate=\"novalidate\" data-status=\"init\">\n<fieldset class=\"hidden-fields-container\"><input type=\"hidden\" name=\"_wpcf7\" value=\"312\" \/><input type=\"hidden\" name=\"_wpcf7_version\" value=\"6.1.5\" \/><input type=\"hidden\" name=\"_wpcf7_locale\" value=\"en_US\" \/><input type=\"hidden\" name=\"_wpcf7_unit_tag\" value=\"wpcf7-f312-o1\" \/><input type=\"hidden\" name=\"_wpcf7_container_post\" value=\"0\" \/><input type=\"hidden\" name=\"_wpcf7_posted_data_hash\" value=\"\" \/><input type=\"hidden\" name=\"_wpcf7_recaptcha_response\" value=\"\" \/>\n<\/fieldset>\n<div class=\"dets\">\n\t<p><label> Full name<br \/>\n<span class=\"wpcf7-form-control-wrap\" data-name=\"your-name\"><input size=\"20\" maxlength=\"400\" class=\"wpcf7-form-control wpcf7-text wpcf7-validates-as-required\" autocomplete=\"name\" aria-required=\"true\" aria-invalid=\"false\" value=\"\" type=\"text\" name=\"your-name\" \/><\/span> <\/label><br \/>\n<label> Your email<br \/>\n<span class=\"wpcf7-form-control-wrap\" data-name=\"your-email\"><input size=\"20\" maxlength=\"400\" class=\"wpcf7-form-control wpcf7-email wpcf7-validates-as-required wpcf7-text wpcf7-validates-as-email\" autocomplete=\"email\" aria-required=\"true\" aria-invalid=\"false\" value=\"\" type=\"email\" name=\"your-email\" \/><\/span> <\/label><br \/>\n<label> Your phone<br \/>\n<span class=\"wpcf7-form-control-wrap\" data-name=\"your-phone\"><input size=\"20\" maxlength=\"400\" class=\"wpcf7-form-control wpcf7-tel wpcf7-validates-as-required wpcf7-text wpcf7-validates-as-tel\" autocomplete=\"phone\" aria-required=\"true\" aria-invalid=\"false\" placeholder=\"include country code\" value=\"\" type=\"tel\" name=\"your-phone\" \/><\/span> <\/label>\n\t<\/p>\n<\/div>\n<p><label> Your comment<br \/>\n<span class=\"wpcf7-form-control-wrap\" data-name=\"your-message\"><textarea cols=\"20\" rows=\"5\" maxlength=\"2000\" class=\"wpcf7-form-control wpcf7-textarea wpcf7-validates-as-required\" aria-required=\"true\" aria-invalid=\"false\" placeholder=\"type here\" name=\"your-message\"><\/textarea><\/span> <\/label><br \/>\n<input class=\"wpcf7-form-control wpcf7-submit has-spinner\" type=\"submit\" value=\"Submit\" \/>\n<\/p><div class=\"wpcf7-response-output\" aria-hidden=\"true\"><\/div>\n<\/form>\n<\/div>\n\n<\/div>\n<\/div>\n\n<div class=\"wp-block-group container-white-rounded-corner is-layout-flow wp-block-group-is-layout-flow\">\n<div class=\"wp-block-group mx-7 max-w-7xl sm:mx-auto is-layout-flow wp-block-group-is-layout-flow\">\n<div class=\"wp-block-group is-content-justification-space-between is-layout-flex wp-container-core-group-is-layout-e3bc7287 wp-block-group-is-layout-flex\">\n<div class=\"wp-block-group is-vertical is-layout-flex wp-container-core-group-is-layout-8cf370e7 wp-block-group-is-layout-flex\">\n<h2 class=\"wp-block-heading\">Ofisimiz<\/h2>\n\n\n\n<hr class=\"wp-block-separator has-alpha-channel-opacity\"\/>\n\n\n\n<p><strong>Adresindeki ofisimizde bizi ziyaret edebilirsiniz:  <\/strong><\/p>\n\n\n\n<p>2 Jean Monnet Bulvar\u0131  <br\/>26000 Valence, Fransa<\/p>\n<\/div>\n\n\n\n<div class=\"wp-block-group is-nowrap is-layout-flex wp-container-core-group-is-layout-ad2f72ca wp-block-group-is-layout-flex\">\n<figure class=\"wp-block-image aligncenter size-full my-4\"><img decoding=\"async\" width=\"264\" height=\"178\" src=\"http:\/\/www.jet-vip.com\/app\/uploads\/2023\/05\/photo1.png\" alt=\"\" class=\"wp-image-1902\"\/><\/figure>\n\n\n<figure class=\"wp-block-image aligncenter size-full my-4\"><img decoding=\"async\" width=\"266\" height=\"178\" src=\"http:\/\/www.jet-vip.com\/app\/uploads\/2023\/05\/photo2.png\" alt=\"\" class=\"wp-image-1903\"\/><\/figure>\n\n\n<figure class=\"wp-block-image aligncenter size-full\"><img decoding=\"async\" width=\"266\" height=\"178\" src=\"http:\/\/www.jet-vip.com\/app\/uploads\/2023\/05\/photo3.png\" alt=\"\" class=\"wp-image-1904\"\/><\/figure><\/div>\n<\/div>\n\n\n\n<div class=\"wp-block-group my-20 is-content-justification-space-between is-layout-flex wp-container-core-group-is-layout-eeff9024 wp-block-group-is-layout-flex\">\n<div class=\"wp-block-group sm:w-1\/2 is-vertical is-layout-flex wp-container-core-group-is-layout-8cf370e7 wp-block-group-is-layout-flex\">\n<h2 class=\"wp-block-heading\">Bizi instagram&#8217;da takip edin<\/h2>\n\n\n\n<p>Daha fazla \u00f6zel hikaye, foto\u011fraf ve video i\u00e7in bizi Instagram&#8217;da takip edin<\/p>\n<\/div>\n\n\n\n<div class=\"wp-block-group sm:w-1\/2 is-vertical is-layout-flex wp-container-core-group-is-layout-8cf370e7 wp-block-group-is-layout-flex\">\n<div class=\"wp-block-group is-content-justification-center is-nowrap is-layout-flex wp-container-core-group-is-layout-94bc23d7 wp-block-group-is-layout-flex\">\n<figure class=\"wp-block-image size-full is-resized w-2\/5\"><img decoding=\"async\" src=\"http:\/\/www.jet-vip.com\/app\/uploads\/2023\/05\/jet-interior.png\" alt=\"\" class=\"wp-image-1898\" width=\"116\" height=\"116\" srcset=\"https:\/\/www.jet-vip.com\/app\/uploads\/2023\/05\/jet-interior.png 232w, https:\/\/www.jet-vip.com\/app\/uploads\/2023\/05\/jet-interior-150x150.png 150w\" sizes=\"(max-width: 116px) 100vw, 116px\" \/><\/figure>\n\n\n<figure class=\"wp-block-image size-full is-resized w-2\/5\"><img decoding=\"async\" src=\"http:\/\/www.jet-vip.com\/app\/uploads\/2023\/05\/jet-interior-2.png\" alt=\"\" class=\"wp-image-1899\" width=\"116\" height=\"116\" srcset=\"https:\/\/www.jet-vip.com\/app\/uploads\/2023\/05\/jet-interior-2.png 232w, https:\/\/www.jet-vip.com\/app\/uploads\/2023\/05\/jet-interior-2-150x150.png 150w\" sizes=\"(max-width: 116px) 100vw, 116px\" \/><\/figure>\n\n\n<figure class=\"wp-block-image size-full is-resized w-2\/5\"><img decoding=\"async\" src=\"http:\/\/www.jet-vip.com\/app\/uploads\/2023\/05\/Altay.png\" alt=\"\" class=\"wp-image-1894\" width=\"116\" height=\"116\" srcset=\"https:\/\/www.jet-vip.com\/app\/uploads\/2023\/05\/Altay.png 232w, https:\/\/www.jet-vip.com\/app\/uploads\/2023\/05\/Altay-150x150.png 150w\" sizes=\"(max-width: 116px) 100vw, 116px\" \/><\/figure>\n\n\n<figure class=\"wp-block-image size-full is-resized w-2\/5\"><img decoding=\"async\" src=\"http:\/\/www.jet-vip.com\/app\/uploads\/2023\/05\/photo4.png\" alt=\"\" class=\"wp-image-1905\" width=\"116\" height=\"116\" srcset=\"https:\/\/www.jet-vip.com\/app\/uploads\/2023\/05\/photo4.png 232w, https:\/\/www.jet-vip.com\/app\/uploads\/2023\/05\/photo4-150x150.png 150w\" sizes=\"(max-width: 116px) 100vw, 116px\" \/><\/figure><\/div>\n\n\n\n<p class=\"has-text-align-right yellow-link has-lg-font-size\"><a rel=\"noreferrer noopener\" href=\"https:\/\/www.instagram.com\/jet_vip\/\" target=\"_blank\">Daha fazla g\u00f6r\u00fcnt\u00fcle<\/a> \u2794<\/p>\n<\/div>\n<\/div>\n<\/div>\n<\/div>\n\n<div class=\"wp-block-group mx-7 max-w-7xl sm:mx-auto is-layout-flow wp-block-group-is-layout-flow\">\n<div class=\"wp-block-group m-7 p-7 bg-sand-200 rounded-3xl container-has-top-icon max-w-4xl mx-auto is-layout-flow wp-block-group-is-layout-flow\">\n<figure class=\"wp-block-image aligncenter size-large top-icon\"><img decoding=\"async\" width=\"108\" height=\"108\" src=\"http:\/\/www.jet-vip.com\/app\/uploads\/2023\/05\/mail-subscribe-1.svg\" alt=\"\" class=\"wp-image-1901\"\/><\/figure>\n\n\n<h3 class=\"has-text-align-center wp-block-heading\">B\u00fcltenimize Abone Olun<\/h3>\n\n\n\n<p class=\"has-text-align-center\">\u0130\u015f havac\u0131l\u0131\u011f\u0131 sekt\u00f6r\u00fc ve Jet-Vip ile ilgili t\u00fcm haberler. Size spam g\u00f6ndermeyece\u011fimize veya e-posta adresinizi payla\u015fmayaca\u011f\u0131m\u0131za s\u00f6z veriyoruz!<\/p>\n\n\n\n<div class=\"wp-block-group newsletter-form is-content-justification-center is-nowrap is-layout-flex wp-container-core-group-is-layout-94bc23d7 wp-block-group-is-layout-flex\">\n\n<div class=\"wpcf7 no-js\" id=\"wpcf7-f354-o2\" lang=\"en-US\" dir=\"ltr\" data-wpcf7-id=\"354\">\n<div class=\"screen-reader-response\"><p role=\"status\" aria-live=\"polite\" aria-atomic=\"true\"><\/p> <ul><\/ul><\/div>\n<form action=\"\/tr\/wp-json\/wp\/v2\/pages\/3590#wpcf7-f354-o2\" method=\"post\" class=\"wpcf7-form init\" aria-label=\"Contact form\" novalidate=\"novalidate\" data-status=\"init\">\n<fieldset class=\"hidden-fields-container\"><input type=\"hidden\" name=\"_wpcf7\" value=\"354\" \/><input type=\"hidden\" name=\"_wpcf7_version\" value=\"6.1.5\" \/><input type=\"hidden\" name=\"_wpcf7_locale\" value=\"en_US\" \/><input type=\"hidden\" name=\"_wpcf7_unit_tag\" value=\"wpcf7-f354-o2\" \/><input type=\"hidden\" name=\"_wpcf7_container_post\" value=\"0\" \/><input type=\"hidden\" name=\"_wpcf7_posted_data_hash\" value=\"\" \/><input type=\"hidden\" name=\"_wpcf7_recaptcha_response\" value=\"\" \/>\n<\/fieldset>\n<p><label> Your email<br \/>\n<span class=\"wpcf7-form-control-wrap\" data-name=\"your-email\"><input size=\"40\" maxlength=\"400\" class=\"wpcf7-form-control wpcf7-email wpcf7-validates-as-required wpcf7-text wpcf7-validates-as-email\" autocomplete=\"email\" aria-required=\"true\" aria-invalid=\"false\" value=\"\" type=\"email\" name=\"your-email\" \/><\/span> <\/label>\n<\/p>\n<p><input class=\"wpcf7-form-control wpcf7-submit has-spinner\" type=\"submit\" value=\"Subscribe\" \/>\n<\/p><div class=\"wpcf7-response-output\" aria-hidden=\"true\"><\/div>\n<\/form>\n<\/div>\n\n<\/div>\n<\/div>\n<\/div>\n\n<div class=\"wp-block-group container-white-rounded-corner mt-20 is-layout-flow wp-block-group-is-layout-flow\">\n<div class=\"wp-block-group mx-7 max-w-7xl sm:mx-auto mt-12 is-layout-flow wp-block-group-is-layout-flow\">\n<div class=\"wp-block-group header-text-container bg-white pt-8 is-layout-constrained wp-block-group-is-layout-constrained\">\n<div class=\"wp-block-group block-header-container is-vertical is-layout-flex wp-container-core-group-is-layout-8cf370e7 wp-block-group-is-layout-flex\">\n<h2 class=\"wp-block-heading\" id=\"h-learn-more\">Learn more<\/h2>\n\n\n\n<hr class=\"wp-block-separator has-alpha-channel-opacity\"\/>\n\n\n\n<p>We know that your flight needs may be different, so we adapt to provide various kinds of <a href=\"https:\/\/diamondproblemsolver.org\/\">diamond solver<\/a>:<\/p>\n<\/div>\n\n\n\n<div class=\"wp-block-group is-vertical is-layout-flex wp-container-core-group-is-layout-8cf370e7 wp-block-group-is-layout-flex\">\n<h4 class=\"wp-block-heading\" id=\"h-fleet\">Fleet<\/h4>\n\n\n\n<div class=\"wp-block-group is-nowrap is-layout-flex wp-container-core-group-is-layout-ad2f72ca wp-block-group-is-layout-flex\">\n<p>Our expert team can find the best available price for your private jet hire on the most suitable private aircraft<\/p>\n\n\n\n<p><a href=\"https:\/\/www.jet-vip.com\/our-fleet\/\">More info<\/a><\/p>\n<\/div>\n<\/div>\n\n\n\n<div class=\"wp-block-group is-vertical is-layout-flex wp-container-core-group-is-layout-8cf370e7 wp-block-group-is-layout-flex\">\n<h4 class=\"wp-block-heading\" id=\"h-destinations\">Destinations<\/h4>\n\n\n\n<div class=\"wp-block-group is-nowrap is-layout-flex wp-container-core-group-is-layout-ad2f72ca wp-block-group-is-layout-flex\">\n<p>Discover the most requested destinations for your private jet trip<\/p>\n\n\n\n<p><a href=\"https:\/\/www.jet-vip.com\/destinations\/\" data-type=\"page\" data-id=\"122\">More info<\/a><\/p>\n<\/div>\n<\/div>\n\n\n\n<div class=\"wp-block-group is-vertical is-layout-flex wp-container-core-group-is-layout-8cf370e7 wp-block-group-is-layout-flex\">\n<h4 class=\"wp-block-heading\" id=\"h-frequently-asked-questions\">Frequently Asked Questions<\/h4>\n\n\n\n<div class=\"wp-block-group is-nowrap is-layout-flex wp-container-core-group-is-layout-ad2f72ca wp-block-group-is-layout-flex\">\n<p>You have a question? <br>We have the answer !<\/p>\n\n\n\n<p><a href=\"https:\/\/www.jet-vip.com\/frequently-asked-questions\/\" data-type=\"page\" data-id=\"417\">More info<\/a><\/p>\n<\/div>\n<\/div>\n\n\n\n<div class=\"wp-block-group is-vertical is-layout-flex wp-container-core-group-is-layout-8cf370e7 wp-block-group-is-layout-flex\">\n<h4 class=\"wp-block-heading\" id=\"h-medical-flights\">Medical Flights<\/h4>\n\n\n\n<div class=\"wp-block-group is-nowrap is-layout-flex wp-container-core-group-is-layout-ad2f72ca wp-block-group-is-layout-flex\">\n<p>In case you need to book a jet for your special occasion or business look no further!<\/p>\n\n\n\n<p><a href=\"https:\/\/www.jet-vip.com\/ambulance-flights\/\" data-type=\"page\" data-id=\"1184\">More info<\/a><\/p>\n<\/div>\n<\/div>\n\n\n\n<div class=\"wp-block-group is-vertical is-layout-flex wp-container-core-group-is-layout-8cf370e7 wp-block-group-is-layout-flex\">\n<h4 class=\"wp-block-heading\" id=\"h-safety\">Safety<\/h4>\n\n\n\n<div class=\"wp-block-group is-nowrap is-layout-flex wp-container-core-group-is-layout-ad2f72ca wp-block-group-is-layout-flex\">\n<p>Safety in private aviation is our most important concern. Safety has always been the priority of Jet-Vip<\/p>\n\n\n\n<p><a href=\"https:\/\/www.jet-vip.com\/safety-at-jet-vip\/\" data-type=\"page\" data-id=\"762\">More info<\/a><\/p>\n<\/div>\n<\/div>\n\n\n\n<div class=\"wp-block-group is-vertical is-layout-flex wp-container-core-group-is-layout-8cf370e7 wp-block-group-is-layout-flex\">\n<h4 class=\"wp-block-heading\" id=\"h-empty-legs\">Empty legs<\/h4>\n\n\n\n<div class=\"wp-block-group is-nowrap is-layout-flex wp-container-core-group-is-layout-ad2f72ca wp-block-group-is-layout-flex\">\n<p>Chartering an empty leg flight is an opportunity to save up to 50% on your private jet flight price<\/p>\n\n\n\n<p><a href=\"https:\/\/www.jet-vip.com\/empty-leg-flights-with-jet-vip\/\" data-type=\"page\" data-id=\"446\">More info<\/a><\/p>\n<\/div>\n<\/div>\n<\/div>\n<\/div>\n<\/div>\n\n<div class=\"wp-block-group container-rounded-bottom-left -mt-10 white is-layout-constrained wp-block-group-is-layout-constrained\"><\/div>\n","protected":false},"excerpt":{"rendered":"<p>\u0130leti\u015fim Jet-Vip ile ba\u011flant\u0131 kurun U\u00e7u\u015f uzmanlar\u0131m\u0131z 7\/24 hizmetinizdedir Bizimle ileti\u015fime ge\u00e7mek i\u00e7in bu formu kullan\u0131n Ofisimiz Adresindeki ofisimizde bizi ziyaret edebilirsiniz: 2 Jean Monnet Bulvar\u0131 26000 Valence, Fransa Bizi instagram&#8217;da takip edin Daha fazla \u00f6zel hikaye, foto\u011fraf ve video i\u00e7in bizi Instagram&#8217;da takip edin Daha fazla g\u00f6r\u00fcnt\u00fcle \u2794 B\u00fcltenimize Abone Olun \u0130\u015f havac\u0131l\u0131\u011f\u0131 sekt\u00f6r\u00fc &hellip; <a href=\"https:\/\/www.jet-vip.com\/tr\/iletisim\/\">Continued<\/a><\/p>\n","protected":false},"author":2,"featured_media":3224,"parent":0,"menu_order":0,"comment_status":"closed","ping_status":"closed","template":"template-contacts.blade.php","meta":{"footnotes":""},"class_list":["post-3590","page","type-page","status-publish","has-post-thumbnail","hentry"],"yoast_head":"<!-- This site is optimized with the Yoast SEO Premium plugin v27.5 (Yoast SEO v27.5) - https:\/\/yoast.com\/product\/yoast-seo-premium-wordpress\/ -->\n<title>Jet-VIP ile \u0130leti\u015fime Ge\u00e7in | \u00d6zel Jet Kiralama Sorular\u0131 ve M\u00fc\u015fteri Deste\u011fi<\/title>\n<meta name=\"description\" content=\"T\u00fcm \u00f6zel jet kiralama sorular\u0131n\u0131z, rezervasyonlar\u0131n\u0131z ve m\u00fc\u015fteri deste\u011fi ihtiya\u00e7lar\u0131n\u0131z i\u00e7in Jet-VIP ile ileti\u015fime ge\u00e7in. Unutulmaz yolculu\u011funuza bizimle ba\u015flay\u0131n!\" \/>\n<meta name=\"robots\" content=\"index, follow, max-snippet:-1, max-image-preview:large, max-video-preview:-1\" \/>\n<link rel=\"canonical\" href=\"https:\/\/www.jet-vip.com\/tr\/iletisim\/\" \/>\n<meta property=\"og:locale\" content=\"tr_TR\" \/>\n<meta property=\"og:type\" content=\"article\" \/>\n<meta property=\"og:title\" content=\"Jet-VIP ile \u0130leti\u015fime Ge\u00e7in | \u00d6zel Jet Kiralama Sorular\u0131 ve M\u00fc\u015fteri Deste\u011fi\" \/>\n<meta property=\"og:description\" content=\"T\u00fcm \u00f6zel jet kiralama sorular\u0131n\u0131z, rezervasyonlar\u0131n\u0131z ve m\u00fc\u015fteri deste\u011fi ihtiya\u00e7lar\u0131n\u0131z i\u00e7in Jet-VIP ile ileti\u015fime ge\u00e7in. Unutulmaz yolculu\u011funuza bizimle ba\u015flay\u0131n!\" \/>\n<meta property=\"og:url\" content=\"https:\/\/www.jet-vip.com\/tr\/iletisim\/\" \/>\n<meta property=\"og:site_name\" content=\"Jet VIP\" \/>\n<meta property=\"article:modified_time\" content=\"2024-11-24T09:00:41+00:00\" \/>\n<meta property=\"og:image\" content=\"https:\/\/www.jet-vip.com\/app\/uploads\/2023\/04\/contacts_header.jpg\" \/>\n\t<meta property=\"og:image:width\" content=\"1920\" \/>\n\t<meta property=\"og:image:height\" content=\"1079\" \/>\n\t<meta property=\"og:image:type\" content=\"image\/jpeg\" \/>\n<meta name=\"twitter:card\" content=\"summary_large_image\" \/>\n<meta name=\"twitter:label1\" content=\"Est. reading time\" \/>\n\t<meta name=\"twitter:data1\" content=\"6 minutes\" \/>\n<!-- \/ Yoast SEO Premium plugin. -->","yoast_head_json":{"title":"Jet-VIP ile \u0130leti\u015fime Ge\u00e7in | \u00d6zel Jet Kiralama Sorular\u0131 ve M\u00fc\u015fteri Deste\u011fi","description":"T\u00fcm \u00f6zel jet kiralama sorular\u0131n\u0131z, rezervasyonlar\u0131n\u0131z ve m\u00fc\u015fteri deste\u011fi ihtiya\u00e7lar\u0131n\u0131z i\u00e7in Jet-VIP ile ileti\u015fime ge\u00e7in. Unutulmaz yolculu\u011funuza bizimle ba\u015flay\u0131n!","robots":{"index":"index","follow":"follow","max-snippet":"max-snippet:-1","max-image-preview":"max-image-preview:large","max-video-preview":"max-video-preview:-1"},"canonical":"https:\/\/www.jet-vip.com\/tr\/iletisim\/","og_locale":"tr_TR","og_type":"article","og_title":"Jet-VIP ile \u0130leti\u015fime Ge\u00e7in | \u00d6zel Jet Kiralama Sorular\u0131 ve M\u00fc\u015fteri Deste\u011fi","og_description":"T\u00fcm \u00f6zel jet kiralama sorular\u0131n\u0131z, rezervasyonlar\u0131n\u0131z ve m\u00fc\u015fteri deste\u011fi ihtiya\u00e7lar\u0131n\u0131z i\u00e7in Jet-VIP ile ileti\u015fime ge\u00e7in. Unutulmaz yolculu\u011funuza bizimle ba\u015flay\u0131n!","og_url":"https:\/\/www.jet-vip.com\/tr\/iletisim\/","og_site_name":"Jet VIP","article_modified_time":"2024-11-24T09:00:41+00:00","og_image":[{"width":1920,"height":1079,"url":"https:\/\/www.jet-vip.com\/app\/uploads\/2023\/04\/contacts_header.jpg","type":"image\/jpeg"}],"twitter_card":"summary_large_image","twitter_misc":{"Est. reading time":"6 minutes"},"schema":{"@context":"https:\/\/schema.org","@graph":[{"@type":"WebPage","@id":"https:\/\/www.jet-vip.com\/tr\/iletisim\/","url":"https:\/\/www.jet-vip.com\/tr\/iletisim\/","name":"Jet-VIP ile \u0130leti\u015fime Ge\u00e7in | \u00d6zel Jet Kiralama Sorular\u0131 ve M\u00fc\u015fteri Deste\u011fi","isPartOf":{"@id":"https:\/\/www.jet-vip.com\/tr\/#website"},"primaryImageOfPage":{"@id":"https:\/\/www.jet-vip.com\/tr\/iletisim\/#primaryimage"},"image":{"@id":"https:\/\/www.jet-vip.com\/tr\/iletisim\/#primaryimage"},"thumbnailUrl":"https:\/\/www.jet-vip.com\/app\/uploads\/2023\/04\/contacts_header.jpg","datePublished":"2023-01-31T20:01:29+00:00","dateModified":"2024-11-24T09:00:41+00:00","description":"T\u00fcm \u00f6zel jet kiralama sorular\u0131n\u0131z, rezervasyonlar\u0131n\u0131z ve m\u00fc\u015fteri deste\u011fi ihtiya\u00e7lar\u0131n\u0131z i\u00e7in Jet-VIP ile ileti\u015fime ge\u00e7in. Unutulmaz yolculu\u011funuza bizimle ba\u015flay\u0131n!","inLanguage":"tr-TR","potentialAction":[{"@type":"ReadAction","target":["https:\/\/www.jet-vip.com\/tr\/iletisim\/"]}]},{"@type":"ImageObject","inLanguage":"tr-TR","@id":"https:\/\/www.jet-vip.com\/tr\/iletisim\/#primaryimage","url":"https:\/\/www.jet-vip.com\/app\/uploads\/2023\/04\/contacts_header.jpg","contentUrl":"https:\/\/www.jet-vip.com\/app\/uploads\/2023\/04\/contacts_header.jpg","width":1920,"height":1079},{"@type":"WebSite","@id":"https:\/\/www.jet-vip.com\/tr\/#website","url":"https:\/\/www.jet-vip.com\/tr\/","name":"www.jet-vip.com","description":"Private Jet &amp; Helicopter charter","publisher":{"@id":"https:\/\/www.jet-vip.com\/tr\/#organization"},"potentialAction":[{"@type":"SearchAction","target":{"@type":"EntryPoint","urlTemplate":"https:\/\/www.jet-vip.com\/tr\/?s={search_term_string}"},"query-input":{"@type":"PropertyValueSpecification","valueRequired":true,"valueName":"search_term_string"}}],"inLanguage":"tr-TR"},{"@type":"Organization","@id":"https:\/\/www.jet-vip.com\/tr\/#organization","name":"JET VIP","alternateName":"JET-VIP","url":"https:\/\/www.jet-vip.com\/tr\/","logo":{"@type":"ImageObject","inLanguage":"tr-TR","@id":"https:\/\/www.jet-vip.com\/tr\/#\/schema\/logo\/image\/","url":"https:\/\/www.jet-vip.com\/app\/uploads\/2023\/04\/logo_jetvip.png","contentUrl":"https:\/\/www.jet-vip.com\/app\/uploads\/2023\/04\/logo_jetvip.png","width":2344,"height":1500,"caption":"JET VIP"},"image":{"@id":"https:\/\/www.jet-vip.com\/tr\/#\/schema\/logo\/image\/"},"sameAs":["https:\/\/instagram.com\/jet_vip"]}]}},"_links":{"self":[{"href":"https:\/\/www.jet-vip.com\/tr\/wp-json\/wp\/v2\/pages\/3590","targetHints":{"allow":["GET"]}}],"collection":[{"href":"https:\/\/www.jet-vip.com\/tr\/wp-json\/wp\/v2\/pages"}],"about":[{"href":"https:\/\/www.jet-vip.com\/tr\/wp-json\/wp\/v2\/types\/page"}],"author":[{"embeddable":true,"href":"https:\/\/www.jet-vip.com\/tr\/wp-json\/wp\/v2\/users\/2"}],"replies":[{"embeddable":true,"href":"https:\/\/www.jet-vip.com\/tr\/wp-json\/wp\/v2\/comments?post=3590"}],"version-history":[{"count":1,"href":"https:\/\/www.jet-vip.com\/tr\/wp-json\/wp\/v2\/pages\/3590\/revisions"}],"predecessor-version":[{"id":3591,"href":"https:\/\/www.jet-vip.com\/tr\/wp-json\/wp\/v2\/pages\/3590\/revisions\/3591"}],"wp:featuredmedia":[{"embeddable":true,"href":"https:\/\/www.jet-vip.com\/tr\/wp-json\/wp\/v2\/media\/3224"}],"wp:attachment":[{"href":"https:\/\/www.jet-vip.com\/tr\/wp-json\/wp\/v2\/media?parent=3590"}],"curies":[{"name":"wp","href":"https:\/\/api.w.org\/{rel}","templated":true}]}}