{"id":3588,"date":"2023-04-05T18:38:38","date_gmt":"2023-04-05T18:38:38","guid":{"rendered":"https:\/\/www.jet-vip.com\/konsiyerj-hizmetleri\/"},"modified":"2024-11-24T09:03:35","modified_gmt":"2024-11-24T09:03:35","slug":"konsiyerj-hizmetleri","status":"publish","type":"page","link":"https:\/\/www.jet-vip.com\/tr\/konsiyerj-hizmetleri\/","title":{"rendered":"Konsiyerj Hizmetleri"},"content":{"rendered":"\n<div class=\"wp-block-group mx-7 max-w-7xl sm:mx-auto is-layout-constrained wp-block-group-is-layout-constrained\">\n<h2 class=\"wp-block-heading\">Jet-VIP&#8217;in Concierge Hizmetleri ile Seyahatinizi Bir \u00dcst Seviyeye Ta\u015f\u0131y\u0131n<\/h2>\n\n\n\n<hr class=\"wp-block-separator has-alpha-channel-opacity\"\/>\n\n\n\n<div class=\"wp-block-group is-content-justification-space-between is-layout-flex wp-container-core-group-is-layout-3 wp-block-group-is-layout-flex\">\n<div class=\"wp-block-group sm:w-2\/5 is-vertical is-layout-flex wp-container-core-group-is-layout-1 wp-block-group-is-layout-flex\">\n<p>Jet-VIP, nereye ve neden giderseniz gidin, mutlulu\u011funuzu ve seyahatinizin ba\u015far\u0131s\u0131n\u0131 \u00f6nemser. Bu nedenle, \u00f6zel jet kiralama seyahatiniz i\u00e7in \u00e7e\u015fitli \u00f6zel konsiyerj hizmetleri sunmaktan memnuniyet duyuyoruz.<\/p>\n\n\n\n<p>Personelimiz size yard\u0131mc\u0131 olmak i\u00e7in her zaman yan\u0131n\u0131zdad\u0131r ve deneyiminizi daha rahat, dinlendirici ve verimli hale getirmeye kararl\u0131d\u0131r. \u0130stedi\u011finiz otel t\u00fcr\u00fc, tercih etti\u011finiz ula\u015f\u0131m \u015fekli, herhangi bir diyet k\u0131s\u0131tlamas\u0131 ve ihtiya\u00e7 duydu\u011funuz koruma d\u00fczeyi gibi seyahat i\u00e7in \u00f6zel ihtiya\u00e7lar\u0131n\u0131z\u0131 \u00f6\u011freneceklerdir.<\/p>\n\n\n\n<p><\/p>\n<\/div>\n\n\n\n<div class=\"wp-block-group sm:w-2\/5 is-vertical is-layout-flex wp-container-core-group-is-layout-2 wp-block-group-is-layout-flex\">\n<p><a href=\"https:\/\/www.jet-vip.com\/tr\/\">JET-VIP<\/a> olarak, m\u00fc\u015fterilerimize \u00f6zel programlar\u0131na g\u00f6re uyarlanm\u0131\u015f \u00e7ok \u00e7e\u015fitli seyahat se\u00e7enekleri sunmaktan mutluluk duyuyoruz, \u00e7\u00fcnk\u00fc seyahat taleplerinizin havaalan\u0131n\u0131n \u00e7ok \u00f6tesine ge\u00e7ti\u011fini biliyoruz.<\/p>\n<\/div>\n<\/div>\n<\/div>\n\n<div class=\"wp-block-group mx-7 max-w-7xl sm:mx-auto mt-12 is-layout-constrained wp-block-group-is-layout-constrained\">\n<h3 class=\"has-text-align-left wp-block-heading\">Seyahatiniz i\u00e7in a\u015fa\u011f\u0131dakiler gibi \u00e7ok \u00e7e\u015fitli unsurlarla ilgileniyoruz:<\/h3>\n\n\n\n<div class=\"wp-block-group is-content-justification-space-between is-layout-flex wp-container-core-group-is-layout-10 wp-block-group-is-layout-flex\" style=\"padding-top:var(--wp--preset--spacing--60);padding-bottom:var(--wp--preset--spacing--60)\">\n<div class=\"wp-block-group sm:w-2\/5 is-content-justification-space-between is-nowrap is-layout-flex wp-container-core-group-is-layout-8 wp-block-group-is-layout-flex\">\n<div class=\"wp-block-group is-vertical is-content-justification-center is-layout-flex wp-container-core-group-is-layout-5 wp-block-group-is-layout-flex\">\n<figure class=\"wp-block-image size-large\"><img decoding=\"async\" width=\"196\" height=\"196\" src=\"https:\/\/test-jetvip.mendo.lv\/app\/uploads\/2023\/04\/ground_icon.svg\" alt=\"\" class=\"wp-image-1120\"\/><\/figure>\n\n\n<p class=\"has-text-align-center\"><strong>Kara ta\u015f\u0131mac\u0131l\u0131\u011f\u0131<\/strong><\/p>\n<\/div>\n\n\n\n<div class=\"wp-block-group is-vertical is-content-justification-center is-layout-flex wp-container-core-group-is-layout-6 wp-block-group-is-layout-flex\">\n<figure class=\"wp-block-image size-large\"><img decoding=\"async\" width=\"196\" height=\"196\" src=\"https:\/\/test-jetvip.mendo.lv\/app\/uploads\/2023\/04\/car_rentals.svg\" alt=\"\" class=\"wp-image-1117\"\/><\/figure>\n\n\n<p class=\"has-text-align-center\"><strong>Araba kiralama<\/strong><\/p>\n<\/div>\n\n\n\n<div class=\"wp-block-group is-vertical is-content-justification-center is-layout-flex wp-container-core-group-is-layout-7 wp-block-group-is-layout-flex\">\n<figure class=\"wp-block-image size-large\"><img decoding=\"async\" width=\"196\" height=\"196\" src=\"https:\/\/test-jetvip.mendo.lv\/app\/uploads\/2023\/04\/hotel_bookings.svg\" alt=\"\" class=\"wp-image-1121\"\/><\/figure>\n\n\n<p class=\"has-text-align-center\"><strong>Otel rezervasyonlar\u0131<\/strong><\/p>\n<\/div>\n<\/div>\n\n\n\n<div class=\"wp-block-group sm:w-2\/5 is-vertical is-layout-flex wp-container-core-group-is-layout-9 wp-block-group-is-layout-flex\">\n<p>JET-VIP, otel kar\u015f\u0131lama ve b\u0131rakmadan yerel havaalanlar\u0131na ve havaalanlar\u0131ndan servis hizmetine kadar her t\u00fcrl\u00fc ula\u015f\u0131m ihtiyac\u0131n\u0131z\u0131 kar\u015f\u0131layacak personele ve bilgi birikimine sahiptir.<\/p>\n\n\n\n<p>L\u00fcks sedan, limuzin, SUV ve daha fazlas\u0131ndan olu\u015fan filomuz \u00f6zel ula\u015f\u0131m ihtiya\u00e7lar\u0131n\u0131z i\u00e7in hizmetinizdedir. \u0130ster i\u015f ister e\u011flence ama\u00e7l\u0131 olsun, seyahatinizden en iyi \u015fekilde yararlanman\u0131z\u0131 istiyoruz, bu nedenle sizi u\u00e7a\u011f\u0131n\u0131z\u0131n bekledi\u011fi rampaya kadar (m\u00fcmk\u00fcn oldu\u011funda) gitmeniz gereken her yere g\u00f6t\u00fcrmesi i\u00e7in profesyonel bir \u015fof\u00f6r sa\u011flayaca\u011f\u0131z.<\/p>\n<\/div>\n<\/div>\n<\/div>\n\n<div class=\"wp-block-group mega-rounded-top-right has-white-background-color has-background is-layout-flow wp-block-group-is-layout-flow\">\n<div class=\"wp-block-group mx-7 max-w-7xl sm:mx-auto pt-12 mt-12 is-layout-constrained wp-block-group-is-layout-constrained\">\n<h2 class=\"wp-block-heading\">En \u0130yi \u00d6zel Jet \u0130kram Servisi<\/h2>\n\n\n\n<div class=\"wp-block-group is-content-justification-left is-layout-constrained wp-container-core-group-is-layout-12 wp-block-group-is-layout-constrained\">\n<hr class=\"wp-block-separator has-alpha-channel-opacity\"\/>\n<\/div>\n\n\n\n<div class=\"wp-block-group is-content-justification-space-between is-layout-flex wp-container-core-group-is-layout-13 wp-block-group-is-layout-flex\">\n<p class=\"sm:w-2\/5\">Son derece yarat\u0131c\u0131, \u00f6zg\u00fcn, son teknoloji \u00fcr\u00fcn\u00fc ve benzersiz. JET-VIP olarak, \u00f6zel jetler i\u00e7in en iyi gurme u\u00e7ak i\u00e7i yiyecekleri sa\u011flad\u0131\u011f\u0131m\u0131z\u0131 s\u00f6ylemekten gurur duyuyoruz. \u00d6zel jet ikram hizmetimizi yolculu\u011funuzdan \u00f6nce sipari\u015f ederseniz, size havadayken tad\u0131n\u0131 \u00e7\u0131karman\u0131z i\u00e7in \u00f6zel bir men\u00fc g\u00f6nderece\u011fiz. Taze pi\u015fmi\u015f hamur i\u015flerinden nadide \u015faraplara kadar, gurme u\u00e7ak i\u00e7i men\u00fcm\u00fczle sizi teminat alt\u0131na ald\u0131k.<\/p>\n\n\n\n<p class=\"sm:w-2\/5\">Herhangi bir \u00f6zel diyet gereksiniminiz varsa, l\u00fctfen bizimle ileti\u015fime ge\u00e7mekten \u00e7ekinmeyin. Gurme u\u00e7ak i\u00e7i ikram ihtiya\u00e7lar\u0131n\u0131z ne olursa olsun, bunlar\u0131 kar\u015f\u0131lamaktan memnuniyet duyar\u0131z. Herhangi bir \u00f6zel talebiniz varsa, bunlar\u0131 yerine getirmek i\u00e7in elimizden geleni yapaca\u011f\u0131z.<\/p>\n<\/div>\n\n\n\n<h4 class=\"my-12 wp-block-heading\">U\u00e7u\u015f rezervasyonunuzu yaparken a\u015fa\u011f\u0131daki bilgileri eklemenizi rica ediyoruz:<\/h4>\n\n\n\n<div class=\"wp-block-group justify-evenly is-content-justification-space-between is-layout-flex wp-container-core-group-is-layout-14 wp-block-group-is-layout-flex\">\n<div class=\"wp-block-cover sm:w-5\/12 rounded-3xl\" style=\"min-height:250px;aspect-ratio:unset;\"><span aria-hidden=\"true\" class=\"wp-block-cover__background has-dark-blue-background-color has-background-dim-90 has-background-dim\"><\/span><img decoding=\"async\" width=\"835\" height=\"557\" class=\"wp-block-cover__image-background wp-image-1119\" alt=\"\" src=\"https:\/\/test-jetvip.mendo.lv\/app\/uploads\/2023\/04\/five_star.jpg\" data-object-fit=\"cover\" srcset=\"https:\/\/www.jet-vip.com\/app\/uploads\/2023\/04\/five_star.jpg 835w, https:\/\/www.jet-vip.com\/app\/uploads\/2023\/04\/five_star-300x200.jpg 300w, https:\/\/www.jet-vip.com\/app\/uploads\/2023\/04\/five_star-768x512.jpg 768w\" sizes=\"(max-width: 835px) 100vw, 835px\" \/><div class=\"wp-block-cover__inner-container is-layout-flow wp-block-cover-is-layout-flow\">\n<p class=\"has-text-align-left has-base-font-size\" style=\"padding-top:0;padding-right:var(--wp--preset--spacing--80);padding-bottom:0;padding-left:var(--wp--preset--spacing--80)\">\u0130ster kontinental kahvalt\u0131, ister \u0131s\u0131t\u0131lm\u0131\u015f kahvalt\u0131, ister gurme kutu \u00f6\u011fle yeme\u011fi, ister gurme ak\u015fam yeme\u011fi, ister salata, ister at\u0131\u015ft\u0131rmal\u0131k tepsisi, ister meze, ister tatl\u0131, ister bir \u015fi\u015fe \u015farap veya birinci s\u0131n\u0131f lik\u00f6r isteyin, diyet gereksinimlerinizi ve tercihlerinizi kar\u015f\u0131layabiliriz.<\/p>\n<\/div><\/div>\n\n\n\n<div class=\"wp-block-cover sm:w-5\/12 rounded-3xl\" style=\"padding-top:0;padding-right:0;padding-bottom:0;padding-left:0;min-height:250px;aspect-ratio:unset;\"><span aria-hidden=\"true\" class=\"wp-block-cover__background has-dark-blue-background-color has-background-dim-90 has-background-dim\"><\/span><img decoding=\"async\" width=\"832\" height=\"555\" class=\"wp-block-cover__image-background wp-image-1116\" alt=\"\" src=\"https:\/\/test-jetvip.mendo.lv\/app\/uploads\/2023\/04\/a_variety.jpg\" data-object-fit=\"cover\" srcset=\"https:\/\/www.jet-vip.com\/app\/uploads\/2023\/04\/a_variety.jpg 832w, https:\/\/www.jet-vip.com\/app\/uploads\/2023\/04\/a_variety-300x200.jpg 300w, https:\/\/www.jet-vip.com\/app\/uploads\/2023\/04\/a_variety-768x512.jpg 768w\" sizes=\"(max-width: 832px) 100vw, 832px\" \/><div class=\"wp-block-cover__inner-container is-layout-flow wp-block-cover-is-layout-flow\">\n<p class=\"has-text-align-left has-base-font-size\" style=\"padding-top:0;padding-right:var(--wp--preset--spacing--80);padding-bottom:0;padding-left:var(--wp--preset--spacing--80)\">\u0130\u00e7ecek ve hafif yiyeceklerle dolu bir bar ve mikrodalga f\u0131r\u0131n ve f\u0131r\u0131n i\u00e7eren tam i\u015flevsel bir mutfak gibi arad\u0131\u011f\u0131n\u0131z u\u00e7ak i\u00e7i ikram olanaklar\u0131.<\/p>\n<\/div><\/div>\n<\/div>\n\n\n\n<div class=\"wp-block-group py-12 is-content-justification-space-between is-layout-flex wp-container-core-group-is-layout-17 wp-block-group-is-layout-flex\">\n<div class=\"wp-block-group sm:w-5\/12 is-vertical is-layout-flex wp-container-core-group-is-layout-15 wp-block-group-is-layout-flex\">\n<h4 class=\"wp-block-heading\">Be\u015f Y\u0131ld\u0131zl\u0131 Tatil K\u00f6yleri ve Kapl\u0131calar<\/h4>\n\n\n\n<p>JET-VIP ofisinde, yaln\u0131zca en y\u00fcksek kalitede misafirperverli\u011fe de\u011fer veriyoruz. Bu nedenle, sizin i\u00e7in \u00f6zenle se\u00e7ti\u011fimiz be\u015f y\u0131ld\u0131zl\u0131 otellerden birinde konforun zirvesini deneyimlemeniz i\u00e7in sizi te\u015fvik ediyoruz.<\/p>\n\n\n\n<p>Be\u015f y\u0131ld\u0131zl\u0131 oteller, tatil k\u00f6yleri ve tarihi hanlardan olu\u015fan koleksiyonumuz, ister tatil ister i\u015f ama\u00e7l\u0131 isterse de bu ikisinin bir kombinasyonu olsun, her gezginin ihtiya\u00e7lar\u0131na uygun bir \u015feyler sunmaktad\u0131r. \u0130\u015f, oyun veya her ikisi i\u00e7in de konaklamaya ihtiyac\u0131n\u0131z olursa olsun, ba\u011fl\u0131 kurulu\u015f a\u011f\u0131m\u0131z sizin i\u00e7in en iyi se\u00e7ene\u011fi sunacakt\u0131r.<\/p>\n<\/div>\n\n\n\n<div class=\"wp-block-group sm:w-5\/12 is-vertical is-layout-flex wp-container-core-group-is-layout-16 wp-block-group-is-layout-flex\">\n<h4 class=\"wp-block-heading\">\u00c7e\u015fitli Ek Konsiyerj Hizmetleri<\/h4>\n\n\n\n<p>Ba\u015fka bir ticari havayoluna aktarma yapan ancak havaliman\u0131n\u0131n check-in s\u00fcrecinden ge\u00e7mek istemeyen yolcular i\u00e7in belirli havalimanlar\u0131nda Board-to-Board hizmeti sunuyoruz. Bu sayede, yolculuklar\u0131na ticari havayollar\u0131 ile devam eden JET-VIP \u00f6zel jet kiralama m\u00fc\u015fterileri, standart check-in prosed\u00fcr\u00fcnden ge\u00e7meden var\u0131\u015f havaalanlar\u0131nda u\u00e7u\u015flar\u0131na kolayca binebilirler.<\/p>\n<\/div>\n<\/div>\n\n\n\n<div class=\"wp-block-group p-12 rounded-3xl border has-light-sand-background-color has-background is-layout-flow wp-block-group-is-layout-flow\">\n<h3 class=\"mt-0 mb-4 wp-block-heading\">\u00d6zel G\u00fcnler \u0130\u00e7in<\/h3>\n\n\n\n<div class=\"wp-block-group is-content-justification-space-between is-layout-flex wp-container-core-group-is-layout-18 wp-block-group-is-layout-flex\">\n<p class=\"sm:w-3\/10\">\u00d6nemli bir olay i\u00e7in seyahat etmek istiyorsan\u0131z, \u00f6zel kutlama taleplerinizi kar\u015f\u0131layaca\u011f\u0131z. \u0130ster kurumsal bir toplant\u0131, ister y\u0131ld\u00f6n\u00fcm\u00fc, do\u011fum g\u00fcn\u00fc, bekarl\u0131\u011fa veda partisi, hafta sonu gezisi, gelin du\u015fu veya balay\u0131 planl\u0131yor olun, sizin i\u00e7in m\u00fckemmel bir paketimiz var.<\/p>\n\n\n\n<p class=\"sm:w-3\/10\">Yolcular\u0131n\u0131z i\u00e7in \u00f6zel mutfak, kara ta\u015f\u0131mac\u0131l\u0131\u011f\u0131 ve u\u00e7ak i\u00e7i e\u011flence gibi \u00f6zel hizmetlerle u\u00e7u\u015funuzu ki\u015fiselle\u015ftirmek i\u00e7in en iyi FBO ile \u00e7al\u0131\u015faca\u011f\u0131z. \u00d6zel Jetler (JET-VIP), \u00f6zel jet u\u00e7u\u015funuzu, anmakta oldu\u011funuz olay\u0131n benzersizli\u011fine ve ne\u015fesine uyacak \u015fekilde \u00f6zelle\u015ftirmenize yard\u0131mc\u0131 olabilir.  <\/p>\n\n\n\n<p class=\"sm:w-3\/10\">FBO&#8217;larla birlikte sundu\u011fumuz \u00f6zel jet konsiyerj hizmetleri, duruma g\u00f6re ve zaman ve yer gibi d\u0131\u015f ko\u015fullara yan\u0131t olarak de\u011fi\u015febilir. Seyahatinizin ayr\u0131nt\u0131lar\u0131n\u0131 ve size a\u00e7\u0131k olan se\u00e7enekleri g\u00f6zden ge\u00e7irebilmemiz i\u00e7in bizimle \u00f6nceden ileti\u015fime ge\u00e7in.<\/p>\n<\/div>\n<\/div>\n<\/div>\n<\/div>\n\n<div class=\"wp-block-group has-white-background-color has-background is-layout-flow wp-block-group-is-layout-flow\">\n<div class=\"wp-block-group mx-7 max-w-7xl sm:mx-auto pt-12 px-4 py-12 is-layout-constrained wp-block-group-is-layout-constrained\">\n<div class=\"wp-block-group header-text-container bg-white pt-8 is-layout-constrained wp-block-group-is-layout-constrained\">\n<div class=\"wp-block-group block-header-container is-vertical is-layout-flex wp-container-core-group-is-layout-22 wp-block-group-is-layout-flex\">\n<h2 class=\"wp-block-heading\">Learn more<\/h2>\n\n\n\n<hr class=\"wp-block-separator has-alpha-channel-opacity\"\/>\n\n\n\n<p>We know that your flight needs may be different, so we adapt to provide various kinds of <a href=\"https:\/\/www.instagram.com\/jet_vip\">services<\/a>:<\/p>\n<\/div>\n\n\n\n<div class=\"wp-block-group is-vertical is-layout-flex wp-container-core-group-is-layout-24 wp-block-group-is-layout-flex\">\n<h4 class=\"wp-block-heading\">Fleet<\/h4>\n\n\n\n<div class=\"wp-block-group is-nowrap is-layout-flex wp-container-core-group-is-layout-23 wp-block-group-is-layout-flex\">\n<p>Our expert team can find the best available price for your private jet hire on the most suitable private aircraft<\/p>\n\n\n\n<p><a href=\"https:\/\/www.jet-vip.com\/our-fleet\/\">More info<\/a><\/p>\n<\/div>\n<\/div>\n\n\n\n<div class=\"wp-block-group is-vertical is-layout-flex wp-container-core-group-is-layout-26 wp-block-group-is-layout-flex\">\n<h4 class=\"wp-block-heading\">Destinations<\/h4>\n\n\n\n<div class=\"wp-block-group is-nowrap is-layout-flex wp-container-core-group-is-layout-25 wp-block-group-is-layout-flex\">\n<p>Discover the most requested destinations for your private jet trip<\/p>\n\n\n\n<p><a href=\"https:\/\/www.jet-vip.com\/destinations\/\" data-type=\"page\" data-id=\"122\">More info<\/a><\/p>\n<\/div>\n<\/div>\n\n\n\n<div class=\"wp-block-group is-vertical is-layout-flex wp-container-core-group-is-layout-28 wp-block-group-is-layout-flex\">\n<h4 class=\"wp-block-heading\">Frequently Asked Questions<\/h4>\n\n\n\n<div class=\"wp-block-group is-nowrap is-layout-flex wp-container-core-group-is-layout-27 wp-block-group-is-layout-flex\">\n<p>You have a question? <br>We have the answer !<\/p>\n\n\n\n<p><a href=\"https:\/\/www.jet-vip.com\/frequently-asked-questions\/\" data-type=\"page\" data-id=\"417\">More info<\/a><\/p>\n<\/div>\n<\/div>\n\n\n\n<div class=\"wp-block-group is-vertical is-layout-flex wp-container-core-group-is-layout-30 wp-block-group-is-layout-flex\">\n<h4 class=\"wp-block-heading\">Medical Flights<\/h4>\n\n\n\n<div class=\"wp-block-group is-nowrap is-layout-flex wp-container-core-group-is-layout-29 wp-block-group-is-layout-flex\">\n<p>In case you need to book a jet for your special occasion or business look no further!<\/p>\n\n\n\n<p><a href=\"https:\/\/www.jet-vip.com\/ambulance-flights\/\" data-type=\"page\" data-id=\"1184\">More info<\/a><\/p>\n<\/div>\n<\/div>\n\n\n\n<div class=\"wp-block-group is-vertical is-layout-flex wp-container-core-group-is-layout-32 wp-block-group-is-layout-flex\">\n<h4 class=\"wp-block-heading\">Safety<\/h4>\n\n\n\n<div class=\"wp-block-group is-nowrap is-layout-flex wp-container-core-group-is-layout-31 wp-block-group-is-layout-flex\">\n<p>Safety in private aviation is our most important concern. Safety has always been the priority of Jet-Vip<\/p>\n\n\n\n<p><a href=\"https:\/\/www.jet-vip.com\/safety-at-jet-vip\/\" data-type=\"page\" data-id=\"762\">More info<\/a><\/p>\n<\/div>\n<\/div>\n\n\n\n<div class=\"wp-block-group is-vertical is-layout-flex wp-container-core-group-is-layout-34 wp-block-group-is-layout-flex\">\n<h4 class=\"wp-block-heading\">Empty legs<\/h4>\n\n\n\n<div class=\"wp-block-group is-nowrap is-layout-flex wp-container-core-group-is-layout-33 wp-block-group-is-layout-flex\">\n<p>Chartering an empty leg flight is an opportunity to save up to 50% on your private jet flight price<\/p>\n\n\n\n<p><a href=\"https:\/\/www.jet-vip.com\/empty-leg-flights-with-jet-vip\/\" data-type=\"page\" data-id=\"446\">More info<\/a><\/p>\n<\/div>\n<\/div>\n<\/div>\n<\/div>\n<\/div>\n\n<div class=\"wp-block-group container-rounded-bottom-left -mt-10 white is-layout-constrained wp-block-group-is-layout-constrained\"><\/div>\n","protected":false},"excerpt":{"rendered":"<p>Jet-VIP&#8217;in Concierge Hizmetleri ile Seyahatinizi Bir \u00dcst Seviyeye Ta\u015f\u0131y\u0131n Jet-VIP, nereye ve neden giderseniz gidin, mutlulu\u011funuzu ve seyahatinizin ba\u015far\u0131s\u0131n\u0131 \u00f6nemser. Bu nedenle, \u00f6zel jet kiralama seyahatiniz i\u00e7in \u00e7e\u015fitli \u00f6zel konsiyerj hizmetleri sunmaktan memnuniyet duyuyoruz. Personelimiz size yard\u0131mc\u0131 olmak i\u00e7in her zaman yan\u0131n\u0131zdad\u0131r ve deneyiminizi daha rahat, dinlendirici ve verimli hale getirmeye kararl\u0131d\u0131r. \u0130stedi\u011finiz otel t\u00fcr\u00fc, &hellip; <a href=\"https:\/\/www.jet-vip.com\/tr\/konsiyerj-hizmetleri\/\">Continued<\/a><\/p>\n","protected":false},"author":2,"featured_media":3189,"parent":0,"menu_order":0,"comment_status":"closed","ping_status":"closed","template":"template-bluebg.blade.php","meta":{"footnotes":""},"class_list":["post-3588","page","type-page","status-publish","has-post-thumbnail","hentry"],"yoast_head":"<!-- This site is optimized with the Yoast SEO Premium plugin v23.9 (Yoast SEO v23.9) - https:\/\/yoast.com\/wordpress\/plugins\/seo\/ -->\n<title>Jet-VIP&#039;ten Concierge Hizmetleri | \u00d6zel Jet \u0130kram Servisi<\/title>\n<meta name=\"description\" content=\"Jet-VIP&#039;in Konsiyerj Hizmetleri ile Seyahatinizi Y\u00fckseltin. Kara ta\u015f\u0131mac\u0131l\u0131\u011f\u0131ndan be\u015f y\u0131ld\u0131zl\u0131 tatil k\u00f6ylerine ve kapl\u0131calara kadar her t\u00fcrl\u00fc ihtiyac\u0131n\u0131z\u0131 kar\u015f\u0131l\u0131yoruz.\" \/>\n<meta name=\"robots\" content=\"index, follow, max-snippet:-1, max-image-preview:large, max-video-preview:-1\" \/>\n<link rel=\"canonical\" href=\"https:\/\/www.jet-vip.com\/tr\/konsiyerj-hizmetleri\/\" \/>\n<meta property=\"og:locale\" content=\"tr_TR\" \/>\n<meta property=\"og:type\" content=\"article\" \/>\n<meta property=\"og:title\" content=\"Jet-VIP&#039;ten Concierge Hizmetleri | \u00d6zel Jet \u0130kram Servisi\" \/>\n<meta property=\"og:description\" content=\"Jet-VIP&#039;in Konsiyerj Hizmetleri ile Seyahatinizi Y\u00fckseltin. Kara ta\u015f\u0131mac\u0131l\u0131\u011f\u0131ndan be\u015f y\u0131ld\u0131zl\u0131 tatil k\u00f6ylerine ve kapl\u0131calara kadar her t\u00fcrl\u00fc ihtiyac\u0131n\u0131z\u0131 kar\u015f\u0131l\u0131yoruz.\" \/>\n<meta property=\"og:url\" content=\"https:\/\/www.jet-vip.com\/tr\/konsiyerj-hizmetleri\/\" \/>\n<meta property=\"og:site_name\" content=\"Jet VIP\" \/>\n<meta property=\"article:modified_time\" content=\"2024-11-24T09:03:35+00:00\" \/>\n<meta property=\"og:image\" content=\"https:\/\/www.jet-vip.com\/app\/uploads\/2023\/04\/concierge_header.jpg\" \/>\n\t<meta property=\"og:image:width\" content=\"1920\" \/>\n\t<meta property=\"og:image:height\" content=\"1187\" \/>\n\t<meta property=\"og:image:type\" content=\"image\/jpeg\" \/>\n<meta name=\"twitter:card\" content=\"summary_large_image\" \/>\n<meta name=\"twitter:label1\" content=\"Est. reading time\" \/>\n\t<meta name=\"twitter:data1\" content=\"11 minutes\" \/>\n<!-- \/ Yoast SEO Premium plugin. -->","yoast_head_json":{"title":"Jet-VIP'ten Concierge Hizmetleri | \u00d6zel Jet \u0130kram Servisi","description":"Jet-VIP'in Konsiyerj Hizmetleri ile Seyahatinizi Y\u00fckseltin. Kara ta\u015f\u0131mac\u0131l\u0131\u011f\u0131ndan be\u015f y\u0131ld\u0131zl\u0131 tatil k\u00f6ylerine ve kapl\u0131calara kadar her t\u00fcrl\u00fc ihtiyac\u0131n\u0131z\u0131 kar\u015f\u0131l\u0131yoruz.","robots":{"index":"index","follow":"follow","max-snippet":"max-snippet:-1","max-image-preview":"max-image-preview:large","max-video-preview":"max-video-preview:-1"},"canonical":"https:\/\/www.jet-vip.com\/tr\/konsiyerj-hizmetleri\/","og_locale":"tr_TR","og_type":"article","og_title":"Jet-VIP'ten Concierge Hizmetleri | \u00d6zel Jet \u0130kram Servisi","og_description":"Jet-VIP'in Konsiyerj Hizmetleri ile Seyahatinizi Y\u00fckseltin. Kara ta\u015f\u0131mac\u0131l\u0131\u011f\u0131ndan be\u015f y\u0131ld\u0131zl\u0131 tatil k\u00f6ylerine ve kapl\u0131calara kadar her t\u00fcrl\u00fc ihtiyac\u0131n\u0131z\u0131 kar\u015f\u0131l\u0131yoruz.","og_url":"https:\/\/www.jet-vip.com\/tr\/konsiyerj-hizmetleri\/","og_site_name":"Jet VIP","article_modified_time":"2024-11-24T09:03:35+00:00","og_image":[{"width":1920,"height":1187,"url":"https:\/\/www.jet-vip.com\/app\/uploads\/2023\/04\/concierge_header.jpg","type":"image\/jpeg"}],"twitter_card":"summary_large_image","twitter_misc":{"Est. reading time":"11 minutes"},"schema":{"@context":"https:\/\/schema.org","@graph":[{"@type":"WebPage","@id":"https:\/\/www.jet-vip.com\/tr\/konsiyerj-hizmetleri\/","url":"https:\/\/www.jet-vip.com\/tr\/konsiyerj-hizmetleri\/","name":"Jet-VIP'ten Concierge Hizmetleri | \u00d6zel Jet \u0130kram Servisi","isPartOf":{"@id":"https:\/\/www.jet-vip.com\/tr\/#website"},"primaryImageOfPage":{"@id":"https:\/\/www.jet-vip.com\/tr\/konsiyerj-hizmetleri\/#primaryimage"},"image":{"@id":"https:\/\/www.jet-vip.com\/tr\/konsiyerj-hizmetleri\/#primaryimage"},"thumbnailUrl":"https:\/\/www.jet-vip.com\/app\/uploads\/2023\/04\/concierge_header.jpg","datePublished":"2023-04-05T18:38:38+00:00","dateModified":"2024-11-24T09:03:35+00:00","description":"Jet-VIP'in Konsiyerj Hizmetleri ile Seyahatinizi Y\u00fckseltin. Kara ta\u015f\u0131mac\u0131l\u0131\u011f\u0131ndan be\u015f y\u0131ld\u0131zl\u0131 tatil k\u00f6ylerine ve kapl\u0131calara kadar her t\u00fcrl\u00fc ihtiyac\u0131n\u0131z\u0131 kar\u015f\u0131l\u0131yoruz.","inLanguage":"tr-TR","potentialAction":[{"@type":"ReadAction","target":["https:\/\/www.jet-vip.com\/tr\/konsiyerj-hizmetleri\/"]}]},{"@type":"ImageObject","inLanguage":"tr-TR","@id":"https:\/\/www.jet-vip.com\/tr\/konsiyerj-hizmetleri\/#primaryimage","url":"https:\/\/www.jet-vip.com\/app\/uploads\/2023\/04\/concierge_header.jpg","contentUrl":"https:\/\/www.jet-vip.com\/app\/uploads\/2023\/04\/concierge_header.jpg","width":1920,"height":1187},{"@type":"WebSite","@id":"https:\/\/www.jet-vip.com\/tr\/#website","url":"https:\/\/www.jet-vip.com\/tr\/","name":"www.jet-vip.com","description":"Private Jet &amp; Helicopter charter","publisher":{"@id":"https:\/\/www.jet-vip.com\/tr\/#organization"},"potentialAction":[{"@type":"SearchAction","target":{"@type":"EntryPoint","urlTemplate":"https:\/\/www.jet-vip.com\/tr\/?s={search_term_string}"},"query-input":{"@type":"PropertyValueSpecification","valueRequired":true,"valueName":"search_term_string"}}],"inLanguage":"tr-TR"},{"@type":"Organization","@id":"https:\/\/www.jet-vip.com\/tr\/#organization","name":"JET VIP","alternateName":"JET-VIP","url":"https:\/\/www.jet-vip.com\/tr\/","logo":{"@type":"ImageObject","inLanguage":"tr-TR","@id":"https:\/\/www.jet-vip.com\/tr\/#\/schema\/logo\/image\/","url":"https:\/\/www.jet-vip.com\/app\/uploads\/2023\/04\/logo_jetvip.png","contentUrl":"https:\/\/www.jet-vip.com\/app\/uploads\/2023\/04\/logo_jetvip.png","width":2344,"height":1500,"caption":"JET VIP"},"image":{"@id":"https:\/\/www.jet-vip.com\/tr\/#\/schema\/logo\/image\/"},"sameAs":["https:\/\/instagram.com\/jet_vip"]}]}},"_links":{"self":[{"href":"https:\/\/www.jet-vip.com\/tr\/wp-json\/wp\/v2\/pages\/3588","targetHints":{"allow":["GET"]}}],"collection":[{"href":"https:\/\/www.jet-vip.com\/tr\/wp-json\/wp\/v2\/pages"}],"about":[{"href":"https:\/\/www.jet-vip.com\/tr\/wp-json\/wp\/v2\/types\/page"}],"author":[{"embeddable":true,"href":"https:\/\/www.jet-vip.com\/tr\/wp-json\/wp\/v2\/users\/2"}],"replies":[{"embeddable":true,"href":"https:\/\/www.jet-vip.com\/tr\/wp-json\/wp\/v2\/comments?post=3588"}],"version-history":[{"count":1,"href":"https:\/\/www.jet-vip.com\/tr\/wp-json\/wp\/v2\/pages\/3588\/revisions"}],"predecessor-version":[{"id":3589,"href":"https:\/\/www.jet-vip.com\/tr\/wp-json\/wp\/v2\/pages\/3588\/revisions\/3589"}],"wp:featuredmedia":[{"embeddable":true,"href":"https:\/\/www.jet-vip.com\/tr\/wp-json\/wp\/v2\/media\/3189"}],"wp:attachment":[{"href":"https:\/\/www.jet-vip.com\/tr\/wp-json\/wp\/v2\/media?parent=3588"}],"curies":[{"name":"wp","href":"https:\/\/api.w.org\/{rel}","templated":true}]}}