{"id":3586,"date":"2023-05-23T12:01:03","date_gmt":"2023-05-23T12:01:03","guid":{"rendered":"https:\/\/www.jet-vip.com\/tabut-ucuslari\/"},"modified":"2024-11-24T08:31:30","modified_gmt":"2024-11-24T08:31:30","slug":"tabut-ucuslari","status":"publish","type":"page","link":"https:\/\/www.jet-vip.com\/tr\/tabut-ucuslari\/","title":{"rendered":"Tabut u\u00e7u\u015flar\u0131"},"content":{"rendered":"\n<div class=\"wp-block-group mx-7 max-w-7xl sm:mx-auto is-layout-constrained wp-block-group-is-layout-constrained\">\n<div class=\"wp-block-group is-content-justification-space-between is-layout-flex wp-container-core-group-is-layout-3 wp-block-group-is-layout-flex\">\n<h2 class=\"wp-block-heading\">Jet-VIP&#8217;in Tabut Geri G\u00f6nderme Hizmetleri<\/h2>\n\n\n\n<hr class=\"wp-block-separator has-alpha-channel-opacity\"\/>\n\n\n\n<div class=\"wp-block-group is-content-justification-space-between is-layout-flex wp-container-core-group-is-layout-2 wp-block-group-is-layout-flex\">\n<div class=\"wp-block-group sm:w-2\/3 is-vertical is-layout-flex wp-container-core-group-is-layout-1 wp-block-group-is-layout-flex\">\n<p>Bir ki\u015fi kendi \u00fclkesinin d\u0131\u015f\u0131nda vefat etti\u011finde, cenazesi anavatan\u0131na geri g\u00f6nderilmelidir. \u00d6len bir ki\u015finin cenazesini yabanc\u0131 bir \u00fclkeden geri getirmek bilgi ve hassasiyet gerektirir. Sevdi\u011finiz biri \u00f6ld\u00fc\u011f\u00fcnde, lojistik y\u00fck\u00fc yas tutan bir ailenin ihtiya\u00e7 duydu\u011fu son \u015feydir. Sevdi\u011finiz birinin kal\u0131nt\u0131lar\u0131n\u0131 g\u00f6ndermenin hassas do\u011fas\u0131na kar\u015f\u0131 duyarl\u0131y\u0131z ve bunu sizin ad\u0131n\u0131za onurlu bir \u015fekilde yapmay\u0131 taahh\u00fct ediyoruz.  <\/p>\n\n\n\n<p>Bir tabutu hava yoluyla ta\u015f\u0131rken, uluslararas\u0131 \u00f6l\u00fcm belgelerinin doldurulmas\u0131, bir cenazenin ta\u015f\u0131nmas\u0131 i\u00e7in izinlerin al\u0131nmas\u0131, \u00e7e\u015fitli g\u00fcmr\u00fck ve yasal prosed\u00fcrlerin yan\u0131 s\u0131ra bir tabutun ta\u015f\u0131nmas\u0131n\u0131 d\u00fczenleyen s\u0131k\u0131 k\u0131s\u0131tlamalara uyulmas\u0131 da dahil olmak \u00fczere \u00e7e\u015fitli konular dikkate al\u0131nmal\u0131d\u0131r. Bu fakt\u00f6rler, zaten \u00e7ok \u015fey ya\u015fam\u0131\u015f olan yasl\u0131 aile \u00fcyelerine ekstra mali ve duygusal zorluklar y\u00fcklemektedir.<\/p>\n\n\n\n<p>Jet-VIP olarak zor anlar\u0131n\u0131zda yan\u0131n\u0131zda olmaya kararl\u0131y\u0131z ve t\u00fcm lojistik ve geri d\u00f6n\u00fc\u015f formalitelerini yerine getirerek bu zor zaman\u0131 sizin i\u00e7in biraz daha kolayla\u015ft\u0131rmak i\u00e7in her t\u00fcrl\u00fc \u00e7abay\u0131 g\u00f6steriyoruz. Uluslararas\u0131 g\u00fcmr\u00fck prosed\u00fcrleri, yerel ula\u015f\u0131m kurallar\u0131 ve di\u011fer izinler transfer uzmanlar\u0131m\u0131z taraf\u0131ndan halledilir.<\/p>\n\n\n\n<p>Jet-VIP, vefat edenlerin ebedi istirahatgahlar\u0131na geri g\u00f6nderilmesinde kararl\u0131 bir ortakt\u0131r ve ihtiya\u00e7 duydu\u011funuz her an yan\u0131n\u0131zda olaca\u011f\u0131m\u0131za g\u00fcvenebilirsiniz.<\/p>\n<\/div>\n\n\n\n<figure class=\"wp-block-image size-full sm:w-1\/4\"><img decoding=\"async\" width=\"408\" height=\"418\" src=\"http:\/\/www.jet-vip.com\/app\/uploads\/2023\/05\/icon-coffin.png\" alt=\"\" class=\"wp-image-1713\" srcset=\"https:\/\/www.jet-vip.com\/app\/uploads\/2023\/05\/icon-coffin.png 408w, https:\/\/www.jet-vip.com\/app\/uploads\/2023\/05\/icon-coffin-293x300.png 293w\" sizes=\"(max-width: 408px) 100vw, 408px\" \/><\/figure><\/div>\n<\/div>\n<\/div>\n\n<div class=\"wp-block-group mx-7 max-w-7xl sm:mx-auto mt-12 is-layout-constrained wp-block-group-is-layout-constrained\">\n<h2 class=\"wp-block-heading\">Neden Jet-VIP&#8217;i Se\u00e7melisiniz?<\/h2>\n\n\n\n<div class=\"wp-block-group grid sm:grid-cols-2 is-layout-flow wp-block-group-is-layout-flow\">\n<div class=\"wp-block-group p-4 m-4 border rounded-xl is-content-justification-space-between is-layout-flex wp-container-core-group-is-layout-7 wp-block-group-is-layout-flex\">\n<div class=\"wp-block-group sm:w-1\/4 flex flex-1 flex-row sm:flex-col justify-around items-center is-layout-flow wp-block-group-is-layout-flow\">\n<figure class=\"wp-block-image size-thumbnail is-resized is-style-rounded rounded-full\"><img decoding=\"async\" src=\"https:\/\/www.jet-vip.com\/app\/uploads\/2023\/05\/coffin-150x150.jpg\" alt=\"\" class=\"wp-image-1718\" width=\"120\" height=\"120\"\/><\/figure>\n\n\n<figure class=\"wp-block-image size-thumbnail is-resized is-style-rounded rounded-full\"><img decoding=\"async\" src=\"https:\/\/www.jet-vip.com\/app\/uploads\/2023\/05\/modern_equipment-150x150.jpg\" alt=\"\" class=\"wp-image-1715\" width=\"120\" height=\"120\"\/><\/figure><\/div>\n\n\n\n<div class=\"wp-block-group sm:w-2\/3 is-vertical is-nowrap is-layout-flex wp-container-core-group-is-layout-6 wp-block-group-is-layout-flex\">\n<p>Jet-VIP olarak, sevdi\u011finiz birinin vefat\u0131n\u0131n ne kadar stresli olabilece\u011fini anl\u0131yoruz. Sevdi\u011finiz birinin cenazesini yurt d\u0131\u015f\u0131ndan getirmek i\u00e7in d\u00fczenlemeler yapman\u0131n \u00e7ok zor bir i\u015f olabilece\u011fini de biliyoruz. Bu nedenle, t\u00fcm s\u00fcreci en \u00fcst d\u00fczeyde sayg\u0131 ve haysiyetle ele almaya kararl\u0131y\u0131z. Amac\u0131m\u0131z sizi sevdiklerinizin kal\u0131nt\u0131lar\u0131na m\u00fcmk\u00fcn oldu\u011funca h\u0131zl\u0131 ve sorunsuz bir \u015fekilde kavu\u015fturmakt\u0131r. Modern ekipmanlar\u0131m\u0131z, profesyonel ekibimiz ve uzun y\u0131llara dayanan tecr\u00fcbemizle Tabutun \u00dclkesine Geri G\u00f6nderilmesi Hizmetlerinin tamam\u0131n\u0131 t\u00fcm yerel ve uluslararas\u0131 d\u00fczenlemelere uygun bir \u015fekilde yerine getirebilecek niteliklere sahibiz.<\/p>\n\n\n\n<div class=\"wp-block-buttons is-layout-flex wp-block-buttons-is-layout-flex\">\n<div class=\"wp-block-button\"><a class=\"wp-block-button__link wp-element-button\" href=\"https:\/\/www.jet-vip.com\/flight-search\/\">Kitap Geri G\u00f6nderme Hizmeti<\/a><\/div>\n<\/div>\n<\/div>\n<\/div>\n\n\n\n<div class=\"wp-block-group m-4 p-4 rounded-xl has-very-light-blue-background-color has-background is-vertical is-layout-flex wp-container-core-group-is-layout-8 wp-block-group-is-layout-flex\">\n<h3 class=\"wp-block-heading\">Ayr\u0131ca a\u015fa\u011f\u0131dakiler de dahil olmak \u00fczere gerekli t\u00fcm evrak i\u015flerinin d\u00fczenli olmas\u0131n\u0131 sa\u011fl\u0131yoruz<\/h3>\n\n\n\n<ul class=\"planes wp-block-list\">\n<li>\u00d6l\u00fcm Belgeleri<\/li>\n\n\n\n<li>Mumyalama Sertifikalar\u0131<\/li>\n\n\n\n<li>Pasaportlar ve seyahat belgeleri<\/li>\n\n\n\n<li>Cenaze evi mektuplar\u0131<\/li>\n\n\n\n<li>Defin ve transit ge\u00e7i\u015f izinleri<\/li>\n<\/ul>\n\n\n\n<p>Evrak i\u015flerini y\u00f6neterek sevdi\u011finiz ki\u015finin tabutunun g\u00fcvenli ve kolay bir \u015fekilde, en az sorunla ta\u015f\u0131nmas\u0131n\u0131 sa\u011fl\u0131yoruz.<\/p>\n<\/div>\n<\/div>\n<\/div>\n\n<div class=\"wp-block-group mega-rounded-top-right has-white-background-color has-background is-layout-flow wp-block-group-is-layout-flow\">\n<div class=\"wp-block-group mx-7 max-w-7xl sm:mx-auto mt-12 px-4 py-12 rounded-3xl has-light-sand-background-color has-background is-vertical is-content-justification-center is-layout-flex wp-container-core-group-is-layout-12 wp-block-group-is-layout-flex\">\n<h3 class=\"wp-block-heading\" style=\"padding-bottom:var(--wp--preset--spacing--60)\">Bug\u00fcn Ula\u015f\u0131n<\/h3>\n\n\n\n<p class=\"has-text-align-center p-4 sm:w-3\/4\">Sevdi\u011finiz birinin \u00f6l\u00fcm\u00fc \u015f\u00fcphesiz son derece \u00fcz\u00fcc\u00fc bir d\u00f6nem olabilir. Ve bu olay yurtd\u0131\u015f\u0131nda ger\u00e7ekle\u015fti\u011finde, seyahat ve \u00fclkelerine geri d\u00f6n\u00fc\u015f ayarlamalar\u0131 yapmak zorunda kalman\u0131n getirdi\u011fi ek stres, zaten harap olmu\u015f bir aile i\u00e7in ek bir y\u00fck olu\u015fturmaktad\u0131r.<\/p>\n\n\n\n<div class=\"wp-block-group sm:w-3\/4 p-4 mx-8 border rounded-xl is-nowrap is-layout-flex wp-container-core-group-is-layout-11 wp-block-group-is-layout-flex\">\n<figure class=\"wp-block-image size-large\"><img decoding=\"async\" width=\"95\" height=\"88\" src=\"http:\/\/www.jet-vip.com\/app\/uploads\/2023\/05\/24-7.svg\" alt=\"\" class=\"wp-image-1714\"\/><\/figure>\n\n\n<p>Jet-VIP olarak, zor anlar\u0131n\u0131zda sizinle empati kuruyor ve 7\/24 yard\u0131m\u0131m\u0131z\u0131 sunmaya haz\u0131r\u0131z. Acil tabut nakliyesi konusunda geni\u015f deneyime sahibiz ve aileniz i\u00e7in en uygun plan\u0131 olu\u015fturmak \u00fczere sizinle birlikte \u00e7al\u0131\u015fabiliriz.<\/p>\n<\/div>\n\n\n\n<p><\/p>\n\n\n\n<div class=\"wp-block-buttons is-layout-flex wp-block-buttons-is-layout-flex\">\n<div class=\"wp-block-button\"><a class=\"wp-block-button__link wp-element-button\" href=\"https:\/\/www.jet-vip.com\/flight-search\/\">Kitap Geri G\u00f6nderme Hizmeti<\/a><\/div>\n<\/div>\n<\/div>\n<\/div>\n\n<div class=\"wp-block-group header-text-container bg-white pt-8 is-layout-constrained wp-block-group-is-layout-constrained\">\n<div class=\"wp-block-group block-header-container is-vertical is-layout-flex wp-container-core-group-is-layout-14 wp-block-group-is-layout-flex\">\n<h2 class=\"wp-block-heading\">Learn more<\/h2>\n\n\n\n<hr class=\"wp-block-separator has-alpha-channel-opacity\"\/>\n\n\n\n<p>We know that your flight needs may be different, so we adapt to provide various kinds of <a href=\"https:\/\/www.instagram.com\/jet_vip\">services<\/a>:<\/p>\n<\/div>\n\n\n\n<div class=\"wp-block-group is-vertical is-layout-flex wp-container-core-group-is-layout-16 wp-block-group-is-layout-flex\">\n<h4 class=\"wp-block-heading\">Fleet<\/h4>\n\n\n\n<div class=\"wp-block-group is-nowrap is-layout-flex wp-container-core-group-is-layout-15 wp-block-group-is-layout-flex\">\n<p>Our expert team can find the best available price for your private jet hire on the most suitable private aircraft<\/p>\n\n\n\n<p><a href=\"https:\/\/www.jet-vip.com\/our-fleet\/\">More info<\/a><\/p>\n<\/div>\n<\/div>\n\n\n\n<div class=\"wp-block-group is-vertical is-layout-flex wp-container-core-group-is-layout-18 wp-block-group-is-layout-flex\">\n<h4 class=\"wp-block-heading\">Destinations<\/h4>\n\n\n\n<div class=\"wp-block-group is-nowrap is-layout-flex wp-container-core-group-is-layout-17 wp-block-group-is-layout-flex\">\n<p>Discover the most requested destinations for your private jet trip<\/p>\n\n\n\n<p><a href=\"https:\/\/www.jet-vip.com\/destinations\/\" data-type=\"page\" data-id=\"122\">More info<\/a><\/p>\n<\/div>\n<\/div>\n\n\n\n<div class=\"wp-block-group is-vertical is-layout-flex wp-container-core-group-is-layout-20 wp-block-group-is-layout-flex\">\n<h4 class=\"wp-block-heading\">Frequently Asked Questions<\/h4>\n\n\n\n<div class=\"wp-block-group is-nowrap is-layout-flex wp-container-core-group-is-layout-19 wp-block-group-is-layout-flex\">\n<p>You have a question? <br>We have the answer !<\/p>\n\n\n\n<p><a href=\"https:\/\/www.jet-vip.com\/frequently-asked-questions\/\" data-type=\"page\" data-id=\"417\">More info<\/a><\/p>\n<\/div>\n<\/div>\n\n\n\n<div class=\"wp-block-group is-vertical is-layout-flex wp-container-core-group-is-layout-22 wp-block-group-is-layout-flex\">\n<h4 class=\"wp-block-heading\">Medical Flights<\/h4>\n\n\n\n<div class=\"wp-block-group is-nowrap is-layout-flex wp-container-core-group-is-layout-21 wp-block-group-is-layout-flex\">\n<p>In case you need to book a jet for your special occasion or business look no further!<\/p>\n\n\n\n<p><a href=\"https:\/\/www.jet-vip.com\/ambulance-flights\/\" data-type=\"page\" data-id=\"1184\">More info<\/a><\/p>\n<\/div>\n<\/div>\n\n\n\n<div class=\"wp-block-group is-vertical is-layout-flex wp-container-core-group-is-layout-24 wp-block-group-is-layout-flex\">\n<h4 class=\"wp-block-heading\">Safety<\/h4>\n\n\n\n<div class=\"wp-block-group is-nowrap is-layout-flex wp-container-core-group-is-layout-23 wp-block-group-is-layout-flex\">\n<p>Safety in private aviation is our most important concern. Safety has always been the priority of Jet-Vip<\/p>\n\n\n\n<p><a href=\"https:\/\/www.jet-vip.com\/safety-at-jet-vip\/\" data-type=\"page\" data-id=\"762\">More info<\/a><\/p>\n<\/div>\n<\/div>\n\n\n\n<div class=\"wp-block-group is-vertical is-layout-flex wp-container-core-group-is-layout-26 wp-block-group-is-layout-flex\">\n<h4 class=\"wp-block-heading\">Empty legs<\/h4>\n\n\n\n<div class=\"wp-block-group is-nowrap is-layout-flex wp-container-core-group-is-layout-25 wp-block-group-is-layout-flex\">\n<p>Chartering an empty leg flight is an opportunity to save up to 50% on your private jet flight price<\/p>\n\n\n\n<p><a href=\"https:\/\/www.jet-vip.com\/empty-leg-flights-with-jet-vip\/\" data-type=\"page\" data-id=\"446\">More info<\/a><\/p>\n<\/div>\n<\/div>\n<\/div>\n\n<div class=\"wp-block-group container-rounded-bottom-left -mt-10 white is-layout-constrained wp-block-group-is-layout-constrained\"><\/div>\n","protected":false},"excerpt":{"rendered":"<p>Jet-VIP&#8217;in Tabut Geri G\u00f6nderme Hizmetleri Bir ki\u015fi kendi \u00fclkesinin d\u0131\u015f\u0131nda vefat etti\u011finde, cenazesi anavatan\u0131na geri g\u00f6nderilmelidir. \u00d6len bir ki\u015finin cenazesini yabanc\u0131 bir \u00fclkeden geri getirmek bilgi ve hassasiyet gerektirir. Sevdi\u011finiz biri \u00f6ld\u00fc\u011f\u00fcnde, lojistik y\u00fck\u00fc yas tutan bir ailenin ihtiya\u00e7 duydu\u011fu son \u015feydir. Sevdi\u011finiz birinin kal\u0131nt\u0131lar\u0131n\u0131 g\u00f6ndermenin hassas do\u011fas\u0131na kar\u015f\u0131 duyarl\u0131y\u0131z ve bunu sizin ad\u0131n\u0131za onurlu &hellip; <a href=\"https:\/\/www.jet-vip.com\/tr\/tabut-ucuslari\/\">Continued<\/a><\/p>\n","protected":false},"author":1,"featured_media":3449,"parent":0,"menu_order":0,"comment_status":"closed","ping_status":"closed","template":"template-white.blade.php","meta":{"footnotes":""},"class_list":["post-3586","page","type-page","status-publish","has-post-thumbnail","hentry"],"yoast_head":"<!-- This site is optimized with the Yoast SEO Premium plugin v23.9 (Yoast SEO v23.9) - https:\/\/yoast.com\/wordpress\/plugins\/seo\/ -->\n<title>Tabut Geri G\u00f6nderme Hizmetleri | Acil tabut Hava ta\u015f\u0131mac\u0131l\u0131\u011f\u0131<\/title>\n<meta name=\"description\" content=\"Jet-VIP, tabut geri d\u00f6n\u00fc\u015f hizmetlerinde deneyime sahiptir ve aileniz i\u00e7in en uygun plan\u0131 olu\u015fturmak \u00fczere sizinle \u00e7al\u0131\u015f\u0131r.\" \/>\n<meta name=\"robots\" content=\"index, follow, max-snippet:-1, max-image-preview:large, max-video-preview:-1\" \/>\n<link rel=\"canonical\" href=\"https:\/\/www.jet-vip.com\/tr\/tabut-ucuslari\/\" \/>\n<meta property=\"og:locale\" content=\"tr_TR\" \/>\n<meta property=\"og:type\" content=\"article\" \/>\n<meta property=\"og:title\" content=\"Tabut Geri G\u00f6nderme Hizmetleri | Acil tabut Hava ta\u015f\u0131mac\u0131l\u0131\u011f\u0131\" \/>\n<meta property=\"og:description\" content=\"Jet-VIP, tabut geri d\u00f6n\u00fc\u015f hizmetlerinde deneyime sahiptir ve aileniz i\u00e7in en uygun plan\u0131 olu\u015fturmak \u00fczere sizinle \u00e7al\u0131\u015f\u0131r.\" \/>\n<meta property=\"og:url\" content=\"https:\/\/www.jet-vip.com\/tr\/tabut-ucuslari\/\" \/>\n<meta property=\"og:site_name\" content=\"Jet VIP\" \/>\n<meta property=\"article:modified_time\" content=\"2024-11-24T08:31:30+00:00\" \/>\n<meta property=\"og:image\" content=\"https:\/\/www.jet-vip.com\/app\/uploads\/2023\/05\/coffin_fly_header.jpg\" \/>\n\t<meta property=\"og:image:width\" content=\"1500\" \/>\n\t<meta property=\"og:image:height\" content=\"1000\" \/>\n\t<meta property=\"og:image:type\" content=\"image\/jpeg\" \/>\n<meta name=\"twitter:card\" content=\"summary_large_image\" \/>\n<meta name=\"twitter:label1\" content=\"Est. reading time\" \/>\n\t<meta name=\"twitter:data1\" content=\"8 minutes\" \/>\n<!-- \/ Yoast SEO Premium plugin. -->","yoast_head_json":{"title":"Tabut Geri G\u00f6nderme Hizmetleri | Acil tabut Hava ta\u015f\u0131mac\u0131l\u0131\u011f\u0131","description":"Jet-VIP, tabut geri d\u00f6n\u00fc\u015f hizmetlerinde deneyime sahiptir ve aileniz i\u00e7in en uygun plan\u0131 olu\u015fturmak \u00fczere sizinle \u00e7al\u0131\u015f\u0131r.","robots":{"index":"index","follow":"follow","max-snippet":"max-snippet:-1","max-image-preview":"max-image-preview:large","max-video-preview":"max-video-preview:-1"},"canonical":"https:\/\/www.jet-vip.com\/tr\/tabut-ucuslari\/","og_locale":"tr_TR","og_type":"article","og_title":"Tabut Geri G\u00f6nderme Hizmetleri | Acil tabut Hava ta\u015f\u0131mac\u0131l\u0131\u011f\u0131","og_description":"Jet-VIP, tabut geri d\u00f6n\u00fc\u015f hizmetlerinde deneyime sahiptir ve aileniz i\u00e7in en uygun plan\u0131 olu\u015fturmak \u00fczere sizinle \u00e7al\u0131\u015f\u0131r.","og_url":"https:\/\/www.jet-vip.com\/tr\/tabut-ucuslari\/","og_site_name":"Jet VIP","article_modified_time":"2024-11-24T08:31:30+00:00","og_image":[{"width":1500,"height":1000,"url":"https:\/\/www.jet-vip.com\/app\/uploads\/2023\/05\/coffin_fly_header.jpg","type":"image\/jpeg"}],"twitter_card":"summary_large_image","twitter_misc":{"Est. reading time":"8 minutes"},"schema":{"@context":"https:\/\/schema.org","@graph":[{"@type":"WebPage","@id":"https:\/\/www.jet-vip.com\/tr\/tabut-ucuslari\/","url":"https:\/\/www.jet-vip.com\/tr\/tabut-ucuslari\/","name":"Tabut Geri G\u00f6nderme Hizmetleri | Acil tabut Hava ta\u015f\u0131mac\u0131l\u0131\u011f\u0131","isPartOf":{"@id":"https:\/\/www.jet-vip.com\/tr\/#website"},"primaryImageOfPage":{"@id":"https:\/\/www.jet-vip.com\/tr\/tabut-ucuslari\/#primaryimage"},"image":{"@id":"https:\/\/www.jet-vip.com\/tr\/tabut-ucuslari\/#primaryimage"},"thumbnailUrl":"https:\/\/www.jet-vip.com\/app\/uploads\/2023\/05\/coffin_fly_header.jpg","datePublished":"2023-05-23T12:01:03+00:00","dateModified":"2024-11-24T08:31:30+00:00","description":"Jet-VIP, tabut geri d\u00f6n\u00fc\u015f hizmetlerinde deneyime sahiptir ve aileniz i\u00e7in en uygun plan\u0131 olu\u015fturmak \u00fczere sizinle \u00e7al\u0131\u015f\u0131r.","inLanguage":"tr-TR","potentialAction":[{"@type":"ReadAction","target":["https:\/\/www.jet-vip.com\/tr\/tabut-ucuslari\/"]}]},{"@type":"ImageObject","inLanguage":"tr-TR","@id":"https:\/\/www.jet-vip.com\/tr\/tabut-ucuslari\/#primaryimage","url":"https:\/\/www.jet-vip.com\/app\/uploads\/2023\/05\/coffin_fly_header.jpg","contentUrl":"https:\/\/www.jet-vip.com\/app\/uploads\/2023\/05\/coffin_fly_header.jpg","width":1500,"height":1000},{"@type":"WebSite","@id":"https:\/\/www.jet-vip.com\/tr\/#website","url":"https:\/\/www.jet-vip.com\/tr\/","name":"www.jet-vip.com","description":"Private Jet &amp; Helicopter charter","publisher":{"@id":"https:\/\/www.jet-vip.com\/tr\/#organization"},"potentialAction":[{"@type":"SearchAction","target":{"@type":"EntryPoint","urlTemplate":"https:\/\/www.jet-vip.com\/tr\/?s={search_term_string}"},"query-input":{"@type":"PropertyValueSpecification","valueRequired":true,"valueName":"search_term_string"}}],"inLanguage":"tr-TR"},{"@type":"Organization","@id":"https:\/\/www.jet-vip.com\/tr\/#organization","name":"JET VIP","alternateName":"JET-VIP","url":"https:\/\/www.jet-vip.com\/tr\/","logo":{"@type":"ImageObject","inLanguage":"tr-TR","@id":"https:\/\/www.jet-vip.com\/tr\/#\/schema\/logo\/image\/","url":"https:\/\/www.jet-vip.com\/app\/uploads\/2023\/04\/logo_jetvip.png","contentUrl":"https:\/\/www.jet-vip.com\/app\/uploads\/2023\/04\/logo_jetvip.png","width":2344,"height":1500,"caption":"JET VIP"},"image":{"@id":"https:\/\/www.jet-vip.com\/tr\/#\/schema\/logo\/image\/"},"sameAs":["https:\/\/instagram.com\/jet_vip"]}]}},"_links":{"self":[{"href":"https:\/\/www.jet-vip.com\/tr\/wp-json\/wp\/v2\/pages\/3586","targetHints":{"allow":["GET"]}}],"collection":[{"href":"https:\/\/www.jet-vip.com\/tr\/wp-json\/wp\/v2\/pages"}],"about":[{"href":"https:\/\/www.jet-vip.com\/tr\/wp-json\/wp\/v2\/types\/page"}],"author":[{"embeddable":true,"href":"https:\/\/www.jet-vip.com\/tr\/wp-json\/wp\/v2\/users\/1"}],"replies":[{"embeddable":true,"href":"https:\/\/www.jet-vip.com\/tr\/wp-json\/wp\/v2\/comments?post=3586"}],"version-history":[{"count":1,"href":"https:\/\/www.jet-vip.com\/tr\/wp-json\/wp\/v2\/pages\/3586\/revisions"}],"predecessor-version":[{"id":3587,"href":"https:\/\/www.jet-vip.com\/tr\/wp-json\/wp\/v2\/pages\/3586\/revisions\/3587"}],"wp:featuredmedia":[{"embeddable":true,"href":"https:\/\/www.jet-vip.com\/tr\/wp-json\/wp\/v2\/media\/3449"}],"wp:attachment":[{"href":"https:\/\/www.jet-vip.com\/tr\/wp-json\/wp\/v2\/media?parent=3586"}],"curies":[{"name":"wp","href":"https:\/\/api.w.org\/{rel}","templated":true}]}}