{"id":3582,"date":"2023-04-06T12:34:04","date_gmt":"2023-04-06T12:34:04","guid":{"rendered":"https:\/\/www.jet-vip.com\/ambulans-ucuslari\/"},"modified":"2024-11-24T08:26:59","modified_gmt":"2024-11-24T08:26:59","slug":"ambulans-ucuslari","status":"publish","type":"page","link":"https:\/\/www.jet-vip.com\/tr\/ambulans-ucuslari\/","title":{"rendered":"Ambulans u\u00e7u\u015flar\u0131"},"content":{"rendered":"\n<div class=\"wp-block-group mx-7 max-w-7xl sm:mx-auto mb-7 is-layout-constrained wp-block-group-is-layout-constrained\">\n<h2 class=\"wp-block-heading\">Jet-VIP&#8217;in Acil Durumlar i\u00e7in \u00d6zel Hava Ambulans Hizmeti<\/h2>\n\n\n\n<hr class=\"wp-block-separator has-alpha-channel-opacity\"\/>\n\n\n\n<div class=\"wp-block-group grid sm:grid-cols-3 gap-4 is-layout-constrained wp-block-group-is-layout-constrained\">\n<div class=\"wp-block-group p-6 rounded-3xl has-very-light-blue-background-color has-background is-layout-flow wp-block-group-is-layout-flow\">\n<p>Sevdi\u011finiz birinin acil t\u0131bbi tedaviler i\u00e7in acilen seyahat etmesi gereken bir zaman olabilir. Jet-VIP&#8217;in T\u0131bbi Hava Hizmeti arac\u0131l\u0131\u011f\u0131yla t\u0131bbi tahliye ve \u00fclkesine geri g\u00f6nderilme ihtiyac\u0131 olanlara hizmet etmek bizim i\u00e7in bir ayr\u0131cal\u0131kt\u0131r. Kritik durumdaki hasta veya yaral\u0131lar\u0131n hava ambulans\u0131 ile ta\u015f\u0131nmas\u0131nda uzmanla\u015ft\u0131\u011f\u0131m\u0131z i\u00e7in, acil durumunuzda g\u00fcvenilir, h\u0131zl\u0131 ve etkili bir refakat\u00e7i olaca\u011f\u0131m\u0131za g\u00fcvenebilirsiniz.<\/p>\n<\/div>\n\n\n\n<div class=\"wp-block-group p-6 rounded-3xl has-very-light-blue-background-color has-background is-layout-flow wp-block-group-is-layout-flow\">\n<p>Hava yoluyla acil t\u0131bbi nakil konusunda y\u0131llar\u0131n uzmanl\u0131\u011f\u0131yla, k\u00fcresel bir hava ambulans\u0131 sa\u011flay\u0131c\u0131s\u0131y\u0131z. Uluslararas\u0131 hava ambulans\u0131 hizmetimiz, d\u00fcnya \u00e7ap\u0131nda t\u0131bbi tahliye u\u00e7u\u015flar\u0131 d\u00fczenleyerek gitmeniz gereken yere zaman\u0131nda ve g\u00fcvenli bir \u015fekilde ula\u015fman\u0131za yard\u0131mc\u0131 olabilir.<\/p>\n<\/div>\n\n\n\n<div class=\"wp-block-group p-6 rounded-3xl has-very-light-blue-background-color has-background is-layout-flow wp-block-group-is-layout-flow\">\n<p>Sevdi\u011finiz birinin acil t\u0131bbi tedaviler i\u00e7in acilen seyahat etmesi gereken bir zaman olabilir. Jet-VIP&#8217;in T\u0131bbi Hava Hizmeti arac\u0131l\u0131\u011f\u0131yla t\u0131bbi tahliye ve \u00fclkesine geri g\u00f6nderilme ihtiyac\u0131 olanlara hizmet etmek bizim i\u00e7in bir ayr\u0131cal\u0131kt\u0131r. Kritik durumdaki hasta veya yaral\u0131lar\u0131n hava ambulans\u0131 ile ta\u015f\u0131nmas\u0131nda uzmanla\u015ft\u0131\u011f\u0131m\u0131z i\u00e7in, acil durumunuzda g\u00fcvenilir, h\u0131zl\u0131 ve etkili bir refakat\u00e7i olaca\u011f\u0131m\u0131za g\u00fcvenebilirsiniz.<\/p>\n<\/div>\n<\/div>\n<\/div>\n\n<div class=\"wp-block-group mx-7 max-w-7xl sm:mx-auto my-12 is-layout-flow wp-block-group-is-layout-flow\">\n<div class=\"wp-block-group is-content-justification-space-between is-layout-flex wp-container-core-group-is-layout-15 wp-block-group-is-layout-flex\">\n<div class=\"wp-block-group w-full sm:w-1\/2 is-layout-constrained wp-block-group-is-layout-constrained\">\n<h2 class=\"wp-block-heading\">Neden Jet-VIP Hava Ambulans Hizmetini Se\u00e7melisiniz?<\/h2>\n\n\n\n<p>Hastalar\u0131m\u0131za m\u00fcmk\u00fcn olan en iyi tedavi ve nakli sunabilmek i\u00e7in hava ambulanslar\u0131m\u0131z sabit yo\u011fun bak\u0131m ekipmanlar\u0131yla donat\u0131lm\u0131\u015ft\u0131r. T\u00fcm u\u00e7aklar\u0131m\u0131z gerekti\u011finde daha fazla t\u0131bbi ekipman ta\u015f\u0131ma kapasitesine sahiptir. Acil bir durum ortaya \u00e7\u0131kt\u0131\u011f\u0131nda, siz veya sevdikleriniz en az bekleme s\u00fcresiyle yolun herhangi bir an\u0131nda h\u0131zl\u0131 ve g\u00fcvenli bir \u015fekilde olmalar\u0131 gereken yere ula\u015fabileceksiniz.<\/p>\n\n\n\n<p>Yo\u011fun bak\u0131m gerektirenler de dahil olmak \u00fczere t\u00fcm hastalar hava ambulanslar\u0131m\u0131zla ta\u015f\u0131nabilmektedir. Bizimle seyahat ettiklerinde en iyi bak\u0131m\u0131 al\u0131rlar ve var\u0131\u015f noktalar\u0131na m\u00fcmk\u00fcn olan en k\u0131sa s\u00fcrede ula\u015f\u0131rlar. T\u0131bbi bir acil durumda, hastalara t\u0131bbi tahliyeleri s\u0131ras\u0131nda kritik bak\u0131m uzmanlar\u0131 da dahil olmak \u00fczere son derece yetenekli bir t\u0131bbi ekip e\u015flik eder.<\/p>\n\n\n\n<p>Jet-VIP ayr\u0131ca, daha d\u00fc\u015f\u00fck kabin bas\u0131nc\u0131 gerektiren anemi veya pn\u00f6motoraks gibi belirli t\u0131bbi sorunlar\u0131 olan hastalar i\u00e7in &#8220;deniz seviyesinde yolculuk&#8221; sa\u011flayabilir.<\/p>\n<\/div>\n\n\n\n<div class=\"wp-block-group w-full sm:w-1\/2 rounded-2xl px-12 py-6 has-light-sand-background-color has-background is-layout-constrained wp-block-group-is-layout-constrained\">\n<h4 class=\"mb-6 wp-block-heading\">Hava ambulans\u0131m\u0131z\u0131n baz\u0131 \u00f6zellikleri \u015funlard\u0131r:<\/h4>\n\n\n\n<div class=\"wp-block-group grid gap-4 sm:grid-cols-2 is-content-justification-left is-layout-constrained wp-container-core-group-is-layout-13 wp-block-group-is-layout-constrained\">\n<div class=\"wp-block-group is-nowrap is-layout-flex wp-container-core-group-is-layout-7 wp-block-group-is-layout-flex\">\n<figure class=\"wp-block-image size-large is-resized\"><img decoding=\"async\" src=\"https:\/\/test-jetvip.mendo.lv\/app\/uploads\/2023\/04\/Satellite-phones.svg\" alt=\"\" class=\"wp-image-1202\" width=\"50\" height=\"50\"\/><\/figure>\n\n\n<p class=\"has-sm-font-size\"><span style=\"color: rgba(94,104,135,var(--tw-text-opacity)); font-size: revert;\">Uydu telefonlar\u0131<\/span><\/p>\n<\/div>\n\n\n\n<div class=\"wp-block-group is-nowrap is-layout-flex wp-container-core-group-is-layout-8 wp-block-group-is-layout-flex\">\n<figure class=\"wp-block-image size-large is-resized\"><img decoding=\"async\" src=\"https:\/\/test-jetvip.mendo.lv\/app\/uploads\/2023\/04\/Nebulisation-backup.svg\" alt=\"\" class=\"wp-image-1199\" width=\"50\" height=\"50\"\/><\/figure>\n\n\n<p class=\"has-sm-font-size\"><span style=\"color: rgba(94,104,135,var(--tw-text-opacity)); font-size: revert;\">Nebulizasyon yede\u011fi<\/span><\/p>\n<\/div>\n\n\n\n<div class=\"wp-block-group is-nowrap is-layout-flex wp-container-core-group-is-layout-9 wp-block-group-is-layout-flex\">\n<figure class=\"wp-block-image size-large\"><img decoding=\"async\" width=\"66\" height=\"66\" src=\"https:\/\/test-jetvip.mendo.lv\/app\/uploads\/2023\/04\/defibrillator.svg\" alt=\"\" class=\"wp-image-1198\"\/><\/figure>\n\n\n<p class=\"has-sm-font-size\"><span style=\"color: rgba(94,104,135,var(--tw-text-opacity)); font-size: revert;\">Kompakt defibrilat\u00f6r ve monit\u00f6r sistemi<\/span><\/p>\n<\/div>\n\n\n\n<div class=\"wp-block-group is-nowrap is-layout-flex wp-container-core-group-is-layout-10 wp-block-group-is-layout-flex\">\n<figure class=\"wp-block-image size-large is-resized\"><img decoding=\"async\" src=\"https:\/\/test-jetvip.mendo.lv\/app\/uploads\/2023\/04\/Blood-gas-analysers.svg\" alt=\"\" class=\"wp-image-1197\" width=\"50\" height=\"50\"\/><\/figure>\n\n\n<p class=\"has-sm-font-size\"><span style=\"color: rgba(94,104,135,var(--tw-text-opacity)); font-size: revert;\">Kan gaz\u0131 analiz\u00f6rleri<\/span><\/p>\n<\/div>\n\n\n\n<div class=\"wp-block-group is-nowrap is-layout-flex wp-container-core-group-is-layout-11 wp-block-group-is-layout-flex\">\n<figure class=\"wp-block-image size-large is-resized\"><img decoding=\"async\" src=\"https:\/\/test-jetvip.mendo.lv\/app\/uploads\/2023\/04\/Oxygen-tanks-.svg\" alt=\"\" class=\"wp-image-1200\" width=\"50\" height=\"50\"\/><\/figure>\n\n\n<p class=\"has-sm-font-size\"><span style=\"color: rgba(94,104,135,var(--tw-text-opacity)); font-size: revert;\">Oksijen tanklar\u0131<\/span><\/p>\n<\/div>\n\n\n\n<div class=\"wp-block-group is-nowrap is-layout-flex wp-container-core-group-is-layout-12 wp-block-group-is-layout-flex\">\n<figure class=\"wp-block-image size-large is-resized\"><img decoding=\"async\" src=\"https:\/\/test-jetvip.mendo.lv\/app\/uploads\/2023\/04\/Patient-loading-mattresses.svg\" alt=\"\" class=\"wp-image-1201\" width=\"50\" height=\"50\"\/><\/figure>\n\n\n<p class=\"has-sm-font-size\"><span style=\"color: rgba(94,104,135,var(--tw-text-opacity)); font-size: revert;\">Hasta y\u00fckleme yataklar\u0131<\/span><\/p>\n<\/div>\n<\/div>\n<\/div>\n<\/div>\n<\/div>\n\n<div class=\"wp-block-group mx-7 max-w-7xl sm:mx-auto my-12 is-layout-flow wp-block-group-is-layout-flow\">\n<div class=\"wp-block-group is-content-justification-space-between is-layout-flex wp-container-core-group-is-layout-19 wp-block-group-is-layout-flex\">\n<div class=\"wp-block-group w-full sm:w-1\/2 is-layout-constrained wp-block-group-is-layout-constrained\">\n<h2 class=\"wp-block-heading\">Covid-19 Hasta Deste\u011fi<\/h2>\n\n\n\n<figure class=\"wp-block-image size-full\"><img decoding=\"async\" width=\"816\" height=\"544\" src=\"https:\/\/test-jetvip.mendo.lv\/app\/uploads\/2023\/04\/covid_patient_support.jpg\" alt=\"\" class=\"wp-image-1195\" srcset=\"https:\/\/www.jet-vip.com\/app\/uploads\/2023\/04\/covid_patient_support.jpg 816w, https:\/\/www.jet-vip.com\/app\/uploads\/2023\/04\/covid_patient_support-300x200.jpg 300w, https:\/\/www.jet-vip.com\/app\/uploads\/2023\/04\/covid_patient_support-768x512.jpg 768w\" sizes=\"(max-width: 816px) 100vw, 816px\" \/><\/figure>\n\n\n<p>Jet-VIP ayr\u0131ca kritik Covid-19 hastalar\u0131 i\u00e7in acil t\u0131bbi geri d\u00f6n\u00fc\u015f hizmeti de sunmaktad\u0131r. Siz veya sevdi\u011finiz biri Covid-19 ile enfekte olduysa ve acil nakil gerekiyorsa, ekibimizin 7\/24 yan\u0131n\u0131zda olaca\u011f\u0131na g\u00fcvenebilirsiniz. Gitmeniz gereken yer neresi olursa olsun, ekibimiz oraya en iyi sa\u011fl\u0131k ve g\u00fcvenlik protokolleriyle ula\u015fman\u0131z\u0131 sa\u011flayabilir.<\/p>\n<\/div>\n\n\n\n<div class=\"wp-block-group w-full sm:w-1\/2 is-layout-constrained wp-block-group-is-layout-constrained\">\n<h2 class=\"wp-block-heading\">Bug\u00fcn Ula\u015f\u0131n<\/h2>\n\n\n\n<figure class=\"wp-block-image size-full\"><img decoding=\"async\" width=\"678\" height=\"452\" src=\"https:\/\/test-jetvip.mendo.lv\/app\/uploads\/2023\/04\/reach_out-edited.jpg\" alt=\"\" class=\"wp-image-1218\" srcset=\"https:\/\/www.jet-vip.com\/app\/uploads\/2023\/04\/reach_out-edited.jpg 678w, https:\/\/www.jet-vip.com\/app\/uploads\/2023\/04\/reach_out-edited-300x200.jpg 300w\" sizes=\"(max-width: 678px) 100vw, 678px\" \/><\/figure>\n\n\n<p>T\u0131bbi bir acil durumda zamanlama her \u015feydir ve her dakika \u00f6nemlidir. Hastan\u0131n en iyi iyile\u015fme \u015fans\u0131na sahip olmas\u0131n\u0131 sa\u011flamak i\u00e7in h\u0131zl\u0131 hareket etmek kritik \u00f6nem ta\u015f\u0131r. Hava Ambulans\u0131 ekibimiz her an size yard\u0131mc\u0131 olmaya haz\u0131rd\u0131r. T\u0131bbi bir acil durum s\u0131ras\u0131nda ula\u015f\u0131m ihtiya\u00e7lar\u0131n\u0131z\u0131 nas\u0131l destekleyebilece\u011fimiz hakk\u0131nda daha fazla bilgi edinmek i\u00e7in bug\u00fcn bizimle ileti\u015fime ge\u00e7in.<\/p>\n<\/div>\n<\/div>\n\n\n\n<div class=\"wp-block-buttons is-content-justification-center is-layout-flex wp-container-core-buttons-is-layout-1 wp-block-buttons-is-layout-flex\">\n<div class=\"wp-block-button\"><a class=\"wp-block-button__link wp-element-button\" href=\"https:\/\/www.jet-vip.com\/flight-search\/\">Ambulans u\u00e7u\u015fu<\/a><\/div>\n<\/div>\n<\/div>\n\n<div class=\"wp-block-group has-white-background-color has-background is-layout-flow wp-block-group-is-layout-flow\">\n<div class=\"wp-block-group mx-7 max-w-7xl sm:mx-auto pt-12 px-4 py-12 is-layout-constrained wp-block-group-is-layout-constrained\">\n<div class=\"wp-block-group header-text-container bg-white pt-8 is-layout-constrained wp-block-group-is-layout-constrained\">\n<div class=\"wp-block-group block-header-container is-vertical is-layout-flex wp-container-core-group-is-layout-21 wp-block-group-is-layout-flex\">\n<h2 class=\"wp-block-heading\" id=\"h-learn-more\">Learn more<\/h2>\n\n\n\n<hr class=\"wp-block-separator has-alpha-channel-opacity\"\/>\n\n\n\n<p>We know that your flight needs may be different, so we adapt to provide various kinds of <a href=\"https:\/\/diamondproblemsolver.org\/\">diamond solver<\/a>:<\/p>\n<\/div>\n\n\n\n<div class=\"wp-block-group is-vertical is-layout-flex wp-container-core-group-is-layout-23 wp-block-group-is-layout-flex\">\n<h4 class=\"wp-block-heading\" id=\"h-fleet\">Fleet<\/h4>\n\n\n\n<div class=\"wp-block-group is-nowrap is-layout-flex wp-container-core-group-is-layout-22 wp-block-group-is-layout-flex\">\n<p>Our expert team can find the best available price for your private jet hire on the most suitable private aircraft<\/p>\n\n\n\n<p><a href=\"https:\/\/www.jet-vip.com\/our-fleet\/\">More info<\/a><\/p>\n<\/div>\n<\/div>\n\n\n\n<div class=\"wp-block-group is-vertical is-layout-flex wp-container-core-group-is-layout-25 wp-block-group-is-layout-flex\">\n<h4 class=\"wp-block-heading\" id=\"h-destinations\">Destinations<\/h4>\n\n\n\n<div class=\"wp-block-group is-nowrap is-layout-flex wp-container-core-group-is-layout-24 wp-block-group-is-layout-flex\">\n<p>Discover the most requested destinations for your private jet trip<\/p>\n\n\n\n<p><a href=\"https:\/\/www.jet-vip.com\/destinations\/\" data-type=\"page\" data-id=\"122\">More info<\/a><\/p>\n<\/div>\n<\/div>\n\n\n\n<div class=\"wp-block-group is-vertical is-layout-flex wp-container-core-group-is-layout-27 wp-block-group-is-layout-flex\">\n<h4 class=\"wp-block-heading\" id=\"h-frequently-asked-questions\">Frequently Asked Questions<\/h4>\n\n\n\n<div class=\"wp-block-group is-nowrap is-layout-flex wp-container-core-group-is-layout-26 wp-block-group-is-layout-flex\">\n<p>You have a question? <br>We have the answer !<\/p>\n\n\n\n<p><a href=\"https:\/\/www.jet-vip.com\/frequently-asked-questions\/\" data-type=\"page\" data-id=\"417\">More info<\/a><\/p>\n<\/div>\n<\/div>\n\n\n\n<div class=\"wp-block-group is-vertical is-layout-flex wp-container-core-group-is-layout-29 wp-block-group-is-layout-flex\">\n<h4 class=\"wp-block-heading\" id=\"h-medical-flights\">Medical Flights<\/h4>\n\n\n\n<div class=\"wp-block-group is-nowrap is-layout-flex wp-container-core-group-is-layout-28 wp-block-group-is-layout-flex\">\n<p>In case you need to book a jet for your special occasion or business look no further!<\/p>\n\n\n\n<p><a href=\"https:\/\/www.jet-vip.com\/ambulance-flights\/\" data-type=\"page\" data-id=\"1184\">More info<\/a><\/p>\n<\/div>\n<\/div>\n\n\n\n<div class=\"wp-block-group is-vertical is-layout-flex wp-container-core-group-is-layout-31 wp-block-group-is-layout-flex\">\n<h4 class=\"wp-block-heading\" id=\"h-safety\">Safety<\/h4>\n\n\n\n<div class=\"wp-block-group is-nowrap is-layout-flex wp-container-core-group-is-layout-30 wp-block-group-is-layout-flex\">\n<p>Safety in private aviation is our most important concern. Safety has always been the priority of Jet-Vip<\/p>\n\n\n\n<p><a href=\"https:\/\/www.jet-vip.com\/safety-at-jet-vip\/\" data-type=\"page\" data-id=\"762\">More info<\/a><\/p>\n<\/div>\n<\/div>\n\n\n\n<div class=\"wp-block-group is-vertical is-layout-flex wp-container-core-group-is-layout-33 wp-block-group-is-layout-flex\">\n<h4 class=\"wp-block-heading\" id=\"h-empty-legs\">Empty legs<\/h4>\n\n\n\n<div class=\"wp-block-group is-nowrap is-layout-flex wp-container-core-group-is-layout-32 wp-block-group-is-layout-flex\">\n<p>Chartering an empty leg flight is an opportunity to save up to 50% on your private jet flight price<\/p>\n\n\n\n<p><a href=\"https:\/\/www.jet-vip.com\/empty-leg-flights-with-jet-vip\/\" data-type=\"page\" data-id=\"446\">More info<\/a><\/p>\n<\/div>\n<\/div>\n<\/div>\n<\/div>\n<\/div>\n\n<div class=\"wp-block-group container-rounded-bottom-left -mt-10 white is-layout-constrained wp-block-group-is-layout-constrained\"><\/div>\n","protected":false},"excerpt":{"rendered":"<p>Jet-VIP&#8217;in Acil Durumlar i\u00e7in \u00d6zel Hava Ambulans Hizmeti Sevdi\u011finiz birinin acil t\u0131bbi tedaviler i\u00e7in acilen seyahat etmesi gereken bir zaman olabilir. Jet-VIP&#8217;in T\u0131bbi Hava Hizmeti arac\u0131l\u0131\u011f\u0131yla t\u0131bbi tahliye ve \u00fclkesine geri g\u00f6nderilme ihtiyac\u0131 olanlara hizmet etmek bizim i\u00e7in bir ayr\u0131cal\u0131kt\u0131r. Kritik durumdaki hasta veya yaral\u0131lar\u0131n hava ambulans\u0131 ile ta\u015f\u0131nmas\u0131nda uzmanla\u015ft\u0131\u011f\u0131m\u0131z i\u00e7in, acil durumunuzda g\u00fcvenilir, h\u0131zl\u0131 &hellip; <a href=\"https:\/\/www.jet-vip.com\/tr\/ambulans-ucuslari\/\">Continued<\/a><\/p>\n","protected":false},"author":2,"featured_media":3207,"parent":0,"menu_order":0,"comment_status":"closed","ping_status":"closed","template":"template-white.blade.php","meta":{"footnotes":""},"class_list":["post-3582","page","type-page","status-publish","has-post-thumbnail","hentry"],"yoast_head":"<!-- This site is optimized with the Yoast SEO Premium plugin v23.9 (Yoast SEO v23.9) - https:\/\/yoast.com\/wordpress\/plugins\/seo\/ -->\n<title>T\u0131bbi Hava Hizmeti | Acil Durumlar i\u00e7in \u00d6zel Hava Ambulans\u0131<\/title>\n<meta name=\"description\" content=\"Jet-VIP&#039;in T\u0131bbi Hava Hizmeti, g\u00fcvenilir ve etkili t\u0131bbi tahliye ve \u00fclkesine geri g\u00f6nderme hizmeti sunmaktad\u0131r. Kritik anlarda h\u0131zl\u0131 hareket. \u015eimdi rezervasyon yapt\u0131r\u0131n!\" \/>\n<meta name=\"robots\" content=\"index, follow, max-snippet:-1, max-image-preview:large, max-video-preview:-1\" \/>\n<link rel=\"canonical\" href=\"https:\/\/www.jet-vip.com\/tr\/ambulans-ucuslari\/\" \/>\n<meta property=\"og:locale\" content=\"tr_TR\" \/>\n<meta property=\"og:type\" content=\"article\" \/>\n<meta property=\"og:title\" content=\"T\u0131bbi Hava Hizmeti | Acil Durumlar i\u00e7in \u00d6zel Hava Ambulans\u0131\" \/>\n<meta property=\"og:description\" content=\"Jet-VIP&#039;in T\u0131bbi Hava Hizmeti, g\u00fcvenilir ve etkili t\u0131bbi tahliye ve \u00fclkesine geri g\u00f6nderme hizmeti sunmaktad\u0131r. Kritik anlarda h\u0131zl\u0131 hareket. \u015eimdi rezervasyon yapt\u0131r\u0131n!\" \/>\n<meta property=\"og:url\" content=\"https:\/\/www.jet-vip.com\/tr\/ambulans-ucuslari\/\" \/>\n<meta property=\"og:site_name\" content=\"Jet VIP\" \/>\n<meta property=\"article:modified_time\" content=\"2024-11-24T08:26:59+00:00\" \/>\n<meta property=\"og:image\" content=\"https:\/\/www.jet-vip.com\/app\/uploads\/2023\/04\/ambulance_header.jpg\" \/>\n\t<meta property=\"og:image:width\" content=\"887\" \/>\n\t<meta property=\"og:image:height\" content=\"657\" \/>\n\t<meta property=\"og:image:type\" content=\"image\/jpeg\" \/>\n<meta name=\"twitter:card\" content=\"summary_large_image\" \/>\n<meta name=\"twitter:label1\" content=\"Est. reading time\" \/>\n\t<meta name=\"twitter:data1\" content=\"11 minutes\" \/>\n<!-- \/ Yoast SEO Premium plugin. -->","yoast_head_json":{"title":"T\u0131bbi Hava Hizmeti | Acil Durumlar i\u00e7in \u00d6zel Hava Ambulans\u0131","description":"Jet-VIP'in T\u0131bbi Hava Hizmeti, g\u00fcvenilir ve etkili t\u0131bbi tahliye ve \u00fclkesine geri g\u00f6nderme hizmeti sunmaktad\u0131r. Kritik anlarda h\u0131zl\u0131 hareket. \u015eimdi rezervasyon yapt\u0131r\u0131n!","robots":{"index":"index","follow":"follow","max-snippet":"max-snippet:-1","max-image-preview":"max-image-preview:large","max-video-preview":"max-video-preview:-1"},"canonical":"https:\/\/www.jet-vip.com\/tr\/ambulans-ucuslari\/","og_locale":"tr_TR","og_type":"article","og_title":"T\u0131bbi Hava Hizmeti | Acil Durumlar i\u00e7in \u00d6zel Hava Ambulans\u0131","og_description":"Jet-VIP'in T\u0131bbi Hava Hizmeti, g\u00fcvenilir ve etkili t\u0131bbi tahliye ve \u00fclkesine geri g\u00f6nderme hizmeti sunmaktad\u0131r. Kritik anlarda h\u0131zl\u0131 hareket. \u015eimdi rezervasyon yapt\u0131r\u0131n!","og_url":"https:\/\/www.jet-vip.com\/tr\/ambulans-ucuslari\/","og_site_name":"Jet VIP","article_modified_time":"2024-11-24T08:26:59+00:00","og_image":[{"width":887,"height":657,"url":"https:\/\/www.jet-vip.com\/app\/uploads\/2023\/04\/ambulance_header.jpg","type":"image\/jpeg"}],"twitter_card":"summary_large_image","twitter_misc":{"Est. reading time":"11 minutes"},"schema":{"@context":"https:\/\/schema.org","@graph":[{"@type":"WebPage","@id":"https:\/\/www.jet-vip.com\/tr\/ambulans-ucuslari\/","url":"https:\/\/www.jet-vip.com\/tr\/ambulans-ucuslari\/","name":"T\u0131bbi Hava Hizmeti | Acil Durumlar i\u00e7in \u00d6zel Hava Ambulans\u0131","isPartOf":{"@id":"https:\/\/www.jet-vip.com\/tr\/#website"},"primaryImageOfPage":{"@id":"https:\/\/www.jet-vip.com\/tr\/ambulans-ucuslari\/#primaryimage"},"image":{"@id":"https:\/\/www.jet-vip.com\/tr\/ambulans-ucuslari\/#primaryimage"},"thumbnailUrl":"https:\/\/www.jet-vip.com\/app\/uploads\/2023\/04\/ambulance_header.jpg","datePublished":"2023-04-06T12:34:04+00:00","dateModified":"2024-11-24T08:26:59+00:00","description":"Jet-VIP'in T\u0131bbi Hava Hizmeti, g\u00fcvenilir ve etkili t\u0131bbi tahliye ve \u00fclkesine geri g\u00f6nderme hizmeti sunmaktad\u0131r. Kritik anlarda h\u0131zl\u0131 hareket. \u015eimdi rezervasyon yapt\u0131r\u0131n!","inLanguage":"tr-TR","potentialAction":[{"@type":"ReadAction","target":["https:\/\/www.jet-vip.com\/tr\/ambulans-ucuslari\/"]}]},{"@type":"ImageObject","inLanguage":"tr-TR","@id":"https:\/\/www.jet-vip.com\/tr\/ambulans-ucuslari\/#primaryimage","url":"https:\/\/www.jet-vip.com\/app\/uploads\/2023\/04\/ambulance_header.jpg","contentUrl":"https:\/\/www.jet-vip.com\/app\/uploads\/2023\/04\/ambulance_header.jpg","width":887,"height":657},{"@type":"WebSite","@id":"https:\/\/www.jet-vip.com\/tr\/#website","url":"https:\/\/www.jet-vip.com\/tr\/","name":"www.jet-vip.com","description":"Private Jet &amp; Helicopter charter","publisher":{"@id":"https:\/\/www.jet-vip.com\/tr\/#organization"},"potentialAction":[{"@type":"SearchAction","target":{"@type":"EntryPoint","urlTemplate":"https:\/\/www.jet-vip.com\/tr\/?s={search_term_string}"},"query-input":{"@type":"PropertyValueSpecification","valueRequired":true,"valueName":"search_term_string"}}],"inLanguage":"tr-TR"},{"@type":"Organization","@id":"https:\/\/www.jet-vip.com\/tr\/#organization","name":"JET VIP","alternateName":"JET-VIP","url":"https:\/\/www.jet-vip.com\/tr\/","logo":{"@type":"ImageObject","inLanguage":"tr-TR","@id":"https:\/\/www.jet-vip.com\/tr\/#\/schema\/logo\/image\/","url":"https:\/\/www.jet-vip.com\/app\/uploads\/2023\/04\/logo_jetvip.png","contentUrl":"https:\/\/www.jet-vip.com\/app\/uploads\/2023\/04\/logo_jetvip.png","width":2344,"height":1500,"caption":"JET VIP"},"image":{"@id":"https:\/\/www.jet-vip.com\/tr\/#\/schema\/logo\/image\/"},"sameAs":["https:\/\/instagram.com\/jet_vip"]}]}},"_links":{"self":[{"href":"https:\/\/www.jet-vip.com\/tr\/wp-json\/wp\/v2\/pages\/3582","targetHints":{"allow":["GET"]}}],"collection":[{"href":"https:\/\/www.jet-vip.com\/tr\/wp-json\/wp\/v2\/pages"}],"about":[{"href":"https:\/\/www.jet-vip.com\/tr\/wp-json\/wp\/v2\/types\/page"}],"author":[{"embeddable":true,"href":"https:\/\/www.jet-vip.com\/tr\/wp-json\/wp\/v2\/users\/2"}],"replies":[{"embeddable":true,"href":"https:\/\/www.jet-vip.com\/tr\/wp-json\/wp\/v2\/comments?post=3582"}],"version-history":[{"count":1,"href":"https:\/\/www.jet-vip.com\/tr\/wp-json\/wp\/v2\/pages\/3582\/revisions"}],"predecessor-version":[{"id":3583,"href":"https:\/\/www.jet-vip.com\/tr\/wp-json\/wp\/v2\/pages\/3582\/revisions\/3583"}],"wp:featuredmedia":[{"embeddable":true,"href":"https:\/\/www.jet-vip.com\/tr\/wp-json\/wp\/v2\/media\/3207"}],"wp:attachment":[{"href":"https:\/\/www.jet-vip.com\/tr\/wp-json\/wp\/v2\/media?parent=3582"}],"curies":[{"name":"wp","href":"https:\/\/api.w.org\/{rel}","templated":true}]}}