{"id":2671,"date":"2022-11-10T15:24:10","date_gmt":"2022-11-10T15:24:10","guid":{"rendered":"https:\/\/www.jet-vip.com\/recherche-de-vols\/"},"modified":"2023-08-01T23:02:06","modified_gmt":"2023-08-01T23:02:06","slug":"recherche-de-vols","status":"publish","type":"page","link":"https:\/\/www.jet-vip.com\/fr\/recherche-de-vols\/","title":{"rendered":"Recherche de vols"},"content":{"rendered":"\n<p class=\"px-7\">Obtenir une estimation imm\u00e9diatement <\/p>\n\n\n\n<div class=\"wp-block-group px-7 py-4 my-8 mb-20 is-layout-constrained wp-block-group-is-layout-constrained\">\n<!-- Put this where you want the web app to show up. -->\n<div id=\"avinodeApp\"><\/div>\n\n<!-- Put this before the closing <\/body> tag. -->\n<script src=\"https:\/\/apps.avinode.com\/webapp\/rest\/bootstrap?Avinode-WEB-APP=eyJraWQiOiIxNkVBQkQ5RS1BRjYyLTQ4NTEtODk5Qi1BM0UwMThGRjYxNDciLCJ0eXAiOiJKV1QiLCJhbGciOiJSUzUxMiJ9.eyJzdWIiOiJmMTA3OWIyZC1jNzZlLTRkNDQtYTQwYS0wZjliNzVkZTYwZDEiLCJhdmlkb21haW4iOiIuYXZpbm9kZS5jb20iLCJhdml0ZW5hbnQiOjExOTY0LCJpc3MiOiJhdmlub2RlIiwiYXZpdHlwZSI6MTAsImF2aW5vbmNlIjoiNjY4ZjI1ODAtMDVlYy00NDk2LWJmMjMtYTdlOWM5NmM3OWVkIn0.Wcc2pCdLZ_8sxR6q9apPLW1WjXdWyhMwr4tpWNyelxousmVgdzoonZCr69v2ysWvPrJnnGVTCJuwfDlaQd0BWUp6g3HfECzgWj2ur4BSZdcySfO4yBeMMn9tmXa4DhoDVtgGE7EeNuuuhjj3p46Evcrex9w8jOehzI_8MTX1y7NilF2Xkqm_5aAkZDTAHOTkW-DAfei3lHlRlSPzO0r2_E5bPmKFC6FBFyiv5Haasl6h9ifDs8AtY6JuH0MjnQ8FXb1uKyKIXUYvxbsdi-28CUC_mBQvrNPHr2B_NJBpbWVUF6OBSBWgXabKPKzrpYZBay8yoO5SgX6cCJPGlddaAw\" async=\"\">\n<\/script>\n<\/div>\n","protected":false},"excerpt":{"rendered":"<p>Obtenir une estimation imm\u00e9diatement<\/p>\n","protected":false},"author":2,"featured_media":2187,"parent":0,"menu_order":0,"comment_status":"closed","ping_status":"closed","template":"template-startpage.blade.php","meta":{"footnotes":""},"class_list":["post-2671","page","type-page","status-publish","has-post-thumbnail","hentry"],"yoast_head":"<!-- This site is optimized with the Yoast SEO Premium plugin v23.9 (Yoast SEO v23.9) - https:\/\/yoast.com\/wordpress\/plugins\/seo\/ -->\n<title>Recherche de vols en jet priv\u00e9 | Trouvez le jet parfait avec Jet-VIP<\/title>\n<meta name=\"description\" content=\"Utilisez l&#039;outil de recherche de vols en jet priv\u00e9 de Jet-VIP pour trouver le jet parfait pour vos besoins de voyage. R\u00e9server un vol!\" \/>\n<meta name=\"robots\" content=\"index, follow, max-snippet:-1, max-image-preview:large, max-video-preview:-1\" \/>\n<link rel=\"canonical\" href=\"https:\/\/www.jet-vip.com\/fr\/recherche-de-vols\/\" \/>\n<meta property=\"og:locale\" content=\"fr_FR\" \/>\n<meta property=\"og:type\" content=\"article\" \/>\n<meta property=\"og:title\" content=\"Recherche de vols en jet priv\u00e9 | Trouvez le jet parfait avec Jet-VIP\" \/>\n<meta property=\"og:description\" content=\"Utilisez l&#039;outil de recherche de vols en jet priv\u00e9 de Jet-VIP pour trouver le jet parfait pour vos besoins de voyage. R\u00e9server un vol!\" \/>\n<meta property=\"og:url\" content=\"https:\/\/www.jet-vip.com\/fr\/recherche-de-vols\/\" \/>\n<meta property=\"og:site_name\" content=\"Jet VIP\" \/>\n<meta property=\"article:modified_time\" content=\"2023-08-01T23:02:06+00:00\" \/>\n<meta property=\"og:image\" content=\"https:\/\/www.jet-vip.com\/app\/uploads\/2023\/03\/Honda-Hondajet.jpeg\" \/>\n\t<meta property=\"og:image:width\" content=\"1350\" \/>\n\t<meta property=\"og:image:height\" content=\"900\" \/>\n\t<meta property=\"og:image:type\" content=\"image\/jpeg\" \/>\n<meta name=\"twitter:card\" content=\"summary_large_image\" \/>\n<meta name=\"twitter:label1\" content=\"Est. reading time\" \/>\n\t<meta name=\"twitter:data1\" content=\"1 minute\" \/>\n<!-- \/ Yoast SEO Premium plugin. -->","yoast_head_json":{"title":"Recherche de vols en jet priv\u00e9 | Trouvez le jet parfait avec Jet-VIP","description":"Utilisez l'outil de recherche de vols en jet priv\u00e9 de Jet-VIP pour trouver le jet parfait pour vos besoins de voyage. R\u00e9server un vol!","robots":{"index":"index","follow":"follow","max-snippet":"max-snippet:-1","max-image-preview":"max-image-preview:large","max-video-preview":"max-video-preview:-1"},"canonical":"https:\/\/www.jet-vip.com\/fr\/recherche-de-vols\/","og_locale":"fr_FR","og_type":"article","og_title":"Recherche de vols en jet priv\u00e9 | Trouvez le jet parfait avec Jet-VIP","og_description":"Utilisez l'outil de recherche de vols en jet priv\u00e9 de Jet-VIP pour trouver le jet parfait pour vos besoins de voyage. R\u00e9server un vol!","og_url":"https:\/\/www.jet-vip.com\/fr\/recherche-de-vols\/","og_site_name":"Jet VIP","article_modified_time":"2023-08-01T23:02:06+00:00","og_image":[{"width":1350,"height":900,"url":"https:\/\/www.jet-vip.com\/app\/uploads\/2023\/03\/Honda-Hondajet.jpeg","type":"image\/jpeg"}],"twitter_card":"summary_large_image","twitter_misc":{"Est. reading time":"1 minute"},"schema":{"@context":"https:\/\/schema.org","@graph":[{"@type":"WebPage","@id":"https:\/\/www.jet-vip.com\/fr\/recherche-de-vols\/","url":"https:\/\/www.jet-vip.com\/fr\/recherche-de-vols\/","name":"Recherche de vols en jet priv\u00e9 | Trouvez le jet parfait avec Jet-VIP","isPartOf":{"@id":"https:\/\/www.jet-vip.com\/fr\/#website"},"primaryImageOfPage":{"@id":"https:\/\/www.jet-vip.com\/fr\/recherche-de-vols\/#primaryimage"},"image":{"@id":"https:\/\/www.jet-vip.com\/fr\/recherche-de-vols\/#primaryimage"},"thumbnailUrl":"https:\/\/www.jet-vip.com\/app\/uploads\/2023\/03\/Honda-Hondajet.jpeg","datePublished":"2022-11-10T15:24:10+00:00","dateModified":"2023-08-01T23:02:06+00:00","description":"Utilisez l'outil de recherche de vols en jet priv\u00e9 de Jet-VIP pour trouver le jet parfait pour vos besoins de voyage. R\u00e9server un vol!","inLanguage":"fr-FR","potentialAction":[{"@type":"ReadAction","target":["https:\/\/www.jet-vip.com\/fr\/recherche-de-vols\/"]}]},{"@type":"ImageObject","inLanguage":"fr-FR","@id":"https:\/\/www.jet-vip.com\/fr\/recherche-de-vols\/#primaryimage","url":"https:\/\/www.jet-vip.com\/app\/uploads\/2023\/03\/Honda-Hondajet.jpeg","contentUrl":"https:\/\/www.jet-vip.com\/app\/uploads\/2023\/03\/Honda-Hondajet.jpeg","width":1350,"height":900,"caption":"Private Jet Flight Search, Recherche de vols en jet priv\u00e9"},{"@type":"WebSite","@id":"https:\/\/www.jet-vip.com\/fr\/#website","url":"https:\/\/www.jet-vip.com\/fr\/","name":"www.jet-vip.com","description":"Private Jet &amp; Helicopter charter","publisher":{"@id":"https:\/\/www.jet-vip.com\/fr\/#organization"},"potentialAction":[{"@type":"SearchAction","target":{"@type":"EntryPoint","urlTemplate":"https:\/\/www.jet-vip.com\/fr\/?s={search_term_string}"},"query-input":{"@type":"PropertyValueSpecification","valueRequired":true,"valueName":"search_term_string"}}],"inLanguage":"fr-FR"},{"@type":"Organization","@id":"https:\/\/www.jet-vip.com\/fr\/#organization","name":"JET VIP","alternateName":"JET-VIP","url":"https:\/\/www.jet-vip.com\/fr\/","logo":{"@type":"ImageObject","inLanguage":"fr-FR","@id":"https:\/\/www.jet-vip.com\/fr\/#\/schema\/logo\/image\/","url":"https:\/\/www.jet-vip.com\/app\/uploads\/2023\/04\/logo_jetvip.png","contentUrl":"https:\/\/www.jet-vip.com\/app\/uploads\/2023\/04\/logo_jetvip.png","width":2344,"height":1500,"caption":"JET VIP"},"image":{"@id":"https:\/\/www.jet-vip.com\/fr\/#\/schema\/logo\/image\/"},"sameAs":["https:\/\/instagram.com\/jet_vip"]}]}},"_links":{"self":[{"href":"https:\/\/www.jet-vip.com\/fr\/wp-json\/wp\/v2\/pages\/2671","targetHints":{"allow":["GET"]}}],"collection":[{"href":"https:\/\/www.jet-vip.com\/fr\/wp-json\/wp\/v2\/pages"}],"about":[{"href":"https:\/\/www.jet-vip.com\/fr\/wp-json\/wp\/v2\/types\/page"}],"author":[{"embeddable":true,"href":"https:\/\/www.jet-vip.com\/fr\/wp-json\/wp\/v2\/users\/2"}],"replies":[{"embeddable":true,"href":"https:\/\/www.jet-vip.com\/fr\/wp-json\/wp\/v2\/comments?post=2671"}],"version-history":[{"count":5,"href":"https:\/\/www.jet-vip.com\/fr\/wp-json\/wp\/v2\/pages\/2671\/revisions"}],"predecessor-version":[{"id":2830,"href":"https:\/\/www.jet-vip.com\/fr\/wp-json\/wp\/v2\/pages\/2671\/revisions\/2830"}],"wp:featuredmedia":[{"embeddable":true,"href":"https:\/\/www.jet-vip.com\/fr\/wp-json\/wp\/v2\/media\/2187"}],"wp:attachment":[{"href":"https:\/\/www.jet-vip.com\/fr\/wp-json\/wp\/v2\/media?parent=2671"}],"curies":[{"name":"wp","href":"https:\/\/api.w.org\/{rel}","templated":true}]}}