{"id":2639,"date":"2023-03-23T14:49:31","date_gmt":"2023-03-23T14:49:31","guid":{"rendered":"https:\/\/www.jet-vip.com\/reduire-le-stress-dun-voyage-en-avion-avec-des-animaux-de-compagnie\/"},"modified":"2023-08-01T22:04:34","modified_gmt":"2023-08-01T22:04:34","slug":"reduire-le-stress-dun-voyage-en-avion-avec-des-animaux-de-compagnie","status":"publish","type":"page","link":"https:\/\/www.jet-vip.com\/fr\/reduire-le-stress-dun-voyage-en-avion-avec-des-animaux-de-compagnie\/","title":{"rendered":"R\u00e9duire le stress d&#8217;un voyage en avion avec des animaux de compagnie"},"content":{"rendered":"\n<div class=\"wp-block-group mx-7 max-w-7xl sm:mx-auto is-layout-constrained wp-block-group-is-layout-constrained\">\n<div class=\"wp-block-group is-content-justification-space-between is-layout-flex wp-container-core-group-is-layout-eeff9024 wp-block-group-is-layout-flex\">\n<hr class=\"wp-block-separator has-alpha-channel-opacity\"\/>\n\n\n\n<p>Partir en famille peut \u00eatre un moment excitant et amusant. Mais lorsque les membres de notre famille \u00e0 poils longs sont avec nous, les choses peuvent devenir un peu plus compliqu\u00e9es. Pendant les vacances, de nombreuses familles sont confront\u00e9es au dilemme de savoir ce qu&#8217;il faut faire de leurs animaux de compagnie. Avec notre service de vol pour animaux, volez en priv\u00e9 avec votre animal de compagnie au prix le plus bas lorsque vous nous confiez l&#8217;organisation de votre location d&#8217;avion priv\u00e9.<\/p>\n\n\n\n<h3 class=\"wp-block-heading\" style=\"padding-top:var(--wp--preset--spacing--60);padding-right:0;padding-bottom:var(--wp--preset--spacing--50);padding-left:0\">Pourquoi voler en priv\u00e9 ?<\/h3>\n\n\n\n<div class=\"wp-block-group is-content-justification-space-between is-layout-flex wp-container-core-group-is-layout-d7fb8128 wp-block-group-is-layout-flex\">\n<div class=\"wp-block-group sm:w-2\/3 is-vertical is-layout-flex wp-container-core-group-is-layout-8cf370e7 wp-block-group-is-layout-flex\">\n<p>Les animaux de compagnie sont souvent transport\u00e9s sur les vols commerciaux dans des cages avec le reste des bagages. Tout animal soumis \u00e0 un environnement aussi \u00e9troit et aux variations de temp\u00e9rature g\u00e9n\u00e9ralement brutales qui accompagnent le fait d&#8217;\u00eatre consid\u00e9r\u00e9 comme un bagage aura du mal \u00e0 se remettre de cette \u00e9preuve. La r\u00e9alit\u00e9 tragique est que de nombreux animaux sont perdus, bless\u00e9s ou parfois tu\u00e9s chaque ann\u00e9e sur des vols commerciaux.<\/p>\n\n\n\n<p>Au lieu de prendre un risque, r\u00e9servez un vol avec nous et assurez-vous que votre animal est transport\u00e9 dans une atmosph\u00e8re paisible et s\u00fbre.<\/p>\n\n\n\n<p>Pour que votre animal soit toujours \u00e0 port\u00e9e de main, pensez \u00e0 r\u00e9server un vol priv\u00e9. Ils ne sont pas soumis \u00e0 l&#8217;anxi\u00e9t\u00e9 et \u00e0 l&#8217;inconfort d&#8217;\u00eatre enferm\u00e9s avec les bagages, et ne doivent pas non plus souffrir seuls dans un environnement inconnu m\u00eame lorsque vous n&#8217;\u00eates pas l\u00e0. La meilleure fa\u00e7on de garantir le bien-\u00eatre, le bonheur et la s\u00e9curit\u00e9 de votre animal est de prendre cette mesure. Et puis, \u00e0 quoi bon des vacances en famille sans votre ami \u00e0 quatre pattes ? Certaines compagnies a\u00e9riennes n&#8217;autorisent pas les passagers \u00e0 embarquer des animaux de compagnie, mais notre \u00e9quipe de professionnels a transport\u00e9 d&#8217;innombrables animaux de compagnie sur des vols court et long-courriers dans le monde entier et est pr\u00eate \u00e0 vous aider \u00e0 trouver un jet qui r\u00e9ponde \u00e0 vos besoins sp\u00e9cifiques.<\/p>\n<\/div>\n\n\n\n<figure class=\"wp-block-image size-full is-resized sm:w-1\/4\"><img decoding=\"async\" src=\"https:\/\/test-jetvip.mendo.lv\/app\/uploads\/2023\/03\/taking_the-stress_out.png\" alt=\"\" class=\"wp-image-744\" width=\"264\" height=\"262\" srcset=\"https:\/\/www.jet-vip.com\/app\/uploads\/2023\/03\/taking_the-stress_out.png 528w, https:\/\/www.jet-vip.com\/app\/uploads\/2023\/03\/taking_the-stress_out-300x297.png 300w, https:\/\/www.jet-vip.com\/app\/uploads\/2023\/03\/taking_the-stress_out-150x150.png 150w\" sizes=\"(max-width: 264px) 100vw, 264px\" \/><\/figure>\n<\/div>\n\n\n\n<div class=\"wp-block-buttons is-layout-flex wp-block-buttons-is-layout-flex\">\n<div class=\"wp-block-button\"><a class=\"wp-block-button__link wp-element-button\" href=\"https:\/\/www.jet-vip.com\/flight-search\/\">R\u00e9server un vol pour un animal de compagnie<\/a><\/div>\n<\/div>\n<\/div>\n<\/div>\n\n\n\n<div class=\"wp-block-group mx-7 max-w-7xl sm:mx-auto mt-12 is-layout-constrained wp-block-group-is-layout-constrained\">\n<h2 class=\"wp-block-heading\">Options alternatives<\/h2>\n\n\n\n<div class=\"wp-block-group is-content-justification-space-between is-layout-flex wp-container-core-group-is-layout-eeff9024 wp-block-group-is-layout-flex\">\n<p class=\"sm:w-5\/12\">Au lieu d&#8217;emmener votre animal, vous pouvez le mettre en pension, ce qui est une forme de garde de jour. Cependant, laisser votre animal seul dans une zone inconnue peut \u00eatre stressant pour vous et votre animal. Vous pouvez \u00e9galement faire appel \u00e0 un gardien d&#8217;animaux, mais vous ne pouvez pas \u00eatre s\u00fbr qu&#8217;il s&#8217;occupera bien de votre animal.<\/p>\n\n\n\n<p class=\"sm:w-5\/12\">Toutefois, pour ne pas avoir \u00e0 vous soucier de la sant\u00e9 et du bien-\u00eatre de votre animal de compagnie pendant vos vacances, le mieux est de l&#8217;emmener avec vous dans votre avion priv\u00e9 au lieu de vous en s\u00e9parer.<\/p>\n<\/div>\n<\/div>\n\n\n\n<div class=\"wp-block-group w-full is-layout-constrained wp-block-group-is-layout-constrained\">\n<div class=\"wp-block-group mx-7 max-w-7xl sm:mx-auto mt-12 is-layout-flow wp-block-group-is-layout-flow\">\n<div class=\"wp-block-group carousel-container is-layout-constrained wp-block-group-is-layout-constrained\">\n<h3 class=\"has-text-align-center w-full wp-block-heading\">Conseils utiles pour prendre l&#8217;avion avec des animaux de compagnie<\/h3>\n\n\n\n<p class=\"has-text-align-center\">Voici quelques conseils utiles pour que votre vol avec vos animaux de compagnie soit confortable, s\u00fbr et excitant !<\/p>\n\n\n\n<div class=\"wp-block-cb-carousel centered-contents\" data-slick=\"{&quot;slidesToShow&quot;:4,&quot;slidesToScroll&quot;:1,&quot;speed&quot;:300,&quot;arrows&quot;:true,&quot;dots&quot;:true,&quot;autoplay&quot;:false,&quot;autoplaySpeed&quot;:3000,&quot;infinite&quot;:false,&quot;responsive&quot;:[{&quot;breakpoint&quot;:769,&quot;settings&quot;:{&quot;slidesToShow&quot;:1,&quot;slidesToScroll&quot;:1}}]}\">\n<div class=\"wp-block-cb-slide\">\n<figure class=\"wp-block-image size-large\"><img decoding=\"async\" width=\"136\" height=\"136\" src=\"https:\/\/test-jetvip.mendo.lv\/app\/uploads\/2023\/03\/ic1.svg\" alt=\"\" class=\"wp-image-745\"\/><\/figure>\n\n\n\n<p>Pour vous assurer que votre animal a re\u00e7u tous les vaccins n\u00e9cessaires pour voyager, prenez rendez-vous avec votre v\u00e9t\u00e9rinaire et faites-lui savoir si vous avez l&#8217;intention d&#8217;emmener votre animal en voyage prochainement.<\/p>\n<\/div>\n\n\n\n<div class=\"wp-block-cb-slide\">\n<figure class=\"wp-block-image size-large\"><img decoding=\"async\" width=\"136\" height=\"136\" src=\"https:\/\/test-jetvip.mendo.lv\/app\/uploads\/2023\/03\/ic2.svg\" alt=\"\" class=\"wp-image-746\"\/><\/figure>\n\n\n\n<p>Veillez \u00e0 ce que les \u00e9tiquettes d&#8217;identification de votre animal soient \u00e0 jour et solidement attach\u00e9es \u00e0 son collier \u00e0 tout moment. M\u00eame si votre animal se perd pendant votre absence, il est imp\u00e9ratif que vous sachiez comment le retrouver si le pire se produit.<\/p>\n<\/div>\n\n\n\n<div class=\"wp-block-cb-slide\">\n<figure class=\"wp-block-image size-large\"><img decoding=\"async\" width=\"136\" height=\"136\" src=\"https:\/\/test-jetvip.mendo.lv\/app\/uploads\/2023\/03\/ic3.svg\" alt=\"\" class=\"wp-image-747\"\/><\/figure>\n\n\n\n<p>N&#8217;oubliez pas d&#8217;emporter les jouets pr\u00e9f\u00e9r\u00e9s de votre animal ou d&#8217;autres objets familiers lorsque vous voyagez. Faites en sorte que le voyage soit le plus confortable et le moins stressant possible pour l&#8217;animal, m\u00eame dans le luxe d&#8217;un jet priv\u00e9.<\/p>\n<\/div>\n\n\n\n<div class=\"wp-block-cb-slide\">\n<figure class=\"wp-block-image size-large\"><img decoding=\"async\" width=\"136\" height=\"136\" src=\"https:\/\/test-jetvip.mendo.lv\/app\/uploads\/2023\/03\/ic4.svg\" alt=\"\" class=\"wp-image-748\"\/><\/figure>\n\n\n\n<p>Veillez \u00e0 ne pas donner trop de nourriture \u00e0 votre animal trop t\u00f4t avant le vol.<\/p>\n<\/div>\n<\/div>\n<\/div>\n<\/div>\n<\/div>\n\n\n\n<div class=\"wp-block-group header-text-container bg-white pt-8 is-layout-constrained wp-block-group-is-layout-constrained\">\n<div class=\"wp-block-group block-header-container is-vertical is-layout-flex wp-container-core-group-is-layout-8cf370e7 wp-block-group-is-layout-flex\">\n<h2 class=\"wp-block-heading\">En savoir plus<\/h2>\n\n\n\n<hr class=\"wp-block-separator has-alpha-channel-opacity\"\/>\n\n\n\n<p>Nous savons que vos besoins en mati\u00e8re de vols peuvent \u00eatre diff\u00e9rents, c&#8217;est pourquoi nous nous adaptons pour vous proposer diff\u00e9rents types de services :<\/p>\n<\/div>\n\n\n\n<div class=\"wp-block-group is-vertical is-layout-flex wp-container-core-group-is-layout-8cf370e7 wp-block-group-is-layout-flex\">\n<h4 class=\"wp-block-heading\">La flotte<\/h4>\n\n\n\n<div class=\"wp-block-group is-nowrap is-layout-flex wp-container-core-group-is-layout-ad2f72ca wp-block-group-is-layout-flex\">\n<p>Notre \u00e9quipe d&#8217;experts peut trouver le meilleur prix disponible pour votre location de jet priv\u00e9 sur l&#8217;avion priv\u00e9 le plus appropri\u00e9.<\/p>\n\n\n\n<p><a href=\"https:\/\/www.jet-vip.com\/our-fleet\/\" data-type=\"page\" data-id=\"1264\">Plus d&#8217;informations<\/a><\/p>\n<\/div>\n<\/div>\n\n\n\n<div class=\"wp-block-group is-vertical is-layout-flex wp-container-core-group-is-layout-8cf370e7 wp-block-group-is-layout-flex\">\n<h4 class=\"wp-block-heading\">Destinations<\/h4>\n\n\n\n<div class=\"wp-block-group is-nowrap is-layout-flex wp-container-core-group-is-layout-ad2f72ca wp-block-group-is-layout-flex\">\n<p>D\u00e9couvrez les destinations les plus demand\u00e9es pour votre voyage en jet priv\u00e9<\/p>\n\n\n\n<p><a href=\"https:\/\/www.jet-vip.com\/destinations\/\" data-type=\"page\" data-id=\"122\">Plus d&#8217;informations<\/a><\/p>\n<\/div>\n<\/div>\n\n\n\n<div class=\"wp-block-group is-vertical is-layout-flex wp-container-core-group-is-layout-8cf370e7 wp-block-group-is-layout-flex\">\n<h4 class=\"wp-block-heading\">Questions fr\u00e9quemment pos\u00e9es<\/h4>\n\n\n\n<div class=\"wp-block-group is-nowrap is-layout-flex wp-container-core-group-is-layout-ad2f72ca wp-block-group-is-layout-flex\">\n<p>Vous avez une question ? <br\/>Nous avons la r\u00e9ponse !<\/p>\n\n\n\n<p><a href=\"https:\/\/www.jet-vip.com\/frequently-asked-questions\/\" data-type=\"page\" data-id=\"417\">Plus d&#8217;informations<\/a><\/p>\n<\/div>\n<\/div>\n\n\n\n<div class=\"wp-block-group is-vertical is-layout-flex wp-container-core-group-is-layout-8cf370e7 wp-block-group-is-layout-flex\">\n<h4 class=\"wp-block-heading\">Vols m\u00e9dicaux<\/h4>\n\n\n\n<div class=\"wp-block-group is-nowrap is-layout-flex wp-container-core-group-is-layout-ad2f72ca wp-block-group-is-layout-flex\">\n<p>Si vous avez besoin de r\u00e9server un jet pour une occasion sp\u00e9ciale ou pour votre entreprise, ne cherchez pas plus loin !<\/p>\n\n\n\n<p><a href=\"https:\/\/www.jet-vip.com\/ambulance-flights\/\" data-type=\"page\" data-id=\"1184\">Plus d&#8217;informations<\/a><\/p>\n<\/div>\n<\/div>\n\n\n\n<div class=\"wp-block-group is-vertical is-layout-flex wp-container-core-group-is-layout-8cf370e7 wp-block-group-is-layout-flex\">\n<h4 class=\"wp-block-heading\">S\u00e9curit\u00e9<\/h4>\n\n\n\n<div class=\"wp-block-group is-nowrap is-layout-flex wp-container-core-group-is-layout-ad2f72ca wp-block-group-is-layout-flex\">\n<p>La s\u00e9curit\u00e9 dans l&#8217;aviation priv\u00e9e est notre principale pr\u00e9occupation. La s\u00e9curit\u00e9 a toujours \u00e9t\u00e9 la priorit\u00e9 de Jet-Vip<\/p>\n\n\n\n<p><a href=\"https:\/\/www.jet-vip.com\/safety-at-jet-vip\/\" data-type=\"page\" data-id=\"762\">Plus d&#8217;informations<\/a><\/p>\n<\/div>\n<\/div>\n\n\n\n<div class=\"wp-block-group is-vertical is-layout-flex wp-container-core-group-is-layout-8cf370e7 wp-block-group-is-layout-flex\">\n<h4 class=\"wp-block-heading\">Vols \u00e0 vide<\/h4>\n\n\n\n<div class=\"wp-block-group is-nowrap is-layout-flex wp-container-core-group-is-layout-ad2f72ca wp-block-group-is-layout-flex\">\n<p>L&#8217;affr\u00e8tement d&#8217;un vol \u00e0 vide est l&#8217;occasion d&#8217;\u00e9conomiser jusqu&#8217;\u00e0 50 % sur le prix de votre vol en jet priv\u00e9.<\/p>\n\n\n\n<p><a href=\"https:\/\/www.jet-vip.com\/empty-leg-flights-with-jet-vip\/\" data-type=\"page\" data-id=\"446\">Plus d&#8217;informations<\/a><\/p>\n<\/div>\n<\/div>\n<\/div>\n\n\n\n<div class=\"wp-block-group container-rounded-bottom-left -mt-10 white is-layout-constrained wp-block-group-is-layout-constrained\"><\/div>\n","protected":false},"excerpt":{"rendered":"<p>Partir en famille peut \u00eatre un moment excitant et amusant. Mais lorsque les membres de notre famille \u00e0 poils longs sont avec nous, les choses peuvent devenir un peu plus compliqu\u00e9es. Pendant les vacances, de nombreuses familles sont confront\u00e9es au dilemme de savoir ce qu&#8217;il faut faire de leurs animaux de compagnie. Avec notre service &hellip; <a href=\"https:\/\/www.jet-vip.com\/fr\/reduire-le-stress-dun-voyage-en-avion-avec-des-animaux-de-compagnie\/\">Continued<\/a><\/p>\n","protected":false},"author":2,"featured_media":2127,"parent":0,"menu_order":0,"comment_status":"closed","ping_status":"closed","template":"template-white.blade.php","meta":{"footnotes":""},"class_list":["post-2639","page","type-page","status-publish","has-post-thumbnail","hentry"],"yoast_head":"<!-- This site is optimized with the Yoast SEO Premium plugin v27.5 (Yoast SEO v27.5) - https:\/\/yoast.com\/product\/yoast-seo-premium-wordpress\/ -->\n<title>Service de vol pour animaux de compagnie | R\u00e9servez un vol<\/title>\n<meta name=\"description\" content=\"Gr\u00e2ce \u00e0 notre service de vol pour animaux de compagnie, voyagez en priv\u00e9 avec votre animal au meilleur prix. R\u00e9servez un vol.\" \/>\n<meta name=\"robots\" content=\"index, follow, max-snippet:-1, max-image-preview:large, max-video-preview:-1\" \/>\n<link rel=\"canonical\" href=\"https:\/\/www.jet-vip.com\/fr\/reduire-le-stress-dun-voyage-en-avion-avec-des-animaux-de-compagnie\/\" \/>\n<meta property=\"og:locale\" content=\"fr_FR\" \/>\n<meta property=\"og:type\" content=\"article\" \/>\n<meta property=\"og:title\" content=\"Service de vol pour animaux de compagnie | R\u00e9servez un vol\" \/>\n<meta property=\"og:description\" content=\"Gr\u00e2ce \u00e0 notre service de vol pour animaux de compagnie, voyagez en priv\u00e9 avec votre animal au meilleur prix. R\u00e9servez un vol.\" \/>\n<meta property=\"og:url\" content=\"https:\/\/www.jet-vip.com\/fr\/reduire-le-stress-dun-voyage-en-avion-avec-des-animaux-de-compagnie\/\" \/>\n<meta property=\"og:site_name\" content=\"Jet VIP\" \/>\n<meta property=\"article:modified_time\" content=\"2023-08-01T22:04:34+00:00\" \/>\n<meta property=\"og:image\" content=\"https:\/\/www.jet-vip.com\/app\/uploads\/2023\/03\/pet_header.jpg\" \/>\n\t<meta property=\"og:image:width\" content=\"2000\" \/>\n\t<meta property=\"og:image:height\" content=\"1333\" \/>\n\t<meta property=\"og:image:type\" content=\"image\/jpeg\" \/>\n<meta name=\"twitter:card\" content=\"summary_large_image\" \/>\n<meta name=\"twitter:label1\" content=\"Est. reading time\" \/>\n\t<meta name=\"twitter:data1\" content=\"4 minutes\" \/>\n<!-- \/ Yoast SEO Premium plugin. -->","yoast_head_json":{"title":"Service de vol pour animaux de compagnie | R\u00e9servez un vol","description":"Gr\u00e2ce \u00e0 notre service de vol pour animaux de compagnie, voyagez en priv\u00e9 avec votre animal au meilleur prix. R\u00e9servez un vol.","robots":{"index":"index","follow":"follow","max-snippet":"max-snippet:-1","max-image-preview":"max-image-preview:large","max-video-preview":"max-video-preview:-1"},"canonical":"https:\/\/www.jet-vip.com\/fr\/reduire-le-stress-dun-voyage-en-avion-avec-des-animaux-de-compagnie\/","og_locale":"fr_FR","og_type":"article","og_title":"Service de vol pour animaux de compagnie | R\u00e9servez un vol","og_description":"Gr\u00e2ce \u00e0 notre service de vol pour animaux de compagnie, voyagez en priv\u00e9 avec votre animal au meilleur prix. R\u00e9servez un vol.","og_url":"https:\/\/www.jet-vip.com\/fr\/reduire-le-stress-dun-voyage-en-avion-avec-des-animaux-de-compagnie\/","og_site_name":"Jet VIP","article_modified_time":"2023-08-01T22:04:34+00:00","og_image":[{"width":2000,"height":1333,"url":"https:\/\/www.jet-vip.com\/app\/uploads\/2023\/03\/pet_header.jpg","type":"image\/jpeg"}],"twitter_card":"summary_large_image","twitter_misc":{"Est. reading time":"4 minutes"},"schema":{"@context":"https:\/\/schema.org","@graph":[{"@type":"WebPage","@id":"https:\/\/www.jet-vip.com\/fr\/reduire-le-stress-dun-voyage-en-avion-avec-des-animaux-de-compagnie\/","url":"https:\/\/www.jet-vip.com\/fr\/reduire-le-stress-dun-voyage-en-avion-avec-des-animaux-de-compagnie\/","name":"Service de vol pour animaux de compagnie | R\u00e9servez un vol","isPartOf":{"@id":"https:\/\/www.jet-vip.com\/fr\/#website"},"primaryImageOfPage":{"@id":"https:\/\/www.jet-vip.com\/fr\/reduire-le-stress-dun-voyage-en-avion-avec-des-animaux-de-compagnie\/#primaryimage"},"image":{"@id":"https:\/\/www.jet-vip.com\/fr\/reduire-le-stress-dun-voyage-en-avion-avec-des-animaux-de-compagnie\/#primaryimage"},"thumbnailUrl":"https:\/\/www.jet-vip.com\/app\/uploads\/2023\/03\/pet_header.jpg","datePublished":"2023-03-23T14:49:31+00:00","dateModified":"2023-08-01T22:04:34+00:00","description":"Gr\u00e2ce \u00e0 notre service de vol pour animaux de compagnie, voyagez en priv\u00e9 avec votre animal au meilleur prix. R\u00e9servez un vol.","inLanguage":"fr-FR","potentialAction":[{"@type":"ReadAction","target":["https:\/\/www.jet-vip.com\/fr\/reduire-le-stress-dun-voyage-en-avion-avec-des-animaux-de-compagnie\/"]}]},{"@type":"ImageObject","inLanguage":"fr-FR","@id":"https:\/\/www.jet-vip.com\/fr\/reduire-le-stress-dun-voyage-en-avion-avec-des-animaux-de-compagnie\/#primaryimage","url":"https:\/\/www.jet-vip.com\/app\/uploads\/2023\/03\/pet_header.jpg","contentUrl":"https:\/\/www.jet-vip.com\/app\/uploads\/2023\/03\/pet_header.jpg","width":2000,"height":1333,"caption":"Private Pet Flight Service, Service de vol pour animaux de compagnie"},{"@type":"WebSite","@id":"https:\/\/www.jet-vip.com\/fr\/#website","url":"https:\/\/www.jet-vip.com\/fr\/","name":"www.jet-vip.com","description":"Private Jet &amp; Helicopter charter","publisher":{"@id":"https:\/\/www.jet-vip.com\/fr\/#organization"},"potentialAction":[{"@type":"SearchAction","target":{"@type":"EntryPoint","urlTemplate":"https:\/\/www.jet-vip.com\/fr\/?s={search_term_string}"},"query-input":{"@type":"PropertyValueSpecification","valueRequired":true,"valueName":"search_term_string"}}],"inLanguage":"fr-FR"},{"@type":"Organization","@id":"https:\/\/www.jet-vip.com\/fr\/#organization","name":"JET VIP","alternateName":"JET-VIP","url":"https:\/\/www.jet-vip.com\/fr\/","logo":{"@type":"ImageObject","inLanguage":"fr-FR","@id":"https:\/\/www.jet-vip.com\/fr\/#\/schema\/logo\/image\/","url":"https:\/\/www.jet-vip.com\/app\/uploads\/2023\/04\/logo_jetvip.png","contentUrl":"https:\/\/www.jet-vip.com\/app\/uploads\/2023\/04\/logo_jetvip.png","width":2344,"height":1500,"caption":"JET VIP"},"image":{"@id":"https:\/\/www.jet-vip.com\/fr\/#\/schema\/logo\/image\/"},"sameAs":["https:\/\/instagram.com\/jet_vip"]}]}},"_links":{"self":[{"href":"https:\/\/www.jet-vip.com\/fr\/wp-json\/wp\/v2\/pages\/2639","targetHints":{"allow":["GET"]}}],"collection":[{"href":"https:\/\/www.jet-vip.com\/fr\/wp-json\/wp\/v2\/pages"}],"about":[{"href":"https:\/\/www.jet-vip.com\/fr\/wp-json\/wp\/v2\/types\/page"}],"author":[{"embeddable":true,"href":"https:\/\/www.jet-vip.com\/fr\/wp-json\/wp\/v2\/users\/2"}],"replies":[{"embeddable":true,"href":"https:\/\/www.jet-vip.com\/fr\/wp-json\/wp\/v2\/comments?post=2639"}],"version-history":[{"count":5,"href":"https:\/\/www.jet-vip.com\/fr\/wp-json\/wp\/v2\/pages\/2639\/revisions"}],"predecessor-version":[{"id":2818,"href":"https:\/\/www.jet-vip.com\/fr\/wp-json\/wp\/v2\/pages\/2639\/revisions\/2818"}],"wp:featuredmedia":[{"embeddable":true,"href":"https:\/\/www.jet-vip.com\/fr\/wp-json\/wp\/v2\/media\/2127"}],"wp:attachment":[{"href":"https:\/\/www.jet-vip.com\/fr\/wp-json\/wp\/v2\/media?parent=2639"}],"curies":[{"name":"wp","href":"https:\/\/api.w.org\/{rel}","templated":true}]}}