{"id":2632,"date":"2023-01-31T20:01:29","date_gmt":"2023-01-31T20:01:29","guid":{"rendered":"https:\/\/www.jet-vip.com\/contacts\/"},"modified":"2024-07-30T08:33:49","modified_gmt":"2024-07-30T08:33:49","slug":"contacts","status":"publish","type":"page","link":"https:\/\/www.jet-vip.com\/fr\/contacts\/","title":{"rendered":"Contact"},"content":{"rendered":"\n<div class=\"wp-block-group mx-7 max-w-7xl sm:mx-auto mb-20 is-content-justification-space-between is-layout-flex wp-container-core-group-is-layout-3 wp-block-group-is-layout-flex\">\n<div class=\"wp-block-group mx-7 p-7 bg-sand-200 rounded-3xl shadow-2xl shadow-even is-layout-constrained wp-block-group-is-layout-constrained\">\n<h1 class=\"wp-block-heading\">Contact<\/h1>\n\n\n\n<p class=\"text-grey-blue-400 text-xl mb-12\">Contacter Jet-Vip<\/p>\n\n\n\n<hr class=\"wp-block-separator has-alpha-channel-opacity\"\/>\n\n\n\n<p><strong>Nos experts de l&#8217;aviation sont disponibles 24 heures sur 24, 7 jours sur 7<\/strong><\/p>\n\n\n\n<ul class=\"with-icons wp-block-list\">\n<li><img decoding=\"async\" width=\"16\" height=\"16\" class=\"wp-image-265\" style=\"width: 16.725px;\" src=\"http:\/\/www.jet-vip.com\/app\/uploads\/2023\/01\/phone.svg\" alt=\"\">  +33 (0) 970 445 435<\/li>\n\n\n\n<li><img decoding=\"async\" width=\"11\" height=\"18\" class=\"wp-image-262\" style=\"width: 11.445px;\" src=\"http:\/\/www.jet-vip.com\/app\/uploads\/2023\/01\/cellphone.svg\" alt=\"\">+33 649 57 3300<\/li>\n\n\n\n<li><img decoding=\"async\" width=\"17\" height=\"13\" class=\"wp-image-263\" style=\"width: 17.463px;\" src=\"http:\/\/www.jet-vip.com\/app\/uploads\/2023\/01\/email.svg\" alt=\"\"><a href=\"mailto:contact@jet-vip.com\">contact@jet-vip.com<\/a><\/li>\n\n\n\n<li><img decoding=\"async\" width=\"13\" height=\"19\" class=\"wp-image-264\" style=\"width: 13.62px;\" src=\"http:\/\/www.jet-vip.com\/app\/uploads\/2023\/01\/location.svg\" alt=\"\">2 Avenue Jean Monnet, 26000 Valence, France<\/li>\n<\/ul>\n<\/div>\n\n\n\n<div class=\"wp-block-group m-7 sm:w-1\/2 is-layout-constrained wp-block-group-is-layout-constrained\">\n<h4 class=\"wp-block-heading\">Utilisez ce formulaire pour nous contacter<\/h4>\n\n\n\n\n<div class=\"wpcf7 no-js\" id=\"wpcf7-f312-o1\" lang=\"en-US\" dir=\"ltr\" data-wpcf7-id=\"312\">\n<div class=\"screen-reader-response\"><p role=\"status\" aria-live=\"polite\" aria-atomic=\"true\"><\/p> <ul><\/ul><\/div>\n<form action=\"\/fr\/wp-json\/wp\/v2\/pages\/2632#wpcf7-f312-o1\" method=\"post\" class=\"wpcf7-form init\" aria-label=\"Contact form\" novalidate=\"novalidate\" data-status=\"init\">\n<div style=\"display: none;\">\n<input type=\"hidden\" name=\"_wpcf7\" value=\"312\" \/>\n<input type=\"hidden\" name=\"_wpcf7_version\" value=\"6.0.2\" \/>\n<input type=\"hidden\" name=\"_wpcf7_locale\" value=\"en_US\" \/>\n<input type=\"hidden\" name=\"_wpcf7_unit_tag\" value=\"wpcf7-f312-o1\" \/>\n<input type=\"hidden\" name=\"_wpcf7_container_post\" value=\"0\" \/>\n<input type=\"hidden\" name=\"_wpcf7_posted_data_hash\" value=\"\" \/>\n<input type=\"hidden\" name=\"_wpcf7_recaptcha_response\" value=\"\" \/>\n<\/div>\n<div class=\"dets\">\n\t<p><label> Full name<br \/>\n<span class=\"wpcf7-form-control-wrap\" data-name=\"your-name\"><input size=\"20\" maxlength=\"400\" class=\"wpcf7-form-control wpcf7-text wpcf7-validates-as-required\" autocomplete=\"name\" aria-required=\"true\" aria-invalid=\"false\" value=\"\" type=\"text\" name=\"your-name\" \/><\/span> <\/label><br \/>\n<label> Your email<br \/>\n<span class=\"wpcf7-form-control-wrap\" data-name=\"your-email\"><input size=\"20\" maxlength=\"400\" class=\"wpcf7-form-control wpcf7-email wpcf7-validates-as-required wpcf7-text wpcf7-validates-as-email\" autocomplete=\"email\" aria-required=\"true\" aria-invalid=\"false\" value=\"\" type=\"email\" name=\"your-email\" \/><\/span> <\/label><br \/>\n<label> Your phone<br \/>\n<span class=\"wpcf7-form-control-wrap\" data-name=\"your-phone\"><input size=\"20\" maxlength=\"400\" class=\"wpcf7-form-control wpcf7-tel wpcf7-validates-as-required wpcf7-text wpcf7-validates-as-tel\" autocomplete=\"phone\" aria-required=\"true\" aria-invalid=\"false\" placeholder=\"include country code\" value=\"\" type=\"tel\" name=\"your-phone\" \/><\/span> <\/label>\n\t<\/p>\n<\/div>\n<p><label> Your comment<br \/>\n<span class=\"wpcf7-form-control-wrap\" data-name=\"your-message\"><textarea cols=\"20\" rows=\"5\" maxlength=\"2000\" class=\"wpcf7-form-control wpcf7-textarea wpcf7-validates-as-required\" aria-required=\"true\" aria-invalid=\"false\" placeholder=\"type here\" name=\"your-message\"><\/textarea><\/span> <\/label><br \/>\n<input class=\"wpcf7-form-control wpcf7-submit has-spinner\" type=\"submit\" value=\"Submit\" \/>\n<\/p><div class=\"wpcf7-response-output\" aria-hidden=\"true\"><\/div>\n<\/form>\n<\/div>\n\n<\/div>\n<\/div>\n\n\n\n<div class=\"wp-block-group container-white-rounded-corner is-layout-flow wp-block-group-is-layout-flow\">\n<div class=\"wp-block-group mx-7 max-w-7xl sm:mx-auto is-layout-flow wp-block-group-is-layout-flow\">\n<div class=\"wp-block-group is-content-justification-space-between is-layout-flex wp-container-core-group-is-layout-6 wp-block-group-is-layout-flex\">\n<div class=\"wp-block-group is-vertical is-layout-flex wp-container-core-group-is-layout-4 wp-block-group-is-layout-flex\">\n<h2 class=\"wp-block-heading\">Notre bureau<\/h2>\n\n\n\n<hr class=\"wp-block-separator has-alpha-channel-opacity\"\/>\n\n\n\n<p><strong>Vous pouvez nous rendre visite dans nos bureaux \u00e0 l&#8217;adresse suivante <\/strong><\/p>\n\n\n\n<p>2 Avenue Jean Monnet <br>26000 Valence, France<\/p>\n<\/div>\n\n\n\n<div class=\"wp-block-group is-nowrap is-layout-flex wp-container-core-group-is-layout-5 wp-block-group-is-layout-flex\">\n<figure class=\"wp-block-image aligncenter size-full my-4\"><img decoding=\"async\" width=\"264\" height=\"178\" src=\"http:\/\/www.jet-vip.com\/app\/uploads\/2023\/05\/photo1.png\" alt=\"\" class=\"wp-image-1902\"\/><\/figure>\n\n\n\n<figure class=\"wp-block-image aligncenter size-full my-4\"><img decoding=\"async\" width=\"266\" height=\"178\" src=\"http:\/\/www.jet-vip.com\/app\/uploads\/2023\/05\/photo2.png\" alt=\"\" class=\"wp-image-1903\"\/><\/figure>\n\n\n\n<figure class=\"wp-block-image aligncenter size-full\"><img decoding=\"async\" width=\"266\" height=\"178\" src=\"http:\/\/www.jet-vip.com\/app\/uploads\/2023\/05\/photo3.png\" alt=\"\" class=\"wp-image-1904\"\/><\/figure>\n<\/div>\n<\/div>\n\n\n\n<div class=\"wp-block-group my-20 is-content-justification-space-between is-layout-flex wp-container-core-group-is-layout-10 wp-block-group-is-layout-flex\">\n<div class=\"wp-block-group sm:w-1\/2 is-vertical is-layout-flex wp-container-core-group-is-layout-7 wp-block-group-is-layout-flex\">\n<h2 class=\"wp-block-heading\">Suivez-nous sur instagram<\/h2>\n\n\n\n<p>Suivez-nous sur Instagram pour plus d&#8217;histoires, de photos et de vid\u00e9os exclusives.<\/p>\n<\/div>\n\n\n\n<div class=\"wp-block-group sm:w-1\/2 is-vertical is-layout-flex wp-container-core-group-is-layout-9 wp-block-group-is-layout-flex\">\n<div class=\"wp-block-group is-content-justification-center is-nowrap is-layout-flex wp-container-core-group-is-layout-8 wp-block-group-is-layout-flex\">\n<figure class=\"wp-block-image size-full is-resized w-2\/5\"><img decoding=\"async\" src=\"http:\/\/www.jet-vip.com\/app\/uploads\/2023\/05\/jet-interior.png\" alt=\"\" class=\"wp-image-1898\" width=\"116\" height=\"116\" srcset=\"https:\/\/www.jet-vip.com\/app\/uploads\/2023\/05\/jet-interior.png 232w, https:\/\/www.jet-vip.com\/app\/uploads\/2023\/05\/jet-interior-150x150.png 150w\" sizes=\"(max-width: 116px) 100vw, 116px\" \/><\/figure>\n\n\n\n<figure class=\"wp-block-image size-full is-resized w-2\/5\"><img decoding=\"async\" src=\"http:\/\/www.jet-vip.com\/app\/uploads\/2023\/05\/jet-interior-2.png\" alt=\"\" class=\"wp-image-1899\" width=\"116\" height=\"116\" srcset=\"https:\/\/www.jet-vip.com\/app\/uploads\/2023\/05\/jet-interior-2.png 232w, https:\/\/www.jet-vip.com\/app\/uploads\/2023\/05\/jet-interior-2-150x150.png 150w\" sizes=\"(max-width: 116px) 100vw, 116px\" \/><\/figure>\n\n\n\n<figure class=\"wp-block-image size-full is-resized w-2\/5\"><img decoding=\"async\" src=\"http:\/\/www.jet-vip.com\/app\/uploads\/2023\/05\/Altay.png\" alt=\"\" class=\"wp-image-1894\" width=\"116\" height=\"116\" srcset=\"https:\/\/www.jet-vip.com\/app\/uploads\/2023\/05\/Altay.png 232w, https:\/\/www.jet-vip.com\/app\/uploads\/2023\/05\/Altay-150x150.png 150w\" sizes=\"(max-width: 116px) 100vw, 116px\" \/><\/figure>\n\n\n\n<figure class=\"wp-block-image size-full is-resized w-2\/5\"><img decoding=\"async\" src=\"http:\/\/www.jet-vip.com\/app\/uploads\/2023\/05\/photo4.png\" alt=\"\" class=\"wp-image-1905\" width=\"116\" height=\"116\" srcset=\"https:\/\/www.jet-vip.com\/app\/uploads\/2023\/05\/photo4.png 232w, https:\/\/www.jet-vip.com\/app\/uploads\/2023\/05\/photo4-150x150.png 150w\" sizes=\"(max-width: 116px) 100vw, 116px\" \/><\/figure>\n<\/div>\n\n\n\n<p class=\"has-text-align-right yellow-link has-lg-font-size\"><a rel=\"noreferrer noopener\" href=\"https:\/\/www.instagram.com\/jet_vip\/\" target=\"_blank\">Voir plus<\/a> \u2794<\/p>\n<\/div>\n<\/div>\n<\/div>\n<\/div>\n\n\n\n<div class=\"wp-block-group mx-7 max-w-7xl sm:mx-auto is-layout-flow wp-block-group-is-layout-flow\">\n<div class=\"wp-block-group m-7 p-7 bg-sand-200 rounded-3xl container-has-top-icon max-w-4xl mx-auto is-layout-flow wp-block-group-is-layout-flow\">\n<figure class=\"wp-block-image aligncenter size-large top-icon\"><img decoding=\"async\" width=\"108\" height=\"108\" src=\"http:\/\/www.jet-vip.com\/app\/uploads\/2023\/05\/mail-subscribe-1.svg\" alt=\"\" class=\"wp-image-1901\"\/><\/figure>\n\n\n\n<h3 class=\"has-text-align-center wp-block-heading\">S&#8217;abonner \u00e0 notre lettre d&#8217;information<\/h3>\n\n\n\n<p class=\"has-text-align-center\">Toute l&#8217;actualit\u00e9 de l&#8217;aviation d&#8217;affaires et de Jet-Vip. Nous vous promettons de ne pas vous spammer et de ne pas partager votre adresse e-mail !<\/p>\n\n\n\n<div class=\"wp-block-group newsletter-form is-content-justification-center is-nowrap is-layout-flex wp-container-core-group-is-layout-13 wp-block-group-is-layout-flex\">\n\n<div class=\"wpcf7 no-js\" id=\"wpcf7-f354-o2\" lang=\"en-US\" dir=\"ltr\" data-wpcf7-id=\"354\">\n<div class=\"screen-reader-response\"><p role=\"status\" aria-live=\"polite\" aria-atomic=\"true\"><\/p> <ul><\/ul><\/div>\n<form action=\"\/fr\/wp-json\/wp\/v2\/pages\/2632#wpcf7-f354-o2\" method=\"post\" class=\"wpcf7-form init\" aria-label=\"Contact form\" novalidate=\"novalidate\" data-status=\"init\">\n<div style=\"display: none;\">\n<input type=\"hidden\" name=\"_wpcf7\" value=\"354\" \/>\n<input type=\"hidden\" name=\"_wpcf7_version\" value=\"6.0.2\" \/>\n<input type=\"hidden\" name=\"_wpcf7_locale\" value=\"en_US\" \/>\n<input type=\"hidden\" name=\"_wpcf7_unit_tag\" value=\"wpcf7-f354-o2\" \/>\n<input type=\"hidden\" name=\"_wpcf7_container_post\" value=\"0\" \/>\n<input type=\"hidden\" name=\"_wpcf7_posted_data_hash\" value=\"\" \/>\n<input type=\"hidden\" name=\"_wpcf7_recaptcha_response\" value=\"\" \/>\n<\/div>\n<p><label> Your email<br \/>\n<span class=\"wpcf7-form-control-wrap\" data-name=\"your-email\"><input size=\"40\" maxlength=\"400\" class=\"wpcf7-form-control wpcf7-email wpcf7-validates-as-required wpcf7-text wpcf7-validates-as-email\" autocomplete=\"email\" aria-required=\"true\" aria-invalid=\"false\" value=\"\" type=\"email\" name=\"your-email\" \/><\/span> <\/label>\n<\/p>\n<p><input class=\"wpcf7-form-control wpcf7-submit has-spinner\" type=\"submit\" value=\"Subscribe\" \/>\n<\/p><div class=\"wpcf7-response-output\" aria-hidden=\"true\"><\/div>\n<\/form>\n<\/div>\n\n<\/div>\n<\/div>\n<\/div>\n\n\n\n<div class=\"wp-block-group container-white-rounded-corner mt-20 is-layout-flow wp-block-group-is-layout-flow\">\n<div class=\"wp-block-group mx-7 max-w-7xl sm:mx-auto mt-12 is-layout-flow wp-block-group-is-layout-flow\">\n<div class=\"wp-block-group header-text-container bg-white pt-8 is-layout-constrained wp-block-group-is-layout-constrained\">\n<div class=\"wp-block-group block-header-container is-vertical is-layout-flex wp-container-core-group-is-layout-16 wp-block-group-is-layout-flex\">\n<h2 class=\"wp-block-heading\">En savoir plus<\/h2>\n\n\n\n<hr class=\"wp-block-separator has-alpha-channel-opacity\"\/>\n\n\n\n<p>Nous savons que vos besoins en mati\u00e8re de vols peuvent \u00eatre diff\u00e9rents, c&#8217;est pourquoi nous nous adaptons pour vous proposer diff\u00e9rents types de services :<\/p>\n<\/div>\n\n\n\n<div class=\"wp-block-group is-vertical is-layout-flex wp-container-core-group-is-layout-18 wp-block-group-is-layout-flex\">\n<h4 class=\"wp-block-heading\">La flotte<\/h4>\n\n\n\n<div class=\"wp-block-group is-nowrap is-layout-flex wp-container-core-group-is-layout-17 wp-block-group-is-layout-flex\">\n<p>Notre \u00e9quipe d&#8217;experts peut trouver le meilleur prix disponible pour votre location de jet priv\u00e9 sur l&#8217;avion priv\u00e9 le plus appropri\u00e9.<\/p>\n\n\n\n<p><a href=\"https:\/\/www.jet-vip.com\/our-fleet\/\" data-type=\"page\" data-id=\"1264\">Plus d&#8217;informations<\/a><\/p>\n<\/div>\n<\/div>\n\n\n\n<div class=\"wp-block-group is-vertical is-layout-flex wp-container-core-group-is-layout-20 wp-block-group-is-layout-flex\">\n<h4 class=\"wp-block-heading\">Destinations<\/h4>\n\n\n\n<div class=\"wp-block-group is-nowrap is-layout-flex wp-container-core-group-is-layout-19 wp-block-group-is-layout-flex\">\n<p>D\u00e9couvrez les destinations les plus demand\u00e9es pour votre voyage en jet priv\u00e9<\/p>\n\n\n\n<p><a href=\"https:\/\/www.jet-vip.com\/destinations\/\" data-type=\"page\" data-id=\"122\">Plus d&#8217;informations<\/a><\/p>\n<\/div>\n<\/div>\n\n\n\n<div class=\"wp-block-group is-vertical is-layout-flex wp-container-core-group-is-layout-22 wp-block-group-is-layout-flex\">\n<h4 class=\"wp-block-heading\">Questions fr\u00e9quemment pos\u00e9es<\/h4>\n\n\n\n<div class=\"wp-block-group is-nowrap is-layout-flex wp-container-core-group-is-layout-21 wp-block-group-is-layout-flex\">\n<p>Vous avez une question ? <br\/>Nous avons la r\u00e9ponse !<\/p>\n\n\n\n<p><a href=\"https:\/\/www.jet-vip.com\/frequently-asked-questions\/\" data-type=\"page\" data-id=\"417\">Plus d&#8217;informations<\/a><\/p>\n<\/div>\n<\/div>\n\n\n\n<div class=\"wp-block-group is-vertical is-layout-flex wp-container-core-group-is-layout-24 wp-block-group-is-layout-flex\">\n<h4 class=\"wp-block-heading\">Vols m\u00e9dicaux<\/h4>\n\n\n\n<div class=\"wp-block-group is-nowrap is-layout-flex wp-container-core-group-is-layout-23 wp-block-group-is-layout-flex\">\n<p>Si vous avez besoin de r\u00e9server un jet pour une occasion sp\u00e9ciale ou pour votre entreprise, ne cherchez pas plus loin !<\/p>\n\n\n\n<p><a href=\"https:\/\/www.jet-vip.com\/ambulance-flights\/\" data-type=\"page\" data-id=\"1184\">Plus d&#8217;informations<\/a><\/p>\n<\/div>\n<\/div>\n\n\n\n<div class=\"wp-block-group is-vertical is-layout-flex wp-container-core-group-is-layout-26 wp-block-group-is-layout-flex\">\n<h4 class=\"wp-block-heading\">S\u00e9curit\u00e9<\/h4>\n\n\n\n<div class=\"wp-block-group is-nowrap is-layout-flex wp-container-core-group-is-layout-25 wp-block-group-is-layout-flex\">\n<p>La s\u00e9curit\u00e9 dans l&#8217;aviation priv\u00e9e est notre principale pr\u00e9occupation. La s\u00e9curit\u00e9 a toujours \u00e9t\u00e9 la priorit\u00e9 de Jet-Vip<\/p>\n\n\n\n<p><a href=\"https:\/\/www.jet-vip.com\/safety-at-jet-vip\/\" data-type=\"page\" data-id=\"762\">Plus d&#8217;informations<\/a><\/p>\n<\/div>\n<\/div>\n\n\n\n<div class=\"wp-block-group is-vertical is-layout-flex wp-container-core-group-is-layout-28 wp-block-group-is-layout-flex\">\n<h4 class=\"wp-block-heading\">Vols \u00e0 vide<\/h4>\n\n\n\n<div class=\"wp-block-group is-nowrap is-layout-flex wp-container-core-group-is-layout-27 wp-block-group-is-layout-flex\">\n<p>L&#8217;affr\u00e8tement d&#8217;un vol \u00e0 vide est l&#8217;occasion d&#8217;\u00e9conomiser jusqu&#8217;\u00e0 50 % sur le prix de votre vol en jet priv\u00e9.<\/p>\n\n\n\n<p><a href=\"https:\/\/www.jet-vip.com\/empty-leg-flights-with-jet-vip\/\" data-type=\"page\" data-id=\"446\">Plus d&#8217;informations<\/a><\/p>\n<\/div>\n<\/div>\n<\/div>\n<\/div>\n<\/div>\n\n\n\n<div class=\"wp-block-group container-rounded-bottom-left -mt-10 white is-layout-constrained wp-block-group-is-layout-constrained\"><\/div>\n","protected":false},"excerpt":{"rendered":"<p>Contact Contacter Jet-Vip Nos experts de l&#8217;aviation sont disponibles 24 heures sur 24, 7 jours sur 7 Utilisez ce formulaire pour nous contacter Notre bureau Vous pouvez nous rendre visite dans nos bureaux \u00e0 l&#8217;adresse suivante 2 Avenue Jean Monnet 26000 Valence, France Suivez-nous sur instagram Suivez-nous sur Instagram pour plus d&#8217;histoires, de photos et &hellip; <a href=\"https:\/\/www.jet-vip.com\/fr\/contacts\/\">Continued<\/a><\/p>\n","protected":false},"author":2,"featured_media":2292,"parent":0,"menu_order":0,"comment_status":"closed","ping_status":"closed","template":"template-contacts.blade.php","meta":{"footnotes":""},"class_list":["post-2632","page","type-page","status-publish","has-post-thumbnail","hentry"],"yoast_head":"<!-- This site is optimized with the Yoast SEO Premium plugin v23.9 (Yoast SEO v23.9) - https:\/\/yoast.com\/wordpress\/plugins\/seo\/ -->\n<title>Contactez Jet-VIP | Demandes de location de jet priv\u00e9<\/title>\n<meta name=\"description\" content=\"Contactez Jet-VIP pour toutes vos demandes de location de jet priv\u00e9, r\u00e9servations et besoins de support client. R\u00e9servez un vol!\" \/>\n<meta name=\"robots\" content=\"index, follow, max-snippet:-1, max-image-preview:large, max-video-preview:-1\" \/>\n<link rel=\"canonical\" href=\"https:\/\/www.jet-vip.com\/fr\/contacts\/\" \/>\n<meta property=\"og:locale\" content=\"fr_FR\" \/>\n<meta property=\"og:type\" content=\"article\" \/>\n<meta property=\"og:title\" content=\"Contactez Jet-VIP | Demandes de location de jet priv\u00e9\" \/>\n<meta property=\"og:description\" content=\"Contactez Jet-VIP pour toutes vos demandes de location de jet priv\u00e9, r\u00e9servations et besoins de support client. R\u00e9servez un vol!\" \/>\n<meta property=\"og:url\" content=\"https:\/\/www.jet-vip.com\/fr\/contacts\/\" \/>\n<meta property=\"og:site_name\" content=\"Jet VIP\" \/>\n<meta property=\"article:modified_time\" content=\"2024-07-30T08:33:49+00:00\" \/>\n<meta property=\"og:image\" content=\"https:\/\/www.jet-vip.com\/app\/uploads\/2023\/04\/contacts_header.jpg\" \/>\n\t<meta property=\"og:image:width\" content=\"1920\" \/>\n\t<meta property=\"og:image:height\" content=\"1079\" \/>\n\t<meta property=\"og:image:type\" content=\"image\/jpeg\" \/>\n<meta name=\"twitter:card\" content=\"summary_large_image\" \/>\n<meta name=\"twitter:label1\" content=\"Est. reading time\" \/>\n\t<meta name=\"twitter:data1\" content=\"3 minutes\" \/>\n<!-- \/ Yoast SEO Premium plugin. -->","yoast_head_json":{"title":"Contactez Jet-VIP | Demandes de location de jet priv\u00e9","description":"Contactez Jet-VIP pour toutes vos demandes de location de jet priv\u00e9, r\u00e9servations et besoins de support client. R\u00e9servez un vol!","robots":{"index":"index","follow":"follow","max-snippet":"max-snippet:-1","max-image-preview":"max-image-preview:large","max-video-preview":"max-video-preview:-1"},"canonical":"https:\/\/www.jet-vip.com\/fr\/contacts\/","og_locale":"fr_FR","og_type":"article","og_title":"Contactez Jet-VIP | Demandes de location de jet priv\u00e9","og_description":"Contactez Jet-VIP pour toutes vos demandes de location de jet priv\u00e9, r\u00e9servations et besoins de support client. R\u00e9servez un vol!","og_url":"https:\/\/www.jet-vip.com\/fr\/contacts\/","og_site_name":"Jet VIP","article_modified_time":"2024-07-30T08:33:49+00:00","og_image":[{"width":1920,"height":1079,"url":"https:\/\/www.jet-vip.com\/app\/uploads\/2023\/04\/contacts_header.jpg","type":"image\/jpeg"}],"twitter_card":"summary_large_image","twitter_misc":{"Est. reading time":"3 minutes"},"schema":{"@context":"https:\/\/schema.org","@graph":[{"@type":"WebPage","@id":"https:\/\/www.jet-vip.com\/fr\/contacts\/","url":"https:\/\/www.jet-vip.com\/fr\/contacts\/","name":"Contactez Jet-VIP | Demandes de location de jet priv\u00e9","isPartOf":{"@id":"https:\/\/www.jet-vip.com\/fr\/#website"},"primaryImageOfPage":{"@id":"https:\/\/www.jet-vip.com\/fr\/contacts\/#primaryimage"},"image":{"@id":"https:\/\/www.jet-vip.com\/fr\/contacts\/#primaryimage"},"thumbnailUrl":"https:\/\/www.jet-vip.com\/app\/uploads\/2023\/04\/contacts_header.jpg","datePublished":"2023-01-31T20:01:29+00:00","dateModified":"2024-07-30T08:33:49+00:00","description":"Contactez Jet-VIP pour toutes vos demandes de location de jet priv\u00e9, r\u00e9servations et besoins de support client. R\u00e9servez un vol!","inLanguage":"fr-FR","potentialAction":[{"@type":"ReadAction","target":["https:\/\/www.jet-vip.com\/fr\/contacts\/"]}]},{"@type":"ImageObject","inLanguage":"fr-FR","@id":"https:\/\/www.jet-vip.com\/fr\/contacts\/#primaryimage","url":"https:\/\/www.jet-vip.com\/app\/uploads\/2023\/04\/contacts_header.jpg","contentUrl":"https:\/\/www.jet-vip.com\/app\/uploads\/2023\/04\/contacts_header.jpg","width":1920,"height":1079,"caption":"Contact Jet-VIP"},{"@type":"WebSite","@id":"https:\/\/www.jet-vip.com\/fr\/#website","url":"https:\/\/www.jet-vip.com\/fr\/","name":"www.jet-vip.com","description":"Private Jet &amp; Helicopter charter","publisher":{"@id":"https:\/\/www.jet-vip.com\/fr\/#organization"},"potentialAction":[{"@type":"SearchAction","target":{"@type":"EntryPoint","urlTemplate":"https:\/\/www.jet-vip.com\/fr\/?s={search_term_string}"},"query-input":{"@type":"PropertyValueSpecification","valueRequired":true,"valueName":"search_term_string"}}],"inLanguage":"fr-FR"},{"@type":"Organization","@id":"https:\/\/www.jet-vip.com\/fr\/#organization","name":"JET VIP","alternateName":"JET-VIP","url":"https:\/\/www.jet-vip.com\/fr\/","logo":{"@type":"ImageObject","inLanguage":"fr-FR","@id":"https:\/\/www.jet-vip.com\/fr\/#\/schema\/logo\/image\/","url":"https:\/\/www.jet-vip.com\/app\/uploads\/2023\/04\/logo_jetvip.png","contentUrl":"https:\/\/www.jet-vip.com\/app\/uploads\/2023\/04\/logo_jetvip.png","width":2344,"height":1500,"caption":"JET VIP"},"image":{"@id":"https:\/\/www.jet-vip.com\/fr\/#\/schema\/logo\/image\/"},"sameAs":["https:\/\/instagram.com\/jet_vip"]}]}},"_links":{"self":[{"href":"https:\/\/www.jet-vip.com\/fr\/wp-json\/wp\/v2\/pages\/2632","targetHints":{"allow":["GET"]}}],"collection":[{"href":"https:\/\/www.jet-vip.com\/fr\/wp-json\/wp\/v2\/pages"}],"about":[{"href":"https:\/\/www.jet-vip.com\/fr\/wp-json\/wp\/v2\/types\/page"}],"author":[{"embeddable":true,"href":"https:\/\/www.jet-vip.com\/fr\/wp-json\/wp\/v2\/users\/2"}],"replies":[{"embeddable":true,"href":"https:\/\/www.jet-vip.com\/fr\/wp-json\/wp\/v2\/comments?post=2632"}],"version-history":[{"count":7,"href":"https:\/\/www.jet-vip.com\/fr\/wp-json\/wp\/v2\/pages\/2632\/revisions"}],"predecessor-version":[{"id":3842,"href":"https:\/\/www.jet-vip.com\/fr\/wp-json\/wp\/v2\/pages\/2632\/revisions\/3842"}],"wp:featuredmedia":[{"embeddable":true,"href":"https:\/\/www.jet-vip.com\/fr\/wp-json\/wp\/v2\/media\/2292"}],"wp:attachment":[{"href":"https:\/\/www.jet-vip.com\/fr\/wp-json\/wp\/v2\/media?parent=2632"}],"curies":[{"name":"wp","href":"https:\/\/api.w.org\/{rel}","templated":true}]}}