{"id":2627,"date":"2023-03-25T16:51:22","date_gmt":"2023-03-25T16:51:22","guid":{"rendered":"https:\/\/www.jet-vip.com\/vols-devacuation\/"},"modified":"2023-08-01T22:20:11","modified_gmt":"2023-08-01T22:20:11","slug":"vols-devacuation","status":"publish","type":"page","link":"https:\/\/www.jet-vip.com\/fr\/vols-devacuation\/","title":{"rendered":"Vols d&#8217;\u00e9vacuation"},"content":{"rendered":"\n<div class=\"wp-block-group mx-7 max-w-7xl sm:mx-auto is-layout-constrained wp-block-group-is-layout-constrained\">\n<div class=\"wp-block-group is-content-justification-space-between is-layout-flex wp-container-core-group-is-layout-eeff9024 wp-block-group-is-layout-flex\">\n<h2 class=\"wp-block-heading\">Pr\u00e9sentation des vols d&#8217;\u00e9vacuation par Jet-VIP<\/h2>\n\n\n\n<hr class=\"wp-block-separator has-alpha-channel-opacity\"\/>\n\n\n\n<div class=\"wp-block-group is-content-justification-space-between is-layout-flex wp-container-core-group-is-layout-d7fb8128 wp-block-group-is-layout-flex\">\n<p class=\"sm:w-5\/12\">Parfois, les gens se retrouvent dans une situation o\u00f9 ils doivent quitter une r\u00e9gion mais n&#8217;ont pas d&#8217;options de vol \u00e0 leur disposition. <br><br>Dans une situation d&#8217;urgence caus\u00e9e par des guerres, des troubles civils et politiques, des catastrophes naturelles et des perturbations soudaines des voyages (telles que celles caus\u00e9es par la pand\u00e9mie de COVID-19), l&#8217;affr\u00e8tement d&#8217;un jet priv\u00e9 Vols d&#8217;\u00e9vacuation appara\u00eet comme l&#8217;option la plus s\u00fbre et la plus viable.<\/p>\n\n\n\n<p class=\"sm:w-5\/12\">Lorsqu&#8217;il s&#8217;agit d&#8217;organiser un voyage d&#8217;urgence, Jet-VIP dispose d&#8217;une grande exp\u00e9rience et a organis\u00e9 un grand nombre de vols d&#8217;\u00e9vacuation en jet priv\u00e9. Notre \u00e9quipe professionnelle se consacre \u00e0 vous soutenir pendant cette p\u00e9riode difficile et sait parfaitement faire face \u00e0 tout type d&#8217;urgence en mati\u00e8re de voyage.<\/p>\n<\/div>\n<\/div>\n<\/div>\n\n\n\n<div class=\"wp-block-group p-7 has-light-sand-background-color has-background is-layout-flow wp-block-group-is-layout-flow\">\n<div class=\"wp-block-group mx-7 max-w-7xl sm:mx-auto is-layout-flow wp-block-group-is-layout-flow\">\n<h2 class=\"wp-block-heading\">Quels sont les services que nous proposons ?<\/h2>\n\n\n\n<p>Chez Jet-VIP, nous comprenons que chaque situation est unique et n\u00e9cessite diff\u00e9rents niveaux de soutien. Notre \u00e9quipe polyvalente peut vous aider dans les domaines suivants :<\/p>\n\n\n\n<div class=\"wp-block-group is-content-justification-space-between is-layout-flex wp-container-core-group-is-layout-d7fb8128 wp-block-group-is-layout-flex\">\n<div class=\"wp-block-group sm:w-1\/4 is-layout-constrained wp-block-group-is-layout-constrained\">\n<figure class=\"wp-block-image size-full is-style-rounded\"><img decoding=\"async\" width=\"500\" height=\"334\" src=\"https:\/\/test-jetvip.mendo.lv\/app\/uploads\/2023\/03\/emergency.jpg\" alt=\"\" class=\"wp-image-811\" srcset=\"https:\/\/www.jet-vip.com\/app\/uploads\/2023\/03\/emergency.jpg 500w, https:\/\/www.jet-vip.com\/app\/uploads\/2023\/03\/emergency-300x200.jpg 300w\" sizes=\"(max-width: 500px) 100vw, 500px\" \/><\/figure>\n\n\n\n<p class=\"has-text-align-center\"><strong>\u00c9vacuations d&#8217;urgence :<\/strong><\/p>\n\n\n\n<p class=\"has-text-align-center\">Qu&#8217;il s&#8217;agisse de zones de combat hostiles ou de catastrophes naturelles ou caus\u00e9es par l&#8217;homme, nous avons la capacit\u00e9 de g\u00e9rer rapidement l&#8217;\u00e9vacuation des civils et des personnes pr\u00e9sentant un risque \u00e9lev\u00e9 de blessure, tout en essayant de minimiser le nombre de victimes.<\/p>\n<\/div>\n\n\n\n<div class=\"wp-block-group sm:w-1\/4 is-layout-constrained wp-block-group-is-layout-constrained\">\n<figure class=\"wp-block-image size-full is-style-rounded\"><img decoding=\"async\" width=\"500\" height=\"334\" src=\"https:\/\/test-jetvip.mendo.lv\/app\/uploads\/2023\/03\/emergency_supplies.jpg\" alt=\"\" class=\"wp-image-812\" srcset=\"https:\/\/www.jet-vip.com\/app\/uploads\/2023\/03\/emergency_supplies.jpg 500w, https:\/\/www.jet-vip.com\/app\/uploads\/2023\/03\/emergency_supplies-300x200.jpg 300w\" sizes=\"(max-width: 500px) 100vw, 500px\" \/><\/figure>\n\n\n\n<p class=\"has-text-align-center\"><strong>Fournitures d&#8217;urgence<\/strong><\/p>\n\n\n\n<p class=\"has-text-align-center\">Notre \u00e9quipe est form\u00e9e pour agir rapidement face \u00e0 l&#8217;adversit\u00e9. Nous disposons d&#8217;une grande expertise dans la livraison d&#8217;\u00e9quipements sp\u00e9cialis\u00e9s et de fournitures m\u00e9dicales sur les sites de catastrophes, ainsi que de nourriture, d&#8217;eau et de couvertures.<\/p>\n<\/div>\n\n\n\n<div class=\"wp-block-group sm:w-1\/4 is-layout-constrained wp-block-group-is-layout-constrained\">\n<figure class=\"wp-block-image size-full is-style-rounded\"><img decoding=\"async\" width=\"615\" height=\"410\" src=\"https:\/\/test-jetvip.mendo.lv\/app\/uploads\/2023\/03\/reach_operations-edited.jpg\" alt=\"\" class=\"wp-image-818\" srcset=\"https:\/\/www.jet-vip.com\/app\/uploads\/2023\/03\/reach_operations-edited.jpg 615w, https:\/\/www.jet-vip.com\/app\/uploads\/2023\/03\/reach_operations-edited-300x200.jpg 300w\" sizes=\"(max-width: 615px) 100vw, 615px\" \/><\/figure>\n\n\n\n<p class=\"has-text-align-center\"><strong>Op\u00e9rations de recherche et de sauvetage<\/strong><\/p>\n\n\n\n<p class=\"has-text-align-center\">Notre \u00e9quipage professionnel peut faire voler du personnel de recherche et de sauvetage essentiel pour contribuer aux op\u00e9rations humanitaires sur le terrain en cas d&#8217;\u00e9v\u00e9nement catastrophique.<\/p>\n<\/div>\n<\/div>\n<\/div>\n<\/div>\n\n\n\n<div class=\"wp-block-group w-full is-layout-constrained wp-block-group-is-layout-constrained\">\n<div class=\"wp-block-group mx-7 max-w-7xl sm:mx-auto mt-12 is-layout-flow wp-block-group-is-layout-flow\">\n<div class=\"wp-block-group carousel-container is-layout-constrained wp-block-group-is-layout-constrained\">\n<h3 class=\"has-text-align-left w-full wp-block-heading\">Ce qu&#8217;il faut savoir pour organiser une \u00e9vacuation d&#8217;urgence<\/h3>\n\n\n\n<p>En cas d&#8217;urgence, le temps est compt\u00e9 et il est important d&#8217;agir rapidement. Il est naturel de se sentir stress\u00e9 en cas d&#8217;urgence, mais les points suivants peuvent vous aider \u00e0 vous mettre en s\u00e9curit\u00e9 le plus rapidement possible :<\/p>\n\n\n\n<div class=\"wp-block-cb-carousel centered-contents my-12\" data-slick=\"{&quot;slidesToShow&quot;:4,&quot;slidesToScroll&quot;:1,&quot;speed&quot;:300,&quot;arrows&quot;:true,&quot;dots&quot;:true,&quot;autoplay&quot;:false,&quot;autoplaySpeed&quot;:3000,&quot;infinite&quot;:false,&quot;responsive&quot;:[{&quot;breakpoint&quot;:769,&quot;settings&quot;:{&quot;slidesToShow&quot;:1,&quot;slidesToScroll&quot;:1}}]}\">\n<div class=\"wp-block-cb-slide\">\n<figure class=\"wp-block-image size-full is-style-rounded\"><img decoding=\"async\" width=\"384\" height=\"288\" src=\"https:\/\/test-jetvip.mendo.lv\/app\/uploads\/2023\/03\/be_prepared-edited.jpg\" alt=\"\" class=\"wp-image-826\" srcset=\"https:\/\/www.jet-vip.com\/app\/uploads\/2023\/03\/be_prepared-edited.jpg 384w, https:\/\/www.jet-vip.com\/app\/uploads\/2023\/03\/be_prepared-edited-300x225.jpg 300w\" sizes=\"(max-width: 384px) 100vw, 384px\" \/><\/figure>\n\n\n\n<p><strong>Pr\u00e9parez-vous et partez d\u00e8s que possible<\/strong><\/p>\n\n\n\n<p>La recommandation de la communaut\u00e9 internationale a toujours \u00e9t\u00e9 de partir d\u00e8s que possible si vous avez des doutes sur votre s\u00e9curit\u00e9. Vous ne pouvez pas compter sur une r\u00e9servation pour vous assurer une place, car les compagnies a\u00e9riennes surbookent r\u00e9guli\u00e8rement leurs vols et les annulent \u00e0 la derni\u00e8re minute. <\/p>\n\n\n\n<p>Plus t\u00f4t vous d\u00e9ciderez de partir, plus vous aurez de chances de r\u00e9ussir.<\/p>\n<\/div>\n\n\n\n<div class=\"wp-block-cb-slide\">\n<figure class=\"wp-block-image size-full is-style-rounded\"><img decoding=\"async\" width=\"384\" height=\"288\" src=\"https:\/\/test-jetvip.mendo.lv\/app\/uploads\/2023\/03\/avoid_airports-edited.jpg\" alt=\"\" class=\"wp-image-827\" srcset=\"https:\/\/www.jet-vip.com\/app\/uploads\/2023\/03\/avoid_airports-edited.jpg 384w, https:\/\/www.jet-vip.com\/app\/uploads\/2023\/03\/avoid_airports-edited-300x225.jpg 300w\" sizes=\"(max-width: 384px) 100vw, 384px\" \/><\/figure>\n\n\n\n<p><strong>\u00c9viter les a\u00e9roports bond\u00e9s<\/strong><\/p>\n\n\n\n<p>En r\u00e8gle g\u00e9n\u00e9rale, le principal a\u00e9roport international du pays est le premier \u00e0 \u00eatre ferm\u00e9, tandis que les a\u00e9roports r\u00e9gionaux plus petits restent g\u00e9n\u00e9ralement op\u00e9rationnels plus longtemps. <\/p>\n\n\n\n<p>Si vous pr\u00e9voyez de vous rendre en voiture dans les grands a\u00e9roports internationaux, vous devrez faire face \u00e0 des retards importants, car tout le monde affluera vers cet a\u00e9roport. <\/p>\n\n\n\n<p>C&#8217;est l\u00e0 que les jets priv\u00e9s peuvent s&#8217;av\u00e9rer particuli\u00e8rement utiles, car ils peuvent utiliser des a\u00e9roports r\u00e9gionaux plus petits pour l&#8217;atterrissage et le d\u00e9collage.<\/p>\n<\/div>\n\n\n\n<div class=\"wp-block-cb-slide\">\n<figure class=\"wp-block-image size-full is-style-rounded\"><img decoding=\"async\" width=\"384\" height=\"288\" src=\"https:\/\/test-jetvip.mendo.lv\/app\/uploads\/2023\/03\/keep_document-edited.jpg\" alt=\"\" class=\"wp-image-829\" srcset=\"https:\/\/www.jet-vip.com\/app\/uploads\/2023\/03\/keep_document-edited.jpg 384w, https:\/\/www.jet-vip.com\/app\/uploads\/2023\/03\/keep_document-edited-300x225.jpg 300w\" sizes=\"(max-width: 384px) 100vw, 384px\" \/><\/figure>\n\n\n\n<p><strong>Gardez vos documents personnels \u00e0 jour<\/strong><\/p>\n\n\n\n<p>Les autorisations de vol peuvent \u00eatre retard\u00e9es si les informations fournies par le voyageur sont incompl\u00e8tes ou ne sont pas compl\u00e8tes au moment de la demande. <\/p>\n\n\n\n<p>Il est conseill\u00e9 de num\u00e9riser au pr\u00e9alable et de t\u00e9l\u00e9charger en ligne les passeports, les cartes d&#8217;identit\u00e9 professionnelles et les documents m\u00e9dicaux. <\/p>\n\n\n\n<p>En raison de la nature variable des services Internet r\u00e9gionaux, vous pouvez \u00e9galement laisser des copies de ces documents ou fournir des instructions pour qu&#8217;ils soient accessibles aux fonctionnaires en dehors du pays.<\/p>\n<\/div>\n\n\n\n<div class=\"wp-block-cb-slide\">\n<figure class=\"wp-block-image size-full is-style-rounded\"><img decoding=\"async\" width=\"352\" height=\"264\" src=\"https:\/\/test-jetvip.mendo.lv\/app\/uploads\/2023\/03\/make_use-edited.jpg\" alt=\"\" class=\"wp-image-831\" srcset=\"https:\/\/www.jet-vip.com\/app\/uploads\/2023\/03\/make_use-edited.jpg 352w, https:\/\/www.jet-vip.com\/app\/uploads\/2023\/03\/make_use-edited-300x225.jpg 300w\" sizes=\"(max-width: 352px) 100vw, 352px\" \/><\/figure>\n\n\n\n<p><strong>Utiliser l&#8217;avion au maximum<\/strong><\/p>\n\n\n\n<p>Lorsque vous d\u00e9cidez d&#8217;affr\u00e9ter un jet priv\u00e9, il est pr\u00e9f\u00e9rable d&#8217;embarquer le plus grand nombre de personnes possible, car vous payez pour l&#8217;ensemble de l&#8217;avion et non pour des si\u00e8ges individuels. Cela vous permettra d&#8217;\u00e9vacuer autant de personnes que possible en un seul vol.<\/p>\n<\/div>\n<\/div>\n<\/div>\n<\/div>\n<\/div>\n\n\n\n<div class=\"wp-block-group mega-rounded-top-right has-white-background-color has-background is-layout-flow wp-block-group-is-layout-flow\">\n<div class=\"wp-block-group mx-7 max-w-7xl sm:mx-auto mt-12 px-4 py-12 rounded-3xl has-light-sand-background-color has-background is-vertical is-content-justification-center is-layout-flex wp-container-core-group-is-layout-4b2eccd6 wp-block-group-is-layout-flex\">\n<h3 class=\"wp-block-heading\" style=\"padding-bottom:var(--wp--preset--spacing--60)\">Prendre contact aujourd&#8217;hui<\/h3>\n\n\n\n<p class=\"has-text-align-center\">Si vous vous trouvez dans une situation d&#8217;urgence et que vous avez besoin d&#8217;aide pour les \u00e9vacuations, vous pouvez compter sur l&#8217;\u00e9quipe de <a href=\"https:\/\/www.instagram.com\/jet_vip\">Jet-VIP<\/a> pour vous aider. Nous sommes bien \u00e9quip\u00e9s pour faire face \u00e0 tout type de calamit\u00e9 et nous nous engageons \u00e0 vous aider \u00e0 vous mettre \u00e0 l&#8217;abri le plus rapidement possible.<\/p>\n\n\n\n<p><\/p>\n\n\n\n<div class=\"wp-block-buttons is-layout-flex wp-block-buttons-is-layout-flex\">\n<div class=\"wp-block-button\"><a class=\"wp-block-button__link wp-element-button\" href=\"https:\/\/www.jet-vip.com\/flight-search\/\">R\u00e9server un vol d&#8217;\u00e9vacuation<\/a><\/div>\n<\/div>\n<\/div>\n<\/div>\n\n\n\n<div class=\"wp-block-group has-white-background-color has-background is-layout-flow wp-block-group-is-layout-flow\">\n<div class=\"wp-block-group mx-7 max-w-7xl sm:mx-auto pt-12 px-4 py-12 is-layout-constrained wp-block-group-is-layout-constrained\">\n<div class=\"wp-block-group header-text-container bg-white pt-8 is-layout-constrained wp-block-group-is-layout-constrained\">\n<div class=\"wp-block-group block-header-container is-vertical is-layout-flex wp-container-core-group-is-layout-8cf370e7 wp-block-group-is-layout-flex\">\n<h2 class=\"wp-block-heading\">En savoir plus<\/h2>\n\n\n\n<hr class=\"wp-block-separator has-alpha-channel-opacity\"\/>\n\n\n\n<p>Nous savons que vos besoins en mati\u00e8re de vols peuvent \u00eatre diff\u00e9rents, c&#8217;est pourquoi nous nous adaptons pour vous proposer diff\u00e9rents types de services :<\/p>\n<\/div>\n\n\n\n<div class=\"wp-block-group is-vertical is-layout-flex wp-container-core-group-is-layout-8cf370e7 wp-block-group-is-layout-flex\">\n<h4 class=\"wp-block-heading\">La flotte<\/h4>\n\n\n\n<div class=\"wp-block-group is-nowrap is-layout-flex wp-container-core-group-is-layout-ad2f72ca wp-block-group-is-layout-flex\">\n<p>Notre \u00e9quipe d&#8217;experts peut trouver le meilleur prix disponible pour votre location de jet priv\u00e9 sur l&#8217;avion priv\u00e9 le plus appropri\u00e9.<\/p>\n\n\n\n<p><a href=\"https:\/\/www.jet-vip.com\/our-fleet\/\" data-type=\"page\" data-id=\"1264\">Plus d&#8217;informations<\/a><\/p>\n<\/div>\n<\/div>\n\n\n\n<div class=\"wp-block-group is-vertical is-layout-flex wp-container-core-group-is-layout-8cf370e7 wp-block-group-is-layout-flex\">\n<h4 class=\"wp-block-heading\">Destinations<\/h4>\n\n\n\n<div class=\"wp-block-group is-nowrap is-layout-flex wp-container-core-group-is-layout-ad2f72ca wp-block-group-is-layout-flex\">\n<p>D\u00e9couvrez les destinations les plus demand\u00e9es pour votre voyage en jet priv\u00e9<\/p>\n\n\n\n<p><a href=\"https:\/\/www.jet-vip.com\/destinations\/\" data-type=\"page\" data-id=\"122\">Plus d&#8217;informations<\/a><\/p>\n<\/div>\n<\/div>\n\n\n\n<div class=\"wp-block-group is-vertical is-layout-flex wp-container-core-group-is-layout-8cf370e7 wp-block-group-is-layout-flex\">\n<h4 class=\"wp-block-heading\">Questions fr\u00e9quemment pos\u00e9es<\/h4>\n\n\n\n<div class=\"wp-block-group is-nowrap is-layout-flex wp-container-core-group-is-layout-ad2f72ca wp-block-group-is-layout-flex\">\n<p>Vous avez une question ? <br\/>Nous avons la r\u00e9ponse !<\/p>\n\n\n\n<p><a href=\"https:\/\/www.jet-vip.com\/frequently-asked-questions\/\" data-type=\"page\" data-id=\"417\">Plus d&#8217;informations<\/a><\/p>\n<\/div>\n<\/div>\n\n\n\n<div class=\"wp-block-group is-vertical is-layout-flex wp-container-core-group-is-layout-8cf370e7 wp-block-group-is-layout-flex\">\n<h4 class=\"wp-block-heading\">Vols m\u00e9dicaux<\/h4>\n\n\n\n<div class=\"wp-block-group is-nowrap is-layout-flex wp-container-core-group-is-layout-ad2f72ca wp-block-group-is-layout-flex\">\n<p>Si vous avez besoin de r\u00e9server un jet pour une occasion sp\u00e9ciale ou pour votre entreprise, ne cherchez pas plus loin !<\/p>\n\n\n\n<p><a href=\"https:\/\/www.jet-vip.com\/ambulance-flights\/\" data-type=\"page\" data-id=\"1184\">Plus d&#8217;informations<\/a><\/p>\n<\/div>\n<\/div>\n\n\n\n<div class=\"wp-block-group is-vertical is-layout-flex wp-container-core-group-is-layout-8cf370e7 wp-block-group-is-layout-flex\">\n<h4 class=\"wp-block-heading\">S\u00e9curit\u00e9<\/h4>\n\n\n\n<div class=\"wp-block-group is-nowrap is-layout-flex wp-container-core-group-is-layout-ad2f72ca wp-block-group-is-layout-flex\">\n<p>La s\u00e9curit\u00e9 dans l&#8217;aviation priv\u00e9e est notre principale pr\u00e9occupation. La s\u00e9curit\u00e9 a toujours \u00e9t\u00e9 la priorit\u00e9 de Jet-Vip<\/p>\n\n\n\n<p><a href=\"https:\/\/www.jet-vip.com\/safety-at-jet-vip\/\" data-type=\"page\" data-id=\"762\">Plus d&#8217;informations<\/a><\/p>\n<\/div>\n<\/div>\n\n\n\n<div class=\"wp-block-group is-vertical is-layout-flex wp-container-core-group-is-layout-8cf370e7 wp-block-group-is-layout-flex\">\n<h4 class=\"wp-block-heading\">Vols \u00e0 vide<\/h4>\n\n\n\n<div class=\"wp-block-group is-nowrap is-layout-flex wp-container-core-group-is-layout-ad2f72ca wp-block-group-is-layout-flex\">\n<p>L&#8217;affr\u00e8tement d&#8217;un vol \u00e0 vide est l&#8217;occasion d&#8217;\u00e9conomiser jusqu&#8217;\u00e0 50 % sur le prix de votre vol en jet priv\u00e9.<\/p>\n\n\n\n<p><a href=\"https:\/\/www.jet-vip.com\/empty-leg-flights-with-jet-vip\/\" data-type=\"page\" data-id=\"446\">Plus d&#8217;informations<\/a><\/p>\n<\/div>\n<\/div>\n<\/div>\n<\/div>\n<\/div>\n\n\n\n<div class=\"wp-block-group container-rounded-bottom-left -mt-10 white is-layout-constrained wp-block-group-is-layout-constrained\"><\/div>\n","protected":false},"excerpt":{"rendered":"<p>Pr\u00e9sentation des vols d&#8217;\u00e9vacuation par Jet-VIP Parfois, les gens se retrouvent dans une situation o\u00f9 ils doivent quitter une r\u00e9gion mais n&#8217;ont pas d&#8217;options de vol \u00e0 leur disposition. Dans une situation d&#8217;urgence caus\u00e9e par des guerres, des troubles civils et politiques, des catastrophes naturelles et des perturbations soudaines des voyages (telles que celles caus\u00e9es &hellip; <a href=\"https:\/\/www.jet-vip.com\/fr\/vols-devacuation\/\">Continued<\/a><\/p>\n","protected":false},"author":2,"featured_media":2148,"parent":0,"menu_order":0,"comment_status":"closed","ping_status":"closed","template":"","meta":{"footnotes":""},"class_list":["post-2627","page","type-page","status-publish","has-post-thumbnail","hentry"],"yoast_head":"<!-- This site is optimized with the Yoast SEO Premium plugin v27.5 (Yoast SEO v27.5) - https:\/\/yoast.com\/product\/yoast-seo-premium-wordpress\/ -->\n<title>Vols d&#039;\u00e9vacuation | Voyages en jet priv\u00e9 en cas d&#039;urgence<\/title>\n<meta name=\"description\" content=\"Profitez de la tranquillit\u00e9 d&#039;esprit avec les vols d&#039;\u00e9vacuation de Jet-VIP en cas d&#039;urgence caus\u00e9e par des guerres, des catastrophes.\" \/>\n<meta name=\"robots\" content=\"index, follow, max-snippet:-1, max-image-preview:large, max-video-preview:-1\" \/>\n<link rel=\"canonical\" href=\"https:\/\/www.jet-vip.com\/fr\/vols-devacuation\/\" \/>\n<meta property=\"og:locale\" content=\"fr_FR\" \/>\n<meta property=\"og:type\" content=\"article\" \/>\n<meta property=\"og:title\" content=\"Vols d&#039;\u00e9vacuation | Voyages en jet priv\u00e9 en cas d&#039;urgence\" \/>\n<meta property=\"og:description\" content=\"Profitez de la tranquillit\u00e9 d&#039;esprit avec les vols d&#039;\u00e9vacuation de Jet-VIP en cas d&#039;urgence caus\u00e9e par des guerres, des catastrophes.\" \/>\n<meta property=\"og:url\" content=\"https:\/\/www.jet-vip.com\/fr\/vols-devacuation\/\" \/>\n<meta property=\"og:site_name\" content=\"Jet VIP\" \/>\n<meta property=\"article:modified_time\" content=\"2023-08-01T22:20:11+00:00\" \/>\n<meta property=\"og:image\" content=\"https:\/\/www.jet-vip.com\/app\/uploads\/2023\/03\/evacuation_header.jpg\" \/>\n\t<meta property=\"og:image:width\" content=\"1992\" \/>\n\t<meta property=\"og:image:height\" content=\"1484\" \/>\n\t<meta property=\"og:image:type\" content=\"image\/jpeg\" \/>\n<meta name=\"twitter:card\" content=\"summary_large_image\" \/>\n<meta name=\"twitter:label1\" content=\"Est. reading time\" \/>\n\t<meta name=\"twitter:data1\" content=\"5 minutes\" \/>\n<!-- \/ Yoast SEO Premium plugin. -->","yoast_head_json":{"title":"Vols d'\u00e9vacuation | Voyages en jet priv\u00e9 en cas d'urgence","description":"Profitez de la tranquillit\u00e9 d'esprit avec les vols d'\u00e9vacuation de Jet-VIP en cas d'urgence caus\u00e9e par des guerres, des catastrophes.","robots":{"index":"index","follow":"follow","max-snippet":"max-snippet:-1","max-image-preview":"max-image-preview:large","max-video-preview":"max-video-preview:-1"},"canonical":"https:\/\/www.jet-vip.com\/fr\/vols-devacuation\/","og_locale":"fr_FR","og_type":"article","og_title":"Vols d'\u00e9vacuation | Voyages en jet priv\u00e9 en cas d'urgence","og_description":"Profitez de la tranquillit\u00e9 d'esprit avec les vols d'\u00e9vacuation de Jet-VIP en cas d'urgence caus\u00e9e par des guerres, des catastrophes.","og_url":"https:\/\/www.jet-vip.com\/fr\/vols-devacuation\/","og_site_name":"Jet VIP","article_modified_time":"2023-08-01T22:20:11+00:00","og_image":[{"width":1992,"height":1484,"url":"https:\/\/www.jet-vip.com\/app\/uploads\/2023\/03\/evacuation_header.jpg","type":"image\/jpeg"}],"twitter_card":"summary_large_image","twitter_misc":{"Est. reading time":"5 minutes"},"schema":{"@context":"https:\/\/schema.org","@graph":[{"@type":"WebPage","@id":"https:\/\/www.jet-vip.com\/fr\/vols-devacuation\/","url":"https:\/\/www.jet-vip.com\/fr\/vols-devacuation\/","name":"Vols d'\u00e9vacuation | Voyages en jet priv\u00e9 en cas d'urgence","isPartOf":{"@id":"https:\/\/www.jet-vip.com\/fr\/#website"},"primaryImageOfPage":{"@id":"https:\/\/www.jet-vip.com\/fr\/vols-devacuation\/#primaryimage"},"image":{"@id":"https:\/\/www.jet-vip.com\/fr\/vols-devacuation\/#primaryimage"},"thumbnailUrl":"https:\/\/www.jet-vip.com\/app\/uploads\/2023\/03\/evacuation_header.jpg","datePublished":"2023-03-25T16:51:22+00:00","dateModified":"2023-08-01T22:20:11+00:00","description":"Profitez de la tranquillit\u00e9 d'esprit avec les vols d'\u00e9vacuation de Jet-VIP en cas d'urgence caus\u00e9e par des guerres, des catastrophes.","inLanguage":"fr-FR","potentialAction":[{"@type":"ReadAction","target":["https:\/\/www.jet-vip.com\/fr\/vols-devacuation\/"]}]},{"@type":"ImageObject","inLanguage":"fr-FR","@id":"https:\/\/www.jet-vip.com\/fr\/vols-devacuation\/#primaryimage","url":"https:\/\/www.jet-vip.com\/app\/uploads\/2023\/03\/evacuation_header.jpg","contentUrl":"https:\/\/www.jet-vip.com\/app\/uploads\/2023\/03\/evacuation_header.jpg","width":1992,"height":1484,"caption":"Evacuation Flights,"},{"@type":"WebSite","@id":"https:\/\/www.jet-vip.com\/fr\/#website","url":"https:\/\/www.jet-vip.com\/fr\/","name":"www.jet-vip.com","description":"Private Jet &amp; Helicopter charter","publisher":{"@id":"https:\/\/www.jet-vip.com\/fr\/#organization"},"potentialAction":[{"@type":"SearchAction","target":{"@type":"EntryPoint","urlTemplate":"https:\/\/www.jet-vip.com\/fr\/?s={search_term_string}"},"query-input":{"@type":"PropertyValueSpecification","valueRequired":true,"valueName":"search_term_string"}}],"inLanguage":"fr-FR"},{"@type":"Organization","@id":"https:\/\/www.jet-vip.com\/fr\/#organization","name":"JET VIP","alternateName":"JET-VIP","url":"https:\/\/www.jet-vip.com\/fr\/","logo":{"@type":"ImageObject","inLanguage":"fr-FR","@id":"https:\/\/www.jet-vip.com\/fr\/#\/schema\/logo\/image\/","url":"https:\/\/www.jet-vip.com\/app\/uploads\/2023\/04\/logo_jetvip.png","contentUrl":"https:\/\/www.jet-vip.com\/app\/uploads\/2023\/04\/logo_jetvip.png","width":2344,"height":1500,"caption":"JET VIP"},"image":{"@id":"https:\/\/www.jet-vip.com\/fr\/#\/schema\/logo\/image\/"},"sameAs":["https:\/\/instagram.com\/jet_vip"]}]}},"_links":{"self":[{"href":"https:\/\/www.jet-vip.com\/fr\/wp-json\/wp\/v2\/pages\/2627","targetHints":{"allow":["GET"]}}],"collection":[{"href":"https:\/\/www.jet-vip.com\/fr\/wp-json\/wp\/v2\/pages"}],"about":[{"href":"https:\/\/www.jet-vip.com\/fr\/wp-json\/wp\/v2\/types\/page"}],"author":[{"embeddable":true,"href":"https:\/\/www.jet-vip.com\/fr\/wp-json\/wp\/v2\/users\/2"}],"replies":[{"embeddable":true,"href":"https:\/\/www.jet-vip.com\/fr\/wp-json\/wp\/v2\/comments?post=2627"}],"version-history":[{"count":6,"href":"https:\/\/www.jet-vip.com\/fr\/wp-json\/wp\/v2\/pages\/2627\/revisions"}],"predecessor-version":[{"id":2823,"href":"https:\/\/www.jet-vip.com\/fr\/wp-json\/wp\/v2\/pages\/2627\/revisions\/2823"}],"wp:featuredmedia":[{"embeddable":true,"href":"https:\/\/www.jet-vip.com\/fr\/wp-json\/wp\/v2\/media\/2148"}],"wp:attachment":[{"href":"https:\/\/www.jet-vip.com\/fr\/wp-json\/wp\/v2\/media?parent=2627"}],"curies":[{"name":"wp","href":"https:\/\/api.w.org\/{rel}","templated":true}]}}