{"id":2621,"date":"2023-02-23T11:03:29","date_gmt":"2023-02-23T11:03:29","guid":{"rendered":"https:\/\/www.jet-vip.com\/vols-a-vide-avec-jet-vip\/"},"modified":"2023-08-01T20:21:19","modified_gmt":"2023-08-01T20:21:19","slug":"vols-a-vide-avec-jet-vip","status":"publish","type":"page","link":"https:\/\/www.jet-vip.com\/fr\/vols-a-vide-avec-jet-vip\/","title":{"rendered":"Vols \u00e0 vide avec Jet-VIP"},"content":{"rendered":"\n<div class=\"wp-block-group mx-7 max-w-7xl sm:mx-auto is-layout-constrained wp-block-group-is-layout-constrained\">\n<div class=\"wp-block-group is-content-justification-space-between is-layout-flex wp-container-core-group-is-layout-3 wp-block-group-is-layout-flex\">\n<div class=\"wp-block-group sm:w-1\/2 is-vertical is-layout-flex wp-container-core-group-is-layout-1 wp-block-group-is-layout-flex\">\n<p>Ces derni\u00e8res ann\u00e9es, l&#8217;expression &#8220;\u00e9tape \u00e0 vide&#8221; est devenue synonyme de voyage de derni\u00e8re minute en raison de l&#8217;essor des m\u00e9dias sociaux. Mais que signifie exactement un &#8220;vol \u00e0 vide&#8221; ?<\/p>\n\n\n\n<p>Il arrive qu&#8217;un avion soit envoy\u00e9 en vol \u00e0 vide, ou &#8220;vol de repositionnement&#8221;, sans personne \u00e0 bord. Dans le secteur de l&#8217;affr\u00e8tement de jets priv\u00e9s, le terme &#8220;trajet \u00e0 vide&#8221; fait r\u00e9f\u00e9rence \u00e0 la section de retour ou de repositionnement de l&#8217;itin\u00e9raire d&#8217;un vol.  <\/p>\n\n\n\n<p>Les avions vides doivent se d\u00e9placer vers un nouvel emplacement ou retourner \u00e0 leur base d&#8217;origine pour le prochain vol du client (tout comme un taxi devrait souvent le faire au sol). En cons\u00e9quence, le vol de repositionnement n&#8217;a pas de passagers.<\/p>\n<\/div>\n\n\n\n<div class=\"wp-block-group sm:w-2\/5 rounded-3xl has-light-sand-background-color has-background is-content-justification-center is-nowrap is-layout-flex wp-container-core-group-is-layout-2 wp-block-group-is-layout-flex\" style=\"padding-top:var(--wp--preset--spacing--80);padding-right:var(--wp--preset--spacing--80);padding-bottom:var(--wp--preset--spacing--80);padding-left:var(--wp--preset--spacing--80)\">\n<figure class=\"wp-block-image size-large\"><img decoding=\"async\" width=\"355\" height=\"99\" src=\"https:\/\/test-jetvip.mendo.lv\/app\/uploads\/2023\/04\/empty_leg_icon.svg\" alt=\"\" class=\"wp-image-1223\"\/><\/figure>\n<\/div>\n<\/div>\n<\/div>\n\n\n\n<div class=\"wp-block-group mx-7 sm:mx-auto max-w-7xl my-12 is-layout-flow wp-block-group-is-layout-flow\">\n<h2 class=\"wp-block-heading\">L&#8217;importance des vols \u00e0 vide<\/h2>\n\n\n\n<hr class=\"wp-block-separator has-alpha-channel-opacity\"\/>\n\n\n\n<div class=\"wp-block-group is-content-justification-space-between is-layout-flex wp-container-core-group-is-layout-7 wp-block-group-is-layout-flex\">\n<div class=\"wp-block-group sm:w-1\/2 is-layout-constrained wp-block-group-is-layout-constrained\">\n<p>\u00c9tant donn\u00e9 que l&#8217;affr\u00e8tement de jet priv\u00e9 est une option de voyage individualis\u00e9e et \u00e0 la demande, pendant qu&#8217;un avion se repositionne, l&#8217;exploitant de l&#8217;avion peut ne pas \u00eatre en mesure de trouver un client \u00e0 plein tarif qui souhaite un affr\u00e8tement en aller simple pour cet itin\u00e9raire et cette heure pr\u00e9cis, sur cet avion unique.<\/p>\n\n\n\n<p>Comme il doit de toute fa\u00e7on d\u00e9placer l&#8217;avion, l&#8217;op\u00e9rateur est g\u00e9n\u00e9ralement heureux d&#8217;accorder une r\u00e9duction importante sur la partie vide du voyage par rapport au prix total de l&#8217;affr\u00e8tement.  <\/p>\n<\/div>\n\n\n\n<div class=\"wp-block-group sm:w-5\/12 is-layout-constrained wp-block-group-is-layout-constrained\">\n<p>Dans des conditions de march\u00e9 normales, 10 \u00e0 30 % des avions d&#8217;affaires reviennent \u00e0 vide. Une compagnie a\u00e9rienne peut choisir de vendre ces vols et de les mon\u00e9tiser soit sur un r\u00e9seau interne de charters, soit directement aupr\u00e8s des consommateurs. Pour les vols \u00e0 vide, il n&#8217;y a pas de r\u00e8gles strictes, mais on peut souvent s&#8217;attendre \u00e0 une \u00e9conomie de 40 \u00e0 70 % par rapport au prix initial.<\/p>\n<\/div>\n<\/div>\n<\/div>\n\n\n\n<div class=\"wp-block-group mx-7 sm:mx-auto max-w-7xl my-12 is-vertical is-layout-flex wp-container-core-group-is-layout-12 wp-block-group-is-layout-flex\">\n<div class=\"wp-block-group is-content-justification-space-between is-layout-flex wp-container-core-group-is-layout-11 wp-block-group-is-layout-flex\">\n<div class=\"wp-block-group sm:w-1\/2 is-layout-constrained wp-block-group-is-layout-constrained\">\n<h2 class=\"wp-block-heading\">Co\u00fbts des vols \u00e0 vide<\/h2>\n\n\n\n<hr class=\"wp-block-separator has-alpha-channel-opacity\"\/>\n\n\n\n<p>Les vols \u00e0 vide sont g\u00e9n\u00e9ralement assortis de r\u00e9ductions allant de 50 \u00e0 75 % par rapport au prix normal de l&#8217;affr\u00e8tement. Pour obtenir un devis pr\u00e9cis, vous devez conna\u00eetre l&#8217;itin\u00e9raire et les coordonn\u00e9es de l&#8217;op\u00e9rateur. S&#8217;ils n&#8217;ont pas r\u00e9ussi \u00e0 vendre le vol, les op\u00e9rateurs sont g\u00e9n\u00e9ralement pr\u00eats \u00e0 proposer des tarifs extr\u00eamement bas \u00e0 la derni\u00e8re minute.<\/p>\n\n\n\n<p>Ainsi, si vous \u00eates pr\u00eat \u00e0 faire preuve de flexibilit\u00e9, voler \u00e0 vide peut \u00eatre une excellente m\u00e9thode pour \u00e9conomiser de l&#8217;argent sur les voyages en jet priv\u00e9. Vous pouvez \u00e9conomiser de l&#8217;argent sur vos vacances en combinant une \u00e9tape \u00e0 vide avec des vols a\u00e9riens ou en organisant un charter priv\u00e9.<\/p>\n<\/div>\n\n\n\n<div class=\"wp-block-group sm:w-5\/12 is-layout-constrained wp-block-group-is-layout-constrained\">\n<figure class=\"wp-block-image size-full\"><img decoding=\"async\" width=\"758\" height=\"346\" src=\"https:\/\/test-jetvip.mendo.lv\/app\/uploads\/2023\/02\/Screenshot-2023-02-23-at-13.26.49.png\" alt=\"\" class=\"wp-image-464\" srcset=\"https:\/\/www.jet-vip.com\/app\/uploads\/2023\/02\/Screenshot-2023-02-23-at-13.26.49.png 758w, https:\/\/www.jet-vip.com\/app\/uploads\/2023\/02\/Screenshot-2023-02-23-at-13.26.49-300x137.png 300w\" sizes=\"(max-width: 758px) 100vw, 758px\" \/><\/figure>\n<\/div>\n<\/div>\n<\/div>\n\n\n\n<div class=\"wp-block-group mx-7 sm:mx-auto max-w-7xl my-12 is-layout-constrained wp-block-group-is-layout-constrained\">\n<div class=\"wp-block-group carousel-container is-layout-constrained wp-block-group-is-layout-constrained\">\n<h2 class=\"has-text-align-center w-full wp-block-heading\">Confort et commodit\u00e9 \u00e0 prix r\u00e9duit<\/h2>\n\n\n\n<p class=\"has-text-align-center\">Voler en priv\u00e9 est une exp\u00e9rience tr\u00e8s luxueuse et confortable, qui peut vous apporter beaucoup de tranquillit\u00e9 et de confort puisque vous n&#8217;aurez pas \u00e0 faire face aux tracas des vols commerciaux. Ce confort, combin\u00e9 aux r\u00e9ductions de prix consid\u00e9rables d&#8217;un vol \u00e0 vide, en fait un excellent voyage.<\/p>\n\n\n\n<p class=\"has-text-align-center\"><strong>Voici d&#8217;autres raisons pour lesquelles les jambes vides constituent un excellent choix :<\/strong><\/p>\n\n\n\n<div class=\"wp-block-cb-carousel centered-contents\" data-slick=\"{&quot;slidesToShow&quot;:4,&quot;slidesToScroll&quot;:1,&quot;speed&quot;:300,&quot;arrows&quot;:true,&quot;dots&quot;:true,&quot;autoplay&quot;:false,&quot;autoplaySpeed&quot;:3000,&quot;infinite&quot;:false,&quot;responsive&quot;:[{&quot;breakpoint&quot;:769,&quot;settings&quot;:{&quot;slidesToShow&quot;:1,&quot;slidesToScroll&quot;:1}}]}\">\n<div class=\"wp-block-cb-slide\">\n<figure class=\"wp-block-image size-large\"><img decoding=\"async\" width=\"196\" height=\"196\" src=\"https:\/\/test-jetvip.mendo.lv\/app\/uploads\/2023\/04\/the_cost_icon.svg\" alt=\"\" class=\"wp-image-1228\"\/><\/figure>\n\n\n\n<p><strong>Le co\u00fbt d&#8217;un vol en jet priv\u00e9 classique peut \u00eatre r\u00e9duit de 90 %.<\/strong><\/p>\n<\/div>\n\n\n\n<div class=\"wp-block-cb-slide\">\n<figure class=\"wp-block-image size-large\"><img decoding=\"async\" width=\"196\" height=\"196\" src=\"https:\/\/test-jetvip.mendo.lv\/app\/uploads\/2023\/04\/you_and_up_icon.svg\" alt=\"\" class=\"wp-image-1226\"\/><\/figure>\n\n\n\n<p><strong>Vous et jusqu&#8217;\u00e0 trois autres personnes pouvez r\u00e9server un vol.<\/strong><\/p>\n<\/div>\n\n\n\n<div class=\"wp-block-cb-slide\">\n<figure class=\"wp-block-image size-large\"><img decoding=\"async\" width=\"197\" height=\"196\" src=\"https:\/\/test-jetvip.mendo.lv\/app\/uploads\/2023\/04\/you_can_travel_icon.svg\" alt=\"\" class=\"wp-image-1227\"\/><\/figure>\n\n\n\n<p><strong>Vous pouvez voyager dans le luxe et le confort vers vos destinations.<\/strong><\/p>\n<\/div>\n\n\n\n<div class=\"wp-block-cb-slide\">\n<figure class=\"wp-block-image size-large\"><img decoding=\"async\" width=\"196\" height=\"196\" src=\"https:\/\/test-jetvip.mendo.lv\/app\/uploads\/2023\/04\/transfers_icon.svg\" alt=\"\" class=\"wp-image-1229\"\/><\/figure>\n\n\n\n<p><strong>Les transferts peuvent \u00eatre effectu\u00e9s plus rapidement, ce qui vous permet d&#8217;\u00e9conomiser du temps et de l&#8217;argent.<\/strong><\/p>\n<\/div>\n<\/div>\n<\/div>\n<\/div>\n\n\n\n<div class=\"wp-block-group mega-rounded-top-right pt-12 has-white-background-color has-background is-layout-flow wp-block-group-is-layout-flow\">\n<div class=\"wp-block-group mx-7 mt-12 w-3\/4 sm:max-w-5xl mx-auto p-6 py-12 rounded-3xl has-light-sand-background-color has-background is-vertical is-content-justification-center is-layout-flex wp-container-core-group-is-layout-15 wp-block-group-is-layout-flex\">\n<h2 class=\"wp-block-heading\" style=\"padding-bottom:var(--wp--preset--spacing--60)\">Prendre un vol de derni\u00e8re minute aujourd&#8217;hui<\/h2>\n\n\n\n<p class=\"has-text-align-center\">Si vous devez vous rendre quelque part de toute urgence, vous pouvez peut-\u00eatre b\u00e9n\u00e9ficier d&#8217;une r\u00e9duction importante sur l&#8217;un de nos vols \u00e0 vide. Pour v\u00e9rifier si un vol est disponible pour votre itin\u00e9raire, contactez-nous d\u00e8s aujourd&#8217;hui !<\/p>\n\n\n\n<p><\/p>\n\n\n\n<div class=\"wp-block-buttons is-layout-flex wp-block-buttons-is-layout-flex\">\n<div class=\"wp-block-button\"><a class=\"wp-block-button__link wp-element-button\">Nous contacter<\/a><\/div>\n<\/div>\n<\/div>\n<\/div>\n\n\n\n<div class=\"wp-block-group has-white-background-color has-background is-layout-flow wp-block-group-is-layout-flow\">\n<div class=\"wp-block-group mx-7 max-w-7xl sm:mx-auto pt-12 px-4 py-12 is-layout-constrained wp-block-group-is-layout-constrained\">\n<div class=\"wp-block-group header-text-container bg-white pt-8 is-layout-constrained wp-block-group-is-layout-constrained\">\n<div class=\"wp-block-group block-header-container is-vertical is-layout-flex wp-container-core-group-is-layout-17 wp-block-group-is-layout-flex\">\n<h2 class=\"wp-block-heading\">En savoir plus<\/h2>\n\n\n\n<hr class=\"wp-block-separator has-alpha-channel-opacity\"\/>\n\n\n\n<p>Nous savons que vos besoins en mati\u00e8re de vols peuvent \u00eatre diff\u00e9rents, c&#8217;est pourquoi nous nous adaptons pour vous proposer diff\u00e9rents types de services :<\/p>\n<\/div>\n\n\n\n<div class=\"wp-block-group is-vertical is-layout-flex wp-container-core-group-is-layout-19 wp-block-group-is-layout-flex\">\n<h4 class=\"wp-block-heading\">La flotte<\/h4>\n\n\n\n<div class=\"wp-block-group is-nowrap is-layout-flex wp-container-core-group-is-layout-18 wp-block-group-is-layout-flex\">\n<p>Notre \u00e9quipe d&#8217;experts peut trouver le meilleur prix disponible pour votre location de jet priv\u00e9 sur l&#8217;avion priv\u00e9 le plus appropri\u00e9.<\/p>\n\n\n\n<p><a href=\"https:\/\/www.jet-vip.com\/our-fleet\/\" data-type=\"page\" data-id=\"1264\">Plus d&#8217;informations<\/a><\/p>\n<\/div>\n<\/div>\n\n\n\n<div class=\"wp-block-group is-vertical is-layout-flex wp-container-core-group-is-layout-21 wp-block-group-is-layout-flex\">\n<h4 class=\"wp-block-heading\">Destinations<\/h4>\n\n\n\n<div class=\"wp-block-group is-nowrap is-layout-flex wp-container-core-group-is-layout-20 wp-block-group-is-layout-flex\">\n<p>D\u00e9couvrez les destinations les plus demand\u00e9es pour votre voyage en jet priv\u00e9<\/p>\n\n\n\n<p><a href=\"https:\/\/www.jet-vip.com\/destinations\/\" data-type=\"page\" data-id=\"122\">Plus d&#8217;informations<\/a><\/p>\n<\/div>\n<\/div>\n\n\n\n<div class=\"wp-block-group is-vertical is-layout-flex wp-container-core-group-is-layout-23 wp-block-group-is-layout-flex\">\n<h4 class=\"wp-block-heading\">Questions fr\u00e9quemment pos\u00e9es<\/h4>\n\n\n\n<div class=\"wp-block-group is-nowrap is-layout-flex wp-container-core-group-is-layout-22 wp-block-group-is-layout-flex\">\n<p>Vous avez une question ? <br\/>Nous avons la r\u00e9ponse !<\/p>\n\n\n\n<p><a href=\"https:\/\/www.jet-vip.com\/frequently-asked-questions\/\" data-type=\"page\" data-id=\"417\">Plus d&#8217;informations<\/a><\/p>\n<\/div>\n<\/div>\n\n\n\n<div class=\"wp-block-group is-vertical is-layout-flex wp-container-core-group-is-layout-25 wp-block-group-is-layout-flex\">\n<h4 class=\"wp-block-heading\">Vols m\u00e9dicaux<\/h4>\n\n\n\n<div class=\"wp-block-group is-nowrap is-layout-flex wp-container-core-group-is-layout-24 wp-block-group-is-layout-flex\">\n<p>Si vous avez besoin de r\u00e9server un jet pour une occasion sp\u00e9ciale ou pour votre entreprise, ne cherchez pas plus loin !<\/p>\n\n\n\n<p><a href=\"https:\/\/www.jet-vip.com\/ambulance-flights\/\" data-type=\"page\" data-id=\"1184\">Plus d&#8217;informations<\/a><\/p>\n<\/div>\n<\/div>\n\n\n\n<div class=\"wp-block-group is-vertical is-layout-flex wp-container-core-group-is-layout-27 wp-block-group-is-layout-flex\">\n<h4 class=\"wp-block-heading\">S\u00e9curit\u00e9<\/h4>\n\n\n\n<div class=\"wp-block-group is-nowrap is-layout-flex wp-container-core-group-is-layout-26 wp-block-group-is-layout-flex\">\n<p>La s\u00e9curit\u00e9 dans l&#8217;aviation priv\u00e9e est notre principale pr\u00e9occupation. La s\u00e9curit\u00e9 a toujours \u00e9t\u00e9 la priorit\u00e9 de Jet-Vip<\/p>\n\n\n\n<p><a href=\"https:\/\/www.jet-vip.com\/safety-at-jet-vip\/\" data-type=\"page\" data-id=\"762\">Plus d&#8217;informations<\/a><\/p>\n<\/div>\n<\/div>\n\n\n\n<div class=\"wp-block-group is-vertical is-layout-flex wp-container-core-group-is-layout-29 wp-block-group-is-layout-flex\">\n<h4 class=\"wp-block-heading\">Vols \u00e0 vide<\/h4>\n\n\n\n<div class=\"wp-block-group is-nowrap is-layout-flex wp-container-core-group-is-layout-28 wp-block-group-is-layout-flex\">\n<p>L&#8217;affr\u00e8tement d&#8217;un vol \u00e0 vide est l&#8217;occasion d&#8217;\u00e9conomiser jusqu&#8217;\u00e0 50 % sur le prix de votre vol en jet priv\u00e9.<\/p>\n\n\n\n<p><a href=\"https:\/\/www.jet-vip.com\/empty-leg-flights-with-jet-vip\/\" data-type=\"page\" data-id=\"446\">Plus d&#8217;informations<\/a><\/p>\n<\/div>\n<\/div>\n<\/div>\n<\/div>\n<\/div>\n\n\n\n<div class=\"wp-block-group container-rounded-bottom-left -mt-10 white is-layout-constrained wp-block-group-is-layout-constrained\"><\/div>\n","protected":false},"excerpt":{"rendered":"<p>Ces derni\u00e8res ann\u00e9es, l&#8217;expression &#8220;\u00e9tape \u00e0 vide&#8221; est devenue synonyme de voyage de derni\u00e8re minute en raison de l&#8217;essor des m\u00e9dias sociaux. Mais que signifie exactement un &#8220;vol \u00e0 vide&#8221; ? Il arrive qu&#8217;un avion soit envoy\u00e9 en vol \u00e0 vide, ou &#8220;vol de repositionnement&#8221;, sans personne \u00e0 bord. Dans le secteur de l&#8217;affr\u00e8tement de &hellip; <a href=\"https:\/\/www.jet-vip.com\/fr\/vols-a-vide-avec-jet-vip\/\">Continued<\/a><\/p>\n","protected":false},"author":2,"featured_media":2286,"parent":0,"menu_order":0,"comment_status":"closed","ping_status":"closed","template":"template-bluebg.blade.php","meta":{"footnotes":""},"class_list":["post-2621","page","type-page","status-publish","has-post-thumbnail","hentry"],"yoast_head":"<!-- This site is optimized with the Yoast SEO Premium plugin v23.9 (Yoast SEO v23.9) - https:\/\/yoast.com\/wordpress\/plugins\/seo\/ -->\n<title>Vols \u00e0 Vide - Jet-VIP | \u00c9conomisez sur les Voyages en Jet Priv\u00e9<\/title>\n<meta name=\"description\" content=\"D\u00e9couvrez l&#039;importance des vols \u00e0 vide avec Jet-VIP et obtenez jusqu&#039;\u00e0 75% de r\u00e9duction sur les voyages en jet priv\u00e9 en les utilisant.\" \/>\n<meta name=\"robots\" content=\"index, follow, max-snippet:-1, max-image-preview:large, max-video-preview:-1\" \/>\n<link rel=\"canonical\" href=\"https:\/\/www.jet-vip.com\/fr\/vols-a-vide-avec-jet-vip\/\" \/>\n<meta property=\"og:locale\" content=\"fr_FR\" \/>\n<meta property=\"og:type\" content=\"article\" \/>\n<meta property=\"og:title\" content=\"Vols \u00e0 Vide - Jet-VIP | \u00c9conomisez sur les Voyages en Jet Priv\u00e9\" \/>\n<meta property=\"og:description\" content=\"D\u00e9couvrez l&#039;importance des vols \u00e0 vide avec Jet-VIP et obtenez jusqu&#039;\u00e0 75% de r\u00e9duction sur les voyages en jet priv\u00e9 en les utilisant.\" \/>\n<meta property=\"og:url\" content=\"https:\/\/www.jet-vip.com\/fr\/vols-a-vide-avec-jet-vip\/\" \/>\n<meta property=\"og:site_name\" content=\"Jet VIP\" \/>\n<meta property=\"article:modified_time\" content=\"2023-08-01T20:21:19+00:00\" \/>\n<meta property=\"og:image\" content=\"https:\/\/www.jet-vip.com\/app\/uploads\/2023\/04\/empty_legs_header.jpg\" \/>\n\t<meta property=\"og:image:width\" content=\"1976\" \/>\n\t<meta property=\"og:image:height\" content=\"1976\" \/>\n\t<meta property=\"og:image:type\" content=\"image\/jpeg\" \/>\n<meta name=\"twitter:card\" content=\"summary_large_image\" \/>\n<meta name=\"twitter:label1\" content=\"Est. reading time\" \/>\n\t<meta name=\"twitter:data1\" content=\"4 minutes\" \/>\n<!-- \/ Yoast SEO Premium plugin. -->","yoast_head_json":{"title":"Vols \u00e0 Vide - Jet-VIP | \u00c9conomisez sur les Voyages en Jet Priv\u00e9","description":"D\u00e9couvrez l'importance des vols \u00e0 vide avec Jet-VIP et obtenez jusqu'\u00e0 75% de r\u00e9duction sur les voyages en jet priv\u00e9 en les utilisant.","robots":{"index":"index","follow":"follow","max-snippet":"max-snippet:-1","max-image-preview":"max-image-preview:large","max-video-preview":"max-video-preview:-1"},"canonical":"https:\/\/www.jet-vip.com\/fr\/vols-a-vide-avec-jet-vip\/","og_locale":"fr_FR","og_type":"article","og_title":"Vols \u00e0 Vide - Jet-VIP | \u00c9conomisez sur les Voyages en Jet Priv\u00e9","og_description":"D\u00e9couvrez l'importance des vols \u00e0 vide avec Jet-VIP et obtenez jusqu'\u00e0 75% de r\u00e9duction sur les voyages en jet priv\u00e9 en les utilisant.","og_url":"https:\/\/www.jet-vip.com\/fr\/vols-a-vide-avec-jet-vip\/","og_site_name":"Jet VIP","article_modified_time":"2023-08-01T20:21:19+00:00","og_image":[{"width":1976,"height":1976,"url":"https:\/\/www.jet-vip.com\/app\/uploads\/2023\/04\/empty_legs_header.jpg","type":"image\/jpeg"}],"twitter_card":"summary_large_image","twitter_misc":{"Est. reading time":"4 minutes"},"schema":{"@context":"https:\/\/schema.org","@graph":[{"@type":"WebPage","@id":"https:\/\/www.jet-vip.com\/fr\/vols-a-vide-avec-jet-vip\/","url":"https:\/\/www.jet-vip.com\/fr\/vols-a-vide-avec-jet-vip\/","name":"Vols \u00e0 Vide - Jet-VIP | \u00c9conomisez sur les Voyages en Jet Priv\u00e9","isPartOf":{"@id":"https:\/\/www.jet-vip.com\/fr\/#website"},"primaryImageOfPage":{"@id":"https:\/\/www.jet-vip.com\/fr\/vols-a-vide-avec-jet-vip\/#primaryimage"},"image":{"@id":"https:\/\/www.jet-vip.com\/fr\/vols-a-vide-avec-jet-vip\/#primaryimage"},"thumbnailUrl":"https:\/\/www.jet-vip.com\/app\/uploads\/2023\/04\/empty_legs_header.jpg","datePublished":"2023-02-23T11:03:29+00:00","dateModified":"2023-08-01T20:21:19+00:00","description":"D\u00e9couvrez l'importance des vols \u00e0 vide avec Jet-VIP et obtenez jusqu'\u00e0 75% de r\u00e9duction sur les voyages en jet priv\u00e9 en les utilisant.","inLanguage":"fr-FR","potentialAction":[{"@type":"ReadAction","target":["https:\/\/www.jet-vip.com\/fr\/vols-a-vide-avec-jet-vip\/"]}]},{"@type":"ImageObject","inLanguage":"fr-FR","@id":"https:\/\/www.jet-vip.com\/fr\/vols-a-vide-avec-jet-vip\/#primaryimage","url":"https:\/\/www.jet-vip.com\/app\/uploads\/2023\/04\/empty_legs_header.jpg","contentUrl":"https:\/\/www.jet-vip.com\/app\/uploads\/2023\/04\/empty_legs_header.jpg","width":1976,"height":1976,"caption":"Empty Leg Flights, Vols \u00e0 vide"},{"@type":"WebSite","@id":"https:\/\/www.jet-vip.com\/fr\/#website","url":"https:\/\/www.jet-vip.com\/fr\/","name":"www.jet-vip.com","description":"Private Jet &amp; Helicopter charter","publisher":{"@id":"https:\/\/www.jet-vip.com\/fr\/#organization"},"potentialAction":[{"@type":"SearchAction","target":{"@type":"EntryPoint","urlTemplate":"https:\/\/www.jet-vip.com\/fr\/?s={search_term_string}"},"query-input":{"@type":"PropertyValueSpecification","valueRequired":true,"valueName":"search_term_string"}}],"inLanguage":"fr-FR"},{"@type":"Organization","@id":"https:\/\/www.jet-vip.com\/fr\/#organization","name":"JET VIP","alternateName":"JET-VIP","url":"https:\/\/www.jet-vip.com\/fr\/","logo":{"@type":"ImageObject","inLanguage":"fr-FR","@id":"https:\/\/www.jet-vip.com\/fr\/#\/schema\/logo\/image\/","url":"https:\/\/www.jet-vip.com\/app\/uploads\/2023\/04\/logo_jetvip.png","contentUrl":"https:\/\/www.jet-vip.com\/app\/uploads\/2023\/04\/logo_jetvip.png","width":2344,"height":1500,"caption":"JET VIP"},"image":{"@id":"https:\/\/www.jet-vip.com\/fr\/#\/schema\/logo\/image\/"},"sameAs":["https:\/\/instagram.com\/jet_vip"]}]}},"_links":{"self":[{"href":"https:\/\/www.jet-vip.com\/fr\/wp-json\/wp\/v2\/pages\/2621","targetHints":{"allow":["GET"]}}],"collection":[{"href":"https:\/\/www.jet-vip.com\/fr\/wp-json\/wp\/v2\/pages"}],"about":[{"href":"https:\/\/www.jet-vip.com\/fr\/wp-json\/wp\/v2\/types\/page"}],"author":[{"embeddable":true,"href":"https:\/\/www.jet-vip.com\/fr\/wp-json\/wp\/v2\/users\/2"}],"replies":[{"embeddable":true,"href":"https:\/\/www.jet-vip.com\/fr\/wp-json\/wp\/v2\/comments?post=2621"}],"version-history":[{"count":3,"href":"https:\/\/www.jet-vip.com\/fr\/wp-json\/wp\/v2\/pages\/2621\/revisions"}],"predecessor-version":[{"id":2809,"href":"https:\/\/www.jet-vip.com\/fr\/wp-json\/wp\/v2\/pages\/2621\/revisions\/2809"}],"wp:featuredmedia":[{"embeddable":true,"href":"https:\/\/www.jet-vip.com\/fr\/wp-json\/wp\/v2\/media\/2286"}],"wp:attachment":[{"href":"https:\/\/www.jet-vip.com\/fr\/wp-json\/wp\/v2\/media?parent=2621"}],"curies":[{"name":"wp","href":"https:\/\/api.w.org\/{rel}","templated":true}]}}