{"id":2599,"date":"2023-04-03T16:19:58","date_gmt":"2023-04-03T16:19:58","guid":{"rendered":"https:\/\/www.jet-vip.com\/?page_id=2599"},"modified":"2024-11-24T08:25:34","modified_gmt":"2024-11-24T08:25:34","slug":"pourquoi-nous","status":"publish","type":"page","link":"https:\/\/www.jet-vip.com\/fr\/pourquoi-nous\/","title":{"rendered":"Pourquoi nous ?"},"content":{"rendered":"\n<div class=\"wp-block-group mx-7 max-w-7xl sm:mx-auto is-layout-constrained wp-block-group-is-layout-constrained\">\n<div class=\"wp-block-group is-content-justification-space-between is-layout-flex wp-container-core-group-is-layout-4 wp-block-group-is-layout-flex\">\n<div class=\"wp-block-group is-content-justification-space-between is-layout-flex wp-container-core-group-is-layout-1 wp-block-group-is-layout-flex\">\n<p class=\"sm:w-5\/12\">La s\u00e9curit\u00e9 peut \u00eatre une pr\u00e9occupation majeure pour les voyageurs qui s&#8217;appr\u00eatent \u00e0 prendre un vol. Le transport a\u00e9rien est g\u00e9n\u00e9ralement consid\u00e9r\u00e9 comme une activit\u00e9 tr\u00e8s s\u00fbre, et les d\u00e9veloppements r\u00e9cents dans le secteur de l&#8217;aviation ont rendu les vols plus s\u00fbrs et plus confortables que jamais. Qu&#8217;il s&#8217;agisse d&#8217;un vol commercial ou d&#8217;un vol priv\u00e9, la s\u00e9curit\u00e9 rev\u00eat toujours une importance capitale.<\/p>\n\n\n\n<p class=\"sm:w-5\/12\">La s\u00e9curit\u00e9 peut \u00eatre une pr\u00e9occupation majeure pour les voyageurs qui s&#8217;appr\u00eatent \u00e0 prendre un vol. Le transport a\u00e9rien est g\u00e9n\u00e9ralement consid\u00e9r\u00e9 comme une activit\u00e9 tr\u00e8s s\u00fbre, et les d\u00e9veloppements r\u00e9cents dans le secteur de l&#8217;aviation ont rendu les vols plus s\u00fbrs et plus confortables que jamais. Qu&#8217;il s&#8217;agisse d&#8217;un vol commercial ou d&#8217;un vol priv\u00e9, la s\u00e9curit\u00e9 rev\u00eat toujours une importance capitale.<\/p>\n<\/div>\n\n\n\n<h3 class=\"wp-block-heading\" style=\"padding-top:var(--wp--preset--spacing--60);padding-right:0;padding-bottom:var(--wp--preset--spacing--50);padding-left:0\">Nos protocoles de s\u00e9curit\u00e9<\/h3>\n\n\n\n<hr class=\"wp-block-separator has-alpha-channel-opacity\"\/>\n\n\n\n<div class=\"wp-block-group is-content-justification-space-between is-layout-flex wp-container-core-group-is-layout-3 wp-block-group-is-layout-flex\">\n<div class=\"wp-block-group sm:w-2\/3 is-vertical is-layout-flex wp-container-core-group-is-layout-2 wp-block-group-is-layout-flex\">\n<p>Nous accordons une grande importance au bien-\u00eatre de nos clients. Tous nos op\u00e9rateurs doivent \u00eatre titulaires d&#8217;un certificat de transporteur a\u00e9rien en cours de validit\u00e9, qui est n\u00e9cessaire pour exploiter un a\u00e9ronef dans le cadre d&#8217;un affr\u00e8tement commercial. Un agent de bord sera pr\u00e9sent pour veiller \u00e0 ce que vos besoins et votre s\u00e9curit\u00e9 soient satisfaits lorsque vous volez \u00e0 bord d&#8217;un grand avion. De nombreuses ann\u00e9es d&#8217;expertise sont mises \u00e0 profit pour que vous puissiez profiter d&#8217;un vol luxueux en jet priv\u00e9 tout en \u00e9tant assur\u00e9 des plus hauts niveaux de service et de s\u00e9curit\u00e9.<\/p>\n\n\n\n<p>Tous les avions sont pilot\u00e9s par deux pilotes professionnels d\u00fbment form\u00e9s et qualifi\u00e9s pour le type d&#8217;avion qu&#8217;ils pilotent et les a\u00e9roports sur lesquels ils atterrissent. Nos pilotes ont plusieurs ann\u00e9es d&#8217;exp\u00e9rience \u00e0 leur actif. Vous pouvez donc \u00eatre assur\u00e9 que vous \u00eates entre des mains s\u00fbres et responsables.<\/p>\n\n\n\n<p>Les CTA de chacun des op\u00e9rateurs affili\u00e9s \u00e0 Jet-VIP sont facilement accessibles \u00e0 tous. Les certificats d&#8217;assurance de l&#8217;op\u00e9rateur sont \u00e9galement publi\u00e9s par Jet-VIP afin que nos membres puissent v\u00e9rifier le niveau d&#8217;assurance responsabilit\u00e9 civile que chaque op\u00e9rateur d&#8217;a\u00e9ronef d\u00e9tient au nom de ses passagers.<\/p>\n<\/div>\n\n\n\n<figure class=\"wp-block-image size-full sm:w-1\/4\"><img decoding=\"async\" width=\"234\" height=\"234\" src=\"https:\/\/test-jetvip.mendo.lv\/app\/uploads\/2023\/03\/altay.png\" alt=\"\" class=\"wp-image-773\" srcset=\"https:\/\/www.jet-vip.com\/app\/uploads\/2023\/03\/altay.png 234w, https:\/\/www.jet-vip.com\/app\/uploads\/2023\/03\/altay-150x150.png 150w\" sizes=\"(max-width: 234px) 100vw, 234px\" \/><\/figure><\/div>\n<\/div>\n<\/div>\n\n<div class=\"wp-block-group w-full is-layout-constrained wp-block-group-is-layout-constrained\">\n<div class=\"wp-block-group mx-7 max-w-7xl sm:mx-auto mt-12 is-layout-flow wp-block-group-is-layout-flow\">\n<div class=\"wp-block-group carousel-container is-layout-constrained wp-block-group-is-layout-constrained\">\n<h3 class=\"has-text-align-center w-full wp-block-heading\">La formation des \u00e9quipages et la maintenance des a\u00e9ronefs sont incluses dans les audits des op\u00e9rateurs, qui comprennent une vari\u00e9t\u00e9 de proc\u00e9dures :<\/h3>\n\n\n\n<div class=\"wp-block-cb-carousel centered-contents my-12\" data-slick=\"{&quot;slidesToShow&quot;:9,&quot;slidesToScroll&quot;:1,&quot;speed&quot;:300,&quot;arrows&quot;:true,&quot;dots&quot;:true,&quot;autoplay&quot;:false,&quot;autoplaySpeed&quot;:3000,&quot;infinite&quot;:false,&quot;responsive&quot;:[{&quot;breakpoint&quot;:769,&quot;settings&quot;:{&quot;slidesToShow&quot;:1,&quot;slidesToScroll&quot;:1}}]}\">\n<div class=\"wp-block-cb-slide\">\n<figure class=\"wp-block-image size-large\"><img decoding=\"async\" width=\"72\" height=\"93\" src=\"https:\/\/test-jetvip.mendo.lv\/app\/uploads\/2023\/03\/aircraft_icon.svg\" alt=\"\" class=\"wp-image-763\"\/><\/figure>\n\n\n<p>Les documents administratifs de l&#8217;a\u00e9ronef sont v\u00e9rifi\u00e9s afin de s&#8217;assurer que toutes les certifications et autorisations n\u00e9cessaires sont en ordre.<\/p>\n<\/div>\n\n\n\n<div class=\"wp-block-cb-slide\">\n<figure class=\"wp-block-image size-large\"><img decoding=\"async\" width=\"91\" height=\"90\" src=\"https:\/\/test-jetvip.mendo.lv\/app\/uploads\/2023\/03\/in_order_icon.svg\" alt=\"\" class=\"wp-image-768\"\/><\/figure>\n\n\n<p>Les dossiers de formation du personnel sont v\u00e9rifi\u00e9s pour s&#8217;assurer que tous les membres de l&#8217;\u00e9quipe sont \u00e0 jour et d\u00fbment certifi\u00e9s pour assurer des vols commerciaux.<\/p>\n<\/div>\n\n\n\n<div class=\"wp-block-cb-slide\">\n<figure class=\"wp-block-image size-large\"><img decoding=\"async\" width=\"67\" height=\"84\" src=\"https:\/\/test-jetvip.mendo.lv\/app\/uploads\/2023\/03\/pilot_logbook_icon.svg\" alt=\"\" class=\"wp-image-771\"\/><\/figure>\n\n\n<p>V\u00e9rification des carnets de bord des pilotes pour s&#8217;assurer du respect des restrictions en mati\u00e8re de repos de l&#8217;\u00e9quipage et de repos.<\/p>\n<\/div>\n\n\n\n<div class=\"wp-block-cb-slide\">\n<figure class=\"wp-block-image size-large\"><img decoding=\"async\" width=\"58\" height=\"89\" src=\"https:\/\/test-jetvip.mendo.lv\/app\/uploads\/2023\/03\/monitoring_icon.svg\" alt=\"\" class=\"wp-image-769\"\/><\/figure>\n\n\n<p>Contr\u00f4ler et v\u00e9rifier que les op\u00e9rations de vol et les protocoles de la cabine sont respect\u00e9s pendant le vol.<\/p>\n<\/div>\n\n\n\n<div class=\"wp-block-cb-slide\">\n<figure class=\"wp-block-image size-large\"><img decoding=\"async\" width=\"78\" height=\"74\" src=\"https:\/\/test-jetvip.mendo.lv\/app\/uploads\/2023\/03\/ensure_icon.svg\" alt=\"\" class=\"wp-image-766\"\/><\/figure>\n\n\n<p>Pour garantir la s\u00e9curit\u00e9 des avions, des tests de maintenance et de conformit\u00e9 technique sont effectu\u00e9s r\u00e9guli\u00e8rement.<\/p>\n<\/div>\n\n\n\n<div class=\"wp-block-cb-slide\">\n<figure class=\"wp-block-image size-large\"><img decoding=\"async\" width=\"67\" height=\"84\" src=\"https:\/\/test-jetvip.mendo.lv\/app\/uploads\/2023\/03\/company_operational_icon.svg\" alt=\"\" class=\"wp-image-765\"\/><\/figure>\n\n\n<p>Les manuels et documents op\u00e9rationnels de l&#8217;entreprise sont v\u00e9rifi\u00e9s manuellement pour s&#8217;assurer de leur exactitude.<\/p>\n<\/div>\n\n\n\n<div class=\"wp-block-cb-slide\">\n<figure class=\"wp-block-image size-large\"><img decoding=\"async\" width=\"78\" height=\"75\" src=\"https:\/\/test-jetvip.mendo.lv\/app\/uploads\/2023\/03\/assessing_icon.svg\" alt=\"\" class=\"wp-image-764\"\/><\/figure>\n\n\n<p>Les inspections sur l&#8217;aire de trafic sont utilis\u00e9es pour \u00e9valuer les d\u00e9lais d&#8217;ex\u00e9cution dans les a\u00e9roports et pour effectuer des audits des op\u00e9rateurs de manutention dans les a\u00e9roports.<\/p>\n<\/div>\n\n\n\n<div class=\"wp-block-cb-slide\">\n<figure class=\"wp-block-image size-large\"><img decoding=\"async\" width=\"91\" height=\"90\" src=\"https:\/\/test-jetvip.mendo.lv\/app\/uploads\/2023\/03\/in_order_icon.svg\" alt=\"\" class=\"wp-image-768\"\/><\/figure>\n\n\n<p>Afin d&#8217;\u00e9valuer les comp\u00e9tences op\u00e9rationnelles du personnel de contr\u00f4le du trafic a\u00e9rien, des v\u00e9rifications des op\u00e9rations sont effectu\u00e9es.<\/p>\n<\/div>\n\n\n\n<div class=\"wp-block-cb-slide\">\n<figure class=\"wp-block-image size-large\"><img decoding=\"async\" width=\"80\" height=\"80\" src=\"https:\/\/test-jetvip.mendo.lv\/app\/uploads\/2023\/03\/guarantee_icon.svg\" alt=\"\" class=\"wp-image-767\"\/><\/figure>\n\n\n<p>Pour garantir la solidit\u00e9 et la conformit\u00e9 du processus d&#8217;audit interne, des contr\u00f4les de qualit\u00e9 sont effectu\u00e9s.<\/p>\n<\/div>\n<\/div>\n<\/div>\n<\/div>\n<\/div>\n\n<div class=\"wp-block-group mega-rounded-top-right has-white-background-color has-background is-layout-flow wp-block-group-is-layout-flow\">\n<div class=\"wp-block-group mx-7 max-w-7xl sm:mx-auto mt-12 px-4 py-12 is-vertical is-content-justification-center is-layout-flex wp-container-core-group-is-layout-9 wp-block-group-is-layout-flex\">\n<h3 class=\"wp-block-heading\" style=\"padding-bottom:var(--wp--preset--spacing--60)\">En savoir plus sur la s\u00e9curit\u00e9 des vols<\/h3>\n\n\n\n<p class=\"has-text-align-center sm:w-2\/3\">Chez Jet -VIP, nous comprenons que l&#8217;id\u00e9e de prendre l&#8217;avion peut \u00eatre un peu inqui\u00e9tante pour certains voyageurs, et il est tout \u00e0 fait naturel de s&#8217;inqui\u00e9ter de la s\u00e9curit\u00e9 lorsqu&#8217;on prend l&#8217;avion.<\/p>\n\n\n\n<p class=\"has-text-align-center sm:w-2\/3\">Nous prenons votre s\u00e9curit\u00e9 tr\u00e8s au s\u00e9rieux et nous nous engageons \u00e0 veiller \u00e0 ce que toutes vos pr\u00e9occupations soient prises en compte et \u00e0 ce que votre voyage soit agr\u00e9able. Si vous souhaitez en savoir plus sur nos protocoles de s\u00e9curit\u00e9, n&#8217;h\u00e9sitez pas \u00e0 nous contacter par t\u00e9l\u00e9phone ou par courrier \u00e9lectronique.<\/p>\n\n\n\n<div class=\"wp-block-buttons is-layout-flex wp-block-buttons-is-layout-flex\">\n<div class=\"wp-block-button\"><a class=\"wp-block-button__link wp-element-button\">Nous contacter<\/a><\/div>\n<\/div>\n<\/div>\n<\/div>\n\n<div class=\"wp-block-group has-white-background-color has-background is-layout-flow wp-block-group-is-layout-flow\">\n<div class=\"wp-block-group mx-7 max-w-7xl sm:mx-auto pt-12 px-4 py-12 is-layout-constrained wp-block-group-is-layout-constrained\">\n<div class=\"wp-block-group header-text-container bg-white pt-8 is-layout-constrained wp-block-group-is-layout-constrained\">\n<div class=\"wp-block-group block-header-container is-vertical is-layout-flex wp-container-core-group-is-layout-11 wp-block-group-is-layout-flex\">\n<h2 class=\"wp-block-heading\">En savoir plus<\/h2>\n\n\n\n<hr class=\"wp-block-separator has-alpha-channel-opacity\"\/>\n\n\n\n<p>Nous savons que vos besoins en mati\u00e8re de vols peuvent \u00eatre diff\u00e9rents, c&#8217;est pourquoi nous nous adaptons pour vous proposer diff\u00e9rents types de services :<\/p>\n<\/div>\n\n\n\n<div class=\"wp-block-group is-vertical is-layout-flex wp-container-core-group-is-layout-13 wp-block-group-is-layout-flex\">\n<h4 class=\"wp-block-heading\">La flotte<\/h4>\n\n\n\n<div class=\"wp-block-group is-nowrap is-layout-flex wp-container-core-group-is-layout-12 wp-block-group-is-layout-flex\">\n<p>Notre \u00e9quipe d&#8217;experts peut trouver le meilleur prix disponible pour votre location de jet priv\u00e9 sur l&#8217;avion priv\u00e9 le plus appropri\u00e9.<\/p>\n\n\n\n<p><a href=\"https:\/\/www.jet-vip.com\/our-fleet\/\" data-type=\"page\" data-id=\"1264\">Plus d&#8217;informations<\/a><\/p>\n<\/div>\n<\/div>\n\n\n\n<div class=\"wp-block-group is-vertical is-layout-flex wp-container-core-group-is-layout-15 wp-block-group-is-layout-flex\">\n<h4 class=\"wp-block-heading\">Destinations<\/h4>\n\n\n\n<div class=\"wp-block-group is-nowrap is-layout-flex wp-container-core-group-is-layout-14 wp-block-group-is-layout-flex\">\n<p>D\u00e9couvrez les destinations les plus demand\u00e9es pour votre voyage en jet priv\u00e9<\/p>\n\n\n\n<p><a href=\"https:\/\/www.jet-vip.com\/destinations\/\" data-type=\"page\" data-id=\"122\">Plus d&#8217;informations<\/a><\/p>\n<\/div>\n<\/div>\n\n\n\n<div class=\"wp-block-group is-vertical is-layout-flex wp-container-core-group-is-layout-17 wp-block-group-is-layout-flex\">\n<h4 class=\"wp-block-heading\">Questions fr\u00e9quemment pos\u00e9es<\/h4>\n\n\n\n<div class=\"wp-block-group is-nowrap is-layout-flex wp-container-core-group-is-layout-16 wp-block-group-is-layout-flex\">\n<p>Vous avez une question ? <br\/>Nous avons la r\u00e9ponse !<\/p>\n\n\n\n<p><a href=\"https:\/\/www.jet-vip.com\/frequently-asked-questions\/\" data-type=\"page\" data-id=\"417\">Plus d&#8217;informations<\/a><\/p>\n<\/div>\n<\/div>\n\n\n\n<div class=\"wp-block-group is-vertical is-layout-flex wp-container-core-group-is-layout-19 wp-block-group-is-layout-flex\">\n<h4 class=\"wp-block-heading\">Vols m\u00e9dicaux<\/h4>\n\n\n\n<div class=\"wp-block-group is-nowrap is-layout-flex wp-container-core-group-is-layout-18 wp-block-group-is-layout-flex\">\n<p>Si vous avez besoin de r\u00e9server un jet pour une occasion sp\u00e9ciale ou pour votre entreprise, ne cherchez pas plus loin !<\/p>\n\n\n\n<p><a href=\"https:\/\/www.jet-vip.com\/ambulance-flights\/\" data-type=\"page\" data-id=\"1184\">Plus d&#8217;informations<\/a><\/p>\n<\/div>\n<\/div>\n\n\n\n<div class=\"wp-block-group is-vertical is-layout-flex wp-container-core-group-is-layout-21 wp-block-group-is-layout-flex\">\n<h4 class=\"wp-block-heading\">S\u00e9curit\u00e9<\/h4>\n\n\n\n<div class=\"wp-block-group is-nowrap is-layout-flex wp-container-core-group-is-layout-20 wp-block-group-is-layout-flex\">\n<p>La s\u00e9curit\u00e9 dans l&#8217;aviation priv\u00e9e est notre principale pr\u00e9occupation. La s\u00e9curit\u00e9 a toujours \u00e9t\u00e9 la priorit\u00e9 de Jet-Vip<\/p>\n\n\n\n<p><a href=\"https:\/\/www.jet-vip.com\/safety-at-jet-vip\/\" data-type=\"page\" data-id=\"762\">Plus d&#8217;informations<\/a><\/p>\n<\/div>\n<\/div>\n\n\n\n<div class=\"wp-block-group is-vertical is-layout-flex wp-container-core-group-is-layout-23 wp-block-group-is-layout-flex\">\n<h4 class=\"wp-block-heading\">Vols \u00e0 vide<\/h4>\n\n\n\n<div class=\"wp-block-group is-nowrap is-layout-flex wp-container-core-group-is-layout-22 wp-block-group-is-layout-flex\">\n<p>L&#8217;affr\u00e8tement d&#8217;un vol \u00e0 vide est l&#8217;occasion d&#8217;\u00e9conomiser jusqu&#8217;\u00e0 50 % sur le prix de votre vol en jet priv\u00e9.<\/p>\n\n\n\n<p><a href=\"https:\/\/www.jet-vip.com\/empty-leg-flights-with-jet-vip\/\" data-type=\"page\" data-id=\"446\">Plus d&#8217;informations<\/a><\/p>\n<\/div>\n<\/div>\n<\/div>\n<\/div>\n<\/div>\n\n<div class=\"wp-block-group container-rounded-bottom-left -mt-10 white is-layout-constrained wp-block-group-is-layout-constrained\"><\/div>\n","protected":false},"excerpt":{"rendered":"<p>La s\u00e9curit\u00e9 peut \u00eatre une pr\u00e9occupation majeure pour les voyageurs qui s&#8217;appr\u00eatent \u00e0 prendre un vol. Le transport a\u00e9rien est g\u00e9n\u00e9ralement consid\u00e9r\u00e9 comme une activit\u00e9 tr\u00e8s s\u00fbre, et les d\u00e9veloppements r\u00e9cents dans le secteur de l&#8217;aviation ont rendu les vols plus s\u00fbrs et plus confortables que jamais. Qu&#8217;il s&#8217;agisse d&#8217;un vol commercial ou d&#8217;un vol &hellip; <a href=\"https:\/\/www.jet-vip.com\/fr\/pourquoi-nous\/\">Continued<\/a><\/p>\n","protected":false},"author":2,"featured_media":0,"parent":0,"menu_order":0,"comment_status":"closed","ping_status":"closed","template":"","meta":{"footnotes":""},"class_list":["post-2599","page","type-page","status-publish","hentry"],"yoast_head":"<!-- This site is optimized with the Yoast SEO Premium plugin v23.9 (Yoast SEO v23.9) - https:\/\/yoast.com\/wordpress\/plugins\/seo\/ -->\n<title>Pourquoi nous ? - Jet VIP<\/title>\n<meta name=\"description\" content=\"D\u00e9couvrez pourquoi Jet VIP est votre choix pour des vols priv\u00e9s de luxe, avec un service personnalis\u00e9 et une exp\u00e9rience unique.\" \/>\n<meta name=\"robots\" content=\"index, follow, max-snippet:-1, max-image-preview:large, max-video-preview:-1\" \/>\n<link rel=\"canonical\" href=\"https:\/\/www.jet-vip.com\/fr\/pourquoi-nous\/\" \/>\n<meta property=\"og:locale\" content=\"fr_FR\" \/>\n<meta property=\"og:type\" content=\"article\" \/>\n<meta property=\"og:title\" content=\"Pourquoi nous ? - Jet VIP\" \/>\n<meta property=\"og:description\" content=\"D\u00e9couvrez pourquoi Jet VIP est votre choix pour des vols priv\u00e9s de luxe, avec un service personnalis\u00e9 et une exp\u00e9rience unique.\" \/>\n<meta property=\"og:url\" content=\"https:\/\/www.jet-vip.com\/fr\/pourquoi-nous\/\" \/>\n<meta property=\"og:site_name\" content=\"Jet VIP\" \/>\n<meta property=\"article:modified_time\" content=\"2024-11-24T08:25:34+00:00\" \/>\n<meta property=\"og:image\" content=\"https:\/\/test-jetvip.mendo.lv\/app\/uploads\/2023\/03\/altay.png\" \/>\n<meta name=\"twitter:card\" content=\"summary_large_image\" \/>\n<meta name=\"twitter:label1\" content=\"Est. reading time\" \/>\n\t<meta name=\"twitter:data1\" content=\"15 minutes\" \/>\n<!-- \/ Yoast SEO Premium plugin. -->","yoast_head_json":{"title":"Pourquoi nous ? - Jet VIP","description":"D\u00e9couvrez pourquoi Jet VIP est votre choix pour des vols priv\u00e9s de luxe, avec un service personnalis\u00e9 et une exp\u00e9rience unique.","robots":{"index":"index","follow":"follow","max-snippet":"max-snippet:-1","max-image-preview":"max-image-preview:large","max-video-preview":"max-video-preview:-1"},"canonical":"https:\/\/www.jet-vip.com\/fr\/pourquoi-nous\/","og_locale":"fr_FR","og_type":"article","og_title":"Pourquoi nous ? - Jet VIP","og_description":"D\u00e9couvrez pourquoi Jet VIP est votre choix pour des vols priv\u00e9s de luxe, avec un service personnalis\u00e9 et une exp\u00e9rience unique.","og_url":"https:\/\/www.jet-vip.com\/fr\/pourquoi-nous\/","og_site_name":"Jet VIP","article_modified_time":"2024-11-24T08:25:34+00:00","og_image":[{"url":"https:\/\/test-jetvip.mendo.lv\/app\/uploads\/2023\/03\/altay.png"}],"twitter_card":"summary_large_image","twitter_misc":{"Est. reading time":"15 minutes"},"schema":{"@context":"https:\/\/schema.org","@graph":[{"@type":"WebPage","@id":"https:\/\/www.jet-vip.com\/fr\/pourquoi-nous\/","url":"https:\/\/www.jet-vip.com\/fr\/pourquoi-nous\/","name":"Pourquoi nous ? - Jet VIP","isPartOf":{"@id":"https:\/\/www.jet-vip.com\/fr\/#website"},"primaryImageOfPage":{"@id":"https:\/\/www.jet-vip.com\/fr\/pourquoi-nous\/#primaryimage"},"image":{"@id":"https:\/\/www.jet-vip.com\/fr\/pourquoi-nous\/#primaryimage"},"thumbnailUrl":"https:\/\/test-jetvip.mendo.lv\/app\/uploads\/2023\/03\/altay.png","datePublished":"2023-04-03T16:19:58+00:00","dateModified":"2024-11-24T08:25:34+00:00","description":"D\u00e9couvrez pourquoi Jet VIP est votre choix pour des vols priv\u00e9s de luxe, avec un service personnalis\u00e9 et une exp\u00e9rience unique.","inLanguage":"fr-FR","potentialAction":[{"@type":"ReadAction","target":["https:\/\/www.jet-vip.com\/fr\/pourquoi-nous\/"]}]},{"@type":"ImageObject","inLanguage":"fr-FR","@id":"https:\/\/www.jet-vip.com\/fr\/pourquoi-nous\/#primaryimage","url":"https:\/\/test-jetvip.mendo.lv\/app\/uploads\/2023\/03\/altay.png","contentUrl":"https:\/\/test-jetvip.mendo.lv\/app\/uploads\/2023\/03\/altay.png"},{"@type":"WebSite","@id":"https:\/\/www.jet-vip.com\/fr\/#website","url":"https:\/\/www.jet-vip.com\/fr\/","name":"www.jet-vip.com","description":"Private Jet &amp; Helicopter charter","publisher":{"@id":"https:\/\/www.jet-vip.com\/fr\/#organization"},"potentialAction":[{"@type":"SearchAction","target":{"@type":"EntryPoint","urlTemplate":"https:\/\/www.jet-vip.com\/fr\/?s={search_term_string}"},"query-input":{"@type":"PropertyValueSpecification","valueRequired":true,"valueName":"search_term_string"}}],"inLanguage":"fr-FR"},{"@type":"Organization","@id":"https:\/\/www.jet-vip.com\/fr\/#organization","name":"JET VIP","alternateName":"JET-VIP","url":"https:\/\/www.jet-vip.com\/fr\/","logo":{"@type":"ImageObject","inLanguage":"fr-FR","@id":"https:\/\/www.jet-vip.com\/fr\/#\/schema\/logo\/image\/","url":"https:\/\/www.jet-vip.com\/app\/uploads\/2023\/04\/logo_jetvip.png","contentUrl":"https:\/\/www.jet-vip.com\/app\/uploads\/2023\/04\/logo_jetvip.png","width":2344,"height":1500,"caption":"JET VIP"},"image":{"@id":"https:\/\/www.jet-vip.com\/fr\/#\/schema\/logo\/image\/"},"sameAs":["https:\/\/instagram.com\/jet_vip"]}]}},"_links":{"self":[{"href":"https:\/\/www.jet-vip.com\/fr\/wp-json\/wp\/v2\/pages\/2599","targetHints":{"allow":["GET"]}}],"collection":[{"href":"https:\/\/www.jet-vip.com\/fr\/wp-json\/wp\/v2\/pages"}],"about":[{"href":"https:\/\/www.jet-vip.com\/fr\/wp-json\/wp\/v2\/types\/page"}],"author":[{"embeddable":true,"href":"https:\/\/www.jet-vip.com\/fr\/wp-json\/wp\/v2\/users\/2"}],"replies":[{"embeddable":true,"href":"https:\/\/www.jet-vip.com\/fr\/wp-json\/wp\/v2\/comments?post=2599"}],"version-history":[{"count":6,"href":"https:\/\/www.jet-vip.com\/fr\/wp-json\/wp\/v2\/pages\/2599\/revisions"}],"predecessor-version":[{"id":2730,"href":"https:\/\/www.jet-vip.com\/fr\/wp-json\/wp\/v2\/pages\/2599\/revisions\/2730"}],"wp:attachment":[{"href":"https:\/\/www.jet-vip.com\/fr\/wp-json\/wp\/v2\/media?parent=2599"}],"curies":[{"name":"wp","href":"https:\/\/api.w.org\/{rel}","templated":true}]}}