{"id":2594,"date":"2023-04-05T08:44:05","date_gmt":"2023-04-05T08:44:05","guid":{"rendered":"https:\/\/www.jet-vip.com\/prix-des-vols\/"},"modified":"2023-08-01T11:21:12","modified_gmt":"2023-08-01T11:21:12","slug":"prix-des-vols","status":"publish","type":"page","link":"https:\/\/www.jet-vip.com\/fr\/prix-des-vols\/","title":{"rendered":"Flight prices"},"content":{"rendered":"\n<div class=\"wp-block-group mx-7 max-w-7xl sm:mx-auto is-layout-constrained wp-block-group-is-layout-constrained\">\n<p>Chez Jet-VIP, nous comprenons que les voyages peuvent parfois \u00eatre co\u00fbteux s&#8217;ils ne sont pas bien planifi\u00e9s. En mettant l&#8217;accent sur la satisfaction du client et la commodit\u00e9, nous nous effor\u00e7ons de vous proposer les tarifs de vol les plus justes et les plus \u00e9conomiques, tout en vous permettant de profiter d&#8217;une exp\u00e9rience in\u00e9gal\u00e9e en mati\u00e8re de jet priv\u00e9.<\/p>\n\n\n\n<div class=\"wp-block-group is-content-justification-space-between is-layout-flex wp-container-core-group-is-layout-4 wp-block-group-is-layout-flex\">\n<h2 class=\"wp-block-heading\">Des prix comp\u00e9titifs et justes<\/h2>\n\n\n\n<hr class=\"wp-block-separator has-alpha-channel-opacity\"\/>\n\n\n\n<div class=\"wp-block-group is-content-justification-space-between is-layout-flex wp-container-core-group-is-layout-3 wp-block-group-is-layout-flex\">\n<div class=\"wp-block-group sm:w-1\/2 is-vertical is-layout-flex wp-container-core-group-is-layout-1 wp-block-group-is-layout-flex\">\n<p>Nous croyons en la transparence et \u00e9tendons cette croyance \u00e0 notre politique de prix. Lorsque vous choisissez de <a href=\"https:\/\/www.jet-vip.com\/fr\/voler-nimporte-ou-avec-jet-vip\/\">voler avec Jet-VIP,<\/a> vous pouvez \u00eatre confiant sachant qu&#8217;il n&#8217;y a pas de frais cach\u00e9s ou de co\u00fbts initiaux. Vous ne payez que ce qui est n\u00e9cessaire et indispensable.<\/p>\n\n\n\n<p>Les frais d&#8217;atterrissage, la restauration de base pour l&#8217;Europe et toutes les taxes applicables sont inclus dans les prix indiqu\u00e9s. Le temps de roulage et les frais de carburant ne sont pas non plus factur\u00e9s s\u00e9par\u00e9ment et sont inclus dans le prix du vol.<\/p>\n\n\n\n<p>Cependant, il peut arriver que la situation de votre vol n\u00e9cessite l&#8217;utilisation de certains services suppl\u00e9mentaires, tels que le d\u00e9givrage ou le r\u00e9acheminement, auquel cas nous vous informerons de tous les frais suppl\u00e9mentaires qui pourraient \u00eatre encourus.<\/p>\n<\/div>\n\n\n\n<div class=\"wp-block-group w-full sm:w-1\/3 rounded is-layout-flow wp-block-group-is-layout-flow\">\n<div class=\"wp-block-cover aligncenter is-light w-full rounded-3xl\" style=\"min-height:178px;aspect-ratio:unset;\"><span aria-hidden=\"true\" class=\"wp-block-cover__background has-white-background-color has-background-dim-90 has-background-dim\"><\/span><img decoding=\"async\" width=\"1000\" height=\"419\" class=\"wp-block-cover__image-background wp-image-1051\" alt=\"\" src=\"https:\/\/test-jetvip.mendo.lv\/app\/uploads\/2023\/04\/competitive.jpg\" data-object-fit=\"cover\" srcset=\"https:\/\/www.jet-vip.com\/app\/uploads\/2023\/04\/competitive.jpg 1000w, https:\/\/www.jet-vip.com\/app\/uploads\/2023\/04\/competitive-300x126.jpg 300w, https:\/\/www.jet-vip.com\/app\/uploads\/2023\/04\/competitive-768x322.jpg 768w\" sizes=\"(max-width: 1000px) 100vw, 1000px\" \/><div class=\"wp-block-cover__inner-container is-layout-flow wp-block-cover-is-layout-flow\">\n<figure class=\"wp-block-image aligncenter size-large is-resized mx-auto\"><img decoding=\"async\" src=\"https:\/\/test-jetvip.mendo.lv\/app\/uploads\/2023\/03\/guarantee_icon.svg\" alt=\"\" class=\"wp-image-767\" width=\"80\" height=\"80\"\/><\/figure>\n<\/div><\/div>\n<\/div>\n<\/div>\n<\/div>\n<\/div>\n\n\n\n<div class=\"wp-block-group w-full is-layout-constrained wp-block-group-is-layout-constrained\">\n<div class=\"wp-block-group mx-7 max-w-7xl sm:mx-auto mt-12 is-layout-flow wp-block-group-is-layout-flow\">\n<div class=\"wp-block-group carousel-container is-layout-constrained wp-block-group-is-layout-constrained\">\n<h3 class=\"has-text-align-left w-full wp-block-heading\">Facteurs pouvant influencer les tarifs<\/h3>\n\n\n\n<hr class=\"wp-block-separator has-alpha-channel-opacity\"\/>\n\n\n\n<p>De nombreuses variables entrent en jeu lorsqu&#8217;il s&#8217;agit de d\u00e9terminer le juste co\u00fbt d&#8217;un vol. Chaque vol est unique et les prix peuvent donc \u00eatre tr\u00e8s diff\u00e9rents. Voici quelques-uns des facteurs qui ont une incidence sur le co\u00fbt final du vol :<\/p>\n\n\n\n<div class=\"wp-block-cb-carousel centered-contents my-12\" data-slick=\"{&quot;slidesToShow&quot;:3,&quot;slidesToScroll&quot;:1,&quot;speed&quot;:300,&quot;arrows&quot;:true,&quot;dots&quot;:true,&quot;autoplay&quot;:false,&quot;autoplaySpeed&quot;:3000,&quot;infinite&quot;:false,&quot;responsive&quot;:[{&quot;breakpoint&quot;:769,&quot;settings&quot;:{&quot;slidesToShow&quot;:1,&quot;slidesToScroll&quot;:1}}]}\">\n<div class=\"wp-block-cb-slide\">\n<div class=\"wp-block-group rounded-3xl p-4 h-96 has-very-light-blue-background-color has-background is-layout-constrained wp-block-group-is-layout-constrained\">\n<h4 class=\"has-text-align-center has-red-900-color has-text-color wp-block-heading\" style=\"text-transform:uppercase\">TYPE DE VOL<\/h4>\n\n\n\n<hr class=\"wp-block-separator has-text-color has-sand-900-color has-alpha-channel-opacity has-sand-900-background-color has-background w-3\/4 mx-auto\"\/>\n\n\n\n<p>Votre tarif variera consid\u00e9rablement selon que votre vol est affr\u00e9t\u00e9 \u00e0 la demande ou qu&#8217;il s&#8217;agit d&#8217;un vol \u00e0 vide. Un vol adapt\u00e9 \u00e0 vos besoins exacts co\u00fbtera beaucoup plus cher qu&#8217;un vol \u00e0 vide qui doit se repositionner.<\/p>\n<\/div>\n<\/div>\n\n\n\n<div class=\"wp-block-cb-slide\">\n<div class=\"wp-block-group rounded-3xl p-4 h-96 has-very-light-blue-background-color has-background is-layout-constrained wp-block-group-is-layout-constrained\">\n<h4 class=\"has-text-align-center has-red-900-color has-text-color wp-block-heading\" style=\"text-transform:uppercase\">DISTANCE DE DESTINATION<\/h4>\n\n\n\n<hr class=\"wp-block-separator has-text-color has-sand-900-color has-alpha-channel-opacity has-sand-900-background-color has-background w-3\/4 mx-auto\"\/>\n\n\n\n<p>Plus vous partez loin et plus vous restez longtemps en l&#8217;air, plus le prix sera \u00e9lev\u00e9. (Tout comme les vols commerciaux !) Lorsqu&#8217;il s&#8217;agit de vols charter, la distance est le facteur le plus \u00e9vident de leur co\u00fbt.<\/p>\n\n\n\n<p>Les vols plus longs n\u00e9cessitent des avions plus grands et plus de carburant, pour dire les choses simplement. Outre l&#8217;augmentation de la charge de travail, cela signifie \u00e9galement que le personnel de maintenance doit travailler plus longtemps pour maintenir l&#8217;avion en bon \u00e9tat de fonctionnement.<\/p>\n<\/div>\n<\/div>\n\n\n\n<div class=\"wp-block-cb-slide\">\n<div class=\"wp-block-group rounded-3xl p-4 h-96 has-very-light-blue-background-color has-background is-layout-constrained wp-block-group-is-layout-constrained\">\n<h4 class=\"has-text-align-center has-red-900-color has-text-color wp-block-heading\" style=\"text-transform:uppercase\">Type d&#8217;a\u00e9ronef<\/h4>\n\n\n\n<hr class=\"wp-block-separator has-text-color has-sand-900-color has-alpha-channel-opacity has-sand-900-background-color has-background w-3\/4 mx-auto\"\/>\n\n\n\n<p>Il existe un avion sp\u00e9cifique pour chacun des diff\u00e9rents types d&#8217;avions existants. Le prix d&#8217;un avion peut varier consid\u00e9rablement au sein d&#8217;une m\u00eame cat\u00e9gorie. Si vous devez transporter un grand nombre de passagers ou parcourir une longue distance, le type d&#8217;avion que vous affr\u00e9tez sera probablement d\u00e9termin\u00e9 par ces facteurs.<\/p>\n\n\n\n<p>L&#8217;affr\u00e8tement d&#8217;un avion plus grand entra\u00eene une augmentation des co\u00fbts. Cela s&#8217;explique par un co\u00fbt d&#8217;exploitation plus \u00e9lev\u00e9, une plus grande consommation de carburant, des besoins accrus en mati\u00e8re d&#8217;entretien, de nettoyage et de stockage, qui n\u00e9cessitent tous des a\u00e9roports et des installations de stockage plus grands, ce qui rend ces vols plus on\u00e9reux que les vols de petits avions \u00e0 r\u00e9action.<\/p>\n<\/div>\n<\/div>\n<\/div>\n<\/div>\n<\/div>\n<\/div>\n\n\n\n<div class=\"wp-block-group has-white-background-color has-background is-layout-flow wp-block-group-is-layout-flow\">\n<div class=\"wp-block-group mx-7 max-w-7xl sm:mx-auto mt-12 px-4 py-12 has-white-background-color has-background is-layout-flow wp-block-group-is-layout-flow\">\n<div class=\"wp-block-group max-w-2xl mx-auto is-vertical is-content-justification-center is-layout-flex wp-container-core-group-is-layout-12 wp-block-group-is-layout-flex\">\n<h3 class=\"wp-block-heading\" style=\"padding-bottom:var(--wp--preset--spacing--60)\">Planifier un voyage aujourd&#8217;hui<\/h3>\n\n\n\n<p class=\"has-text-align-center\">Il peut \u00eatre difficile de d\u00e9terminer le co\u00fbt d&#8217;un vol car de nombreux facteurs entrent en ligne de compte. Mais ne vous inqui\u00e9tez pas, notre \u00e9quipe est l\u00e0 pour vous aider. Si vous souhaitez obtenir de l&#8217;aide pour planifier votre voyage et calculer les co\u00fbts, n&#8217;h\u00e9sitez pas \u00e0 contacter notre \u00e9quipe qui vous aidera non seulement \u00e0 \u00e9tablir votre itin\u00e9raire, mais aussi \u00e0 faire de bonnes affaires !<\/p>\n\n\n\n<p><\/p>\n\n\n\n<div class=\"wp-block-buttons is-layout-flex wp-block-buttons-is-layout-flex\">\n<div class=\"wp-block-button\"><a class=\"wp-block-button__link wp-element-button\" href=\"https:\/\/test-jetvip.mendo.lv\/flight-search\/\">Trouver des vols<\/a><\/div>\n<\/div>\n<\/div>\n<\/div>\n\n\n\n<div class=\"wp-block-group mx-7 max-w-7xl sm:mx-auto mt-12 py-12 is-layout-flow wp-block-group-is-layout-flow\">\n<div class=\"wp-block-group sm:w-1\/2 rounded-3xl p-8 mx-auto has-light-sand-background-color has-background is-vertical is-content-justification-left is-layout-flex wp-container-core-group-is-layout-14 wp-block-group-is-layout-flex\">\n<h4 class=\"has-base-font-size wp-block-heading\" style=\"padding-bottom:var(--wp--preset--spacing--30)\">Nos experts en aviation d&#8217;affaire sont disponibles 24 heures sur 24, 7 jours sur 7<\/h4>\n\n\n\n<p class=\"has-sm-font-size\"><img decoding=\"async\" width=\"16\" height=\"16\" class=\"wp-image-265\" style=\"width: 16.725px;\" src=\"https:\/\/test-jetvip.mendo.lv\/app\/uploads\/2023\/01\/phone.svg\" alt=\"\"><span style=\"color: rgba(94,104,135,var(--tw-text-opacity)); font-size: revert;\">+33 (0) 970 445 435<\/span><\/p>\n\n\n\n<p class=\"has-sm-font-size\"><img decoding=\"async\" width=\"11\" height=\"18\" class=\"wp-image-262\" style=\"width: 11.445px;\" src=\"https:\/\/test-jetvip.mendo.lv\/app\/uploads\/2023\/01\/cellphone.svg\" alt=\"\">+33 649 57 3300<\/p>\n\n\n\n<p class=\"has-sm-font-size\"><img decoding=\"async\" width=\"17\" height=\"13\" class=\"wp-image-263\" style=\"width: 17.463px;\" src=\"https:\/\/test-jetvip.mendo.lv\/app\/uploads\/2023\/01\/email.svg\" alt=\"\"><a href=\"mailto:contact@jet-vip.com\">contact@jet-vip.com<\/a><\/p>\n\n\n\n<p><\/p>\n<\/div>\n\n\n\n<div class=\"wp-block-group carousel-container mt-12 is-layout-flow wp-block-group-is-layout-flow\">\n<div class=\"wp-block-cb-carousel centered-contents\" data-slick=\"{&quot;slidesToShow&quot;:4,&quot;slidesToScroll&quot;:1,&quot;speed&quot;:300,&quot;arrows&quot;:true,&quot;dots&quot;:true,&quot;autoplay&quot;:false,&quot;autoplaySpeed&quot;:3000,&quot;infinite&quot;:false,&quot;responsive&quot;:[{&quot;breakpoint&quot;:769,&quot;settings&quot;:{&quot;slidesToShow&quot;:1,&quot;slidesToScroll&quot;:1}}]}\">\n<div class=\"wp-block-cb-slide\">\n<div class=\"wp-block-group is-layout-constrained wp-block-group-is-layout-constrained\">\n<figure class=\"wp-block-image aligncenter size-large is-resized\"><img decoding=\"async\" src=\"https:\/\/test-jetvip.mendo.lv\/app\/uploads\/2023\/04\/reactivity_icon.svg\" alt=\"\" class=\"wp-image-1017\" width=\"150\" height=\"150\"\/><\/figure>\n\n\n\n<p class=\"has-text-align-center\"><strong>Assistance 24\/7<\/strong><\/p>\n<\/div>\n<\/div>\n\n\n\n<div class=\"wp-block-cb-slide\">\n<div class=\"wp-block-group is-layout-constrained wp-block-group-is-layout-constrained\">\n<figure class=\"wp-block-image aligncenter size-large is-resized\"><img decoding=\"async\" src=\"https:\/\/test-jetvip.mendo.lv\/app\/uploads\/2023\/04\/best_price_icon.svg\" alt=\"\" class=\"wp-image-1050\" width=\"150\" height=\"150\"\/><\/figure>\n\n\n\n<p class=\"has-text-align-center\"><strong>Les meilleurs prix<\/strong><\/p>\n<\/div>\n<\/div>\n\n\n\n<div class=\"wp-block-cb-slide\">\n<div class=\"wp-block-group is-layout-constrained wp-block-group-is-layout-constrained\">\n<figure class=\"wp-block-image aligncenter size-large is-resized\"><img decoding=\"async\" src=\"https:\/\/test-jetvip.mendo.lv\/app\/uploads\/2023\/04\/reactivity_icon.svg\" alt=\"\" class=\"wp-image-1017\" width=\"150\" height=\"150\"\/><\/figure>\n\n\n\n<p class=\"has-text-align-center\"><strong>Personnel professionnel<\/strong><\/p>\n<\/div>\n<\/div>\n\n\n\n<div class=\"wp-block-cb-slide\">\n<div class=\"wp-block-group is-layout-constrained wp-block-group-is-layout-constrained\">\n<figure class=\"wp-block-image aligncenter size-large is-resized\"><img decoding=\"async\" src=\"https:\/\/test-jetvip.mendo.lv\/app\/uploads\/2023\/04\/reactivity_icon.svg\" alt=\"\" class=\"wp-image-1017\" width=\"150\" height=\"150\"\/><\/figure>\n\n\n\n<p class=\"has-text-align-center\"><strong>Confidentialit\u00e9<\/strong><\/p>\n<\/div>\n<\/div>\n<\/div>\n<\/div>\n<\/div>\n<\/div>\n\n\n\n<div class=\"wp-block-group has-white-background-color has-background is-layout-flow wp-block-group-is-layout-flow\">\n<div class=\"wp-block-group mx-7 max-w-7xl sm:mx-auto pt-12 px-4 py-12 is-layout-constrained wp-block-group-is-layout-constrained\">\n<div class=\"wp-block-group header-text-container bg-white pt-8 is-layout-constrained wp-block-group-is-layout-constrained\">\n<div class=\"wp-block-group block-header-container is-vertical is-layout-flex wp-container-core-group-is-layout-22 wp-block-group-is-layout-flex\">\n<h2 class=\"wp-block-heading\">En savoir plus<\/h2>\n\n\n\n<hr class=\"wp-block-separator has-alpha-channel-opacity\"\/>\n\n\n\n<p>Nous savons que vos besoins en mati\u00e8re de vols peuvent \u00eatre diff\u00e9rents, c&#8217;est pourquoi nous nous adaptons pour vous proposer diff\u00e9rents types de services :<\/p>\n<\/div>\n\n\n\n<div class=\"wp-block-group is-vertical is-layout-flex wp-container-core-group-is-layout-24 wp-block-group-is-layout-flex\">\n<h4 class=\"wp-block-heading\">La flotte<\/h4>\n\n\n\n<div class=\"wp-block-group is-nowrap is-layout-flex wp-container-core-group-is-layout-23 wp-block-group-is-layout-flex\">\n<p>Notre \u00e9quipe d&#8217;experts peut trouver le meilleur prix disponible pour votre location de jet priv\u00e9 sur l&#8217;avion priv\u00e9 le plus appropri\u00e9.<\/p>\n\n\n\n<p><a href=\"https:\/\/www.jet-vip.com\/our-fleet\/\" data-type=\"page\" data-id=\"1264\">Plus d&#8217;informations<\/a><\/p>\n<\/div>\n<\/div>\n\n\n\n<div class=\"wp-block-group is-vertical is-layout-flex wp-container-core-group-is-layout-26 wp-block-group-is-layout-flex\">\n<h4 class=\"wp-block-heading\">Destinations<\/h4>\n\n\n\n<div class=\"wp-block-group is-nowrap is-layout-flex wp-container-core-group-is-layout-25 wp-block-group-is-layout-flex\">\n<p>D\u00e9couvrez les destinations les plus demand\u00e9es pour votre voyage en jet priv\u00e9<\/p>\n\n\n\n<p><a href=\"https:\/\/www.jet-vip.com\/destinations\/\" data-type=\"page\" data-id=\"122\">Plus d&#8217;informations<\/a><\/p>\n<\/div>\n<\/div>\n\n\n\n<div class=\"wp-block-group is-vertical is-layout-flex wp-container-core-group-is-layout-28 wp-block-group-is-layout-flex\">\n<h4 class=\"wp-block-heading\">Questions fr\u00e9quemment pos\u00e9es<\/h4>\n\n\n\n<div class=\"wp-block-group is-nowrap is-layout-flex wp-container-core-group-is-layout-27 wp-block-group-is-layout-flex\">\n<p>Vous avez une question ? <br\/>Nous avons la r\u00e9ponse !<\/p>\n\n\n\n<p><a href=\"https:\/\/www.jet-vip.com\/frequently-asked-questions\/\" data-type=\"page\" data-id=\"417\">Plus d&#8217;informations<\/a><\/p>\n<\/div>\n<\/div>\n\n\n\n<div class=\"wp-block-group is-vertical is-layout-flex wp-container-core-group-is-layout-30 wp-block-group-is-layout-flex\">\n<h4 class=\"wp-block-heading\">Vols m\u00e9dicaux<\/h4>\n\n\n\n<div class=\"wp-block-group is-nowrap is-layout-flex wp-container-core-group-is-layout-29 wp-block-group-is-layout-flex\">\n<p>Si vous avez besoin de r\u00e9server un jet pour une occasion sp\u00e9ciale ou pour votre entreprise, ne cherchez pas plus loin !<\/p>\n\n\n\n<p><a href=\"https:\/\/www.jet-vip.com\/ambulance-flights\/\" data-type=\"page\" data-id=\"1184\">Plus d&#8217;informations<\/a><\/p>\n<\/div>\n<\/div>\n\n\n\n<div class=\"wp-block-group is-vertical is-layout-flex wp-container-core-group-is-layout-32 wp-block-group-is-layout-flex\">\n<h4 class=\"wp-block-heading\">S\u00e9curit\u00e9<\/h4>\n\n\n\n<div class=\"wp-block-group is-nowrap is-layout-flex wp-container-core-group-is-layout-31 wp-block-group-is-layout-flex\">\n<p>La s\u00e9curit\u00e9 dans l&#8217;aviation priv\u00e9e est notre principale pr\u00e9occupation. La s\u00e9curit\u00e9 a toujours \u00e9t\u00e9 la priorit\u00e9 de Jet-Vip<\/p>\n\n\n\n<p><a href=\"https:\/\/www.jet-vip.com\/safety-at-jet-vip\/\" data-type=\"page\" data-id=\"762\">Plus d&#8217;informations<\/a><\/p>\n<\/div>\n<\/div>\n\n\n\n<div class=\"wp-block-group is-vertical is-layout-flex wp-container-core-group-is-layout-34 wp-block-group-is-layout-flex\">\n<h4 class=\"wp-block-heading\">Vols \u00e0 vide<\/h4>\n\n\n\n<div class=\"wp-block-group is-nowrap is-layout-flex wp-container-core-group-is-layout-33 wp-block-group-is-layout-flex\">\n<p>L&#8217;affr\u00e8tement d&#8217;un vol \u00e0 vide est l&#8217;occasion d&#8217;\u00e9conomiser jusqu&#8217;\u00e0 50 % sur le prix de votre vol en jet priv\u00e9.<\/p>\n\n\n\n<p><a href=\"https:\/\/www.jet-vip.com\/empty-leg-flights-with-jet-vip\/\" data-type=\"page\" data-id=\"446\">Plus d&#8217;informations<\/a><\/p>\n<\/div>\n<\/div>\n<\/div>\n<\/div>\n<\/div>\n\n\n\n<div class=\"wp-block-group container-rounded-bottom-left -mt-10 white is-layout-constrained wp-block-group-is-layout-constrained\"><\/div>\n","protected":false},"excerpt":{"rendered":"<p>Chez Jet-VIP, nous comprenons que les voyages peuvent parfois \u00eatre co\u00fbteux s&#8217;ils ne sont pas bien planifi\u00e9s. En mettant l&#8217;accent sur la satisfaction du client et la commodit\u00e9, nous nous effor\u00e7ons de vous proposer les tarifs de vol les plus justes et les plus \u00e9conomiques, tout en vous permettant de profiter d&#8217;une exp\u00e9rience in\u00e9gal\u00e9e en &hellip; <a href=\"https:\/\/www.jet-vip.com\/fr\/prix-des-vols\/\">Continued<\/a><\/p>\n","protected":false},"author":2,"featured_media":2253,"parent":0,"menu_order":0,"comment_status":"closed","ping_status":"closed","template":"","meta":{"footnotes":""},"class_list":["post-2594","page","type-page","status-publish","has-post-thumbnail","hentry"],"yoast_head":"<!-- This site is optimized with the Yoast SEO Premium plugin v23.9 (Yoast SEO v23.9) - https:\/\/yoast.com\/wordpress\/plugins\/seo\/ -->\n<title>Des prix comp\u00e9titifs et justes | Jet-VIP | Compagnie de jet priv\u00e9<\/title>\n<meta name=\"description\" content=\"D\u00e9couvrez des prix comp\u00e9titifs et justes des vols chez Jet-VIP. frais d&#039;atterrissage, restauration de base pour l&#039;Europe et taxes inclus\" \/>\n<meta name=\"robots\" content=\"index, follow, max-snippet:-1, max-image-preview:large, max-video-preview:-1\" \/>\n<link rel=\"canonical\" href=\"https:\/\/www.jet-vip.com\/fr\/prix-des-vols\/\" \/>\n<meta property=\"og:locale\" content=\"fr_FR\" \/>\n<meta property=\"og:type\" content=\"article\" \/>\n<meta property=\"og:title\" content=\"Des prix comp\u00e9titifs et justes | Jet-VIP | Compagnie de jet priv\u00e9\" \/>\n<meta property=\"og:description\" content=\"D\u00e9couvrez des prix comp\u00e9titifs et justes des vols chez Jet-VIP. frais d&#039;atterrissage, restauration de base pour l&#039;Europe et taxes inclus\" \/>\n<meta property=\"og:url\" content=\"https:\/\/www.jet-vip.com\/fr\/prix-des-vols\/\" \/>\n<meta property=\"og:site_name\" content=\"Jet VIP\" \/>\n<meta property=\"article:modified_time\" content=\"2023-08-01T11:21:12+00:00\" \/>\n<meta property=\"og:image\" content=\"https:\/\/www.jet-vip.com\/app\/uploads\/2023\/04\/price_header.jpg\" \/>\n\t<meta property=\"og:image:width\" content=\"1935\" \/>\n\t<meta property=\"og:image:height\" content=\"1290\" \/>\n\t<meta property=\"og:image:type\" content=\"image\/jpeg\" \/>\n<meta name=\"twitter:card\" content=\"summary_large_image\" \/>\n<meta name=\"twitter:label1\" content=\"Est. reading time\" \/>\n\t<meta name=\"twitter:data1\" content=\"5 minutes\" \/>\n<!-- \/ Yoast SEO Premium plugin. -->","yoast_head_json":{"title":"Des prix comp\u00e9titifs et justes | Jet-VIP | Compagnie de jet priv\u00e9","description":"D\u00e9couvrez des prix comp\u00e9titifs et justes des vols chez Jet-VIP. frais d'atterrissage, restauration de base pour l'Europe et taxes inclus","robots":{"index":"index","follow":"follow","max-snippet":"max-snippet:-1","max-image-preview":"max-image-preview:large","max-video-preview":"max-video-preview:-1"},"canonical":"https:\/\/www.jet-vip.com\/fr\/prix-des-vols\/","og_locale":"fr_FR","og_type":"article","og_title":"Des prix comp\u00e9titifs et justes | Jet-VIP | Compagnie de jet priv\u00e9","og_description":"D\u00e9couvrez des prix comp\u00e9titifs et justes des vols chez Jet-VIP. frais d'atterrissage, restauration de base pour l'Europe et taxes inclus","og_url":"https:\/\/www.jet-vip.com\/fr\/prix-des-vols\/","og_site_name":"Jet VIP","article_modified_time":"2023-08-01T11:21:12+00:00","og_image":[{"width":1935,"height":1290,"url":"https:\/\/www.jet-vip.com\/app\/uploads\/2023\/04\/price_header.jpg","type":"image\/jpeg"}],"twitter_card":"summary_large_image","twitter_misc":{"Est. reading time":"5 minutes"},"schema":{"@context":"https:\/\/schema.org","@graph":[{"@type":"WebPage","@id":"https:\/\/www.jet-vip.com\/fr\/prix-des-vols\/","url":"https:\/\/www.jet-vip.com\/fr\/prix-des-vols\/","name":"Des prix comp\u00e9titifs et justes | Jet-VIP | Compagnie de jet priv\u00e9","isPartOf":{"@id":"https:\/\/www.jet-vip.com\/fr\/#website"},"primaryImageOfPage":{"@id":"https:\/\/www.jet-vip.com\/fr\/prix-des-vols\/#primaryimage"},"image":{"@id":"https:\/\/www.jet-vip.com\/fr\/prix-des-vols\/#primaryimage"},"thumbnailUrl":"https:\/\/www.jet-vip.com\/app\/uploads\/2023\/04\/price_header.jpg","datePublished":"2023-04-05T08:44:05+00:00","dateModified":"2023-08-01T11:21:12+00:00","description":"D\u00e9couvrez des prix comp\u00e9titifs et justes des vols chez Jet-VIP. frais d'atterrissage, restauration de base pour l'Europe et taxes inclus","inLanguage":"fr-FR","potentialAction":[{"@type":"ReadAction","target":["https:\/\/www.jet-vip.com\/fr\/prix-des-vols\/"]}]},{"@type":"ImageObject","inLanguage":"fr-FR","@id":"https:\/\/www.jet-vip.com\/fr\/prix-des-vols\/#primaryimage","url":"https:\/\/www.jet-vip.com\/app\/uploads\/2023\/04\/price_header.jpg","contentUrl":"https:\/\/www.jet-vip.com\/app\/uploads\/2023\/04\/price_header.jpg","width":1935,"height":1290,"caption":"Competitive and Fair Flight Prices, Des prix comp\u00e9titifs et justes"},{"@type":"WebSite","@id":"https:\/\/www.jet-vip.com\/fr\/#website","url":"https:\/\/www.jet-vip.com\/fr\/","name":"www.jet-vip.com","description":"Private Jet &amp; Helicopter charter","publisher":{"@id":"https:\/\/www.jet-vip.com\/fr\/#organization"},"potentialAction":[{"@type":"SearchAction","target":{"@type":"EntryPoint","urlTemplate":"https:\/\/www.jet-vip.com\/fr\/?s={search_term_string}"},"query-input":{"@type":"PropertyValueSpecification","valueRequired":true,"valueName":"search_term_string"}}],"inLanguage":"fr-FR"},{"@type":"Organization","@id":"https:\/\/www.jet-vip.com\/fr\/#organization","name":"JET VIP","alternateName":"JET-VIP","url":"https:\/\/www.jet-vip.com\/fr\/","logo":{"@type":"ImageObject","inLanguage":"fr-FR","@id":"https:\/\/www.jet-vip.com\/fr\/#\/schema\/logo\/image\/","url":"https:\/\/www.jet-vip.com\/app\/uploads\/2023\/04\/logo_jetvip.png","contentUrl":"https:\/\/www.jet-vip.com\/app\/uploads\/2023\/04\/logo_jetvip.png","width":2344,"height":1500,"caption":"JET VIP"},"image":{"@id":"https:\/\/www.jet-vip.com\/fr\/#\/schema\/logo\/image\/"},"sameAs":["https:\/\/instagram.com\/jet_vip"]}]}},"_links":{"self":[{"href":"https:\/\/www.jet-vip.com\/fr\/wp-json\/wp\/v2\/pages\/2594","targetHints":{"allow":["GET"]}}],"collection":[{"href":"https:\/\/www.jet-vip.com\/fr\/wp-json\/wp\/v2\/pages"}],"about":[{"href":"https:\/\/www.jet-vip.com\/fr\/wp-json\/wp\/v2\/types\/page"}],"author":[{"embeddable":true,"href":"https:\/\/www.jet-vip.com\/fr\/wp-json\/wp\/v2\/users\/2"}],"replies":[{"embeddable":true,"href":"https:\/\/www.jet-vip.com\/fr\/wp-json\/wp\/v2\/comments?post=2594"}],"version-history":[{"count":7,"href":"https:\/\/www.jet-vip.com\/fr\/wp-json\/wp\/v2\/pages\/2594\/revisions"}],"predecessor-version":[{"id":2791,"href":"https:\/\/www.jet-vip.com\/fr\/wp-json\/wp\/v2\/pages\/2594\/revisions\/2791"}],"wp:featuredmedia":[{"embeddable":true,"href":"https:\/\/www.jet-vip.com\/fr\/wp-json\/wp\/v2\/media\/2253"}],"wp:attachment":[{"href":"https:\/\/www.jet-vip.com\/fr\/wp-json\/wp\/v2\/media?parent=2594"}],"curies":[{"name":"wp","href":"https:\/\/api.w.org\/{rel}","templated":true}]}}