{"id":2588,"date":"2023-04-05T18:38:38","date_gmt":"2023-04-05T18:38:38","guid":{"rendered":"https:\/\/www.jet-vip.com\/services-de-conciergerie\/"},"modified":"2023-08-01T19:23:25","modified_gmt":"2023-08-01T19:23:25","slug":"services-de-conciergerie","status":"publish","type":"page","link":"https:\/\/www.jet-vip.com\/fr\/services-de-conciergerie\/","title":{"rendered":"Services de conciergerie"},"content":{"rendered":"\n<div class=\"wp-block-group mx-7 max-w-7xl sm:mx-auto is-layout-constrained wp-block-group-is-layout-constrained\">\n<h2 class=\"wp-block-heading\">Faites passer votre voyage \u00e0 la vitesse sup\u00e9rieure gr\u00e2ce aux services de conciergerie de Jet-VIP<\/h2>\n\n\n\n<hr class=\"wp-block-separator has-alpha-channel-opacity\"\/>\n\n\n\n<div class=\"wp-block-group is-content-justification-space-between is-layout-flex wp-container-core-group-is-layout-3 wp-block-group-is-layout-flex\">\n<div class=\"wp-block-group sm:w-2\/5 is-vertical is-layout-flex wp-container-core-group-is-layout-1 wp-block-group-is-layout-flex\">\n<p>Jet-VIP se soucie de votre bonheur et de la r\u00e9ussite de votre voyage, o\u00f9 que vous alliez. C&#8217;est pourquoi nous avons le plaisir de vous proposer une vari\u00e9t\u00e9 de services de conciergerie exclusifs pour vos voyages en jet priv\u00e9.<\/p>\n\n\n\n<p>Notre personnel est toujours l\u00e0 pour vous aider et s&#8217;engage \u00e0 rendre votre exp\u00e9rience plus confortable, plus relaxante et plus fructueuse. Ils apprendront \u00e0 conna\u00eetre vos besoins sp\u00e9cifiques pour le voyage, tels que le type d&#8217;h\u00f4tel souhait\u00e9, le mode de transport pr\u00e9f\u00e9r\u00e9, les \u00e9ventuelles restrictions alimentaires et le niveau de protection dont vous avez besoin.<\/p>\n\n\n\n<p><\/p>\n<\/div>\n\n\n\n<div class=\"wp-block-group sm:w-2\/5 is-vertical is-layout-flex wp-container-core-group-is-layout-2 wp-block-group-is-layout-flex\">\n<p>Chez JET-VIP, nous sommes heureux d&#8217;offrir \u00e0 nos clients un large \u00e9ventail d&#8217;options de voyage, adapt\u00e9es \u00e0 leur emploi du temps sp\u00e9cifique, car nous savons que vos exigences en mati\u00e8re de voyage vont bien au-del\u00e0 de l&#8217;a\u00e9roport.<\/p>\n<\/div>\n<\/div>\n<\/div>\n\n\n\n<div class=\"wp-block-group mx-7 max-w-7xl sm:mx-auto mt-12 is-layout-constrained wp-block-group-is-layout-constrained\">\n<h3 class=\"has-text-align-left wp-block-heading\">Nous nous occupons d&#8217;un large \u00e9ventail d&#8217;\u00e9l\u00e9ments pour votre voyage, tels que<\/h3>\n\n\n\n<div class=\"wp-block-group is-content-justification-space-between is-layout-flex wp-container-core-group-is-layout-10 wp-block-group-is-layout-flex\" style=\"padding-top:var(--wp--preset--spacing--60);padding-bottom:var(--wp--preset--spacing--60)\">\n<div class=\"wp-block-group sm:w-2\/5 is-content-justification-space-between is-nowrap is-layout-flex wp-container-core-group-is-layout-8 wp-block-group-is-layout-flex\">\n<div class=\"wp-block-group is-vertical is-content-justification-center is-layout-flex wp-container-core-group-is-layout-5 wp-block-group-is-layout-flex\">\n<figure class=\"wp-block-image size-large\"><img decoding=\"async\" width=\"196\" height=\"196\" src=\"https:\/\/test-jetvip.mendo.lv\/app\/uploads\/2023\/04\/ground_icon.svg\" alt=\"\" class=\"wp-image-1120\"\/><\/figure>\n\n\n\n<p class=\"has-text-align-center\"><strong>Transport terrestre<\/strong><\/p>\n<\/div>\n\n\n\n<div class=\"wp-block-group is-vertical is-content-justification-center is-layout-flex wp-container-core-group-is-layout-6 wp-block-group-is-layout-flex\">\n<figure class=\"wp-block-image size-large\"><img decoding=\"async\" width=\"196\" height=\"196\" src=\"https:\/\/test-jetvip.mendo.lv\/app\/uploads\/2023\/04\/car_rentals.svg\" alt=\"\" class=\"wp-image-1117\"\/><\/figure>\n\n\n\n<p class=\"has-text-align-center\"><strong>Location de voitures<\/strong><\/p>\n<\/div>\n\n\n\n<div class=\"wp-block-group is-vertical is-content-justification-center is-layout-flex wp-container-core-group-is-layout-7 wp-block-group-is-layout-flex\">\n<figure class=\"wp-block-image size-large\"><img decoding=\"async\" width=\"196\" height=\"196\" src=\"https:\/\/test-jetvip.mendo.lv\/app\/uploads\/2023\/04\/hotel_bookings.svg\" alt=\"\" class=\"wp-image-1121\"\/><\/figure>\n\n\n\n<p class=\"has-text-align-center\"><strong>R\u00e9servations d&#8217;h\u00f4tel<\/strong><\/p>\n<\/div>\n<\/div>\n\n\n\n<div class=\"wp-block-group sm:w-2\/5 is-vertical is-layout-flex wp-container-core-group-is-layout-9 wp-block-group-is-layout-flex\">\n<p>JET-VIP dispose du personnel et du savoir-faire n\u00e9cessaires pour r\u00e9pondre \u00e0 tous vos besoins en mati\u00e8re de transport, qu&#8217;il s&#8217;agisse de la prise en charge et du retour \u00e0 l&#8217;h\u00f4tel ou du service de navette vers et depuis les a\u00e9roports locaux.<\/p>\n\n\n\n<p><a href=\"https:\/\/www.jet-vip.com\/fr\/notre-flotte\/\">Notre flotte<\/a> de berlines de luxe, de limousines, de SUV et autres est disponible pour vos besoins de transport priv\u00e9. Nous voulons que vous profitiez au maximum de votre voyage, que ce soit pour les affaires ou pour le plaisir. Nous vous fournirons donc un chauffeur professionnel qui vous conduira partout o\u00f9 vous devez aller, y compris (si possible) jusqu&#8217;\u00e0 l&#8217;aire de trafic o\u00f9 votre avion vous attend.<\/p>\n<\/div>\n<\/div>\n<\/div>\n\n\n\n<div class=\"wp-block-group mega-rounded-top-right has-white-background-color has-background is-layout-flow wp-block-group-is-layout-flow\">\n<div class=\"wp-block-group mx-7 max-w-7xl sm:mx-auto pt-12 mt-12 is-layout-constrained wp-block-group-is-layout-constrained\">\n<h2 class=\"wp-block-heading\">Le meilleur service de restauration en jet priv\u00e9<\/h2>\n\n\n\n<div class=\"wp-block-group is-content-justification-left is-layout-constrained wp-container-core-group-is-layout-12 wp-block-group-is-layout-constrained\">\n<hr class=\"wp-block-separator has-alpha-channel-opacity\"\/>\n<\/div>\n\n\n\n<div class=\"wp-block-group is-content-justification-space-between is-layout-flex wp-container-core-group-is-layout-13 wp-block-group-is-layout-flex\">\n<p class=\"sm:w-2\/5\">Superbement cr\u00e9atif, original, avant-gardiste et unique. Chez JET-VIP, nous sommes fiers de pouvoir dire que nous fournissons les meilleurs repas gastronomiques \u00e0 bord des jets priv\u00e9s. Si vous commandez notre service de restauration en jet priv\u00e9 avant votre voyage, nous vous enverrons un menu sp\u00e9cial \u00e0 d\u00e9guster dans les airs. Des p\u00e2tisseries fra\u00eechement pr\u00e9par\u00e9es aux vins rares, notre menu gastronomique \u00e0 bord vous comblera.<\/p>\n\n\n\n<p class=\"sm:w-2\/5\">Si vous avez des besoins alimentaires sp\u00e9cifiques, n&#8217;h\u00e9sitez pas \u00e0 nous contacter. Quels que soient vos besoins en mati\u00e8re de restauration gastronomique \u00e0 bord, nous serons heureux de les satisfaire. Si vous avez des demandes particuli\u00e8res, nous ferons de notre mieux pour les satisfaire.<\/p>\n<\/div>\n\n\n\n<h4 class=\"my-12 wp-block-heading\">Nous vous demandons de fournir les informations suivantes lors de la r\u00e9servation de votre vol :<\/h4>\n\n\n\n<div class=\"wp-block-group justify-evenly is-content-justification-space-between is-layout-flex wp-container-core-group-is-layout-14 wp-block-group-is-layout-flex\">\n<div class=\"wp-block-cover sm:w-5\/12 rounded-3xl\" style=\"min-height:250px;aspect-ratio:unset;\"><span aria-hidden=\"true\" class=\"wp-block-cover__background has-dark-blue-background-color has-background-dim-90 has-background-dim\"><\/span><img decoding=\"async\" width=\"835\" height=\"557\" class=\"wp-block-cover__image-background wp-image-1119\" alt=\"\" src=\"https:\/\/test-jetvip.mendo.lv\/app\/uploads\/2023\/04\/five_star.jpg\" data-object-fit=\"cover\" srcset=\"https:\/\/www.jet-vip.com\/app\/uploads\/2023\/04\/five_star.jpg 835w, https:\/\/www.jet-vip.com\/app\/uploads\/2023\/04\/five_star-300x200.jpg 300w, https:\/\/www.jet-vip.com\/app\/uploads\/2023\/04\/five_star-768x512.jpg 768w\" sizes=\"(max-width: 835px) 100vw, 835px\" \/><div class=\"wp-block-cover__inner-container is-layout-flow wp-block-cover-is-layout-flow\">\n<p class=\"has-text-align-left has-base-font-size\" style=\"padding-top:0;padding-right:var(--wp--preset--spacing--80);padding-bottom:0;padding-left:var(--wp--preset--spacing--80)\">Que vous souhaitiez un petit-d\u00e9jeuner continental, un petit-d\u00e9jeuner chaud, une bo\u00eete-repas gastronomique, un d\u00eener gastronomique, une salade, un plateau d&#8217;encas, une entr\u00e9e, un dessert, une bouteille de vin ou une liqueur de qualit\u00e9 sup\u00e9rieure, nous pouvons r\u00e9pondre \u00e0 vos exigences et pr\u00e9f\u00e9rences alimentaires.<\/p>\n<\/div><\/div>\n\n\n\n<div class=\"wp-block-cover sm:w-5\/12 rounded-3xl\" style=\"padding-top:0;padding-right:0;padding-bottom:0;padding-left:0;min-height:250px;aspect-ratio:unset;\"><span aria-hidden=\"true\" class=\"wp-block-cover__background has-dark-blue-background-color has-background-dim-90 has-background-dim\"><\/span><img decoding=\"async\" width=\"832\" height=\"555\" class=\"wp-block-cover__image-background wp-image-1116\" alt=\"\" src=\"https:\/\/test-jetvip.mendo.lv\/app\/uploads\/2023\/04\/a_variety.jpg\" data-object-fit=\"cover\" srcset=\"https:\/\/www.jet-vip.com\/app\/uploads\/2023\/04\/a_variety.jpg 832w, https:\/\/www.jet-vip.com\/app\/uploads\/2023\/04\/a_variety-300x200.jpg 300w, https:\/\/www.jet-vip.com\/app\/uploads\/2023\/04\/a_variety-768x512.jpg 768w\" sizes=\"(max-width: 832px) 100vw, 832px\" \/><div class=\"wp-block-cover__inner-container is-layout-flow wp-block-cover-is-layout-flow\">\n<p class=\"has-text-align-left has-base-font-size\" style=\"padding-top:0;padding-right:var(--wp--preset--spacing--80);padding-bottom:0;padding-left:var(--wp--preset--spacing--80)\">Les services de restauration \u00e0 bord que vous recherchez, tels qu&#8217;un bar approvisionn\u00e9 en boissons et en nourriture, et une cuisine enti\u00e8rement fonctionnelle avec un four et un four \u00e0 micro-ondes.<\/p>\n<\/div><\/div>\n<\/div>\n\n\n\n<div class=\"wp-block-group py-12 is-content-justification-space-between is-layout-flex wp-container-core-group-is-layout-17 wp-block-group-is-layout-flex\">\n<div class=\"wp-block-group sm:w-5\/12 is-vertical is-layout-flex wp-container-core-group-is-layout-15 wp-block-group-is-layout-flex\">\n<h4 class=\"wp-block-heading\">Complexes hoteliers 5 \u00e9toiles et spas<\/h4>\n\n\n\n<p>Chez JET-VIP, nous n&#8217;accordons d&#8217;importance qu&#8217;\u00e0 une hospitalit\u00e9 de la plus haute qualit\u00e9. C&#8217;est pourquoi nous vous encourageons \u00e0 d\u00e9couvrir le summum du confort dans l&#8217;un des h\u00f4tels cinq \u00e9toiles que nous avons soigneusement s\u00e9lectionn\u00e9s pour vous.<\/p>\n\n\n\n<p>Notre collection d&#8217;h\u00f4tels cinq \u00e9toiles, de centres de vill\u00e9giature et d&#8217;auberges historiques r\u00e9pond aux besoins de chaque voyageur, qu&#8217;il s&#8217;agisse d&#8217;un voyage d&#8217;agr\u00e9ment, d&#8217;un voyage d&#8217;affaires ou d&#8217;une combinaison des deux. Que vous ayez besoin d&#8217;un logement pour le travail, les loisirs ou les deux, notre r\u00e9seau d&#8217;affili\u00e9s est s\u00fbr de vous proposer la meilleure option.<\/p>\n<\/div>\n\n\n\n<div class=\"wp-block-group sm:w-5\/12 is-vertical is-layout-flex wp-container-core-group-is-layout-16 wp-block-group-is-layout-flex\">\n<h4 class=\"wp-block-heading\">Une vari\u00e9t\u00e9 de services de conciergerie suppl\u00e9mentaires<\/h4>\n\n\n\n<p>Dans certains a\u00e9roports, nous proposons un service &#8220;Board-to-Board&#8221; aux passagers qui changent de compagnie a\u00e9rienne mais qui ne souhaitent pas passer par la proc\u00e9dure d&#8217;enregistrement de l&#8217;a\u00e9roport. Ainsi, les clients de JET-VIP qui poursuivent leur voyage avec des compagnies a\u00e9riennes commerciales peuvent simplement embarquer sur leur vol \u00e0 l&#8217;a\u00e9roport de destination sans passer par la proc\u00e9dure d&#8217;enregistrement standard.<\/p>\n<\/div>\n<\/div>\n\n\n\n<div class=\"wp-block-group p-12 rounded-3xl border has-light-sand-background-color has-background is-layout-flow wp-block-group-is-layout-flow\">\n<h3 class=\"mt-0 mb-4 wp-block-heading\">Pour les occasions sp\u00e9ciales<\/h3>\n\n\n\n<div class=\"wp-block-group is-content-justification-space-between is-layout-flex wp-container-core-group-is-layout-18 wp-block-group-is-layout-flex\">\n<p class=\"sm:w-3\/10\">Nous r\u00e9pondrons \u00e0 vos demandes sp\u00e9cifiques de c\u00e9l\u00e9bration si vous souhaitez voyager pour une occasion importante. Que vous organisiez une r\u00e9union d&#8217;entreprise, un anniversaire, un enterrement de vie de gar\u00e7on ou de jeune fille, un voyage d&#8217;un week-end, un enterrement de vie de jeune fille ou une lune de miel, nous avons la formule id\u00e9ale pour vous.<\/p>\n\n\n\n<p class=\"sm:w-3\/10\">Nous travaillerons avec le meilleur FBO pour personnaliser votre vol avec des services sp\u00e9ciaux pour vos passagers, tels que la cuisine sp\u00e9cialis\u00e9e, le transport au sol et les divertissements \u00e0 bord. JET-VIP peut vous aider \u00e0 personnaliser votre vol en jet priv\u00e9 pour qu&#8217;il corresponde au caract\u00e8re unique et \u00e0 la joie de l&#8217;\u00e9v\u00e9nement que vous souhaitez comm\u00e9morer. <\/p>\n\n\n\n<p class=\"sm:w-3\/10\">Les services de conciergerie en jet priv\u00e9 que nous proposons en collaboration avec les FBO peuvent \u00eatre adapt\u00e9s au cas par cas et en fonction de circonstances ext\u00e9rieures telles que le temps et le lieu. Prenez contact avec nous \u00e0 l&#8217;avance afin que nous puissions examiner les d\u00e9tails de votre voyage et les choix qui s&#8217;offrent \u00e0 vous.<\/p>\n<\/div>\n<\/div>\n<\/div>\n<\/div>\n\n\n\n<div class=\"wp-block-group has-white-background-color has-background is-layout-flow wp-block-group-is-layout-flow\">\n<div class=\"wp-block-group mx-7 max-w-7xl sm:mx-auto pt-12 px-4 py-12 is-layout-constrained wp-block-group-is-layout-constrained\">\n<div class=\"wp-block-group header-text-container bg-white pt-8 is-layout-constrained wp-block-group-is-layout-constrained\">\n<div class=\"wp-block-group block-header-container is-vertical is-layout-flex wp-container-core-group-is-layout-22 wp-block-group-is-layout-flex\">\n<h2 class=\"wp-block-heading\">En savoir plus<\/h2>\n\n\n\n<hr class=\"wp-block-separator has-alpha-channel-opacity\"\/>\n\n\n\n<p>Nous savons que vos besoins en mati\u00e8re de vols peuvent \u00eatre diff\u00e9rents, c&#8217;est pourquoi nous nous adaptons pour vous proposer diff\u00e9rents types de services :<\/p>\n<\/div>\n\n\n\n<div class=\"wp-block-group is-vertical is-layout-flex wp-container-core-group-is-layout-24 wp-block-group-is-layout-flex\">\n<h4 class=\"wp-block-heading\">La flotte<\/h4>\n\n\n\n<div class=\"wp-block-group is-nowrap is-layout-flex wp-container-core-group-is-layout-23 wp-block-group-is-layout-flex\">\n<p>Notre \u00e9quipe d&#8217;experts peut trouver le meilleur prix disponible pour votre location de jet priv\u00e9 sur l&#8217;avion priv\u00e9 le plus appropri\u00e9.<\/p>\n\n\n\n<p><a href=\"https:\/\/www.jet-vip.com\/our-fleet\/\" data-type=\"page\" data-id=\"1264\">Plus d&#8217;informations<\/a><\/p>\n<\/div>\n<\/div>\n\n\n\n<div class=\"wp-block-group is-vertical is-layout-flex wp-container-core-group-is-layout-26 wp-block-group-is-layout-flex\">\n<h4 class=\"wp-block-heading\">Destinations<\/h4>\n\n\n\n<div class=\"wp-block-group is-nowrap is-layout-flex wp-container-core-group-is-layout-25 wp-block-group-is-layout-flex\">\n<p>D\u00e9couvrez les destinations les plus demand\u00e9es pour votre voyage en jet priv\u00e9<\/p>\n\n\n\n<p><a href=\"https:\/\/www.jet-vip.com\/destinations\/\" data-type=\"page\" data-id=\"122\">Plus d&#8217;informations<\/a><\/p>\n<\/div>\n<\/div>\n\n\n\n<div class=\"wp-block-group is-vertical is-layout-flex wp-container-core-group-is-layout-28 wp-block-group-is-layout-flex\">\n<h4 class=\"wp-block-heading\">Questions fr\u00e9quemment pos\u00e9es<\/h4>\n\n\n\n<div class=\"wp-block-group is-nowrap is-layout-flex wp-container-core-group-is-layout-27 wp-block-group-is-layout-flex\">\n<p>Vous avez une question ? <br\/>Nous avons la r\u00e9ponse !<\/p>\n\n\n\n<p><a href=\"https:\/\/www.jet-vip.com\/frequently-asked-questions\/\" data-type=\"page\" data-id=\"417\">Plus d&#8217;informations<\/a><\/p>\n<\/div>\n<\/div>\n\n\n\n<div class=\"wp-block-group is-vertical is-layout-flex wp-container-core-group-is-layout-30 wp-block-group-is-layout-flex\">\n<h4 class=\"wp-block-heading\">Vols m\u00e9dicaux<\/h4>\n\n\n\n<div class=\"wp-block-group is-nowrap is-layout-flex wp-container-core-group-is-layout-29 wp-block-group-is-layout-flex\">\n<p>Si vous avez besoin de r\u00e9server un jet pour une occasion sp\u00e9ciale ou pour votre entreprise, ne cherchez pas plus loin !<\/p>\n\n\n\n<p><a href=\"https:\/\/www.jet-vip.com\/ambulance-flights\/\" data-type=\"page\" data-id=\"1184\">Plus d&#8217;informations<\/a><\/p>\n<\/div>\n<\/div>\n\n\n\n<div class=\"wp-block-group is-vertical is-layout-flex wp-container-core-group-is-layout-32 wp-block-group-is-layout-flex\">\n<h4 class=\"wp-block-heading\">S\u00e9curit\u00e9<\/h4>\n\n\n\n<div class=\"wp-block-group is-nowrap is-layout-flex wp-container-core-group-is-layout-31 wp-block-group-is-layout-flex\">\n<p>La s\u00e9curit\u00e9 dans l&#8217;aviation priv\u00e9e est notre principale pr\u00e9occupation. La s\u00e9curit\u00e9 a toujours \u00e9t\u00e9 la priorit\u00e9 de Jet-Vip<\/p>\n\n\n\n<p><a href=\"https:\/\/www.jet-vip.com\/safety-at-jet-vip\/\" data-type=\"page\" data-id=\"762\">Plus d&#8217;informations<\/a><\/p>\n<\/div>\n<\/div>\n\n\n\n<div class=\"wp-block-group is-vertical is-layout-flex wp-container-core-group-is-layout-34 wp-block-group-is-layout-flex\">\n<h4 class=\"wp-block-heading\">Vols \u00e0 vide<\/h4>\n\n\n\n<div class=\"wp-block-group is-nowrap is-layout-flex wp-container-core-group-is-layout-33 wp-block-group-is-layout-flex\">\n<p>L&#8217;affr\u00e8tement d&#8217;un vol \u00e0 vide est l&#8217;occasion d&#8217;\u00e9conomiser jusqu&#8217;\u00e0 50 % sur le prix de votre vol en jet priv\u00e9.<\/p>\n\n\n\n<p><a href=\"https:\/\/www.jet-vip.com\/empty-leg-flights-with-jet-vip\/\" data-type=\"page\" data-id=\"446\">Plus d&#8217;informations<\/a><\/p>\n<\/div>\n<\/div>\n<\/div>\n<\/div>\n<\/div>\n\n\n\n<div class=\"wp-block-group container-rounded-bottom-left -mt-10 white is-layout-constrained wp-block-group-is-layout-constrained\"><\/div>\n","protected":false},"excerpt":{"rendered":"<p>Faites passer votre voyage \u00e0 la vitesse sup\u00e9rieure gr\u00e2ce aux services de conciergerie de Jet-VIP Jet-VIP se soucie de votre bonheur et de la r\u00e9ussite de votre voyage, o\u00f9 que vous alliez. C&#8217;est pourquoi nous avons le plaisir de vous proposer une vari\u00e9t\u00e9 de services de conciergerie exclusifs pour vos voyages en jet priv\u00e9. Notre &hellip; <a href=\"https:\/\/www.jet-vip.com\/fr\/services-de-conciergerie\/\">Continued<\/a><\/p>\n","protected":false},"author":2,"featured_media":2257,"parent":0,"menu_order":0,"comment_status":"closed","ping_status":"closed","template":"template-bluebg.blade.php","meta":{"footnotes":""},"class_list":["post-2588","page","type-page","status-publish","has-post-thumbnail","hentry"],"yoast_head":"<!-- This site is optimized with the Yoast SEO Premium plugin v23.9 (Yoast SEO v23.9) - https:\/\/yoast.com\/wordpress\/plugins\/seo\/ -->\n<title>Services de Conciergerie | Service de Restauration pour Jet Priv\u00e9<\/title>\n<meta name=\"description\" content=\"Rehaussez votre voyage avec les Services de Conciergerie de Jet-VIP, incluant le transport terrestre vers des h\u00f4tels et spas cinq \u00e9toiles.\" \/>\n<meta name=\"robots\" content=\"index, follow, max-snippet:-1, max-image-preview:large, max-video-preview:-1\" \/>\n<link rel=\"canonical\" href=\"https:\/\/www.jet-vip.com\/fr\/services-de-conciergerie\/\" \/>\n<meta property=\"og:locale\" content=\"fr_FR\" \/>\n<meta property=\"og:type\" content=\"article\" \/>\n<meta property=\"og:title\" content=\"Services de Conciergerie | Service de Restauration pour Jet Priv\u00e9\" \/>\n<meta property=\"og:description\" content=\"Rehaussez votre voyage avec les Services de Conciergerie de Jet-VIP, incluant le transport terrestre vers des h\u00f4tels et spas cinq \u00e9toiles.\" \/>\n<meta property=\"og:url\" content=\"https:\/\/www.jet-vip.com\/fr\/services-de-conciergerie\/\" \/>\n<meta property=\"og:site_name\" content=\"Jet VIP\" \/>\n<meta property=\"article:modified_time\" content=\"2023-08-01T19:23:25+00:00\" \/>\n<meta property=\"og:image\" content=\"https:\/\/www.jet-vip.com\/app\/uploads\/2023\/04\/concierge_header.jpg\" \/>\n\t<meta property=\"og:image:width\" content=\"1920\" \/>\n\t<meta property=\"og:image:height\" content=\"1187\" \/>\n\t<meta property=\"og:image:type\" content=\"image\/jpeg\" \/>\n<meta name=\"twitter:card\" content=\"summary_large_image\" \/>\n<meta name=\"twitter:label1\" content=\"Est. reading time\" \/>\n\t<meta name=\"twitter:data1\" content=\"5 minutes\" \/>\n<!-- \/ Yoast SEO Premium plugin. -->","yoast_head_json":{"title":"Services de Conciergerie | Service de Restauration pour Jet Priv\u00e9","description":"Rehaussez votre voyage avec les Services de Conciergerie de Jet-VIP, incluant le transport terrestre vers des h\u00f4tels et spas cinq \u00e9toiles.","robots":{"index":"index","follow":"follow","max-snippet":"max-snippet:-1","max-image-preview":"max-image-preview:large","max-video-preview":"max-video-preview:-1"},"canonical":"https:\/\/www.jet-vip.com\/fr\/services-de-conciergerie\/","og_locale":"fr_FR","og_type":"article","og_title":"Services de Conciergerie | Service de Restauration pour Jet Priv\u00e9","og_description":"Rehaussez votre voyage avec les Services de Conciergerie de Jet-VIP, incluant le transport terrestre vers des h\u00f4tels et spas cinq \u00e9toiles.","og_url":"https:\/\/www.jet-vip.com\/fr\/services-de-conciergerie\/","og_site_name":"Jet VIP","article_modified_time":"2023-08-01T19:23:25+00:00","og_image":[{"width":1920,"height":1187,"url":"https:\/\/www.jet-vip.com\/app\/uploads\/2023\/04\/concierge_header.jpg","type":"image\/jpeg"}],"twitter_card":"summary_large_image","twitter_misc":{"Est. reading time":"5 minutes"},"schema":{"@context":"https:\/\/schema.org","@graph":[{"@type":"WebPage","@id":"https:\/\/www.jet-vip.com\/fr\/services-de-conciergerie\/","url":"https:\/\/www.jet-vip.com\/fr\/services-de-conciergerie\/","name":"Services de Conciergerie | Service de Restauration pour Jet Priv\u00e9","isPartOf":{"@id":"https:\/\/www.jet-vip.com\/fr\/#website"},"primaryImageOfPage":{"@id":"https:\/\/www.jet-vip.com\/fr\/services-de-conciergerie\/#primaryimage"},"image":{"@id":"https:\/\/www.jet-vip.com\/fr\/services-de-conciergerie\/#primaryimage"},"thumbnailUrl":"https:\/\/www.jet-vip.com\/app\/uploads\/2023\/04\/concierge_header.jpg","datePublished":"2023-04-05T18:38:38+00:00","dateModified":"2023-08-01T19:23:25+00:00","description":"Rehaussez votre voyage avec les Services de Conciergerie de Jet-VIP, incluant le transport terrestre vers des h\u00f4tels et spas cinq \u00e9toiles.","inLanguage":"fr-FR","potentialAction":[{"@type":"ReadAction","target":["https:\/\/www.jet-vip.com\/fr\/services-de-conciergerie\/"]}]},{"@type":"ImageObject","inLanguage":"fr-FR","@id":"https:\/\/www.jet-vip.com\/fr\/services-de-conciergerie\/#primaryimage","url":"https:\/\/www.jet-vip.com\/app\/uploads\/2023\/04\/concierge_header.jpg","contentUrl":"https:\/\/www.jet-vip.com\/app\/uploads\/2023\/04\/concierge_header.jpg","width":1920,"height":1187,"caption":"Concierge Services, Services de Conciergerie"},{"@type":"WebSite","@id":"https:\/\/www.jet-vip.com\/fr\/#website","url":"https:\/\/www.jet-vip.com\/fr\/","name":"www.jet-vip.com","description":"Private Jet &amp; Helicopter charter","publisher":{"@id":"https:\/\/www.jet-vip.com\/fr\/#organization"},"potentialAction":[{"@type":"SearchAction","target":{"@type":"EntryPoint","urlTemplate":"https:\/\/www.jet-vip.com\/fr\/?s={search_term_string}"},"query-input":{"@type":"PropertyValueSpecification","valueRequired":true,"valueName":"search_term_string"}}],"inLanguage":"fr-FR"},{"@type":"Organization","@id":"https:\/\/www.jet-vip.com\/fr\/#organization","name":"JET VIP","alternateName":"JET-VIP","url":"https:\/\/www.jet-vip.com\/fr\/","logo":{"@type":"ImageObject","inLanguage":"fr-FR","@id":"https:\/\/www.jet-vip.com\/fr\/#\/schema\/logo\/image\/","url":"https:\/\/www.jet-vip.com\/app\/uploads\/2023\/04\/logo_jetvip.png","contentUrl":"https:\/\/www.jet-vip.com\/app\/uploads\/2023\/04\/logo_jetvip.png","width":2344,"height":1500,"caption":"JET VIP"},"image":{"@id":"https:\/\/www.jet-vip.com\/fr\/#\/schema\/logo\/image\/"},"sameAs":["https:\/\/instagram.com\/jet_vip"]}]}},"_links":{"self":[{"href":"https:\/\/www.jet-vip.com\/fr\/wp-json\/wp\/v2\/pages\/2588","targetHints":{"allow":["GET"]}}],"collection":[{"href":"https:\/\/www.jet-vip.com\/fr\/wp-json\/wp\/v2\/pages"}],"about":[{"href":"https:\/\/www.jet-vip.com\/fr\/wp-json\/wp\/v2\/types\/page"}],"author":[{"embeddable":true,"href":"https:\/\/www.jet-vip.com\/fr\/wp-json\/wp\/v2\/users\/2"}],"replies":[{"embeddable":true,"href":"https:\/\/www.jet-vip.com\/fr\/wp-json\/wp\/v2\/comments?post=2588"}],"version-history":[{"count":5,"href":"https:\/\/www.jet-vip.com\/fr\/wp-json\/wp\/v2\/pages\/2588\/revisions"}],"predecessor-version":[{"id":2801,"href":"https:\/\/www.jet-vip.com\/fr\/wp-json\/wp\/v2\/pages\/2588\/revisions\/2801"}],"wp:featuredmedia":[{"embeddable":true,"href":"https:\/\/www.jet-vip.com\/fr\/wp-json\/wp\/v2\/media\/2257"}],"wp:attachment":[{"href":"https:\/\/www.jet-vip.com\/fr\/wp-json\/wp\/v2\/media?parent=2588"}],"curies":[{"name":"wp","href":"https:\/\/api.w.org\/{rel}","templated":true}]}}