{"id":2587,"date":"2023-05-05T18:05:16","date_gmt":"2023-05-05T18:05:16","guid":{"rendered":"https:\/\/www.jet-vip.com\/modalites-et-conditions\/"},"modified":"2024-11-24T08:23:24","modified_gmt":"2024-11-24T08:23:24","slug":"modalites-et-conditions","status":"publish","type":"page","link":"https:\/\/www.jet-vip.com\/fr\/modalites-et-conditions\/","title":{"rendered":"Modalit\u00e9s et conditions"},"content":{"rendered":"\n<div class=\"wp-block-group mx-7 max-w-7xl sm:mx-auto mb-20 px-4 is-layout-flow wp-block-group-is-layout-flow\">\n<p><\/p>\n\n\n\n<p> Table des mati\u00e8res<br\/>1. Le r\u00e9seau<br\/>2. R\u00f4le de la SAS JET-VIP.COM<br\/>3. R\u00e9servation de services<br\/>4. Utilisation du r\u00e9seau<br\/>5. Cessation de l&#8217;utilisation<br\/>6. Propri\u00e9t\u00e9 des informations<br\/>7. Exclusion de garantie et de responsabilit\u00e9<br\/>8. Indemnisation<br\/>9. Donn\u00e9es \u00e0 caract\u00e8re personnel<br\/>10. Droit applicable et juridiction<\/p>\n\n\n\n<p><br\/>Dans les pr\u00e9sentes conditions g\u00e9n\u00e9rales, &#8220;SAS JET-VIP.COM&#8221; d\u00e9signe toute entit\u00e9 de SAS JET-VIP.COM.<\/p>\n\n\n\n<ol class=\"wp-block-list\" type=\"1\">\n<li><strong>R\u00e9seau :<\/strong> <br\/><br\/>SAS JET-VIP.COM exploite un site web ou une application mobile (le &#8221; R\u00e9seau &#8220;) qui sert de place de march\u00e9 pour les services d&#8217;affr\u00e8tement a\u00e9rien pour les utilisateurs de services d&#8217;affr\u00e8tement a\u00e9rien (les &#8221; Affr\u00e9teurs &#8220;). Le r\u00e9seau peut fournir des devis pour des services d&#8217;affr\u00e8tement a\u00e9rien propos\u00e9s par des exploitants d&#8217;a\u00e9ronefs tiers (les &#8220;exploitants&#8221;). Votre acc\u00e8s au r\u00e9seau et son utilisation sont r\u00e9gis par les pr\u00e9sentes conditions g\u00e9n\u00e9rales, et vous acceptez de n&#8217;utiliser le r\u00e9seau que conform\u00e9ment \u00e0 ces conditions g\u00e9n\u00e9rales. Vous ne pouvez utiliser le r\u00e9seau que pour effectuer des demandes l\u00e9gitimes de r\u00e9servation de services offerts par les op\u00e9rateurs (les &#8220;demandes&#8221;). SAS JET-VIP.COM se r\u00e9serve le droit de modifier ces conditions \u00e0 tout moment, et votre utilisation continue du r\u00e9seau sera r\u00e9gie par les conditions en vigueur au moment de cette utilisation.<\/li>\n\n\n\n<li><strong>R\u00f4le de la SAS JET-VIP.COM : <\/strong><br\/><br\/>SAS JET-VIP.COM agit en tant que courtier d&#8217;affr\u00e8tement a\u00e9rien et ne sert que d&#8217;interm\u00e9diaire entre les Op\u00e9rateurs et les Affr\u00e9teurs. SAS JET-VIP.COM organise le transport a\u00e9rien en affr\u00e9tant des avions aupr\u00e8s des op\u00e9rateurs, agissant en tant qu&#8217;agent, au nom et pour le compte des affr\u00e9teurs. <br\/>SAS JET-VIP.COM ne poss\u00e8de pas, n&#8217;exploite pas, n&#8217;entretient pas ou n&#8217;affr\u00e8te pas d&#8217;avions et ne fournit pas de services de transport a\u00e9rien. <br\/>Il n&#8217;y a pas de contrat de transport ou d&#8217;affr\u00e8tement entre SAS JET-VIP.COM et les affr\u00e9teurs et\/ou les passagers. <br\/>SAS JET-VIP.COM n&#8217;est pas partie aux accords de transport ou d&#8217;affr\u00e8tement entre les op\u00e9rateurs et les affr\u00e9teurs et n&#8217;a aucune obligation ou responsabilit\u00e9 \u00e0 cet \u00e9gard. Les pr\u00e9sentes conditions g\u00e9n\u00e9rales ne constituent pas un contrat de transport a\u00e9rien, et aucun contrat de ce type n&#8217;est ou ne sera conclu entre vous et SAS JET-VIP.COM.<\/li>\n\n\n\n<li><strong>R\u00e9servation de services : <\/strong><br\/><br\/>La r\u00e9servation de services d&#8217;affr\u00e8tement a\u00e9rien (et de tout service connexe) par l&#8217;interm\u00e9diaire de la SAS JET-VIP.COM sera soumise et r\u00e9gie par un contrat de courtage d&#8217;affr\u00e8tement a\u00e9rien qui sera conclu entre vous et la SAS JET-VIP.COM. Le R\u00e9seau n&#8217;est pas une offre de contrat, et ni une demande ni aucune proposition envoy\u00e9e par la SAS JET-VIP.COM en r\u00e9ponse \u00e0 une demande ne peut \u00eatre consid\u00e9r\u00e9e comme une offre de contrat. SAS JET-VIP.COM se r\u00e9serve le droit de refuser de fournir ses services \u00e0 toute personne ou entit\u00e9 \u00e0 sa seule discr\u00e9tion.<\/li>\n<\/ol>\n\n\n\n<ol class=\"wp-block-list\" type=\"1\" start=\"4\">\n<li><strong>Utilisation du site web : <\/strong><br\/><br\/>Vous confirmez et garantissez que vous avez l&#8217;\u00e2ge l\u00e9gal et la capacit\u00e9 de conclure des accords contraignants, tels que les pr\u00e9sentes conditions g\u00e9n\u00e9rales, tout contrat de courtage d&#8217;affr\u00e8tement d&#8217;a\u00e9ronef et tout contrat de transport (qui peut \u00eatre conclu entre vous, repr\u00e9sent\u00e9 par SAS JET-VIP.COM, et tout op\u00e9rateur). <br\/>Vous confirmez et garantissez \u00e9galement qu&#8217;aucune restriction ne s&#8217;applique \u00e0 vous qui vous emp\u00eacherait de conclure ou d&#8217;ex\u00e9cuter de tels accords. <br\/>Vos demandes ne doivent pas \u00eatre sp\u00e9culatives, fausses ou frauduleuses. <br\/>Vous ne pouvez pas effectuer de demandes ou conclure d&#8217;accords au nom d&#8217;un utilisateur fictif, sous un faux nom, avec une carte de cr\u00e9dit non valide ou en utilisant toute autre information frauduleuse. <br\/>Veuillez noter que les utilisateurs frauduleux seront poursuivis et pourront voir leur responsabilit\u00e9 civile et p\u00e9nale engag\u00e9e, en fonction de la l\u00e9gislation applicable. <br\/>Vous ne pouvez pas utiliser le site web pour soumettre des demandes ou conclure des accords pour ou au nom de tiers, sauf si vous \u00eates l\u00e9galement autoris\u00e9 \u00e0 le faire. <br\/>Vous convenez express\u00e9ment que vous utilisez le site web \u00e0 vos risques et p\u00e9rils.<\/li>\n\n\n\n<li><strong>Cessation de l&#8217;utilisation : <\/strong><br\/><br\/>SAS JET-VIP.COM peut suspendre votre acc\u00e8s \u00e0 tout ou partie du site \u00e0 tout moment et \u00e0 sa seule discr\u00e9tion, avec ou sans pr\u00e9avis et avec ou sans raison.<\/li>\n\n\n\n<li><strong>Propri\u00e9t\u00e9 des informations :<\/strong> <br\/><br\/>Vous reconnaissez et acceptez que tous les mat\u00e9riaux et informations contenus sur le site Web, y compris les donn\u00e9es, logiciels, photographies, images, vid\u00e9os, graphiques, sons, citations, \u00e9crits et autres mat\u00e9riaux (les &#8220;mat\u00e9riaux&#8221;), sont la propri\u00e9t\u00e9 (y compris la propri\u00e9t\u00e9 intellectuelle) de SAS JET-VIP.COM ou ont \u00e9t\u00e9 conc\u00e9d\u00e9s sous licence \u00e0 SAS JET-VIP.COM. <br\/>Vous ne pouvez pas utiliser, copier, distribuer ou d\u00e9tourner tout mat\u00e9riel sans l&#8217;accord \u00e9crit pr\u00e9alable de SAS JET-VIP.COM. Toutefois, vous \u00eates autoris\u00e9 \u00e0 imprimer et \u00e0 copier des parties du site web, y compris les pr\u00e9sentes conditions g\u00e9n\u00e9rales, dans le seul but d&#8217;utiliser le site web comme ressource d&#8217;achat, conform\u00e9ment aux pr\u00e9sentes conditions g\u00e9n\u00e9rales.<\/li>\n\n\n\n<li><strong>Exclusion de garantie et de responsabilit\u00e9 pour la SAS JET-VIP.COM<\/strong><br\/><br\/>Toute information, de quelque nature que ce soit, fournie ou accessible via le r\u00e9seau de la SAS JET-VIP.COM l&#8217;est \u00e0 titre indicatif et est fournie ou accessible sans aucune garantie expresse ou implicite de quelque nature que ce soit. En particulier, SAS JET-VIP.COM n&#8217;offre aucune garantie en ce qui concerne :<br\/><br\/>(A) l&#8217;exactitude, la fiabilit\u00e9, l&#8217;exhaustivit\u00e9, la justesse, l&#8217;actualit\u00e9 ou la qualit\u00e9 de toute information fournie<br\/>(B) le traitement et\/ou l&#8217;acceptation de toute demande<br\/>(C) la conclusion de tout contrat de courtage d&#8217;affr\u00e8tement d&#8217;a\u00e9ronefs entre SAS JET-VIP.COM et tout affr\u00e9teur<br\/>(D) la conclusion d&#8217;un accord de transport entre un op\u00e9rateur et un affr\u00e9teur<br\/>(E) la disponibilit\u00e9 des services \u00e0 travers le r\u00e9seau SAS JET-VIP.COM et\/ou <br\/>(F) l&#8217;accessibilit\u00e9, le fonctionnement et\/ou l&#8217;absence d&#8217;erreur du r\u00e9seau SAS JET-VIP.COM.<br\/><br\/>Dans toute la mesure permise par la loi applicable, SAS JET-VIP.COM et ses actionnaires, partenaires, affili\u00e9s, dirigeants, administrateurs, employ\u00e9s, agents, repr\u00e9sentants, serviteurs, auxiliaires, successeurs et ayants droit d\u00e9clinent toute responsabilit\u00e9 en cas de blessure, de dommage, de d\u00e9c\u00e8s, de perte, d&#8217;accident ou de retard d\u00e9coulant de ou en rapport avec :<br\/><br\/>(A) les pr\u00e9sentes conditions g\u00e9n\u00e9rales<br\/>(B) ses activit\u00e9s et\/ou services dans le cadre du pr\u00e9sent accord<br\/>(C) le r\u00e9seau SAS JET-VIP.COM et toute information fournie ou accessible par son interm\u00e9diaire<br\/>(D) toute utilisation du r\u00e9seau SAS JET-VIP.COM ou toute question y aff\u00e9rente<br\/>(E) tout traitement ou absence de traitement d&#8217;une demande et <br\/>(F) tout service obtenu par l&#8217;interm\u00e9diaire du r\u00e9seau de la SAS JET-VIP.COM.<br\/><br\/>8. <strong>Indemnisation de la SAS JET-VIP.COM<br\/><\/strong><br\/>En utilisant le r\u00e9seau SAS JET-VIP.COM, vous acceptez d&#8217;\u00eatre responsable et d&#8217;indemniser SAS JET-VIP.COM, ses actionnaires, partenaires, affili\u00e9s, dirigeants, administrateurs, employ\u00e9s, agents, repr\u00e9sentants, pr\u00e9pos\u00e9s, auxiliaires, successeurs et cessionnaires, ainsi que toute autre personne (y compris tout op\u00e9rateur et tout propri\u00e9taire, locataire ou financier d&#8217;un a\u00e9ronef) (les &#8220;indemnis\u00e9s&#8221;), contre tout dommage direct ou indirect (y compris les honoraires raisonnables d&#8217;avocat) :<br\/><br\/>(A) r\u00e9sultant de ou en relation avec une violation par vous des pr\u00e9sentes conditions g\u00e9n\u00e9rales (y compris toute d\u00e9claration ou garantie de votre part dans les pr\u00e9sentes), de tout autre accord, ou de toute loi, r\u00e9glementation, ordonnance, demande et exigence de voyage applicables (y compris les r\u00e9glementations en mati\u00e8re d&#8217;immigration et de douane) ou <br\/>(B) concernant vos actions ou omissions au nom et\/ou pour le compte d&#8217;un tiers, y compris votre manquement \u00e0 informer ces tiers ou \u00e0 leur faire respecter tous les termes et conditions applicables aux services acquis par l&#8217;interm\u00e9diaire du r\u00e9seau de la SAS JET-VIP.COM.<br\/><br\/>9. <strong>Donn\u00e9es \u00e0 caract\u00e8re personnel<br\/><\/strong><br\/>Les donn\u00e9es personnelles sont trait\u00e9es par la SAS JET-VIP.COM au 2 avenue Jean Monnet, 26000 Valence conform\u00e9ment \u00e0 la politique de confidentialit\u00e9 disponible sur le R\u00e9seau. <br\/><br\/>10.<strong> Divers et vari\u00e9s<\/strong> <br\/><br\/>Les pr\u00e9sentes conditions g\u00e9n\u00e9rales constituent l&#8217;int\u00e9gralit\u00e9 de l&#8217;accord entre vous et la SAS JET-VIP.COM concernant votre utilisation du r\u00e9seau et remplacent toutes les ententes ou tous les accords ant\u00e9rieurs ou contemporains (qu&#8217;ils soient oraux ou \u00e9crits) concernant le sujet en question. Aucune modification de ces conditions g\u00e9n\u00e9rales de votre part ne sera effective sans l&#8217;accord \u00e9crit de SAS JET-VIP.COM. Lorsque le contexte le permet, l&#8217;emploi du singulier inclut le pluriel et vice versa, et l&#8217;emploi du pronom personnel neutre ou masculin inclut les genres masculin et f\u00e9minin. <br\/>Sauf disposition contraire, le terme &#8220;ou&#8221; n&#8217;est pas exclusif et les termes &#8220;inclure&#8221;, &#8220;notamment&#8221; et &#8220;en particulier&#8221; ne sont pas limitatifs.<br\/><br\/>11. <strong>Droit applicable et juridiction<\/strong><br\/><br\/>Tout litige, controverse ou r\u00e9clamation d\u00e9coulant des pr\u00e9sentes conditions g\u00e9n\u00e9rales ou en rapport avec celles-ci, y compris la validit\u00e9, l&#8217;invalidit\u00e9, la violation ou la r\u00e9siliation des pr\u00e9sentes, sera soumis \u00e0 la comp\u00e9tence exclusive des tribunaux de Romans, France, \u00e0 laquelle les parties acceptent irr\u00e9vocablement de se soumettre par les pr\u00e9sentes. <br\/>Ce qui pr\u00e9c\u00e8de n&#8217;emp\u00eache pas la SAS JET-VIP.COM de poursuivre tout affr\u00e9teur devant tout autre tribunal comp\u00e9tent.<br\/><br\/><\/li>\n<\/ol>\n\n\n\n<p><\/p>\n\n\n\n<p><\/p>\n\n\n\n<p><\/p>\n\n\n\n<p><\/p>\n\n\n\n<p><\/p>\n\n\n\n<p><\/p>\n\n\n\n<p><br\/><\/p>\n<\/div>\n\n<div class=\"wp-block-group container-rounded-bottom-left -mt-10 white is-layout-constrained wp-block-group-is-layout-constrained\"><\/div>\n","protected":false},"excerpt":{"rendered":"<p>Table des mati\u00e8res1. Le r\u00e9seau2. R\u00f4le de la SAS JET-VIP.COM3. R\u00e9servation de services4. Utilisation du r\u00e9seau5. Cessation de l&#8217;utilisation6. Propri\u00e9t\u00e9 des informations7. Exclusion de garantie et de responsabilit\u00e98. Indemnisation9. Donn\u00e9es \u00e0 caract\u00e8re personnel10. Droit applicable et juridiction Dans les pr\u00e9sentes conditions g\u00e9n\u00e9rales, &#8220;SAS JET-VIP.COM&#8221; d\u00e9signe toute entit\u00e9 de SAS JET-VIP.COM.<\/p>\n","protected":false},"author":1,"featured_media":2409,"parent":0,"menu_order":0,"comment_status":"closed","ping_status":"closed","template":"template-white.blade.php","meta":{"footnotes":""},"class_list":["post-2587","page","type-page","status-publish","has-post-thumbnail","hentry"],"yoast_head":"<!-- This site is optimized with the Yoast SEO Premium plugin v23.9 (Yoast SEO v23.9) - https:\/\/yoast.com\/wordpress\/plugins\/seo\/ -->\n<title>Modalit\u00e9s et conditions - Jet VIP<\/title>\n<meta name=\"description\" content=\"Consultez les modalit\u00e9s et conditions des services Jet VIP pour en savoir plus sur les r\u00e9servations, annulations et politiques de vol priv\u00e9.\" \/>\n<meta name=\"robots\" content=\"index, follow, max-snippet:-1, max-image-preview:large, max-video-preview:-1\" \/>\n<link rel=\"canonical\" href=\"https:\/\/www.jet-vip.com\/fr\/modalites-et-conditions\/\" \/>\n<meta property=\"og:locale\" content=\"fr_FR\" \/>\n<meta property=\"og:type\" content=\"article\" \/>\n<meta property=\"og:title\" content=\"Modalit\u00e9s et conditions - Jet VIP\" \/>\n<meta property=\"og:description\" content=\"Consultez les modalit\u00e9s et conditions des services Jet VIP pour en savoir plus sur les r\u00e9servations, annulations et politiques de vol priv\u00e9.\" \/>\n<meta property=\"og:url\" content=\"https:\/\/www.jet-vip.com\/fr\/modalites-et-conditions\/\" \/>\n<meta property=\"og:site_name\" content=\"Jet VIP\" \/>\n<meta property=\"article:modified_time\" content=\"2024-11-24T08:23:24+00:00\" \/>\n<meta property=\"og:image\" content=\"https:\/\/www.jet-vip.com\/app\/uploads\/2023\/04\/Global-5000-edited.jpeg\" \/>\n\t<meta property=\"og:image:width\" content=\"1401\" \/>\n\t<meta property=\"og:image:height\" content=\"1050\" \/>\n\t<meta property=\"og:image:type\" content=\"image\/jpeg\" \/>\n<meta name=\"twitter:card\" content=\"summary_large_image\" \/>\n<meta name=\"twitter:label1\" content=\"Est. reading time\" \/>\n\t<meta name=\"twitter:data1\" content=\"13 minutes\" \/>\n<!-- \/ Yoast SEO Premium plugin. -->","yoast_head_json":{"title":"Modalit\u00e9s et conditions - Jet VIP","description":"Consultez les modalit\u00e9s et conditions des services Jet VIP pour en savoir plus sur les r\u00e9servations, annulations et politiques de vol priv\u00e9.","robots":{"index":"index","follow":"follow","max-snippet":"max-snippet:-1","max-image-preview":"max-image-preview:large","max-video-preview":"max-video-preview:-1"},"canonical":"https:\/\/www.jet-vip.com\/fr\/modalites-et-conditions\/","og_locale":"fr_FR","og_type":"article","og_title":"Modalit\u00e9s et conditions - Jet VIP","og_description":"Consultez les modalit\u00e9s et conditions des services Jet VIP pour en savoir plus sur les r\u00e9servations, annulations et politiques de vol priv\u00e9.","og_url":"https:\/\/www.jet-vip.com\/fr\/modalites-et-conditions\/","og_site_name":"Jet VIP","article_modified_time":"2024-11-24T08:23:24+00:00","og_image":[{"width":1401,"height":1050,"url":"https:\/\/www.jet-vip.com\/app\/uploads\/2023\/04\/Global-5000-edited.jpeg","type":"image\/jpeg"}],"twitter_card":"summary_large_image","twitter_misc":{"Est. reading time":"13 minutes"},"schema":{"@context":"https:\/\/schema.org","@graph":[{"@type":"WebPage","@id":"https:\/\/www.jet-vip.com\/fr\/modalites-et-conditions\/","url":"https:\/\/www.jet-vip.com\/fr\/modalites-et-conditions\/","name":"Modalit\u00e9s et conditions - Jet VIP","isPartOf":{"@id":"https:\/\/www.jet-vip.com\/fr\/#website"},"primaryImageOfPage":{"@id":"https:\/\/www.jet-vip.com\/fr\/modalites-et-conditions\/#primaryimage"},"image":{"@id":"https:\/\/www.jet-vip.com\/fr\/modalites-et-conditions\/#primaryimage"},"thumbnailUrl":"https:\/\/www.jet-vip.com\/app\/uploads\/2023\/04\/Global-5000-edited.jpeg","datePublished":"2023-05-05T18:05:16+00:00","dateModified":"2024-11-24T08:23:24+00:00","description":"Consultez les modalit\u00e9s et conditions des services Jet VIP pour en savoir plus sur les r\u00e9servations, annulations et politiques de vol priv\u00e9.","inLanguage":"fr-FR","potentialAction":[{"@type":"ReadAction","target":["https:\/\/www.jet-vip.com\/fr\/modalites-et-conditions\/"]}]},{"@type":"ImageObject","inLanguage":"fr-FR","@id":"https:\/\/www.jet-vip.com\/fr\/modalites-et-conditions\/#primaryimage","url":"https:\/\/www.jet-vip.com\/app\/uploads\/2023\/04\/Global-5000-edited.jpeg","contentUrl":"https:\/\/www.jet-vip.com\/app\/uploads\/2023\/04\/Global-5000-edited.jpeg","width":1401,"height":1050},{"@type":"WebSite","@id":"https:\/\/www.jet-vip.com\/fr\/#website","url":"https:\/\/www.jet-vip.com\/fr\/","name":"www.jet-vip.com","description":"Private Jet &amp; Helicopter charter","publisher":{"@id":"https:\/\/www.jet-vip.com\/fr\/#organization"},"potentialAction":[{"@type":"SearchAction","target":{"@type":"EntryPoint","urlTemplate":"https:\/\/www.jet-vip.com\/fr\/?s={search_term_string}"},"query-input":{"@type":"PropertyValueSpecification","valueRequired":true,"valueName":"search_term_string"}}],"inLanguage":"fr-FR"},{"@type":"Organization","@id":"https:\/\/www.jet-vip.com\/fr\/#organization","name":"JET VIP","alternateName":"JET-VIP","url":"https:\/\/www.jet-vip.com\/fr\/","logo":{"@type":"ImageObject","inLanguage":"fr-FR","@id":"https:\/\/www.jet-vip.com\/fr\/#\/schema\/logo\/image\/","url":"https:\/\/www.jet-vip.com\/app\/uploads\/2023\/04\/logo_jetvip.png","contentUrl":"https:\/\/www.jet-vip.com\/app\/uploads\/2023\/04\/logo_jetvip.png","width":2344,"height":1500,"caption":"JET VIP"},"image":{"@id":"https:\/\/www.jet-vip.com\/fr\/#\/schema\/logo\/image\/"},"sameAs":["https:\/\/instagram.com\/jet_vip"]}]}},"_links":{"self":[{"href":"https:\/\/www.jet-vip.com\/fr\/wp-json\/wp\/v2\/pages\/2587","targetHints":{"allow":["GET"]}}],"collection":[{"href":"https:\/\/www.jet-vip.com\/fr\/wp-json\/wp\/v2\/pages"}],"about":[{"href":"https:\/\/www.jet-vip.com\/fr\/wp-json\/wp\/v2\/types\/page"}],"author":[{"embeddable":true,"href":"https:\/\/www.jet-vip.com\/fr\/wp-json\/wp\/v2\/users\/1"}],"replies":[{"embeddable":true,"href":"https:\/\/www.jet-vip.com\/fr\/wp-json\/wp\/v2\/comments?post=2587"}],"version-history":[{"count":4,"href":"https:\/\/www.jet-vip.com\/fr\/wp-json\/wp\/v2\/pages\/2587\/revisions"}],"predecessor-version":[{"id":2706,"href":"https:\/\/www.jet-vip.com\/fr\/wp-json\/wp\/v2\/pages\/2587\/revisions\/2706"}],"wp:featuredmedia":[{"embeddable":true,"href":"https:\/\/www.jet-vip.com\/fr\/wp-json\/wp\/v2\/media\/2409"}],"wp:attachment":[{"href":"https:\/\/www.jet-vip.com\/fr\/wp-json\/wp\/v2\/media?parent=2587"}],"curies":[{"name":"wp","href":"https:\/\/api.w.org\/{rel}","templated":true}]}}