{"id":2556,"date":"2023-05-24T10:27:51","date_gmt":"2023-05-24T10:27:51","guid":{"rendered":"https:\/\/www.jet-vip.com\/durabilite\/"},"modified":"2024-11-24T08:21:58","modified_gmt":"2024-11-24T08:21:58","slug":"durabilite","status":"publish","type":"page","link":"https:\/\/www.jet-vip.com\/fr\/durabilite\/","title":{"rendered":"Durabilit\u00e9 \u00e9cologique"},"content":{"rendered":"\n<div class=\"wp-block-group mx-7 max-w-7xl sm:mx-auto is-layout-flow wp-block-group-is-layout-flow\">\n<h2 class=\"wp-block-heading\">Nous croyons en une mani\u00e8re plus responsable de voler en avion priv\u00e9<\/h2>\n\n\n\n<hr class=\"wp-block-separator has-alpha-channel-opacity\"\/>\n<\/div>\n\n<div class=\"wp-block-group mx-7 max-w-7xl sm:mx-auto mt-12 is-layout-flow wp-block-group-is-layout-flow\">\n<div class=\"wp-block-group is-content-justification-space-between is-nowrap is-layout-flex wp-container-core-group-is-layout-403be102 wp-block-group-is-layout-flex\">\n<div class=\"wp-block-group sm:w-2\/3 pr-8 is-vertical is-layout-flex wp-container-core-group-is-layout-8cf370e7 wp-block-group-is-layout-flex\">\n<div class=\"wp-block-group is-content-justification-space-between is-nowrap is-layout-flex wp-container-core-group-is-layout-403be102 wp-block-group-is-layout-flex\">\n<div class=\"wp-block-group p-4 m-4 sm:w-3\/10 is-layout-constrained wp-block-group-is-layout-constrained\">\n<figure class=\"wp-block-image size-full is-style-rounded\"><img decoding=\"async\" width=\"547\" height=\"438\" src=\"http:\/\/www.jet-vip.com\/app\/uploads\/2023\/05\/carbon_natural.jpg\" alt=\"\" class=\"wp-image-1772\" srcset=\"https:\/\/www.jet-vip.com\/app\/uploads\/2023\/05\/carbon_natural.jpg 547w, https:\/\/www.jet-vip.com\/app\/uploads\/2023\/05\/carbon_natural-300x240.jpg 300w\" sizes=\"(max-width: 547px) 100vw, 547px\" \/><\/figure><\/div>\n\n\n\n<div class=\"wp-block-group p-4 m-4 sm:w-2\/3 is-vertical is-layout-flex wp-container-core-group-is-layout-8cf370e7 wp-block-group-is-layout-flex\">\n<h3 class=\"wp-block-heading\">Qu&#8217;est-ce que la neutralit\u00e9 carbone ?<\/h3>\n\n\n\n<p>La compensation carbone est une r\u00e9duction des \u00e9missions de dioxyde de carbone (CO2) ou d&#8217;autres gaz \u00e0 effet de serre, r\u00e9alis\u00e9e afin de compenser les \u00e9missions r\u00e9alis\u00e9es ailleurs. Les vols de JET-VIP sont compens\u00e9s \u00e0 300 % en termes d&#8217;\u00e9missions de carbone. Les \u00e9missions de CO2 ne repr\u00e9sentent \u00e0 elles seules qu&#8217;un tiers de l&#8217;impact des vols sur l&#8217;environnement, c&#8217;est pourquoi le programme de d\u00e9veloppement durable du JET-VIP est \u00e9galement neutre en termes d&#8217;\u00e9missions.<\/p>\n<\/div>\n<\/div>\n\n\n\n<div class=\"wp-block-group is-content-justification-space-between is-nowrap is-layout-flex wp-container-core-group-is-layout-403be102 wp-block-group-is-layout-flex\">\n<div class=\"wp-block-group p-4 m-4 sm:w-3\/10 is-layout-constrained wp-block-group-is-layout-constrained\">\n<figure class=\"wp-block-image size-full is-style-rounded\"><img decoding=\"async\" width=\"1000\" height=\"666\" src=\"http:\/\/www.jet-vip.com\/app\/uploads\/2023\/05\/carbon_offsetting.jpg\" alt=\"\" class=\"wp-image-1773\" srcset=\"https:\/\/www.jet-vip.com\/app\/uploads\/2023\/05\/carbon_offsetting.jpg 1000w, https:\/\/www.jet-vip.com\/app\/uploads\/2023\/05\/carbon_offsetting-300x200.jpg 300w, https:\/\/www.jet-vip.com\/app\/uploads\/2023\/05\/carbon_offsetting-768x511.jpg 768w\" sizes=\"(max-width: 1000px) 100vw, 1000px\" \/><\/figure><\/div>\n\n\n\n<div class=\"wp-block-group p-4 m-4 sm:w-2\/3 is-vertical is-layout-flex wp-container-core-group-is-layout-8cf370e7 wp-block-group-is-layout-flex\">\n<h3 class=\"wp-block-heading\">Qu&#8217;est-ce que la compensation carbone ?<\/h3>\n\n\n\n<p>La compensation carbone est une r\u00e9duction des \u00e9missions de dioxyde de carbone (CO2) ou d&#8217;autres gaz \u00e0 effet de serre, r\u00e9alis\u00e9e afin de compenser les \u00e9missions r\u00e9alis\u00e9es ailleurs.<\/p>\n\n\n\n<p>Les vols JET-VIP sont compens\u00e9s \u00e0 300 % en termes d&#8217;\u00e9missions de carbone. Les \u00e9missions de CO2 ne repr\u00e9sentent \u00e0 elles seules qu&#8217;un tiers de l&#8217;impact des vols sur l&#8217;environnement. C&#8217;est pourquoi le programme de d\u00e9veloppement durable du JET-VIP est \u00e9galement neutre en termes d&#8217;\u00e9missions.<\/p>\n<\/div>\n<\/div>\n\n\n\n<div class=\"wp-block-group is-content-justification-space-between is-nowrap is-layout-flex wp-container-core-group-is-layout-403be102 wp-block-group-is-layout-flex\">\n<div class=\"wp-block-group p-4 m-4 sm:w-3\/10 is-layout-constrained wp-block-group-is-layout-constrained\">\n<figure class=\"wp-block-image size-full is-style-rounded\"><img decoding=\"async\" width=\"1000\" height=\"667\" src=\"http:\/\/www.jet-vip.com\/app\/uploads\/2023\/05\/emission_natural.jpg\" alt=\"\" class=\"wp-image-1775\" srcset=\"https:\/\/www.jet-vip.com\/app\/uploads\/2023\/05\/emission_natural.jpg 1000w, https:\/\/www.jet-vip.com\/app\/uploads\/2023\/05\/emission_natural-300x200.jpg 300w, https:\/\/www.jet-vip.com\/app\/uploads\/2023\/05\/emission_natural-768x512.jpg 768w\" sizes=\"(max-width: 1000px) 100vw, 1000px\" \/><\/figure><\/div>\n\n\n\n<div class=\"wp-block-group p-4 m-4 sm:w-2\/3 is-vertical is-layout-flex wp-container-core-group-is-layout-8cf370e7 wp-block-group-is-layout-flex\">\n<h3 class=\"wp-block-heading\">Qu&#8217;est-ce que la neutralit\u00e9 en mati\u00e8re d&#8217;\u00e9missions ?<\/h3>\n\n\n\n<p>La neutralit\u00e9 des \u00e9missions va au-del\u00e0 de la compensation des \u00e9missions de carbone et compense d&#8217;autres \u00e9missions li\u00e9es \u00e0 l&#8217;aviation, notamment la vapeur d&#8217;eau, les a\u00e9rosols et l&#8217;oxyde nitreux, qui repr\u00e9sentent les deux tiers des \u00e9missions produites par les vols. JET-VIP compense 300 % des \u00e9missions de carbone pour couvrir ces autres \u00e9missions.<\/p>\n<\/div>\n<\/div>\n\n\n\n<div class=\"wp-block-group is-content-justification-space-between is-nowrap is-layout-flex wp-container-core-group-is-layout-403be102 wp-block-group-is-layout-flex\">\n<div class=\"wp-block-group p-4 m-4 sm:w-3\/10 is-layout-constrained wp-block-group-is-layout-constrained\">\n<figure class=\"wp-block-image size-full is-style-rounded\"><img decoding=\"async\" width=\"1000\" height=\"667\" src=\"http:\/\/www.jet-vip.com\/app\/uploads\/2023\/05\/jet_vip_carbon_natural.jpg\" alt=\"\" class=\"wp-image-1776\" srcset=\"https:\/\/www.jet-vip.com\/app\/uploads\/2023\/05\/jet_vip_carbon_natural.jpg 1000w, https:\/\/www.jet-vip.com\/app\/uploads\/2023\/05\/jet_vip_carbon_natural-300x200.jpg 300w, https:\/\/www.jet-vip.com\/app\/uploads\/2023\/05\/jet_vip_carbon_natural-768x512.jpg 768w\" sizes=\"(max-width: 1000px) 100vw, 1000px\" \/><\/figure><\/div>\n\n\n\n<div class=\"wp-block-group p-4 m-4 sm:w-2\/3 is-vertical is-layout-flex wp-container-core-group-is-layout-8cf370e7 wp-block-group-is-layout-flex\">\n<h3 class=\"wp-block-heading\">JET-VIP est-il neutre en carbone ?<\/h3>\n\n\n\n<p>Oui, le programme JET-VIP est neutre en carbone, y compris pour tous les vols et toutes les installations. En fait, il est neutre en termes d&#8217;\u00e9missions, car il compense tous les vols \u00e0 hauteur de 300 %, afin de tenir compte d&#8217;autres \u00e9missions non li\u00e9es au CO2.<\/p>\n<\/div>\n<\/div>\n\n\n\n<div class=\"wp-block-group is-content-justification-space-between is-nowrap is-layout-flex wp-container-core-group-is-layout-403be102 wp-block-group-is-layout-flex\">\n<div class=\"wp-block-group p-4 m-4 sm:w-3\/10 is-layout-constrained wp-block-group-is-layout-constrained\">\n<figure class=\"wp-block-image size-full is-style-rounded\"><img decoding=\"async\" width=\"1000\" height=\"667\" src=\"http:\/\/www.jet-vip.com\/app\/uploads\/2023\/05\/compare_companies.jpg\" alt=\"\" class=\"wp-image-1774\" srcset=\"https:\/\/www.jet-vip.com\/app\/uploads\/2023\/05\/compare_companies.jpg 1000w, https:\/\/www.jet-vip.com\/app\/uploads\/2023\/05\/compare_companies-300x200.jpg 300w, https:\/\/www.jet-vip.com\/app\/uploads\/2023\/05\/compare_companies-768x512.jpg 768w\" sizes=\"(max-width: 1000px) 100vw, 1000px\" \/><\/figure><\/div>\n\n\n\n<div class=\"wp-block-group p-4 m-4 sm:w-2\/3 is-vertical is-layout-flex wp-container-core-group-is-layout-8cf370e7 wp-block-group-is-layout-flex\">\n<h3 class=\"wp-block-heading\">Comment JET-VIP se compare-t-elle aux autres compagnies d&#8217;aviation priv\u00e9e ?<\/h3>\n\n\n\n<p>La plupart des compagnies d&#8217;aviation priv\u00e9e ne s&#8217;int\u00e9ressent qu&#8217;\u00e0 leur impact carbone. JET-VIP r\u00e9fl\u00e9chit d\u00e9j\u00e0 de mani\u00e8re plus globale et prend en compte l&#8217;ensemble de l&#8217;impact climatique de ses vols.<\/p>\n<\/div>\n<\/div>\n<\/div>\n\n\n\n<div class=\"wp-block-group sm:w-1\/3 is-layout-constrained wp-block-group-is-layout-constrained\">\n<div class=\"wp-block-group p-4 m-4 rounded rounded-2xl has-very-light-blue-background-color has-background is-layout-constrained wp-block-group-is-layout-constrained\">\n<p class=\"has-text-align-center\">JET-VIP s&#8217;engage \u00e0 d\u00e9finir un avenir durable pour l&#8217;aviation priv\u00e9e.<\/p>\n\n\n\n<p class=\"has-text-align-center\"><strong>En 2020, nous avons mis en place un programme de compensation carbone dans le cadre duquel 50 % de nos vols en Europe sont neutres en carbone.<\/strong><\/p>\n\n\n\n<figure class=\"wp-block-image aligncenter size-large\"><img decoding=\"async\" width=\"252\" height=\"125\" src=\"http:\/\/www.jet-vip.com\/app\/uploads\/2023\/05\/proc.svg\" alt=\"\" class=\"wp-image-1778\"\/><\/figure><\/div>\n\n\n\n<p><\/p>\n<\/div>\n<\/div>\n<\/div>\n\n<div class=\"wp-block-group container-white-rounded-corner mt-15 is-layout-constrained wp-block-group-is-layout-constrained\">\n<div class=\"wp-block-group mx-7 max-w-7xl sm:mx-auto mt-12 is-layout-flow wp-block-group-is-layout-flow\">\n<div class=\"wp-block-group header-text-container bg-white pt-8 is-layout-constrained wp-block-group-is-layout-constrained\">\n<div class=\"wp-block-group block-header-container is-vertical is-layout-flex wp-container-core-group-is-layout-8cf370e7 wp-block-group-is-layout-flex\">\n<h2 class=\"wp-block-heading\">En savoir plus<\/h2>\n\n\n\n<hr class=\"wp-block-separator has-alpha-channel-opacity\"\/>\n\n\n\n<p>Nous savons que vos besoins en mati\u00e8re de vols peuvent \u00eatre diff\u00e9rents, c&#8217;est pourquoi nous nous adaptons pour vous proposer diff\u00e9rents types de services :<\/p>\n<\/div>\n\n\n\n<div class=\"wp-block-group is-vertical is-layout-flex wp-container-core-group-is-layout-8cf370e7 wp-block-group-is-layout-flex\">\n<h4 class=\"wp-block-heading\">La flotte<\/h4>\n\n\n\n<div class=\"wp-block-group is-nowrap is-layout-flex wp-container-core-group-is-layout-ad2f72ca wp-block-group-is-layout-flex\">\n<p>Notre \u00e9quipe d&#8217;experts peut trouver le meilleur prix disponible pour votre location de jet priv\u00e9 sur l&#8217;avion priv\u00e9 le plus appropri\u00e9.<\/p>\n\n\n\n<p><a href=\"https:\/\/www.jet-vip.com\/our-fleet\/\" data-type=\"page\" data-id=\"1264\">Plus d&#8217;informations<\/a><\/p>\n<\/div>\n<\/div>\n\n\n\n<div class=\"wp-block-group is-vertical is-layout-flex wp-container-core-group-is-layout-8cf370e7 wp-block-group-is-layout-flex\">\n<h4 class=\"wp-block-heading\">Destinations<\/h4>\n\n\n\n<div class=\"wp-block-group is-nowrap is-layout-flex wp-container-core-group-is-layout-ad2f72ca wp-block-group-is-layout-flex\">\n<p>D\u00e9couvrez les destinations les plus demand\u00e9es pour votre voyage en jet priv\u00e9<\/p>\n\n\n\n<p><a href=\"https:\/\/www.jet-vip.com\/destinations\/\" data-type=\"page\" data-id=\"122\">Plus d&#8217;informations<\/a><\/p>\n<\/div>\n<\/div>\n\n\n\n<div class=\"wp-block-group is-vertical is-layout-flex wp-container-core-group-is-layout-8cf370e7 wp-block-group-is-layout-flex\">\n<h4 class=\"wp-block-heading\">Questions fr\u00e9quemment pos\u00e9es<\/h4>\n\n\n\n<div class=\"wp-block-group is-nowrap is-layout-flex wp-container-core-group-is-layout-ad2f72ca wp-block-group-is-layout-flex\">\n<p>Vous avez une question ? <br\/>Nous avons la r\u00e9ponse !<\/p>\n\n\n\n<p><a href=\"https:\/\/www.jet-vip.com\/frequently-asked-questions\/\" data-type=\"page\" data-id=\"417\">Plus d&#8217;informations<\/a><\/p>\n<\/div>\n<\/div>\n\n\n\n<div class=\"wp-block-group is-vertical is-layout-flex wp-container-core-group-is-layout-8cf370e7 wp-block-group-is-layout-flex\">\n<h4 class=\"wp-block-heading\">Vols m\u00e9dicaux<\/h4>\n\n\n\n<div class=\"wp-block-group is-nowrap is-layout-flex wp-container-core-group-is-layout-ad2f72ca wp-block-group-is-layout-flex\">\n<p>Si vous avez besoin de r\u00e9server un jet pour une occasion sp\u00e9ciale ou pour votre entreprise, ne cherchez pas plus loin !<\/p>\n\n\n\n<p><a href=\"https:\/\/www.jet-vip.com\/ambulance-flights\/\" data-type=\"page\" data-id=\"1184\">Plus d&#8217;informations<\/a><\/p>\n<\/div>\n<\/div>\n\n\n\n<div class=\"wp-block-group is-vertical is-layout-flex wp-container-core-group-is-layout-8cf370e7 wp-block-group-is-layout-flex\">\n<h4 class=\"wp-block-heading\">S\u00e9curit\u00e9<\/h4>\n\n\n\n<div class=\"wp-block-group is-nowrap is-layout-flex wp-container-core-group-is-layout-ad2f72ca wp-block-group-is-layout-flex\">\n<p>La s\u00e9curit\u00e9 dans l&#8217;aviation priv\u00e9e est notre principale pr\u00e9occupation. La s\u00e9curit\u00e9 a toujours \u00e9t\u00e9 la priorit\u00e9 de Jet-Vip<\/p>\n\n\n\n<p><a href=\"https:\/\/www.jet-vip.com\/safety-at-jet-vip\/\" data-type=\"page\" data-id=\"762\">Plus d&#8217;informations<\/a><\/p>\n<\/div>\n<\/div>\n\n\n\n<div class=\"wp-block-group is-vertical is-layout-flex wp-container-core-group-is-layout-8cf370e7 wp-block-group-is-layout-flex\">\n<h4 class=\"wp-block-heading\">Vols \u00e0 vide<\/h4>\n\n\n\n<div class=\"wp-block-group is-nowrap is-layout-flex wp-container-core-group-is-layout-ad2f72ca wp-block-group-is-layout-flex\">\n<p>L&#8217;affr\u00e8tement d&#8217;un vol \u00e0 vide est l&#8217;occasion d&#8217;\u00e9conomiser jusqu&#8217;\u00e0 50 % sur le prix de votre vol en jet priv\u00e9.<\/p>\n\n\n\n<p><a href=\"https:\/\/www.jet-vip.com\/empty-leg-flights-with-jet-vip\/\" data-type=\"page\" data-id=\"446\">Plus d&#8217;informations<\/a><\/p>\n<\/div>\n<\/div>\n<\/div>\n<\/div>\n<\/div>\n\n<div class=\"wp-block-group container-rounded-bottom-left -mt-10 white is-layout-constrained wp-block-group-is-layout-constrained\"><\/div>\n","protected":false},"excerpt":{"rendered":"<p>Nous croyons en une mani\u00e8re plus responsable de voler en avion priv\u00e9 Qu&#8217;est-ce que la neutralit\u00e9 carbone ? La compensation carbone est une r\u00e9duction des \u00e9missions de dioxyde de carbone (CO2) ou d&#8217;autres gaz \u00e0 effet de serre, r\u00e9alis\u00e9e afin de compenser les \u00e9missions r\u00e9alis\u00e9es ailleurs. Les vols de JET-VIP sont compens\u00e9s \u00e0 300 % &hellip; <a href=\"https:\/\/www.jet-vip.com\/fr\/durabilite\/\">Continued<\/a><\/p>\n","protected":false},"author":2,"featured_media":2536,"parent":0,"menu_order":0,"comment_status":"closed","ping_status":"closed","template":"template-bluebg.blade.php","meta":{"footnotes":""},"class_list":["post-2556","page","type-page","status-publish","has-post-thumbnail","hentry"],"yoast_head":"<!-- This site is optimized with the Yoast SEO Premium plugin v27.5 (Yoast SEO v27.5) - https:\/\/yoast.com\/product\/yoast-seo-premium-wordpress\/ -->\n<title>Durabilit\u00e9 \u00c9cologique et Vols Neutres en Carbone - Jet VIP<\/title>\n<meta name=\"description\" content=\"Jet VIP compense 300% des \u00e9missions de carbone et rend ses vols neutres en \u00e9missions pour un impact environnemental r\u00e9duit\" \/>\n<meta name=\"robots\" content=\"index, follow, max-snippet:-1, max-image-preview:large, max-video-preview:-1\" \/>\n<link rel=\"canonical\" href=\"https:\/\/www.jet-vip.com\/fr\/durabilite\/\" \/>\n<meta property=\"og:locale\" content=\"fr_FR\" \/>\n<meta property=\"og:type\" content=\"article\" \/>\n<meta property=\"og:title\" content=\"Durabilit\u00e9 \u00c9cologique et Vols Neutres en Carbone - Jet VIP\" \/>\n<meta property=\"og:description\" content=\"Jet VIP compense 300% des \u00e9missions de carbone et rend ses vols neutres en \u00e9missions pour un impact environnemental r\u00e9duit\" \/>\n<meta property=\"og:url\" content=\"https:\/\/www.jet-vip.com\/fr\/durabilite\/\" \/>\n<meta property=\"og:site_name\" content=\"Jet VIP\" \/>\n<meta property=\"article:modified_time\" content=\"2024-11-24T08:21:58+00:00\" \/>\n<meta property=\"og:image\" content=\"https:\/\/www.jet-vip.com\/app\/uploads\/2023\/05\/sust_header.jpg\" \/>\n\t<meta property=\"og:image:width\" content=\"1200\" \/>\n\t<meta property=\"og:image:height\" content=\"800\" \/>\n\t<meta property=\"og:image:type\" content=\"image\/jpeg\" \/>\n<meta name=\"twitter:card\" content=\"summary_large_image\" \/>\n<meta name=\"twitter:label1\" content=\"Est. reading time\" \/>\n\t<meta name=\"twitter:data1\" content=\"9 minutes\" \/>\n<!-- \/ Yoast SEO Premium plugin. -->","yoast_head_json":{"title":"Durabilit\u00e9 \u00c9cologique et Vols Neutres en Carbone - Jet VIP","description":"Jet VIP compense 300% des \u00e9missions de carbone et rend ses vols neutres en \u00e9missions pour un impact environnemental r\u00e9duit","robots":{"index":"index","follow":"follow","max-snippet":"max-snippet:-1","max-image-preview":"max-image-preview:large","max-video-preview":"max-video-preview:-1"},"canonical":"https:\/\/www.jet-vip.com\/fr\/durabilite\/","og_locale":"fr_FR","og_type":"article","og_title":"Durabilit\u00e9 \u00c9cologique et Vols Neutres en Carbone - Jet VIP","og_description":"Jet VIP compense 300% des \u00e9missions de carbone et rend ses vols neutres en \u00e9missions pour un impact environnemental r\u00e9duit","og_url":"https:\/\/www.jet-vip.com\/fr\/durabilite\/","og_site_name":"Jet VIP","article_modified_time":"2024-11-24T08:21:58+00:00","og_image":[{"width":1200,"height":800,"url":"https:\/\/www.jet-vip.com\/app\/uploads\/2023\/05\/sust_header.jpg","type":"image\/jpeg"}],"twitter_card":"summary_large_image","twitter_misc":{"Est. reading time":"9 minutes"},"schema":{"@context":"https:\/\/schema.org","@graph":[{"@type":"WebPage","@id":"https:\/\/www.jet-vip.com\/fr\/durabilite\/","url":"https:\/\/www.jet-vip.com\/fr\/durabilite\/","name":"Durabilit\u00e9 \u00c9cologique et Vols Neutres en Carbone - Jet VIP","isPartOf":{"@id":"https:\/\/www.jet-vip.com\/fr\/#website"},"primaryImageOfPage":{"@id":"https:\/\/www.jet-vip.com\/fr\/durabilite\/#primaryimage"},"image":{"@id":"https:\/\/www.jet-vip.com\/fr\/durabilite\/#primaryimage"},"thumbnailUrl":"https:\/\/www.jet-vip.com\/app\/uploads\/2023\/05\/sust_header.jpg","datePublished":"2023-05-24T10:27:51+00:00","dateModified":"2024-11-24T08:21:58+00:00","description":"Jet VIP compense 300% des \u00e9missions de carbone et rend ses vols neutres en \u00e9missions pour un impact environnemental r\u00e9duit","inLanguage":"fr-FR","potentialAction":[{"@type":"ReadAction","target":["https:\/\/www.jet-vip.com\/fr\/durabilite\/"]}]},{"@type":"ImageObject","inLanguage":"fr-FR","@id":"https:\/\/www.jet-vip.com\/fr\/durabilite\/#primaryimage","url":"https:\/\/www.jet-vip.com\/app\/uploads\/2023\/05\/sust_header.jpg","contentUrl":"https:\/\/www.jet-vip.com\/app\/uploads\/2023\/05\/sust_header.jpg","width":1200,"height":800},{"@type":"WebSite","@id":"https:\/\/www.jet-vip.com\/fr\/#website","url":"https:\/\/www.jet-vip.com\/fr\/","name":"www.jet-vip.com","description":"Private Jet &amp; Helicopter charter","publisher":{"@id":"https:\/\/www.jet-vip.com\/fr\/#organization"},"potentialAction":[{"@type":"SearchAction","target":{"@type":"EntryPoint","urlTemplate":"https:\/\/www.jet-vip.com\/fr\/?s={search_term_string}"},"query-input":{"@type":"PropertyValueSpecification","valueRequired":true,"valueName":"search_term_string"}}],"inLanguage":"fr-FR"},{"@type":"Organization","@id":"https:\/\/www.jet-vip.com\/fr\/#organization","name":"JET VIP","alternateName":"JET-VIP","url":"https:\/\/www.jet-vip.com\/fr\/","logo":{"@type":"ImageObject","inLanguage":"fr-FR","@id":"https:\/\/www.jet-vip.com\/fr\/#\/schema\/logo\/image\/","url":"https:\/\/www.jet-vip.com\/app\/uploads\/2023\/04\/logo_jetvip.png","contentUrl":"https:\/\/www.jet-vip.com\/app\/uploads\/2023\/04\/logo_jetvip.png","width":2344,"height":1500,"caption":"JET VIP"},"image":{"@id":"https:\/\/www.jet-vip.com\/fr\/#\/schema\/logo\/image\/"},"sameAs":["https:\/\/instagram.com\/jet_vip"]}]}},"_links":{"self":[{"href":"https:\/\/www.jet-vip.com\/fr\/wp-json\/wp\/v2\/pages\/2556","targetHints":{"allow":["GET"]}}],"collection":[{"href":"https:\/\/www.jet-vip.com\/fr\/wp-json\/wp\/v2\/pages"}],"about":[{"href":"https:\/\/www.jet-vip.com\/fr\/wp-json\/wp\/v2\/types\/page"}],"author":[{"embeddable":true,"href":"https:\/\/www.jet-vip.com\/fr\/wp-json\/wp\/v2\/users\/2"}],"replies":[{"embeddable":true,"href":"https:\/\/www.jet-vip.com\/fr\/wp-json\/wp\/v2\/comments?post=2556"}],"version-history":[{"count":6,"href":"https:\/\/www.jet-vip.com\/fr\/wp-json\/wp\/v2\/pages\/2556\/revisions"}],"predecessor-version":[{"id":2698,"href":"https:\/\/www.jet-vip.com\/fr\/wp-json\/wp\/v2\/pages\/2556\/revisions\/2698"}],"wp:featuredmedia":[{"embeddable":true,"href":"https:\/\/www.jet-vip.com\/fr\/wp-json\/wp\/v2\/media\/2536"}],"wp:attachment":[{"href":"https:\/\/www.jet-vip.com\/fr\/wp-json\/wp\/v2\/media?parent=2556"}],"curies":[{"name":"wp","href":"https:\/\/api.w.org\/{rel}","templated":true}]}}