{"id":2555,"date":"2023-05-23T12:01:03","date_gmt":"2023-05-23T12:01:03","guid":{"rendered":"https:\/\/www.jet-vip.com\/vols-de-cercueils\/"},"modified":"2023-08-01T21:00:13","modified_gmt":"2023-08-01T21:00:13","slug":"vols-de-cercueils","status":"publish","type":"page","link":"https:\/\/www.jet-vip.com\/fr\/vols-de-cercueils\/","title":{"rendered":"Transport a\u00e9rien de cercueils"},"content":{"rendered":"\n<div class=\"wp-block-group mx-7 max-w-7xl sm:mx-auto is-layout-constrained wp-block-group-is-layout-constrained\">\n<div class=\"wp-block-group is-content-justification-space-between is-layout-flex wp-container-core-group-is-layout-3 wp-block-group-is-layout-flex\">\n<h2 class=\"wp-block-heading\">Services de rapatriement de cercueils avec Jet-VIP<\/h2>\n\n\n\n<hr class=\"wp-block-separator has-alpha-channel-opacity\"\/>\n\n\n\n<div class=\"wp-block-group is-content-justification-space-between is-layout-flex wp-container-core-group-is-layout-2 wp-block-group-is-layout-flex\">\n<div class=\"wp-block-group sm:w-2\/3 is-vertical is-layout-flex wp-container-core-group-is-layout-1 wp-block-group-is-layout-flex\">\n<p>Lorsqu&#8217;une personne d\u00e9c\u00e8de en dehors de sa nation, son corps doit \u00eatre ramen\u00e9 dans son pays d&#8217;origine. Ramener le corps d&#8217;une personne d\u00e9c\u00e9d\u00e9e d&#8217;un pays \u00e9tranger n\u00e9cessite du savoir-faire. Lors du d\u00e9c\u00e8s d&#8217;un \u00eatre cher, le poids de la logistique est la derni\u00e8re chose dont une famille en deuil a besoin. Nous sommes sensibles \u00e0 la nature d\u00e9licate de l&#8217;envoi de la d\u00e9pouille d&#8217;un \u00eatre cher et nous nous engageons \u00e0 le faire avec dignit\u00e9 en votre nom. <\/p>\n\n\n\n<p>Lors du transport d&#8217;un cercueil par voie a\u00e9rienne, plusieurs questions doivent \u00eatre prises en compte, notamment le d\u00e9p\u00f4t de certificats de d\u00e9c\u00e8s internationaux, l&#8217;obtention d&#8217;autorisations pour d\u00e9placer un corps, les diverses proc\u00e9dures douani\u00e8res et juridiques, ainsi que le respect des restrictions strictes r\u00e9gissant le transport d&#8217;un cercueil. Ces facteurs imposent des difficult\u00e9s financi\u00e8res et \u00e9motionnelles suppl\u00e9mentaires aux membres de la famille endeuill\u00e9e qui sont d\u00e9j\u00e0 tr\u00e8s \u00e9prouv\u00e9s.<\/p>\n\n\n\n<p>Jet-VIP s&#8217;engage \u00e0 \u00eatre l\u00e0 pour vous dans ces moments difficiles, et nous faisons tout notre possible pour rendre cette p\u00e9riode difficile un peu plus facile pour vous en prenant en charge toutes les formalit\u00e9s logistiques et de rapatriement. Les proc\u00e9dures douani\u00e8res internationales, les r\u00e8gles locales de transport ainsi que les autres autorisations sont prises en charge par nos professionnels du transfert.<\/p>\n\n\n\n<p>Jet-VIP est un partenaire engag\u00e9 dans le rapatriement des personnes d\u00e9c\u00e9d\u00e9es vers leur derni\u00e8re demeure, et vous pouvez compter sur nous pour vous aider en cas de besoin.<\/p>\n<\/div>\n\n\n\n<figure class=\"wp-block-image size-full sm:w-1\/4\"><img decoding=\"async\" width=\"408\" height=\"418\" src=\"http:\/\/www.jet-vip.com\/app\/uploads\/2023\/05\/icon-coffin.png\" alt=\"\" class=\"wp-image-1713\" srcset=\"https:\/\/www.jet-vip.com\/app\/uploads\/2023\/05\/icon-coffin.png 408w, https:\/\/www.jet-vip.com\/app\/uploads\/2023\/05\/icon-coffin-293x300.png 293w\" sizes=\"(max-width: 408px) 100vw, 408px\" \/><\/figure>\n<\/div>\n<\/div>\n<\/div>\n\n\n\n<div class=\"wp-block-group mx-7 max-w-7xl sm:mx-auto mt-12 is-layout-constrained wp-block-group-is-layout-constrained\">\n<h2 class=\"wp-block-heading\">Pourquoi choisir Jet-VIP ?<\/h2>\n\n\n\n<div class=\"wp-block-group grid sm:grid-cols-2 is-layout-flow wp-block-group-is-layout-flow\">\n<div class=\"wp-block-group p-4 m-4 border rounded-xl is-content-justification-space-between is-layout-flex wp-container-core-group-is-layout-7 wp-block-group-is-layout-flex\">\n<div class=\"wp-block-group sm:w-1\/4 flex flex-1 flex-row sm:flex-col justify-around items-center is-layout-flow wp-block-group-is-layout-flow\">\n<figure class=\"wp-block-image size-thumbnail is-resized is-style-rounded rounded-full\"><img decoding=\"async\" src=\"https:\/\/www.jet-vip.com\/app\/uploads\/2023\/05\/coffin-150x150.jpg\" alt=\"\" class=\"wp-image-1718\" width=\"120\" height=\"120\"\/><\/figure>\n\n\n\n<figure class=\"wp-block-image size-thumbnail is-resized is-style-rounded rounded-full\"><img decoding=\"async\" src=\"https:\/\/www.jet-vip.com\/app\/uploads\/2023\/05\/modern_equipment-150x150.jpg\" alt=\"\" class=\"wp-image-1715\" width=\"120\" height=\"120\"\/><\/figure>\n<\/div>\n\n\n\n<div class=\"wp-block-group sm:w-2\/3 is-vertical is-nowrap is-layout-flex wp-container-core-group-is-layout-6 wp-block-group-is-layout-flex\">\n<p>Chez Jet-VIP, nous comprenons \u00e0 quel point le d\u00e9c\u00e8s d&#8217;un \u00eatre cher peut \u00eatre stressant. Nous savons \u00e9galement que prendre des dispositions pour rapatrier la d\u00e9pouille d&#8217;un \u00eatre cher de l&#8217;\u00e9tranger peut \u00eatre une t\u00e2che insurmontable. C&#8217;est pourquoi nous nous engageons \u00e0 prendre en charge l&#8217;ensemble du processus avec le plus grand respect et la plus grande dignit\u00e9. Notre objectif est de vous permettre de retrouver la d\u00e9pouille de votre proche le plus rapidement et le plus facilement possible. Avec un \u00e9quipement moderne, une \u00e9quipe professionnelle et de nombreuses ann\u00e9es d&#8217;exp\u00e9rience \u00e0 notre actif, nous sommes parfaitement qualifi\u00e9s pour g\u00e9rer l&#8217;ensemble du processus de services de rapatriement de cercueils dans le respect de toutes les r\u00e9glementations locales et internationales.<\/p>\n\n\n\n<div class=\"wp-block-buttons is-layout-flex wp-block-buttons-is-layout-flex\">\n<div class=\"wp-block-button\"><a class=\"wp-block-button__link wp-element-button\" href=\"https:\/\/www.jet-vip.com\/flight-search\/\">Service de rapatriement de cercueils<\/a><\/div>\n<\/div>\n<\/div>\n<\/div>\n\n\n\n<div class=\"wp-block-group m-4 p-4 rounded-xl has-very-light-blue-background-color has-background is-vertical is-layout-flex wp-container-core-group-is-layout-8 wp-block-group-is-layout-flex\">\n<h3 class=\"wp-block-heading\">Nous veillons \u00e9galement \u00e0 ce que tous les documents n\u00e9cessaires soient en ordre, notamment<\/h3>\n\n\n\n<ul class=\"planes wp-block-list\">\n<li>Certificats de d\u00e9c\u00e8s<\/li>\n\n\n\n<li>Certificats d&#8217;embaumement<\/li>\n\n\n\n<li>Passeports et documents de voyage<\/li>\n\n\n\n<li>Lettres des pompes fun\u00e8bres<\/li>\n\n\n\n<li>Permissions d&#8217;inhumation et de transit<\/li>\n<\/ul>\n\n\n\n<p>En g\u00e9rant les formalit\u00e9s administratives, nous veillons \u00e0 ce que le cercueil de votre proche puisse \u00eatre transport\u00e9 facilement et en toute s\u00e9curit\u00e9, avec un minimum de difficult\u00e9s.<\/p>\n<\/div>\n<\/div>\n<\/div>\n\n\n\n<div class=\"wp-block-group mega-rounded-top-right has-white-background-color has-background is-layout-flow wp-block-group-is-layout-flow\">\n<div class=\"wp-block-group mx-7 max-w-7xl sm:mx-auto mt-12 px-4 py-12 rounded-3xl has-light-sand-background-color has-background is-vertical is-content-justification-center is-layout-flex wp-container-core-group-is-layout-12 wp-block-group-is-layout-flex\">\n<h3 class=\"wp-block-heading\" style=\"padding-bottom:var(--wp--preset--spacing--60)\">contactez-nous<\/h3>\n\n\n\n<p class=\"has-text-align-center p-4 sm:w-3\/4\">Le d\u00e9c\u00e8s d&#8217;un \u00eatre cher peut sans aucun doute \u00eatre un moment extr\u00eamement p\u00e9nible. Et lorsque cela se produit \u00e0 l&#8217;\u00e9tranger, le stress suppl\u00e9mentaire li\u00e9 \u00e0 l&#8217;organisation du voyage et du rapatriement constitue un fardeau suppl\u00e9mentaire pour une famille d\u00e9j\u00e0 d\u00e9vast\u00e9e.<\/p>\n\n\n\n<div class=\"wp-block-group sm:w-3\/4 p-4 mx-8 border rounded-xl is-nowrap is-layout-flex wp-container-core-group-is-layout-11 wp-block-group-is-layout-flex\">\n<figure class=\"wp-block-image size-large\"><img decoding=\"async\" width=\"95\" height=\"88\" src=\"http:\/\/www.jet-vip.com\/app\/uploads\/2023\/05\/24-7.svg\" alt=\"\" class=\"wp-image-1714\"\/><\/figure>\n\n\n\n<p>Chez Jet-VIP, nous compatissons avec vous dans ces moments difficiles et sommes pr\u00eats \u00e0 vous offrir notre assistance 24 heures sur 24, 7 jours sur 7. Nous avons une grande exp\u00e9rience du transport d&#8217;urgence de cercueils et nous pouvons travailler avec vous pour \u00e9laborer un plan qui conviendra le mieux \u00e0 votre famille.<\/p>\n<\/div>\n\n\n\n<p><\/p>\n\n\n\n<div class=\"wp-block-buttons is-layout-flex wp-block-buttons-is-layout-flex\">\n<div class=\"wp-block-button\"><a class=\"wp-block-button__link wp-element-button\" href=\"https:\/\/www.jet-vip.com\/flight-search\/\">Service de rapatriement de cercueils<\/a><\/div>\n<\/div>\n<\/div>\n<\/div>\n\n\n\n<div class=\"wp-block-group header-text-container bg-white pt-8 is-layout-constrained wp-block-group-is-layout-constrained\">\n<div class=\"wp-block-group block-header-container is-vertical is-layout-flex wp-container-core-group-is-layout-14 wp-block-group-is-layout-flex\">\n<h2 class=\"wp-block-heading\">En savoir plus<\/h2>\n\n\n\n<hr class=\"wp-block-separator has-alpha-channel-opacity\"\/>\n\n\n\n<p>Nous savons que vos besoins en mati\u00e8re de vols peuvent \u00eatre diff\u00e9rents, c&#8217;est pourquoi nous nous adaptons pour vous proposer diff\u00e9rents types de services :<\/p>\n<\/div>\n\n\n\n<div class=\"wp-block-group is-vertical is-layout-flex wp-container-core-group-is-layout-16 wp-block-group-is-layout-flex\">\n<h4 class=\"wp-block-heading\">La flotte<\/h4>\n\n\n\n<div class=\"wp-block-group is-nowrap is-layout-flex wp-container-core-group-is-layout-15 wp-block-group-is-layout-flex\">\n<p>Notre \u00e9quipe d&#8217;experts peut trouver le meilleur prix disponible pour votre location de jet priv\u00e9 sur l&#8217;avion priv\u00e9 le plus appropri\u00e9.<\/p>\n\n\n\n<p><a href=\"https:\/\/www.jet-vip.com\/our-fleet\/\" data-type=\"page\" data-id=\"1264\">Plus d&#8217;informations<\/a><\/p>\n<\/div>\n<\/div>\n\n\n\n<div class=\"wp-block-group is-vertical is-layout-flex wp-container-core-group-is-layout-18 wp-block-group-is-layout-flex\">\n<h4 class=\"wp-block-heading\">Destinations<\/h4>\n\n\n\n<div class=\"wp-block-group is-nowrap is-layout-flex wp-container-core-group-is-layout-17 wp-block-group-is-layout-flex\">\n<p>D\u00e9couvrez les destinations les plus demand\u00e9es pour votre voyage en jet priv\u00e9<\/p>\n\n\n\n<p><a href=\"https:\/\/www.jet-vip.com\/destinations\/\" data-type=\"page\" data-id=\"122\">Plus d&#8217;informations<\/a><\/p>\n<\/div>\n<\/div>\n\n\n\n<div class=\"wp-block-group is-vertical is-layout-flex wp-container-core-group-is-layout-20 wp-block-group-is-layout-flex\">\n<h4 class=\"wp-block-heading\">Questions fr\u00e9quemment pos\u00e9es<\/h4>\n\n\n\n<div class=\"wp-block-group is-nowrap is-layout-flex wp-container-core-group-is-layout-19 wp-block-group-is-layout-flex\">\n<p>Vous avez une question ? <br\/>Nous avons la r\u00e9ponse !<\/p>\n\n\n\n<p><a href=\"https:\/\/www.jet-vip.com\/frequently-asked-questions\/\" data-type=\"page\" data-id=\"417\">Plus d&#8217;informations<\/a><\/p>\n<\/div>\n<\/div>\n\n\n\n<div class=\"wp-block-group is-vertical is-layout-flex wp-container-core-group-is-layout-22 wp-block-group-is-layout-flex\">\n<h4 class=\"wp-block-heading\">Vols m\u00e9dicaux<\/h4>\n\n\n\n<div class=\"wp-block-group is-nowrap is-layout-flex wp-container-core-group-is-layout-21 wp-block-group-is-layout-flex\">\n<p>Si vous avez besoin de r\u00e9server un jet pour une occasion sp\u00e9ciale ou pour votre entreprise, ne cherchez pas plus loin !<\/p>\n\n\n\n<p><a href=\"https:\/\/www.jet-vip.com\/ambulance-flights\/\" data-type=\"page\" data-id=\"1184\">Plus d&#8217;informations<\/a><\/p>\n<\/div>\n<\/div>\n\n\n\n<div class=\"wp-block-group is-vertical is-layout-flex wp-container-core-group-is-layout-24 wp-block-group-is-layout-flex\">\n<h4 class=\"wp-block-heading\">S\u00e9curit\u00e9<\/h4>\n\n\n\n<div class=\"wp-block-group is-nowrap is-layout-flex wp-container-core-group-is-layout-23 wp-block-group-is-layout-flex\">\n<p>La s\u00e9curit\u00e9 dans l&#8217;aviation priv\u00e9e est notre principale pr\u00e9occupation. La s\u00e9curit\u00e9 a toujours \u00e9t\u00e9 la priorit\u00e9 de Jet-Vip<\/p>\n\n\n\n<p><a href=\"https:\/\/www.jet-vip.com\/safety-at-jet-vip\/\" data-type=\"page\" data-id=\"762\">Plus d&#8217;informations<\/a><\/p>\n<\/div>\n<\/div>\n\n\n\n<div class=\"wp-block-group is-vertical is-layout-flex wp-container-core-group-is-layout-26 wp-block-group-is-layout-flex\">\n<h4 class=\"wp-block-heading\">Vols \u00e0 vide<\/h4>\n\n\n\n<div class=\"wp-block-group is-nowrap is-layout-flex wp-container-core-group-is-layout-25 wp-block-group-is-layout-flex\">\n<p>L&#8217;affr\u00e8tement d&#8217;un vol \u00e0 vide est l&#8217;occasion d&#8217;\u00e9conomiser jusqu&#8217;\u00e0 50 % sur le prix de votre vol en jet priv\u00e9.<\/p>\n\n\n\n<p><a href=\"https:\/\/www.jet-vip.com\/empty-leg-flights-with-jet-vip\/\" data-type=\"page\" data-id=\"446\">Plus d&#8217;informations<\/a><\/p>\n<\/div>\n<\/div>\n<\/div>\n\n\n\n<div class=\"wp-block-group container-rounded-bottom-left -mt-10 white is-layout-constrained wp-block-group-is-layout-constrained\"><\/div>\n","protected":false},"excerpt":{"rendered":"<p>Services de rapatriement de cercueils avec Jet-VIP Lorsqu&#8217;une personne d\u00e9c\u00e8de en dehors de sa nation, son corps doit \u00eatre ramen\u00e9 dans son pays d&#8217;origine. Ramener le corps d&#8217;une personne d\u00e9c\u00e9d\u00e9e d&#8217;un pays \u00e9tranger n\u00e9cessite du savoir-faire. Lors du d\u00e9c\u00e8s d&#8217;un \u00eatre cher, le poids de la logistique est la derni\u00e8re chose dont une famille en &hellip; <a href=\"https:\/\/www.jet-vip.com\/fr\/vols-de-cercueils\/\">Continued<\/a><\/p>\n","protected":false},"author":1,"featured_media":2517,"parent":0,"menu_order":0,"comment_status":"closed","ping_status":"closed","template":"template-white.blade.php","meta":{"footnotes":""},"class_list":["post-2555","page","type-page","status-publish","has-post-thumbnail","hentry"],"yoast_head":"<!-- This site is optimized with the Yoast SEO Premium plugin v23.9 (Yoast SEO v23.9) - https:\/\/yoast.com\/wordpress\/plugins\/seo\/ -->\n<title>Services de rapatriement de cercueils avec Jet-VIP | En savoir plus<\/title>\n<meta name=\"description\" content=\"Jet-VIP offre une vaste exp\u00e9rience en services de rapatriement de cercueils et peut vous aider \u00e0 \u00e9laborer le meilleur plan pour votre famille\" \/>\n<meta name=\"robots\" content=\"index, follow, max-snippet:-1, max-image-preview:large, max-video-preview:-1\" \/>\n<link rel=\"canonical\" href=\"https:\/\/www.jet-vip.com\/fr\/vols-de-cercueils\/\" \/>\n<meta property=\"og:locale\" content=\"fr_FR\" \/>\n<meta property=\"og:type\" content=\"article\" \/>\n<meta property=\"og:title\" content=\"Services de rapatriement de cercueils avec Jet-VIP | En savoir plus\" \/>\n<meta property=\"og:description\" content=\"Jet-VIP offre une vaste exp\u00e9rience en services de rapatriement de cercueils et peut vous aider \u00e0 \u00e9laborer le meilleur plan pour votre famille\" \/>\n<meta property=\"og:url\" content=\"https:\/\/www.jet-vip.com\/fr\/vols-de-cercueils\/\" \/>\n<meta property=\"og:site_name\" content=\"Jet VIP\" \/>\n<meta property=\"article:modified_time\" content=\"2023-08-01T21:00:13+00:00\" \/>\n<meta property=\"og:image\" content=\"https:\/\/www.jet-vip.com\/app\/uploads\/2023\/05\/coffin_fly_header.jpg\" \/>\n\t<meta property=\"og:image:width\" content=\"1500\" \/>\n\t<meta property=\"og:image:height\" content=\"1000\" \/>\n\t<meta property=\"og:image:type\" content=\"image\/jpeg\" \/>\n<meta name=\"twitter:card\" content=\"summary_large_image\" \/>\n<meta name=\"twitter:label1\" content=\"Est. reading time\" \/>\n\t<meta name=\"twitter:data1\" content=\"4 minutes\" \/>\n<!-- \/ Yoast SEO Premium plugin. -->","yoast_head_json":{"title":"Services de rapatriement de cercueils avec Jet-VIP | En savoir plus","description":"Jet-VIP offre une vaste exp\u00e9rience en services de rapatriement de cercueils et peut vous aider \u00e0 \u00e9laborer le meilleur plan pour votre famille","robots":{"index":"index","follow":"follow","max-snippet":"max-snippet:-1","max-image-preview":"max-image-preview:large","max-video-preview":"max-video-preview:-1"},"canonical":"https:\/\/www.jet-vip.com\/fr\/vols-de-cercueils\/","og_locale":"fr_FR","og_type":"article","og_title":"Services de rapatriement de cercueils avec Jet-VIP | En savoir plus","og_description":"Jet-VIP offre une vaste exp\u00e9rience en services de rapatriement de cercueils et peut vous aider \u00e0 \u00e9laborer le meilleur plan pour votre famille","og_url":"https:\/\/www.jet-vip.com\/fr\/vols-de-cercueils\/","og_site_name":"Jet VIP","article_modified_time":"2023-08-01T21:00:13+00:00","og_image":[{"width":1500,"height":1000,"url":"https:\/\/www.jet-vip.com\/app\/uploads\/2023\/05\/coffin_fly_header.jpg","type":"image\/jpeg"}],"twitter_card":"summary_large_image","twitter_misc":{"Est. reading time":"4 minutes"},"schema":{"@context":"https:\/\/schema.org","@graph":[{"@type":"WebPage","@id":"https:\/\/www.jet-vip.com\/fr\/vols-de-cercueils\/","url":"https:\/\/www.jet-vip.com\/fr\/vols-de-cercueils\/","name":"Services de rapatriement de cercueils avec Jet-VIP | En savoir plus","isPartOf":{"@id":"https:\/\/www.jet-vip.com\/fr\/#website"},"primaryImageOfPage":{"@id":"https:\/\/www.jet-vip.com\/fr\/vols-de-cercueils\/#primaryimage"},"image":{"@id":"https:\/\/www.jet-vip.com\/fr\/vols-de-cercueils\/#primaryimage"},"thumbnailUrl":"https:\/\/www.jet-vip.com\/app\/uploads\/2023\/05\/coffin_fly_header.jpg","datePublished":"2023-05-23T12:01:03+00:00","dateModified":"2023-08-01T21:00:13+00:00","description":"Jet-VIP offre une vaste exp\u00e9rience en services de rapatriement de cercueils et peut vous aider \u00e0 \u00e9laborer le meilleur plan pour votre famille","inLanguage":"fr-FR","potentialAction":[{"@type":"ReadAction","target":["https:\/\/www.jet-vip.com\/fr\/vols-de-cercueils\/"]}]},{"@type":"ImageObject","inLanguage":"fr-FR","@id":"https:\/\/www.jet-vip.com\/fr\/vols-de-cercueils\/#primaryimage","url":"https:\/\/www.jet-vip.com\/app\/uploads\/2023\/05\/coffin_fly_header.jpg","contentUrl":"https:\/\/www.jet-vip.com\/app\/uploads\/2023\/05\/coffin_fly_header.jpg","width":1500,"height":1000,"caption":"Coffin Repatriation Services, Services de rapatriement de cercueils"},{"@type":"WebSite","@id":"https:\/\/www.jet-vip.com\/fr\/#website","url":"https:\/\/www.jet-vip.com\/fr\/","name":"www.jet-vip.com","description":"Private Jet &amp; Helicopter charter","publisher":{"@id":"https:\/\/www.jet-vip.com\/fr\/#organization"},"potentialAction":[{"@type":"SearchAction","target":{"@type":"EntryPoint","urlTemplate":"https:\/\/www.jet-vip.com\/fr\/?s={search_term_string}"},"query-input":{"@type":"PropertyValueSpecification","valueRequired":true,"valueName":"search_term_string"}}],"inLanguage":"fr-FR"},{"@type":"Organization","@id":"https:\/\/www.jet-vip.com\/fr\/#organization","name":"JET VIP","alternateName":"JET-VIP","url":"https:\/\/www.jet-vip.com\/fr\/","logo":{"@type":"ImageObject","inLanguage":"fr-FR","@id":"https:\/\/www.jet-vip.com\/fr\/#\/schema\/logo\/image\/","url":"https:\/\/www.jet-vip.com\/app\/uploads\/2023\/04\/logo_jetvip.png","contentUrl":"https:\/\/www.jet-vip.com\/app\/uploads\/2023\/04\/logo_jetvip.png","width":2344,"height":1500,"caption":"JET VIP"},"image":{"@id":"https:\/\/www.jet-vip.com\/fr\/#\/schema\/logo\/image\/"},"sameAs":["https:\/\/instagram.com\/jet_vip"]}]}},"_links":{"self":[{"href":"https:\/\/www.jet-vip.com\/fr\/wp-json\/wp\/v2\/pages\/2555","targetHints":{"allow":["GET"]}}],"collection":[{"href":"https:\/\/www.jet-vip.com\/fr\/wp-json\/wp\/v2\/pages"}],"about":[{"href":"https:\/\/www.jet-vip.com\/fr\/wp-json\/wp\/v2\/types\/page"}],"author":[{"embeddable":true,"href":"https:\/\/www.jet-vip.com\/fr\/wp-json\/wp\/v2\/users\/1"}],"replies":[{"embeddable":true,"href":"https:\/\/www.jet-vip.com\/fr\/wp-json\/wp\/v2\/comments?post=2555"}],"version-history":[{"count":8,"href":"https:\/\/www.jet-vip.com\/fr\/wp-json\/wp\/v2\/pages\/2555\/revisions"}],"predecessor-version":[{"id":2816,"href":"https:\/\/www.jet-vip.com\/fr\/wp-json\/wp\/v2\/pages\/2555\/revisions\/2816"}],"wp:featuredmedia":[{"embeddable":true,"href":"https:\/\/www.jet-vip.com\/fr\/wp-json\/wp\/v2\/media\/2517"}],"wp:attachment":[{"href":"https:\/\/www.jet-vip.com\/fr\/wp-json\/wp\/v2\/media?parent=2555"}],"curies":[{"name":"wp","href":"https:\/\/api.w.org\/{rel}","templated":true}]}}